{"id":5845,"date":"2022-08-25T11:09:49","date_gmt":"2022-08-25T11:09:49","guid":{"rendered":"https:\/\/www.rainandson.com\/?post_type=product&#038;p=5845"},"modified":"2025-12-08T13:17:17","modified_gmt":"2025-12-08T13:17:17","slug":"recycled-orange-compact-umbrella","status":"publish","type":"product","link":"https:\/\/www.rainandson.com\/sv\/produkt\/recycled-orange-compact-umbrella\/","title":{"rendered":"Orange hopf\u00e4llbart paraply av \u00e5tervunnen plast"},"content":{"rendered":"<p>Rain &amp; Sons hopf\u00e4llbara orange paraply har en sk\u00e4rm som \u00e4r tillverkad av 100 % \u00e5tervunna PET-flaskor. M\u00e5nga av de \u00e5tervunna PET-flaskorna finns i v\u00e5ra hav, d\u00e4rf\u00f6r hedrar vi v\u00e5ra vackra hav genom att g\u00f6ra detta till en del av v\u00e5r havskollektion d\u00e4r 5 % av vinsten g\u00e5r till projekt som rensar upp i haven. F\u00f6rutom att vara ett mer h\u00e5llbart val \u00e4r det f\u00e4rgglada paraplyet ocks\u00e5 ett anv\u00e4ndbar och snygg accessoar. Det hopf\u00e4llda paraplyet \u00e4r litet och l\u00e4tt att ta med sig n\u00e4r prognosen varnar f\u00f6r regn. Den automatiska \u00f6ppnings- och st\u00e4ngningsfunktionen g\u00f6r det snabbt och enkelt att ta fram n\u00e4r regnet b\u00f6rjar falla. Det kompakta paraplyet har ett b\u00f6jt tr\u00e4handtag som g\u00f6r det bekv\u00e4mt att b\u00e4ra runt p\u00e5. Tr\u00e4handtaget ger det ocks\u00e5 en sofistikerad stil och den orangea f\u00e4rgen f\u00e5r det att sticka ut. Det uppf\u00e4llda paraplyet har en diameter p\u00e5 103 centimeter vilket g\u00f6r det till ett perfekt g\u00f6mst\u00e4lle undan regn. Du kan till och med f\u00e5 plats mer \u00e4n en person under den stora paraplysk\u00e4rmen. Det hopf\u00e4llbara paraplyet har en stark metallram som t\u00e5l d\u00e5ligt v\u00e4der. Det h\u00e4r \u00e4r ett paraply av h\u00f6g kvalitet till ett bra pris.<\/p>\n<p>Orange \u00e5tervunnet <b>hopf\u00e4llbart design paraply<\/b> med 10 ekrar.<br \/>\nH\u00f6g kvalitet <b>paraply<\/b>.<br \/>\nB\u00f6jt handtag i tr\u00e4 med Rain &amp; Son logga.<br \/>\nSp\u00e4nne med knapp.<br \/>\n<strong>Paraply<\/strong> \u00f6ppnas till en diameter av 103 centimeter.<br \/>\nAutomatisk \u00f6ppning- och st\u00e4ngningsfunktion.<br \/>\nKromt\u00e4ckt metalskaft.<br \/>\nSvartf\u00e4rgad metallram med tv\u00e5 sektioner fiberglas ekrar.<br \/>\nVita nickelf\u00e4rgade metalltoppar.<br \/>\nRain &amp; Son logga sydd p\u00e5 panelen.<br \/>\nH\u00f6jd (st\u00e4ngt paraply): 36 cm.<br \/>\nH\u00f6jd (\u00f6ppet paraply): 68 cm.<br \/>\nVikt 490 gram.<br \/>\nPMS f\u00e4rgkod 166C<\/p>","protected":false},"excerpt":{"rendered":"<p>Det h\u00e4r orange hopf\u00e4llbara paraplyet \u00e4r ett f\u00e4rgglad och elegant accessoar f\u00f6r regniga dagar. Den stora sk\u00e4rmen \u00e4r gjord av 100 % \u00e5tervunnen plast, vilket g\u00f6r det till ett mer milj\u00f6v\u00e4nligt val. Den starka orangea f\u00e4rgen p\u00e5 paraplyet g\u00f6r dig synlig i ett hav av mindre f\u00e4rgglada paraplyer. Paraplyets stora sk\u00e4rm skyddar dig fr\u00e5n kraftigt regn och det b\u00f6jda tr\u00e4handtaget ger dig en mer sofistikerad stil.<\/p>","protected":false},"featured_media":4066,"comment_status":"open","ping_status":"closed","template":"","meta":[],"product_brand":[],"product_cat":[116,191,273],"product_tag":[],"class_list":{"0":"post-5845","1":"product","2":"type-product","3":"status-publish","4":"has-post-thumbnail","6":"product_cat-all-umbrellas","7":"product_cat-compact-umbrellas","8":"product_cat-recycled-pet-umbrellas","9":"pa_colour-orange","11":"first","12":"instock","13":"featured","14":"taxable","15":"shipping-taxable","16":"product-type-simple"},"yoast_head":"<!-- This site is optimized with the Yoast SEO plugin v27.5 - https:\/\/yoast.com\/product\/yoast-seo-wordpress\/ -->\n<title>Recycled Orange Compact Umbrella - Rain and Son - Classic and Stylish Umbrellas<\/title>\n<meta name=\"description\" content=\"Looking for a more sustainable orange Compact Umbrella? This colorful orange umbrella from Rain &amp; Son is a high-quality, collapsible, stylish umbrella.\" \/>\n<meta name=\"robots\" content=\"index, follow, max-snippet:-1, max-image-preview:large, max-video-preview:-1\" \/>\n<link rel=\"canonical\" href=\"https:\/\/www.rainandson.com\/sv\/produkt\/recycled-orange-compact-umbrella\/\" \/>\n<meta property=\"og:locale\" content=\"sv_SE\" \/>\n<meta property=\"og:type\" content=\"article\" \/>\n<meta property=\"og:title\" content=\"Recycled Orange Compact Umbrella - Rain and Son - Classic and Stylish Umbrellas\" \/>\n<meta property=\"og:description\" content=\"Looking for a more sustainable orange Compact Umbrella? This colorful orange umbrella from Rain &amp; Son is a high-quality, collapsible, stylish umbrella.\" \/>\n<meta property=\"og:url\" content=\"https:\/\/www.rainandson.com\/sv\/produkt\/recycled-orange-compact-umbrella\/\" \/>\n<meta property=\"og:site_name\" content=\"Rain and Son - Classic and Stylish Umbrellas\" \/>\n<meta property=\"article:modified_time\" content=\"2025-12-08T13:17:17+00:00\" \/>\n<meta property=\"og:image\" content=\"https:\/\/www.rainandson.com\/wp-content\/uploads\/orange-umbrellas-small-2-e1606919053171.jpg\" \/>\n\t<meta property=\"og:image:width\" content=\"999\" \/>\n\t<meta property=\"og:image:height\" content=\"999\" \/>\n\t<meta property=\"og:image:type\" content=\"image\/jpeg\" \/>\n<meta name=\"twitter:card\" content=\"summary_large_image\" \/>\n<meta name=\"twitter:label1\" content=\"Ber\u00e4knad l\u00e4stid\" \/>\n\t<meta name=\"twitter:data1\" content=\"2 minuter\" \/>\n<script type=\"application\/ld+json\" class=\"yoast-schema-graph\">{\"@context\":\"https:\\\/\\\/schema.org\",\"@graph\":[{\"@type\":\"WebPage\",\"@id\":\"https:\\\/\\\/www.rainandson.com\\\/product\\\/recycled-orange-compact-umbrella\\\/\",\"url\":\"https:\\\/\\\/www.rainandson.com\\\/product\\\/recycled-orange-compact-umbrella\\\/\",\"name\":\"Recycled Orange Compact Umbrella - Rain and Son - Classic and Stylish Umbrellas\",\"isPartOf\":{\"@id\":\"https:\\\/\\\/www.rainandson.com\\\/#website\"},\"primaryImageOfPage\":{\"@id\":\"https:\\\/\\\/www.rainandson.com\\\/product\\\/recycled-orange-compact-umbrella\\\/#primaryimage\"},\"image\":{\"@id\":\"https:\\\/\\\/www.rainandson.com\\\/product\\\/recycled-orange-compact-umbrella\\\/#primaryimage\"},\"thumbnailUrl\":\"https:\\\/\\\/www.rainandson.com\\\/wp-content\\\/uploads\\\/orange-umbrellas-small-2-e1606919053171.jpg\",\"datePublished\":\"2022-08-25T11:09:49+00:00\",\"dateModified\":\"2025-12-08T13:17:17+00:00\",\"description\":\"Looking for a more sustainable orange Compact Umbrella? This colorful orange umbrella from Rain & Son is a high-quality, collapsible, stylish umbrella.\",\"breadcrumb\":{\"@id\":\"https:\\\/\\\/www.rainandson.com\\\/product\\\/recycled-orange-compact-umbrella\\\/#breadcrumb\"},\"inLanguage\":\"sv-SE\",\"potentialAction\":[{\"@type\":\"ReadAction\",\"target\":[\"https:\\\/\\\/www.rainandson.com\\\/product\\\/recycled-orange-compact-umbrella\\\/\"]}]},{\"@type\":\"ImageObject\",\"inLanguage\":\"sv-SE\",\"@id\":\"https:\\\/\\\/www.rainandson.com\\\/product\\\/recycled-orange-compact-umbrella\\\/#primaryimage\",\"url\":\"https:\\\/\\\/www.rainandson.com\\\/wp-content\\\/uploads\\\/orange-umbrellas-small-2-e1606919053171.jpg\",\"contentUrl\":\"https:\\\/\\\/www.rainandson.com\\\/wp-content\\\/uploads\\\/orange-umbrellas-small-2-e1606919053171.jpg\",\"width\":999,\"height\":999,\"caption\":\"rain and son orange umbrella\"},{\"@type\":\"BreadcrumbList\",\"@id\":\"https:\\\/\\\/www.rainandson.com\\\/product\\\/recycled-orange-compact-umbrella\\\/#breadcrumb\",\"itemListElement\":[{\"@type\":\"ListItem\",\"position\":1,\"name\":\"Home\",\"item\":\"https:\\\/\\\/www.rainandson.com\\\/sv\\\/\"},{\"@type\":\"ListItem\",\"position\":2,\"name\":\"Shop\",\"item\":\"https:\\\/\\\/www.rainandson.com\\\/shop\\\/\"},{\"@type\":\"ListItem\",\"position\":3,\"name\":\"Recycled Orange Compact Umbrella\"}]},{\"@type\":\"WebSite\",\"@id\":\"https:\\\/\\\/www.rainandson.com\\\/#website\",\"url\":\"https:\\\/\\\/www.rainandson.com\\\/\",\"name\":\"Rain and Son - Classic and Stylish Umbrellas\",\"description\":\"Fashionable Umbrellas Online.\",\"publisher\":{\"@id\":\"https:\\\/\\\/www.rainandson.com\\\/#organization\"},\"potentialAction\":[{\"@type\":\"SearchAction\",\"target\":{\"@type\":\"EntryPoint\",\"urlTemplate\":\"https:\\\/\\\/www.rainandson.com\\\/?s={search_term_string}\"},\"query-input\":{\"@type\":\"PropertyValueSpecification\",\"valueRequired\":true,\"valueName\":\"search_term_string\"}}],\"inLanguage\":\"sv-SE\"},{\"@type\":\"Organization\",\"@id\":\"https:\\\/\\\/www.rainandson.com\\\/#organization\",\"name\":\"Rain and Son\",\"url\":\"https:\\\/\\\/www.rainandson.com\\\/\",\"logo\":{\"@type\":\"ImageObject\",\"inLanguage\":\"sv-SE\",\"@id\":\"https:\\\/\\\/www.rainandson.com\\\/#\\\/schema\\\/logo\\\/image\\\/\",\"url\":\"https:\\\/\\\/www.rainandson.com\\\/wp-content\\\/uploads\\\/rain-and-son-logotype-150.png\",\"contentUrl\":\"https:\\\/\\\/www.rainandson.com\\\/wp-content\\\/uploads\\\/rain-and-son-logotype-150.png\",\"width\":125,\"height\":150,\"caption\":\"Rain and Son\"},\"image\":{\"@id\":\"https:\\\/\\\/www.rainandson.com\\\/#\\\/schema\\\/logo\\\/image\\\/\"}}]}<\/script>\n<!-- \/ Yoast SEO plugin. -->","yoast_head_json":{"title":"Recycled Orange Compact Umbrella - Rain and Son - Classic and Stylish Umbrellas","description":"Looking for a more sustainable orange Compact Umbrella? This colorful orange umbrella from Rain & Son is a high-quality, collapsible, stylish umbrella.","robots":{"index":"index","follow":"follow","max-snippet":"max-snippet:-1","max-image-preview":"max-image-preview:large","max-video-preview":"max-video-preview:-1"},"canonical":"https:\/\/www.rainandson.com\/sv\/produkt\/recycled-orange-compact-umbrella\/","og_locale":"sv_SE","og_type":"article","og_title":"Recycled Orange Compact Umbrella - Rain and Son - Classic and Stylish Umbrellas","og_description":"Looking for a more sustainable orange Compact Umbrella? This colorful orange umbrella from Rain & Son is a high-quality, collapsible, stylish umbrella.","og_url":"https:\/\/www.rainandson.com\/sv\/produkt\/recycled-orange-compact-umbrella\/","og_site_name":"Rain and Son - Classic and Stylish Umbrellas","article_modified_time":"2025-12-08T13:17:17+00:00","og_image":[{"width":999,"height":999,"url":"https:\/\/www.rainandson.com\/wp-content\/uploads\/orange-umbrellas-small-2-e1606919053171.jpg","type":"image\/jpeg"}],"twitter_card":"summary_large_image","twitter_misc":{"Ber\u00e4knad l\u00e4stid":"2 minuter"},"schema":{"@context":"https:\/\/schema.org","@graph":[{"@type":"WebPage","@id":"https:\/\/www.rainandson.com\/product\/recycled-orange-compact-umbrella\/","url":"https:\/\/www.rainandson.com\/product\/recycled-orange-compact-umbrella\/","name":"Recycled Orange Compact Umbrella - Rain and Son - Classic and Stylish Umbrellas","isPartOf":{"@id":"https:\/\/www.rainandson.com\/#website"},"primaryImageOfPage":{"@id":"https:\/\/www.rainandson.com\/product\/recycled-orange-compact-umbrella\/#primaryimage"},"image":{"@id":"https:\/\/www.rainandson.com\/product\/recycled-orange-compact-umbrella\/#primaryimage"},"thumbnailUrl":"https:\/\/www.rainandson.com\/wp-content\/uploads\/orange-umbrellas-small-2-e1606919053171.jpg","datePublished":"2022-08-25T11:09:49+00:00","dateModified":"2025-12-08T13:17:17+00:00","description":"Looking for a more sustainable orange Compact Umbrella? This colorful orange umbrella from Rain & Son is a high-quality, collapsible, stylish umbrella.","breadcrumb":{"@id":"https:\/\/www.rainandson.com\/product\/recycled-orange-compact-umbrella\/#breadcrumb"},"inLanguage":"sv-SE","potentialAction":[{"@type":"ReadAction","target":["https:\/\/www.rainandson.com\/product\/recycled-orange-compact-umbrella\/"]}]},{"@type":"ImageObject","inLanguage":"sv-SE","@id":"https:\/\/www.rainandson.com\/product\/recycled-orange-compact-umbrella\/#primaryimage","url":"https:\/\/www.rainandson.com\/wp-content\/uploads\/orange-umbrellas-small-2-e1606919053171.jpg","contentUrl":"https:\/\/www.rainandson.com\/wp-content\/uploads\/orange-umbrellas-small-2-e1606919053171.jpg","width":999,"height":999,"caption":"rain and son orange umbrella"},{"@type":"BreadcrumbList","@id":"https:\/\/www.rainandson.com\/product\/recycled-orange-compact-umbrella\/#breadcrumb","itemListElement":[{"@type":"ListItem","position":1,"name":"Home","item":"https:\/\/www.rainandson.com\/sv\/"},{"@type":"ListItem","position":2,"name":"Shop","item":"https:\/\/www.rainandson.com\/shop\/"},{"@type":"ListItem","position":3,"name":"Recycled Orange Compact Umbrella"}]},{"@type":"WebSite","@id":"https:\/\/www.rainandson.com\/#website","url":"https:\/\/www.rainandson.com\/","name":"Rain and Son - Klassiska paraplyer i modern skandinavisk design","description":"Eleganta paraplyer online.","publisher":{"@id":"https:\/\/www.rainandson.com\/#organization"},"potentialAction":[{"@type":"SearchAction","target":{"@type":"EntryPoint","urlTemplate":"https:\/\/www.rainandson.com\/?s={search_term_string}"},"query-input":{"@type":"PropertyValueSpecification","valueRequired":true,"valueName":"search_term_string"}}],"inLanguage":"sv-SE"},{"@type":"Organization","@id":"https:\/\/www.rainandson.com\/#organization","name":"Rain &amp; Son","url":"https:\/\/www.rainandson.com\/","logo":{"@type":"ImageObject","inLanguage":"sv-SE","@id":"https:\/\/www.rainandson.com\/#\/schema\/logo\/image\/","url":"https:\/\/www.rainandson.com\/wp-content\/uploads\/rain-and-son-logotype-150.png","contentUrl":"https:\/\/www.rainandson.com\/wp-content\/uploads\/rain-and-son-logotype-150.png","width":125,"height":150,"caption":"Rain and Son"},"image":{"@id":"https:\/\/www.rainandson.com\/#\/schema\/logo\/image\/"}}]}},"_links":{"self":[{"href":"https:\/\/www.rainandson.com\/sv\/wp-json\/wp\/v2\/product\/5845","targetHints":{"allow":["GET"]}}],"collection":[{"href":"https:\/\/www.rainandson.com\/sv\/wp-json\/wp\/v2\/product"}],"about":[{"href":"https:\/\/www.rainandson.com\/sv\/wp-json\/wp\/v2\/types\/product"}],"replies":[{"embeddable":true,"href":"https:\/\/www.rainandson.com\/sv\/wp-json\/wp\/v2\/comments?post=5845"}],"wp:featuredmedia":[{"embeddable":true,"href":"https:\/\/www.rainandson.com\/sv\/wp-json\/wp\/v2\/media\/4066"}],"wp:attachment":[{"href":"https:\/\/www.rainandson.com\/sv\/wp-json\/wp\/v2\/media?parent=5845"}],"wp:term":[{"taxonomy":"product_brand","embeddable":true,"href":"https:\/\/www.rainandson.com\/sv\/wp-json\/wp\/v2\/product_brand?post=5845"},{"taxonomy":"product_cat","embeddable":true,"href":"https:\/\/www.rainandson.com\/sv\/wp-json\/wp\/v2\/product_cat?post=5845"},{"taxonomy":"product_tag","embeddable":true,"href":"https:\/\/www.rainandson.com\/sv\/wp-json\/wp\/v2\/product_tag?post=5845"}],"curies":[{"name":"wp","href":"https:\/\/api.w.org\/{rel}","templated":true}]}}