{"id":5824,"date":"2022-08-16T14:33:30","date_gmt":"2022-08-16T14:33:30","guid":{"rendered":"https:\/\/www.rainandson.com\/?post_type=product&#038;p=5824"},"modified":"2025-12-05T06:45:10","modified_gmt":"2025-12-05T06:45:10","slug":"recycled-ocean-blue-compact-umbrella","status":"publish","type":"product","link":"https:\/\/www.rainandson.com\/sv\/produkt\/recycled-ocean-blue-compact-umbrella\/","title":{"rendered":"Havsbl\u00e5tt hopf\u00e4llbart paraply av \u00e5tervunnen plast"},"content":{"rendered":"<p>Det bl\u00e5 kompakta paraplyet fr\u00e5n Rain &amp; Son \u00e4r ett mer milj\u00f6v\u00e4nligt val. Den stora f\u00e4rgglada sk\u00e4rmen, i en vacker oceanbl\u00e5 nyans, \u00e4r tillverkad av 100 % \u00e5tervunna plastflaskor, som ofta \u00e5terfinns i v\u00e5ra hav. Som en hyllning till v\u00e5ra underbara hav \u00e4r detta djupsbl\u00e5 paraply en del av v\u00e5r havskollektion d\u00e4r 5 % av vinsten g\u00e5r till att st\u00e4da upp v\u00e4rldens hav. Den korallbl\u00e5 f\u00e4rgen har valts med inspiration av v\u00e4rldens vackra korallrev. Rain &amp; Son's havsbl\u00e5, hopf\u00e4llbara paraply passar f\u00f6r de flesta tillf\u00e4llen. Den klarbl\u00e5 f\u00e4rgen kommer att f\u00e5 dig att sticka ut i m\u00e4ngden. Detta hopf\u00e4llbara paraply \u00e4r den perfekta presenten till n\u00e5gon som \u00e4lskar starka bl\u00e5 f\u00e4rger eller kanske ta med som doppresent eller en namngivningsceremoni eller varf\u00f6r inte som examenspresent. Paraplyet \u00e4r l\u00e4tt att ta med sig \u00f6verallt, s\u00e5 att du alltid \u00e4r redo f\u00f6r regn. Men ett paraply \u00e4r inte bara bra att ha n\u00e4r det regnar, det fungerar \u00e4ven perfekt som solskydd. S\u00e5 ta med det ut n\u00e4r solen skiner startk och det \u00e4r sv\u00e5rt att hitta naturlig skugga. Det kompakta paraplyet har ett b\u00f6jt tr\u00e4handtag, vilket ger det en sofistikerad look och g\u00f6r det bekv\u00e4mt att b\u00e4ra. Paraplyets stora sk\u00e4rm, med en diameter p\u00e5 103 centimeter, skyddar dig fr\u00e5n regn. Paraplyets sk\u00e4rm \u00e4r s\u00e5 pass stor att du kan bjuda in en v\u00e4n att undkomma regnet med dig. Det h\u00f6gkvalitativa hopf\u00e4llbara paraplyet har en stark metallram som t\u00e5l \u00f6sregn. Det kompakta paraplyet har en automatisk \u00f6ppnings- och st\u00e4ngningsfunktion som g\u00f6r det enkelt att \u00f6ppna och st\u00e4nga, tryck bara p\u00e5 knappen p\u00e5 det b\u00f6jda tr\u00e4handtaget.<\/p>\n<p>Havsbl\u00e5tt \u00e5tervunnet <b>hopf\u00e4llbart design paraply<\/b> med 10 ekrar.<br \/>\nParaplyets sk\u00e4rm \u00e4r gjort till 100 % av tyg fr\u00e5n \u00e5tervunna plastflaskor.<br \/>\nH\u00f6g kvalitet <b>paraply<\/b>.<br \/>\nB\u00f6jt handtag i tr\u00e4 med Rain &amp; Son logga.<br \/>\nSp\u00e4nne med knapp.<br \/>\n<strong>Paraply<\/strong> \u00f6ppnas till en diameter av 103 centimeter.<br \/>\nAutomatisk \u00f6ppning- och st\u00e4ngningsfunktion.<br \/>\nKromt\u00e4ckt metalskaft.<br \/>\nSvartf\u00e4rgad metallram med tv\u00e5 sektioner fiberglas ekrar.<br \/>\nVita nickelf\u00e4rgade metalltoppar.<br \/>\nRain &amp; Son logga sydd p\u00e5 panelen.<br \/>\nH\u00f6jd (st\u00e4ngt paraply): 36 cm.<br \/>\nH\u00f6jd (\u00f6ppet paraply): 68 cm.<br \/>\nVikt 490 gram.<br \/>\nPMS f\u00e4rgkod 2728C.<\/p>","protected":false},"excerpt":{"rendered":"<p>Detta klarbl\u00e5a hopf\u00e4llbara paraply fr\u00e5n Rain &amp; Son \u00e4r det perfekta, mer milj\u00f6v\u00e4nliga paraplyet f\u00f6r alla sorters v\u00e4der. Den stora bl\u00e5 sk\u00e4rmen \u00e4r tillverkad av 100% \u00e5tervunnen plast, det vill s\u00e4ga \u00e5tervunna PET flaskor vilket g\u00f6r det till ett mer milj\u00f6v\u00e4nligt val. Det b\u00f6jda tr\u00e4dhandtaget p\u00e5 paraplyet g\u00f6r det bekv\u00e4mt att h\u00e5lla i. Det hopf\u00e4llbara paraplyet \u00e4r ett paraply av h\u00f6g kvalitet med en stark metallram som klarar de flesta v\u00e4der. Det \u00e4r \u00e4ven ett moderiktigt paraply som f\u00e5r dig att st\u00e5 ut i m\u00e4ngden.  Den bl\u00e5 f\u00e4rgen \u00e4r inspirerad av f\u00e4rgerna i haven.<\/p>","protected":false},"featured_media":5980,"comment_status":"open","ping_status":"closed","template":"","meta":[],"product_brand":[],"product_cat":[116,191,273],"product_tag":[],"class_list":{"0":"post-5824","1":"product","2":"type-product","3":"status-publish","4":"has-post-thumbnail","6":"product_cat-all-umbrellas","7":"product_cat-compact-umbrellas","8":"product_cat-recycled-pet-umbrellas","9":"pa_colour-blue","11":"first","12":"instock","13":"featured","14":"taxable","15":"shipping-taxable","16":"product-type-simple"},"yoast_head":"<!-- This site is optimized with the Yoast SEO plugin v27.5 - https:\/\/yoast.com\/product\/yoast-seo-wordpress\/ -->\n<title>Recycled Ocean Blue Compact Umbrella - Rain and Son - Classic and Stylish Umbrellas<\/title>\n<meta name=\"description\" content=\"Searching for the best sustainable compact umbrella? This blue compact umbrella is a more eco-friendly umbrella. Stylish and high-quality umbrella.\" \/>\n<meta name=\"robots\" content=\"index, follow, max-snippet:-1, max-image-preview:large, max-video-preview:-1\" \/>\n<link rel=\"canonical\" href=\"https:\/\/www.rainandson.com\/sv\/produkt\/recycled-ocean-blue-compact-umbrella\/\" \/>\n<meta property=\"og:locale\" content=\"sv_SE\" \/>\n<meta property=\"og:type\" content=\"article\" \/>\n<meta property=\"og:title\" content=\"Recycled Ocean Blue Compact Umbrella - Rain and Son - Classic and Stylish Umbrellas\" \/>\n<meta property=\"og:description\" content=\"Searching for the best sustainable compact umbrella? This blue compact umbrella is a more eco-friendly umbrella. Stylish and high-quality umbrella.\" \/>\n<meta property=\"og:url\" content=\"https:\/\/www.rainandson.com\/sv\/produkt\/recycled-ocean-blue-compact-umbrella\/\" \/>\n<meta property=\"og:site_name\" content=\"Rain and Son - Classic and Stylish Umbrellas\" \/>\n<meta property=\"article:modified_time\" content=\"2025-12-05T06:45:10+00:00\" \/>\n<meta property=\"og:image\" content=\"https:\/\/www.rainandson.com\/wp-content\/uploads\/ocean-blue-compact-umbrella-open.jpg\" \/>\n\t<meta property=\"og:image:width\" content=\"999\" \/>\n\t<meta property=\"og:image:height\" content=\"999\" \/>\n\t<meta property=\"og:image:type\" content=\"image\/jpeg\" \/>\n<meta name=\"twitter:card\" content=\"summary_large_image\" \/>\n<meta name=\"twitter:label1\" content=\"Ber\u00e4knad l\u00e4stid\" \/>\n\t<meta name=\"twitter:data1\" content=\"2 minuter\" \/>\n<script type=\"application\/ld+json\" class=\"yoast-schema-graph\">{\"@context\":\"https:\\\/\\\/schema.org\",\"@graph\":[{\"@type\":\"WebPage\",\"@id\":\"https:\\\/\\\/www.rainandson.com\\\/product\\\/recycled-ocean-blue-compact-umbrella\\\/\",\"url\":\"https:\\\/\\\/www.rainandson.com\\\/product\\\/recycled-ocean-blue-compact-umbrella\\\/\",\"name\":\"Recycled Ocean Blue Compact Umbrella - Rain and Son - Classic and Stylish Umbrellas\",\"isPartOf\":{\"@id\":\"https:\\\/\\\/www.rainandson.com\\\/#website\"},\"primaryImageOfPage\":{\"@id\":\"https:\\\/\\\/www.rainandson.com\\\/product\\\/recycled-ocean-blue-compact-umbrella\\\/#primaryimage\"},\"image\":{\"@id\":\"https:\\\/\\\/www.rainandson.com\\\/product\\\/recycled-ocean-blue-compact-umbrella\\\/#primaryimage\"},\"thumbnailUrl\":\"https:\\\/\\\/www.rainandson.com\\\/wp-content\\\/uploads\\\/ocean-blue-compact-umbrella-open.jpg\",\"datePublished\":\"2022-08-16T14:33:30+00:00\",\"dateModified\":\"2025-12-05T06:45:10+00:00\",\"description\":\"Searching for the best sustainable compact umbrella? This blue compact umbrella is a more eco-friendly umbrella. Stylish and high-quality umbrella.\",\"breadcrumb\":{\"@id\":\"https:\\\/\\\/www.rainandson.com\\\/product\\\/recycled-ocean-blue-compact-umbrella\\\/#breadcrumb\"},\"inLanguage\":\"sv-SE\",\"potentialAction\":[{\"@type\":\"ReadAction\",\"target\":[\"https:\\\/\\\/www.rainandson.com\\\/product\\\/recycled-ocean-blue-compact-umbrella\\\/\"]}]},{\"@type\":\"ImageObject\",\"inLanguage\":\"sv-SE\",\"@id\":\"https:\\\/\\\/www.rainandson.com\\\/product\\\/recycled-ocean-blue-compact-umbrella\\\/#primaryimage\",\"url\":\"https:\\\/\\\/www.rainandson.com\\\/wp-content\\\/uploads\\\/ocean-blue-compact-umbrella-open.jpg\",\"contentUrl\":\"https:\\\/\\\/www.rainandson.com\\\/wp-content\\\/uploads\\\/ocean-blue-compact-umbrella-open.jpg\",\"width\":999,\"height\":999,\"caption\":\"Ocean blue compact umbrella\"},{\"@type\":\"BreadcrumbList\",\"@id\":\"https:\\\/\\\/www.rainandson.com\\\/product\\\/recycled-ocean-blue-compact-umbrella\\\/#breadcrumb\",\"itemListElement\":[{\"@type\":\"ListItem\",\"position\":1,\"name\":\"Home\",\"item\":\"https:\\\/\\\/www.rainandson.com\\\/sv\\\/\"},{\"@type\":\"ListItem\",\"position\":2,\"name\":\"Shop\",\"item\":\"https:\\\/\\\/www.rainandson.com\\\/shop\\\/\"},{\"@type\":\"ListItem\",\"position\":3,\"name\":\"Recycled Ocean Blue Compact Umbrella\"}]},{\"@type\":\"WebSite\",\"@id\":\"https:\\\/\\\/www.rainandson.com\\\/#website\",\"url\":\"https:\\\/\\\/www.rainandson.com\\\/\",\"name\":\"Rain and Son - Classic and Stylish Umbrellas\",\"description\":\"Fashionable Umbrellas Online.\",\"publisher\":{\"@id\":\"https:\\\/\\\/www.rainandson.com\\\/#organization\"},\"potentialAction\":[{\"@type\":\"SearchAction\",\"target\":{\"@type\":\"EntryPoint\",\"urlTemplate\":\"https:\\\/\\\/www.rainandson.com\\\/?s={search_term_string}\"},\"query-input\":{\"@type\":\"PropertyValueSpecification\",\"valueRequired\":true,\"valueName\":\"search_term_string\"}}],\"inLanguage\":\"sv-SE\"},{\"@type\":\"Organization\",\"@id\":\"https:\\\/\\\/www.rainandson.com\\\/#organization\",\"name\":\"Rain and Son\",\"url\":\"https:\\\/\\\/www.rainandson.com\\\/\",\"logo\":{\"@type\":\"ImageObject\",\"inLanguage\":\"sv-SE\",\"@id\":\"https:\\\/\\\/www.rainandson.com\\\/#\\\/schema\\\/logo\\\/image\\\/\",\"url\":\"https:\\\/\\\/www.rainandson.com\\\/wp-content\\\/uploads\\\/rain-and-son-logotype-150.png\",\"contentUrl\":\"https:\\\/\\\/www.rainandson.com\\\/wp-content\\\/uploads\\\/rain-and-son-logotype-150.png\",\"width\":125,\"height\":150,\"caption\":\"Rain and Son\"},\"image\":{\"@id\":\"https:\\\/\\\/www.rainandson.com\\\/#\\\/schema\\\/logo\\\/image\\\/\"}}]}<\/script>\n<!-- \/ Yoast SEO plugin. -->","yoast_head_json":{"title":"Recycled Ocean Blue Compact Umbrella - Rain and Son - Classic and Stylish Umbrellas","description":"Searching for the best sustainable compact umbrella? This blue compact umbrella is a more eco-friendly umbrella. Stylish and high-quality umbrella.","robots":{"index":"index","follow":"follow","max-snippet":"max-snippet:-1","max-image-preview":"max-image-preview:large","max-video-preview":"max-video-preview:-1"},"canonical":"https:\/\/www.rainandson.com\/sv\/produkt\/recycled-ocean-blue-compact-umbrella\/","og_locale":"sv_SE","og_type":"article","og_title":"Recycled Ocean Blue Compact Umbrella - Rain and Son - Classic and Stylish Umbrellas","og_description":"Searching for the best sustainable compact umbrella? This blue compact umbrella is a more eco-friendly umbrella. Stylish and high-quality umbrella.","og_url":"https:\/\/www.rainandson.com\/sv\/produkt\/recycled-ocean-blue-compact-umbrella\/","og_site_name":"Rain and Son - Classic and Stylish Umbrellas","article_modified_time":"2025-12-05T06:45:10+00:00","og_image":[{"width":999,"height":999,"url":"https:\/\/www.rainandson.com\/wp-content\/uploads\/ocean-blue-compact-umbrella-open.jpg","type":"image\/jpeg"}],"twitter_card":"summary_large_image","twitter_misc":{"Ber\u00e4knad l\u00e4stid":"2 minuter"},"schema":{"@context":"https:\/\/schema.org","@graph":[{"@type":"WebPage","@id":"https:\/\/www.rainandson.com\/product\/recycled-ocean-blue-compact-umbrella\/","url":"https:\/\/www.rainandson.com\/product\/recycled-ocean-blue-compact-umbrella\/","name":"Recycled Ocean Blue Compact Umbrella - Rain and Son - Classic and Stylish Umbrellas","isPartOf":{"@id":"https:\/\/www.rainandson.com\/#website"},"primaryImageOfPage":{"@id":"https:\/\/www.rainandson.com\/product\/recycled-ocean-blue-compact-umbrella\/#primaryimage"},"image":{"@id":"https:\/\/www.rainandson.com\/product\/recycled-ocean-blue-compact-umbrella\/#primaryimage"},"thumbnailUrl":"https:\/\/www.rainandson.com\/wp-content\/uploads\/ocean-blue-compact-umbrella-open.jpg","datePublished":"2022-08-16T14:33:30+00:00","dateModified":"2025-12-05T06:45:10+00:00","description":"Searching for the best sustainable compact umbrella? This blue compact umbrella is a more eco-friendly umbrella. Stylish and high-quality umbrella.","breadcrumb":{"@id":"https:\/\/www.rainandson.com\/product\/recycled-ocean-blue-compact-umbrella\/#breadcrumb"},"inLanguage":"sv-SE","potentialAction":[{"@type":"ReadAction","target":["https:\/\/www.rainandson.com\/product\/recycled-ocean-blue-compact-umbrella\/"]}]},{"@type":"ImageObject","inLanguage":"sv-SE","@id":"https:\/\/www.rainandson.com\/product\/recycled-ocean-blue-compact-umbrella\/#primaryimage","url":"https:\/\/www.rainandson.com\/wp-content\/uploads\/ocean-blue-compact-umbrella-open.jpg","contentUrl":"https:\/\/www.rainandson.com\/wp-content\/uploads\/ocean-blue-compact-umbrella-open.jpg","width":999,"height":999,"caption":"Ocean blue compact umbrella"},{"@type":"BreadcrumbList","@id":"https:\/\/www.rainandson.com\/product\/recycled-ocean-blue-compact-umbrella\/#breadcrumb","itemListElement":[{"@type":"ListItem","position":1,"name":"Home","item":"https:\/\/www.rainandson.com\/sv\/"},{"@type":"ListItem","position":2,"name":"Shop","item":"https:\/\/www.rainandson.com\/shop\/"},{"@type":"ListItem","position":3,"name":"Recycled Ocean Blue Compact Umbrella"}]},{"@type":"WebSite","@id":"https:\/\/www.rainandson.com\/#website","url":"https:\/\/www.rainandson.com\/","name":"Rain and Son - Klassiska paraplyer i modern skandinavisk design","description":"Eleganta paraplyer online.","publisher":{"@id":"https:\/\/www.rainandson.com\/#organization"},"potentialAction":[{"@type":"SearchAction","target":{"@type":"EntryPoint","urlTemplate":"https:\/\/www.rainandson.com\/?s={search_term_string}"},"query-input":{"@type":"PropertyValueSpecification","valueRequired":true,"valueName":"search_term_string"}}],"inLanguage":"sv-SE"},{"@type":"Organization","@id":"https:\/\/www.rainandson.com\/#organization","name":"Rain &amp; Son","url":"https:\/\/www.rainandson.com\/","logo":{"@type":"ImageObject","inLanguage":"sv-SE","@id":"https:\/\/www.rainandson.com\/#\/schema\/logo\/image\/","url":"https:\/\/www.rainandson.com\/wp-content\/uploads\/rain-and-son-logotype-150.png","contentUrl":"https:\/\/www.rainandson.com\/wp-content\/uploads\/rain-and-son-logotype-150.png","width":125,"height":150,"caption":"Rain and Son"},"image":{"@id":"https:\/\/www.rainandson.com\/#\/schema\/logo\/image\/"}}]}},"_links":{"self":[{"href":"https:\/\/www.rainandson.com\/sv\/wp-json\/wp\/v2\/product\/5824","targetHints":{"allow":["GET"]}}],"collection":[{"href":"https:\/\/www.rainandson.com\/sv\/wp-json\/wp\/v2\/product"}],"about":[{"href":"https:\/\/www.rainandson.com\/sv\/wp-json\/wp\/v2\/types\/product"}],"replies":[{"embeddable":true,"href":"https:\/\/www.rainandson.com\/sv\/wp-json\/wp\/v2\/comments?post=5824"}],"wp:featuredmedia":[{"embeddable":true,"href":"https:\/\/www.rainandson.com\/sv\/wp-json\/wp\/v2\/media\/5980"}],"wp:attachment":[{"href":"https:\/\/www.rainandson.com\/sv\/wp-json\/wp\/v2\/media?parent=5824"}],"wp:term":[{"taxonomy":"product_brand","embeddable":true,"href":"https:\/\/www.rainandson.com\/sv\/wp-json\/wp\/v2\/product_brand?post=5824"},{"taxonomy":"product_cat","embeddable":true,"href":"https:\/\/www.rainandson.com\/sv\/wp-json\/wp\/v2\/product_cat?post=5824"},{"taxonomy":"product_tag","embeddable":true,"href":"https:\/\/www.rainandson.com\/sv\/wp-json\/wp\/v2\/product_tag?post=5824"}],"curies":[{"name":"wp","href":"https:\/\/api.w.org\/{rel}","templated":true}]}}