{"id":5823,"date":"2022-08-16T14:20:57","date_gmt":"2022-08-16T14:20:57","guid":{"rendered":"https:\/\/www.rainandson.com\/?post_type=product&#038;p=5823"},"modified":"2025-11-03T04:55:52","modified_gmt":"2025-11-03T04:55:52","slug":"recycled-classic-beige-bamboo-umbrella","status":"publish","type":"product","link":"https:\/\/www.rainandson.com\/sv\/produkt\/recycled-classic-beige-bamboo-umbrella\/","title":{"rendered":"Klassiskt beige bambuparaply av \u00e5tervunnen plast"},"content":{"rendered":"<p>Rain &amp; Sons klassiska beige paraply med handtag av bambu \u00e4r ett perfekt paraply f\u00f6r de mer milj\u00f6medvetna konsumneterna. Detta kvalitetsparaply \u00e4r tillverkat med omsorg om naturen d\u00e5 det best\u00e5r av n\u00e4stan helt milj\u00f6v\u00e4nliga material. Det stora paraplyet i en klassisk beige f\u00e4rg \u00e4r tillverkat av 100 % \u00e5tervunna PET-flaskor. Handtaget \u00e4r tillverkat av bambu som \u00e4r en av de mest milj\u00f6v\u00e4nliga materialen. Att vara milj\u00f6v\u00e4nlig handlar inte bara om att anv\u00e4nda milj\u00f6v\u00e4nliga material, utan ocks\u00e5 om att g\u00f6ra paraplyer som h\u00e5ller i m\u00e5nga \u00e5r. Kombinationen av eco material och en stark glasfiberram garanterar maximal h\u00e5llbarhet. Ett kvalitetsparaply som \u00e4r gjort f\u00f6r att h\u00e5lla l\u00e4nge.<\/p>\n<p>Beige \u00e5tervunnet <b>Paraply<\/b> med 12 ekrar.<br \/>\nSk\u00e4rmen p\u00e5 paraplyet \u00e4r tillverkad fr\u00e5n 100 % \u00e5tervunna PET flaskor.<br \/>\nBambuhandtag.<br \/>\nDen beiga f\u00e4rgen \u00e4r tryckt p\u00e5 vitt PET-tyg vilket betyder att vissa f\u00e4rgskiftningar kan f\u00f6rekomma.<br \/>\nH\u00f6g kvalitet <b>paraply<\/b>.<br \/>\nTr\u00e4skaft med ram i svart fiberglas.<br \/>\nSp\u00e4nne med knapp.<br \/>\nNickel coated metal tips in silver color.<br \/>\nTr\u00e4topp med nickelbelagd topp i silverf\u00e4rg.<br \/>\nRain &amp; Son logotyp p\u00e5 sk\u00e4rmen.<br \/>\n<b>Paraply<\/b> \u00f6ppnas till en diameter av 103 centimeter.<br \/>\nSkaftets diameter 1.5 cm.<br \/>\nH\u00f6jd 89 cm.<br \/>\nVikt 500 gram.<\/p>","protected":false},"excerpt":{"rendered":"<p>Detta \u00e4r ett klassiskt Beige Eco Umbrella som tillverkas med st\u00f6rsta omsorg. Den stora sk\u00e4rmen, i en vacker beige f\u00e4rg, \u00e4r tillverkad av 100 % \u00e5tervunna PET-flaskor. Paraplyets b\u00f6jda handtag \u00e4r tillverkat av bambu. En h\u00e5llbar modeaccessoar som kommer att h\u00e5lla ett helt liv om den behandlas med omsorg.<\/p>","protected":false},"featured_media":5984,"comment_status":"open","ping_status":"closed","template":"","meta":[],"product_brand":[],"product_cat":[116,247,190,273],"product_tag":[],"class_list":{"0":"post-5823","1":"product","2":"type-product","3":"status-publish","4":"has-post-thumbnail","6":"product_cat-all-umbrellas","7":"product_cat-classic-umbrellas","8":"product_cat-large-umbrellas","9":"product_cat-recycled-pet-umbrellas","10":"pa_colour-beige","12":"first","13":"instock","14":"featured","15":"taxable","16":"shipping-taxable","17":"product-type-simple"},"yoast_head":"<!-- This site is optimized with the Yoast SEO plugin v27.5 - https:\/\/yoast.com\/product\/yoast-seo-wordpress\/ -->\n<title>Recycled Classic Beige Bamboo Umbrella - Rain and Son - Classic and Stylish Umbrellas<\/title>\n<meta name=\"description\" content=\"Looking for a an eco-friendly Classic Beige Umbrella? This design umbrella with a handle made from bamboo is the perfect sustainable umbrella.\" \/>\n<meta name=\"robots\" content=\"index, follow, max-snippet:-1, max-image-preview:large, max-video-preview:-1\" \/>\n<link rel=\"canonical\" href=\"https:\/\/www.rainandson.com\/sv\/produkt\/recycled-classic-beige-bamboo-umbrella\/\" \/>\n<meta property=\"og:locale\" content=\"sv_SE\" \/>\n<meta property=\"og:type\" content=\"article\" \/>\n<meta property=\"og:title\" content=\"Recycled Classic Beige Bamboo Umbrella - Rain and Son - Classic and Stylish Umbrellas\" \/>\n<meta property=\"og:description\" content=\"Looking for a an eco-friendly Classic Beige Umbrella? This design umbrella with a handle made from bamboo is the perfect sustainable umbrella.\" \/>\n<meta property=\"og:url\" content=\"https:\/\/www.rainandson.com\/sv\/produkt\/recycled-classic-beige-bamboo-umbrella\/\" \/>\n<meta property=\"og:site_name\" content=\"Rain and Son - Classic and Stylish Umbrellas\" \/>\n<meta property=\"article:modified_time\" content=\"2025-11-03T04:55:52+00:00\" \/>\n<meta property=\"og:image\" content=\"https:\/\/www.rainandson.com\/wp-content\/uploads\/beige-bamboo-umbrella-open.jpg\" \/>\n\t<meta property=\"og:image:width\" content=\"999\" \/>\n\t<meta property=\"og:image:height\" content=\"999\" \/>\n\t<meta property=\"og:image:type\" content=\"image\/jpeg\" \/>\n<meta name=\"twitter:card\" content=\"summary_large_image\" \/>\n<meta name=\"twitter:label1\" content=\"Ber\u00e4knad l\u00e4stid\" \/>\n\t<meta name=\"twitter:data1\" content=\"1 minut\" \/>\n<script type=\"application\/ld+json\" class=\"yoast-schema-graph\">{\"@context\":\"https:\\\/\\\/schema.org\",\"@graph\":[{\"@type\":\"WebPage\",\"@id\":\"https:\\\/\\\/www.rainandson.com\\\/product\\\/recycled-classic-beige-bamboo-umbrella\\\/\",\"url\":\"https:\\\/\\\/www.rainandson.com\\\/product\\\/recycled-classic-beige-bamboo-umbrella\\\/\",\"name\":\"Recycled Classic Beige Bamboo Umbrella - Rain and Son - Classic and Stylish Umbrellas\",\"isPartOf\":{\"@id\":\"https:\\\/\\\/www.rainandson.com\\\/#website\"},\"primaryImageOfPage\":{\"@id\":\"https:\\\/\\\/www.rainandson.com\\\/product\\\/recycled-classic-beige-bamboo-umbrella\\\/#primaryimage\"},\"image\":{\"@id\":\"https:\\\/\\\/www.rainandson.com\\\/product\\\/recycled-classic-beige-bamboo-umbrella\\\/#primaryimage\"},\"thumbnailUrl\":\"https:\\\/\\\/www.rainandson.com\\\/wp-content\\\/uploads\\\/beige-bamboo-umbrella-open.jpg\",\"datePublished\":\"2022-08-16T14:20:57+00:00\",\"dateModified\":\"2025-11-03T04:55:52+00:00\",\"description\":\"Looking for a an eco-friendly Classic Beige Umbrella? This design umbrella with a handle made from bamboo is the perfect sustainable umbrella.\",\"breadcrumb\":{\"@id\":\"https:\\\/\\\/www.rainandson.com\\\/product\\\/recycled-classic-beige-bamboo-umbrella\\\/#breadcrumb\"},\"inLanguage\":\"sv-SE\",\"potentialAction\":[{\"@type\":\"ReadAction\",\"target\":[\"https:\\\/\\\/www.rainandson.com\\\/product\\\/recycled-classic-beige-bamboo-umbrella\\\/\"]}]},{\"@type\":\"ImageObject\",\"inLanguage\":\"sv-SE\",\"@id\":\"https:\\\/\\\/www.rainandson.com\\\/product\\\/recycled-classic-beige-bamboo-umbrella\\\/#primaryimage\",\"url\":\"https:\\\/\\\/www.rainandson.com\\\/wp-content\\\/uploads\\\/beige-bamboo-umbrella-open.jpg\",\"contentUrl\":\"https:\\\/\\\/www.rainandson.com\\\/wp-content\\\/uploads\\\/beige-bamboo-umbrella-open.jpg\",\"width\":999,\"height\":999,\"caption\":\"Classic beige bamboo umbrella\"},{\"@type\":\"BreadcrumbList\",\"@id\":\"https:\\\/\\\/www.rainandson.com\\\/product\\\/recycled-classic-beige-bamboo-umbrella\\\/#breadcrumb\",\"itemListElement\":[{\"@type\":\"ListItem\",\"position\":1,\"name\":\"Home\",\"item\":\"https:\\\/\\\/www.rainandson.com\\\/sv\\\/\"},{\"@type\":\"ListItem\",\"position\":2,\"name\":\"Shop\",\"item\":\"https:\\\/\\\/www.rainandson.com\\\/shop\\\/\"},{\"@type\":\"ListItem\",\"position\":3,\"name\":\"Recycled Classic Beige Bamboo Umbrella\"}]},{\"@type\":\"WebSite\",\"@id\":\"https:\\\/\\\/www.rainandson.com\\\/#website\",\"url\":\"https:\\\/\\\/www.rainandson.com\\\/\",\"name\":\"Rain and Son - Classic and Stylish Umbrellas\",\"description\":\"Fashionable Umbrellas Online.\",\"publisher\":{\"@id\":\"https:\\\/\\\/www.rainandson.com\\\/#organization\"},\"potentialAction\":[{\"@type\":\"SearchAction\",\"target\":{\"@type\":\"EntryPoint\",\"urlTemplate\":\"https:\\\/\\\/www.rainandson.com\\\/?s={search_term_string}\"},\"query-input\":{\"@type\":\"PropertyValueSpecification\",\"valueRequired\":true,\"valueName\":\"search_term_string\"}}],\"inLanguage\":\"sv-SE\"},{\"@type\":\"Organization\",\"@id\":\"https:\\\/\\\/www.rainandson.com\\\/#organization\",\"name\":\"Rain and Son\",\"url\":\"https:\\\/\\\/www.rainandson.com\\\/\",\"logo\":{\"@type\":\"ImageObject\",\"inLanguage\":\"sv-SE\",\"@id\":\"https:\\\/\\\/www.rainandson.com\\\/#\\\/schema\\\/logo\\\/image\\\/\",\"url\":\"https:\\\/\\\/www.rainandson.com\\\/wp-content\\\/uploads\\\/rain-and-son-logotype-150.png\",\"contentUrl\":\"https:\\\/\\\/www.rainandson.com\\\/wp-content\\\/uploads\\\/rain-and-son-logotype-150.png\",\"width\":125,\"height\":150,\"caption\":\"Rain and Son\"},\"image\":{\"@id\":\"https:\\\/\\\/www.rainandson.com\\\/#\\\/schema\\\/logo\\\/image\\\/\"}}]}<\/script>\n<!-- \/ Yoast SEO plugin. -->","yoast_head_json":{"title":"Recycled Classic Beige Bamboo Umbrella - Rain and Son - Classic and Stylish Umbrellas","description":"Looking for a an eco-friendly Classic Beige Umbrella? This design umbrella with a handle made from bamboo is the perfect sustainable umbrella.","robots":{"index":"index","follow":"follow","max-snippet":"max-snippet:-1","max-image-preview":"max-image-preview:large","max-video-preview":"max-video-preview:-1"},"canonical":"https:\/\/www.rainandson.com\/sv\/produkt\/recycled-classic-beige-bamboo-umbrella\/","og_locale":"sv_SE","og_type":"article","og_title":"Recycled Classic Beige Bamboo Umbrella - Rain and Son - Classic and Stylish Umbrellas","og_description":"Looking for a an eco-friendly Classic Beige Umbrella? This design umbrella with a handle made from bamboo is the perfect sustainable umbrella.","og_url":"https:\/\/www.rainandson.com\/sv\/produkt\/recycled-classic-beige-bamboo-umbrella\/","og_site_name":"Rain and Son - Classic and Stylish Umbrellas","article_modified_time":"2025-11-03T04:55:52+00:00","og_image":[{"width":999,"height":999,"url":"https:\/\/www.rainandson.com\/wp-content\/uploads\/beige-bamboo-umbrella-open.jpg","type":"image\/jpeg"}],"twitter_card":"summary_large_image","twitter_misc":{"Ber\u00e4knad l\u00e4stid":"1 minut"},"schema":{"@context":"https:\/\/schema.org","@graph":[{"@type":"WebPage","@id":"https:\/\/www.rainandson.com\/product\/recycled-classic-beige-bamboo-umbrella\/","url":"https:\/\/www.rainandson.com\/product\/recycled-classic-beige-bamboo-umbrella\/","name":"Recycled Classic Beige Bamboo Umbrella - Rain and Son - Classic and Stylish Umbrellas","isPartOf":{"@id":"https:\/\/www.rainandson.com\/#website"},"primaryImageOfPage":{"@id":"https:\/\/www.rainandson.com\/product\/recycled-classic-beige-bamboo-umbrella\/#primaryimage"},"image":{"@id":"https:\/\/www.rainandson.com\/product\/recycled-classic-beige-bamboo-umbrella\/#primaryimage"},"thumbnailUrl":"https:\/\/www.rainandson.com\/wp-content\/uploads\/beige-bamboo-umbrella-open.jpg","datePublished":"2022-08-16T14:20:57+00:00","dateModified":"2025-11-03T04:55:52+00:00","description":"Looking for a an eco-friendly Classic Beige Umbrella? This design umbrella with a handle made from bamboo is the perfect sustainable umbrella.","breadcrumb":{"@id":"https:\/\/www.rainandson.com\/product\/recycled-classic-beige-bamboo-umbrella\/#breadcrumb"},"inLanguage":"sv-SE","potentialAction":[{"@type":"ReadAction","target":["https:\/\/www.rainandson.com\/product\/recycled-classic-beige-bamboo-umbrella\/"]}]},{"@type":"ImageObject","inLanguage":"sv-SE","@id":"https:\/\/www.rainandson.com\/product\/recycled-classic-beige-bamboo-umbrella\/#primaryimage","url":"https:\/\/www.rainandson.com\/wp-content\/uploads\/beige-bamboo-umbrella-open.jpg","contentUrl":"https:\/\/www.rainandson.com\/wp-content\/uploads\/beige-bamboo-umbrella-open.jpg","width":999,"height":999,"caption":"Classic beige bamboo umbrella"},{"@type":"BreadcrumbList","@id":"https:\/\/www.rainandson.com\/product\/recycled-classic-beige-bamboo-umbrella\/#breadcrumb","itemListElement":[{"@type":"ListItem","position":1,"name":"Home","item":"https:\/\/www.rainandson.com\/sv\/"},{"@type":"ListItem","position":2,"name":"Shop","item":"https:\/\/www.rainandson.com\/shop\/"},{"@type":"ListItem","position":3,"name":"Recycled Classic Beige Bamboo Umbrella"}]},{"@type":"WebSite","@id":"https:\/\/www.rainandson.com\/#website","url":"https:\/\/www.rainandson.com\/","name":"Rain and Son - Klassiska paraplyer i modern skandinavisk design","description":"Eleganta paraplyer online.","publisher":{"@id":"https:\/\/www.rainandson.com\/#organization"},"potentialAction":[{"@type":"SearchAction","target":{"@type":"EntryPoint","urlTemplate":"https:\/\/www.rainandson.com\/?s={search_term_string}"},"query-input":{"@type":"PropertyValueSpecification","valueRequired":true,"valueName":"search_term_string"}}],"inLanguage":"sv-SE"},{"@type":"Organization","@id":"https:\/\/www.rainandson.com\/#organization","name":"Rain &amp; Son","url":"https:\/\/www.rainandson.com\/","logo":{"@type":"ImageObject","inLanguage":"sv-SE","@id":"https:\/\/www.rainandson.com\/#\/schema\/logo\/image\/","url":"https:\/\/www.rainandson.com\/wp-content\/uploads\/rain-and-son-logotype-150.png","contentUrl":"https:\/\/www.rainandson.com\/wp-content\/uploads\/rain-and-son-logotype-150.png","width":125,"height":150,"caption":"Rain and Son"},"image":{"@id":"https:\/\/www.rainandson.com\/#\/schema\/logo\/image\/"}}]}},"_links":{"self":[{"href":"https:\/\/www.rainandson.com\/sv\/wp-json\/wp\/v2\/product\/5823","targetHints":{"allow":["GET"]}}],"collection":[{"href":"https:\/\/www.rainandson.com\/sv\/wp-json\/wp\/v2\/product"}],"about":[{"href":"https:\/\/www.rainandson.com\/sv\/wp-json\/wp\/v2\/types\/product"}],"replies":[{"embeddable":true,"href":"https:\/\/www.rainandson.com\/sv\/wp-json\/wp\/v2\/comments?post=5823"}],"wp:featuredmedia":[{"embeddable":true,"href":"https:\/\/www.rainandson.com\/sv\/wp-json\/wp\/v2\/media\/5984"}],"wp:attachment":[{"href":"https:\/\/www.rainandson.com\/sv\/wp-json\/wp\/v2\/media?parent=5823"}],"wp:term":[{"taxonomy":"product_brand","embeddable":true,"href":"https:\/\/www.rainandson.com\/sv\/wp-json\/wp\/v2\/product_brand?post=5823"},{"taxonomy":"product_cat","embeddable":true,"href":"https:\/\/www.rainandson.com\/sv\/wp-json\/wp\/v2\/product_cat?post=5823"},{"taxonomy":"product_tag","embeddable":true,"href":"https:\/\/www.rainandson.com\/sv\/wp-json\/wp\/v2\/product_tag?post=5823"}],"curies":[{"name":"wp","href":"https:\/\/api.w.org\/{rel}","templated":true}]}}