{"id":5822,"date":"2022-08-16T14:16:47","date_gmt":"2022-08-16T14:16:47","guid":{"rendered":"https:\/\/www.rainandson.com\/?post_type=product&#038;p=5822"},"modified":"2025-12-26T09:49:23","modified_gmt":"2025-12-26T09:49:23","slug":"recycled-dark-pink-compact-umbrella","status":"publish","type":"product","link":"https:\/\/www.rainandson.com\/sv\/produkt\/recycled-dark-pink-compact-umbrella\/","title":{"rendered":"M\u00f6rkrosa hopf\u00e4llbart paraply av \u00e5tervunnen plast"},"content":{"rendered":"<p>Det h\u00e4r m\u00f6rkrosa kompakta paraplyet fr\u00e5n Rain &amp; Son \u00e4r ett s\u00e4rskilt milj\u00f6v\u00e4nligt val med en sk\u00e4rm som \u00e4r tillverkat till 100 % av \u00e5tervunna plastflaskor, som ofta \u00e5terfinns i v\u00e5ra hav. Som en hyllning till v\u00e5ra underbara hav \u00e4r detta m\u00f6rkrosa paraply en del av v\u00e5r havskollektion d\u00e4r 5 % av vinsten g\u00e5r till att st\u00e4da upp v\u00e4rldens hav. Den korallrosa f\u00e4rgen har valts med inspiration av v\u00e5ra vackra korallrev. S\u00e5 var trendig med ett mer h\u00e5llbart m\u00f6rkrosa paraply i regnet. Rain &amp; Son's klassiska m\u00f6rkrosa  kompakta paraply \u00e4r ett utm\u00e4rkt val f\u00f6r de flesta tillf\u00e4llen. Du kommer garanterat att sticka ut i m\u00e4ngden med denna starkt rosa f\u00e4rgklick. Detta hopf\u00e4llbara paraply \u00e4r ocks\u00e5 en perfekt present till n\u00e5gon som \u00e4lskar rosa, som doppresent, br\u00f6llpspresent eller varf\u00f6r inte som julklapp eller f\u00f6delsedagsg\u00e5va. Paraplyet \u00e4r l\u00e4tt att ta med sig \u00f6verallt, s\u00e5 att du alltid \u00e4r redo f\u00f6r regn. Paraplyer \u00e4r inte bara bra i regn utan \u00e4ven i stark sol, s\u00e5 f\u00e4ll upp paraplyet och skydda  dig fr\u00e5n den starka solen. Det kompakta paraplyet har ett b\u00f6jt tr\u00e4handtag, vilket ger dig en sofistikerad look och g\u00f6r det bekv\u00e4mt att b\u00e4ra. Paraplyets stora sk\u00e4rm, med en diametre p\u00e5 103 centimeter, skyddar dig och dina n\u00e4ra och k\u00e4ra fr\u00e5n regn. Det h\u00f6gkvalitativa hopf\u00e4llbara paraplyet har en stark metallram som t\u00e5l kraftigt regn. Det kompakta paraplyet har en automatisk \u00f6ppnings- och st\u00e4ngningsfunktion som g\u00f6r det enkelt att \u00f6ppna och st\u00e4nga, tryck bara p\u00e5 knappen p\u00e5 det b\u00f6jda tr\u00e4handtaget.<\/p>\n<p>M\u00f6rkrosa \u00e5tervunnet <b>hopf\u00e4llbart design paraply<\/b> med 10 ekrar.<br \/>\nParaplysk\u00e4rmen \u00e4r gjord till 100 % av \u00e5tervunna plastflaskor.<br \/>\nH\u00f6g kvalitet <b>paraply<\/b>.<br \/>\nB\u00f6jt handtag i tr\u00e4 med Rain &amp; Son logga.<br \/>\nSp\u00e4nne med knapp.<br \/>\n<strong>Paraply<\/strong> \u00f6ppnas till en diameter av 103 centimeter.<br \/>\nAutomatisk \u00f6ppning- och st\u00e4ngningsfunktion.<br \/>\nKromt\u00e4ckt metalskaft.<br \/>\nSvartf\u00e4rgad metallram med tv\u00e5 sektioner fiberglas ekrar.<br \/>\nVita nickelf\u00e4rgade metalltoppar.<br \/>\nPlasttopp.<br \/>\nRain &amp; Son logga sydd p\u00e5 panelen.<br \/>\nH\u00f6jd (st\u00e4ngt paraply): 36 cm.<br \/>\nH\u00f6jd (\u00f6ppet paraply): 68 cm.<br \/>\nVikt 490 gram.<br \/>\nPMS f\u00e4rgkod: 225C<\/p>","protected":false},"excerpt":{"rendered":"<p>Det m\u00f6rkrosa hopf\u00e4llbara paraplyet fr\u00e5n Rain &amp; Son \u00e4r ett perfekt, mer h\u00e5llbart paraply att ta med sig n\u00e4r det regnar. Med en stor m\u00f6rkrosa sk\u00e4rm som helt \u00e4r gjort av \u00e5terbunna plastflaskor \u00e4r det r\u00e4tt val b\u00e5de f\u00f6r milj\u00f6n och f\u00f6r att h\u00e5lla dig torr. Paraplyet har ett b\u00f6jt tr\u00e4handtag som g\u00f6r det bekv\u00e4mt att b\u00e4ra p\u00e5. Det hopf\u00e4llbara paraplyet har en starkt metallram som av h\u00f6gsta kvalitet. Det \u00e4r \u00e4ven ett moderiktigt paraply i en stark risa f\u00e4rg.<\/p>","protected":false},"featured_media":5989,"comment_status":"open","ping_status":"closed","template":"","meta":[],"product_brand":[],"product_cat":[116,191,273],"product_tag":[],"class_list":{"0":"post-5822","1":"product","2":"type-product","3":"status-publish","4":"has-post-thumbnail","6":"product_cat-all-umbrellas","7":"product_cat-compact-umbrellas","8":"product_cat-recycled-pet-umbrellas","9":"pa_colour-dark-pink","11":"first","12":"instock","13":"featured","14":"taxable","15":"shipping-taxable","16":"product-type-simple"},"yoast_head":"<!-- This site is optimized with the Yoast SEO plugin v27.5 - https:\/\/yoast.com\/product\/yoast-seo-wordpress\/ -->\n<title>Recycled Dark Pink Compact Umbrella - Rain and Son - Classic and Stylish Umbrellas<\/title>\n<meta name=\"description\" content=\"Searching for a eco-friendly dark pink compact umbrella? This colorful foldable umbrella is a great choice when looking for a more sustainable umbrella.\" \/>\n<meta name=\"robots\" content=\"index, follow, max-snippet:-1, max-image-preview:large, max-video-preview:-1\" \/>\n<link rel=\"canonical\" href=\"https:\/\/www.rainandson.com\/sv\/produkt\/recycled-dark-pink-compact-umbrella\/\" \/>\n<meta property=\"og:locale\" content=\"sv_SE\" \/>\n<meta property=\"og:type\" content=\"article\" \/>\n<meta property=\"og:title\" content=\"Recycled Dark Pink Compact Umbrella - Rain and Son - Classic and Stylish Umbrellas\" \/>\n<meta property=\"og:description\" content=\"Searching for a eco-friendly dark pink compact umbrella? This colorful foldable umbrella is a great choice when looking for a more sustainable umbrella.\" \/>\n<meta property=\"og:url\" content=\"https:\/\/www.rainandson.com\/sv\/produkt\/recycled-dark-pink-compact-umbrella\/\" \/>\n<meta property=\"og:site_name\" content=\"Rain and Son - Classic and Stylish Umbrellas\" \/>\n<meta property=\"article:modified_time\" content=\"2025-12-26T09:49:23+00:00\" \/>\n<meta property=\"og:image\" content=\"https:\/\/www.rainandson.com\/wp-content\/uploads\/dark-pink-compact-umbrella-open.jpg\" \/>\n\t<meta property=\"og:image:width\" content=\"999\" \/>\n\t<meta property=\"og:image:height\" content=\"999\" \/>\n\t<meta property=\"og:image:type\" content=\"image\/jpeg\" \/>\n<meta name=\"twitter:card\" content=\"summary_large_image\" \/>\n<meta name=\"twitter:label1\" content=\"Ber\u00e4knad l\u00e4stid\" \/>\n\t<meta name=\"twitter:data1\" content=\"2 minuter\" \/>\n<script type=\"application\/ld+json\" class=\"yoast-schema-graph\">{\"@context\":\"https:\\\/\\\/schema.org\",\"@graph\":[{\"@type\":\"WebPage\",\"@id\":\"https:\\\/\\\/www.rainandson.com\\\/product\\\/recycled-dark-pink-compact-umbrella\\\/\",\"url\":\"https:\\\/\\\/www.rainandson.com\\\/product\\\/recycled-dark-pink-compact-umbrella\\\/\",\"name\":\"Recycled Dark Pink Compact Umbrella - Rain and Son - Classic and Stylish Umbrellas\",\"isPartOf\":{\"@id\":\"https:\\\/\\\/www.rainandson.com\\\/#website\"},\"primaryImageOfPage\":{\"@id\":\"https:\\\/\\\/www.rainandson.com\\\/product\\\/recycled-dark-pink-compact-umbrella\\\/#primaryimage\"},\"image\":{\"@id\":\"https:\\\/\\\/www.rainandson.com\\\/product\\\/recycled-dark-pink-compact-umbrella\\\/#primaryimage\"},\"thumbnailUrl\":\"https:\\\/\\\/www.rainandson.com\\\/wp-content\\\/uploads\\\/dark-pink-compact-umbrella-open.jpg\",\"datePublished\":\"2022-08-16T14:16:47+00:00\",\"dateModified\":\"2025-12-26T09:49:23+00:00\",\"description\":\"Searching for a eco-friendly dark pink compact umbrella? This colorful foldable umbrella is a great choice when looking for a more sustainable umbrella.\",\"breadcrumb\":{\"@id\":\"https:\\\/\\\/www.rainandson.com\\\/product\\\/recycled-dark-pink-compact-umbrella\\\/#breadcrumb\"},\"inLanguage\":\"sv-SE\",\"potentialAction\":[{\"@type\":\"ReadAction\",\"target\":[\"https:\\\/\\\/www.rainandson.com\\\/product\\\/recycled-dark-pink-compact-umbrella\\\/\"]}]},{\"@type\":\"ImageObject\",\"inLanguage\":\"sv-SE\",\"@id\":\"https:\\\/\\\/www.rainandson.com\\\/product\\\/recycled-dark-pink-compact-umbrella\\\/#primaryimage\",\"url\":\"https:\\\/\\\/www.rainandson.com\\\/wp-content\\\/uploads\\\/dark-pink-compact-umbrella-open.jpg\",\"contentUrl\":\"https:\\\/\\\/www.rainandson.com\\\/wp-content\\\/uploads\\\/dark-pink-compact-umbrella-open.jpg\",\"width\":999,\"height\":999,\"caption\":\"Dark pink compact umbrella\"},{\"@type\":\"BreadcrumbList\",\"@id\":\"https:\\\/\\\/www.rainandson.com\\\/product\\\/recycled-dark-pink-compact-umbrella\\\/#breadcrumb\",\"itemListElement\":[{\"@type\":\"ListItem\",\"position\":1,\"name\":\"Home\",\"item\":\"https:\\\/\\\/www.rainandson.com\\\/sv\\\/\"},{\"@type\":\"ListItem\",\"position\":2,\"name\":\"Shop\",\"item\":\"https:\\\/\\\/www.rainandson.com\\\/shop\\\/\"},{\"@type\":\"ListItem\",\"position\":3,\"name\":\"Recycled Dark Pink Compact Umbrella\"}]},{\"@type\":\"WebSite\",\"@id\":\"https:\\\/\\\/www.rainandson.com\\\/#website\",\"url\":\"https:\\\/\\\/www.rainandson.com\\\/\",\"name\":\"Rain and Son - Classic and Stylish Umbrellas\",\"description\":\"Fashionable Umbrellas Online.\",\"publisher\":{\"@id\":\"https:\\\/\\\/www.rainandson.com\\\/#organization\"},\"potentialAction\":[{\"@type\":\"SearchAction\",\"target\":{\"@type\":\"EntryPoint\",\"urlTemplate\":\"https:\\\/\\\/www.rainandson.com\\\/?s={search_term_string}\"},\"query-input\":{\"@type\":\"PropertyValueSpecification\",\"valueRequired\":true,\"valueName\":\"search_term_string\"}}],\"inLanguage\":\"sv-SE\"},{\"@type\":\"Organization\",\"@id\":\"https:\\\/\\\/www.rainandson.com\\\/#organization\",\"name\":\"Rain and Son\",\"url\":\"https:\\\/\\\/www.rainandson.com\\\/\",\"logo\":{\"@type\":\"ImageObject\",\"inLanguage\":\"sv-SE\",\"@id\":\"https:\\\/\\\/www.rainandson.com\\\/#\\\/schema\\\/logo\\\/image\\\/\",\"url\":\"https:\\\/\\\/www.rainandson.com\\\/wp-content\\\/uploads\\\/rain-and-son-logotype-150.png\",\"contentUrl\":\"https:\\\/\\\/www.rainandson.com\\\/wp-content\\\/uploads\\\/rain-and-son-logotype-150.png\",\"width\":125,\"height\":150,\"caption\":\"Rain and Son\"},\"image\":{\"@id\":\"https:\\\/\\\/www.rainandson.com\\\/#\\\/schema\\\/logo\\\/image\\\/\"}}]}<\/script>\n<!-- \/ Yoast SEO plugin. -->","yoast_head_json":{"title":"Recycled Dark Pink Compact Umbrella - Rain and Son - Classic and Stylish Umbrellas","description":"Searching for a eco-friendly dark pink compact umbrella? This colorful foldable umbrella is a great choice when looking for a more sustainable umbrella.","robots":{"index":"index","follow":"follow","max-snippet":"max-snippet:-1","max-image-preview":"max-image-preview:large","max-video-preview":"max-video-preview:-1"},"canonical":"https:\/\/www.rainandson.com\/sv\/produkt\/recycled-dark-pink-compact-umbrella\/","og_locale":"sv_SE","og_type":"article","og_title":"Recycled Dark Pink Compact Umbrella - Rain and Son - Classic and Stylish Umbrellas","og_description":"Searching for a eco-friendly dark pink compact umbrella? This colorful foldable umbrella is a great choice when looking for a more sustainable umbrella.","og_url":"https:\/\/www.rainandson.com\/sv\/produkt\/recycled-dark-pink-compact-umbrella\/","og_site_name":"Rain and Son - Classic and Stylish Umbrellas","article_modified_time":"2025-12-26T09:49:23+00:00","og_image":[{"width":999,"height":999,"url":"https:\/\/www.rainandson.com\/wp-content\/uploads\/dark-pink-compact-umbrella-open.jpg","type":"image\/jpeg"}],"twitter_card":"summary_large_image","twitter_misc":{"Ber\u00e4knad l\u00e4stid":"2 minuter"},"schema":{"@context":"https:\/\/schema.org","@graph":[{"@type":"WebPage","@id":"https:\/\/www.rainandson.com\/product\/recycled-dark-pink-compact-umbrella\/","url":"https:\/\/www.rainandson.com\/product\/recycled-dark-pink-compact-umbrella\/","name":"Recycled Dark Pink Compact Umbrella - Rain and Son - Classic and Stylish Umbrellas","isPartOf":{"@id":"https:\/\/www.rainandson.com\/#website"},"primaryImageOfPage":{"@id":"https:\/\/www.rainandson.com\/product\/recycled-dark-pink-compact-umbrella\/#primaryimage"},"image":{"@id":"https:\/\/www.rainandson.com\/product\/recycled-dark-pink-compact-umbrella\/#primaryimage"},"thumbnailUrl":"https:\/\/www.rainandson.com\/wp-content\/uploads\/dark-pink-compact-umbrella-open.jpg","datePublished":"2022-08-16T14:16:47+00:00","dateModified":"2025-12-26T09:49:23+00:00","description":"Searching for a eco-friendly dark pink compact umbrella? This colorful foldable umbrella is a great choice when looking for a more sustainable umbrella.","breadcrumb":{"@id":"https:\/\/www.rainandson.com\/product\/recycled-dark-pink-compact-umbrella\/#breadcrumb"},"inLanguage":"sv-SE","potentialAction":[{"@type":"ReadAction","target":["https:\/\/www.rainandson.com\/product\/recycled-dark-pink-compact-umbrella\/"]}]},{"@type":"ImageObject","inLanguage":"sv-SE","@id":"https:\/\/www.rainandson.com\/product\/recycled-dark-pink-compact-umbrella\/#primaryimage","url":"https:\/\/www.rainandson.com\/wp-content\/uploads\/dark-pink-compact-umbrella-open.jpg","contentUrl":"https:\/\/www.rainandson.com\/wp-content\/uploads\/dark-pink-compact-umbrella-open.jpg","width":999,"height":999,"caption":"Dark pink compact umbrella"},{"@type":"BreadcrumbList","@id":"https:\/\/www.rainandson.com\/product\/recycled-dark-pink-compact-umbrella\/#breadcrumb","itemListElement":[{"@type":"ListItem","position":1,"name":"Home","item":"https:\/\/www.rainandson.com\/sv\/"},{"@type":"ListItem","position":2,"name":"Shop","item":"https:\/\/www.rainandson.com\/shop\/"},{"@type":"ListItem","position":3,"name":"Recycled Dark Pink Compact Umbrella"}]},{"@type":"WebSite","@id":"https:\/\/www.rainandson.com\/#website","url":"https:\/\/www.rainandson.com\/","name":"Rain and Son - Klassiska paraplyer i modern skandinavisk design","description":"Eleganta paraplyer online.","publisher":{"@id":"https:\/\/www.rainandson.com\/#organization"},"potentialAction":[{"@type":"SearchAction","target":{"@type":"EntryPoint","urlTemplate":"https:\/\/www.rainandson.com\/?s={search_term_string}"},"query-input":{"@type":"PropertyValueSpecification","valueRequired":true,"valueName":"search_term_string"}}],"inLanguage":"sv-SE"},{"@type":"Organization","@id":"https:\/\/www.rainandson.com\/#organization","name":"Rain &amp; Son","url":"https:\/\/www.rainandson.com\/","logo":{"@type":"ImageObject","inLanguage":"sv-SE","@id":"https:\/\/www.rainandson.com\/#\/schema\/logo\/image\/","url":"https:\/\/www.rainandson.com\/wp-content\/uploads\/rain-and-son-logotype-150.png","contentUrl":"https:\/\/www.rainandson.com\/wp-content\/uploads\/rain-and-son-logotype-150.png","width":125,"height":150,"caption":"Rain and Son"},"image":{"@id":"https:\/\/www.rainandson.com\/#\/schema\/logo\/image\/"}}]}},"_links":{"self":[{"href":"https:\/\/www.rainandson.com\/sv\/wp-json\/wp\/v2\/product\/5822","targetHints":{"allow":["GET"]}}],"collection":[{"href":"https:\/\/www.rainandson.com\/sv\/wp-json\/wp\/v2\/product"}],"about":[{"href":"https:\/\/www.rainandson.com\/sv\/wp-json\/wp\/v2\/types\/product"}],"replies":[{"embeddable":true,"href":"https:\/\/www.rainandson.com\/sv\/wp-json\/wp\/v2\/comments?post=5822"}],"wp:featuredmedia":[{"embeddable":true,"href":"https:\/\/www.rainandson.com\/sv\/wp-json\/wp\/v2\/media\/5989"}],"wp:attachment":[{"href":"https:\/\/www.rainandson.com\/sv\/wp-json\/wp\/v2\/media?parent=5822"}],"wp:term":[{"taxonomy":"product_brand","embeddable":true,"href":"https:\/\/www.rainandson.com\/sv\/wp-json\/wp\/v2\/product_brand?post=5822"},{"taxonomy":"product_cat","embeddable":true,"href":"https:\/\/www.rainandson.com\/sv\/wp-json\/wp\/v2\/product_cat?post=5822"},{"taxonomy":"product_tag","embeddable":true,"href":"https:\/\/www.rainandson.com\/sv\/wp-json\/wp\/v2\/product_tag?post=5822"}],"curies":[{"name":"wp","href":"https:\/\/api.w.org\/{rel}","templated":true}]}}