{"id":5767,"date":"2022-07-28T11:31:58","date_gmt":"2022-07-28T11:31:58","guid":{"rendered":"https:\/\/www.rainandson.com\/?post_type=product&#038;p=5767"},"modified":"2025-12-05T06:46:44","modified_gmt":"2025-12-05T06:46:44","slug":"recycled-turquoise-compact-umbrella","status":"publish","type":"product","link":"https:\/\/www.rainandson.com\/sv\/produkt\/recycled-turquoise-compact-umbrella\/","title":{"rendered":"Turkost hopf\u00e4llbart paraply av \u00e5tervunnen plast"},"content":{"rendered":"<p>Det h\u00e4r turkosa kompakta paraplyet fr\u00e5n Rain &amp; Son \u00e4r ett s\u00e4rskilt milj\u00f6v\u00e4nligt  val. Den stora f\u00e4rgglada sk\u00e4rmen \u00e4r tillverkad av 100 % \u00e5tervunna plastflaskor, som ofta \u00e5terfinns i v\u00e5ra hav. Som en hyllning till v\u00e5ra underbara hav \u00e4r detta bl\u00e5gr\u00f6na hopf\u00e4llbara paraply en del av v\u00e5r havskollektion d\u00e4r 5 % av vinsten g\u00e5r till att st\u00e4da upp v\u00e4rldens hav. Var trendig med ett mer h\u00e5llbart f\u00e4rgglatt paraply i regnet. Rain &amp; Sons turkosa, kompakta paraply \u00e4r ett bra val f\u00f6r alla dagar. Den ljusa f\u00e4rgen kommer att f\u00e5 dig att sticka ut i m\u00e4ngden. Turkos \u00e4r en bl\u00e5gr\u00f6n f\u00e4rg, baserad p\u00e5 mineralen med samma namn. Det h\u00e4r hopf\u00e4llbara paraplyet \u00e4r en perfekt present till n\u00e5gon som \u00e4lskar starka f\u00e4rger. Varf\u00f6r inte ta med det en som present till dop, en namngivningsceremoni eller en examen? Paraplyet \u00e4r l\u00e4tt att ta med sig s\u00e5 att du alltid \u00e4r redo f\u00f6r regn. Det \u00e4r ocks\u00e5 det perfekta skyddet mot stark sol och ett mer elegant val f\u00f6r skuggfattiga dagar. Det kompakta paraplyet har ett b\u00f6jt tr\u00e4handtag, vilket ger det en sofistikerad stil men \u00e4ven g\u00f6r det bekv\u00e4mt att b\u00e4ra. Paraplyets stora sk\u00e4rm, som \u00f6ppnas till en diameter p\u00e5 103 centimeter, skyddar dig och dina n\u00e4ra och k\u00e4ra fr\u00e5n regn eller sol. Det h\u00f6gkvalitativa, hopf\u00e4llbara paraplyet har en stark metallram som t\u00e5l d\u00e5ligt v\u00e4der. Det kompakta paraplyet har en automatisk \u00f6ppnings- och st\u00e4ngningsfunktion som g\u00f6r det enkelt att anv\u00e4nda, tryck bara p\u00e5 knappen p\u00e5 det b\u00f6jda tr\u00e4handtaget.<\/p>\n<p>Turkost \u00e5tervunnet <b>hopf\u00e4llbart design paraply<\/b> med 10 ekrar.<br \/>\nParaplyets sk\u00e4rm \u00e4r gjort till 100 % av tyg fr\u00e5n \u00e5tervunna plastflaskor.<br \/>\nH\u00f6g kvalitet <b>paraply<\/b>.<br \/>\nB\u00f6jt handtag i tr\u00e4 med Rain &amp; Son logga.<br \/>\nSp\u00e4nne med knapp.<br \/>\n<strong>Paraply<\/strong> \u00f6ppnas till en diameter av 103 centimeter.<br \/>\nAutomatisk \u00f6ppning- och st\u00e4ngningsfunktion.<br \/>\nKromt\u00e4ckt metalskaft.<br \/>\nSvartf\u00e4rgad metallram med tv\u00e5 sektioner fiberglas ekrar.<br \/>\nVita nickelf\u00e4rgade metalltoppar.<br \/>\nRain &amp; Son logga sydd p\u00e5 panelen.<br \/>\nH\u00f6jd (st\u00e4ngt paraply): 36 cm.<br \/>\nH\u00f6jd (\u00f6ppet paraply): 68 cm.<br \/>\nVikt 490 gram.<br \/>\nPMS f\u00e4rgkod 563C.<\/p>","protected":false},"excerpt":{"rendered":"<p>Det hopf\u00e4llbara turkosa paraplyet fr\u00e5n Rain &amp; Son \u00e4r det perfekta, mer milj\u00f6v\u00e4nliga paraplyet f\u00f6r alla v\u00e4der. Med en stor bl\u00e5gr\u00f6n sk\u00e4rm och ett b\u00f6jt tr\u00e4handtag \u00e4r det b\u00e5de bekv\u00e4mt att b\u00e4ra och skyddar dig fr\u00e5n regn. Det hopf\u00e4llbara paraplyet \u00e4r ett kvalitetsparaply med en stark metallram som t\u00e5l starkare vindar och regn. Det \u00e4r \u00e4ven en moderiktig accessoar i en vacker f\u00e4rg som f\u00e5r dig att st\u00e5 i m\u00e4ngden.<\/p>","protected":false},"featured_media":5993,"comment_status":"open","ping_status":"closed","template":"","meta":[],"product_brand":[],"product_cat":[116,191,273],"product_tag":[],"class_list":{"0":"post-5767","1":"product","2":"type-product","3":"status-publish","4":"has-post-thumbnail","6":"product_cat-all-umbrellas","7":"product_cat-compact-umbrellas","8":"product_cat-recycled-pet-umbrellas","9":"pa_colour-turquoise","11":"first","12":"instock","13":"featured","14":"taxable","15":"shipping-taxable","16":"product-type-simple"},"yoast_head":"<!-- This site is optimized with the Yoast SEO plugin v27.5 - https:\/\/yoast.com\/product\/yoast-seo-wordpress\/ -->\n<title>Recycled Turquoise Compact Umbrella - Rain and Son - Classic and Stylish Umbrellas<\/title>\n<meta name=\"description\" content=\"Searching for the best more sustainable compact umbrella? This turquoise compact umbrella from Rain &amp; Son is both stylish and high-quality at a good price.\" \/>\n<meta name=\"robots\" content=\"index, follow, max-snippet:-1, max-image-preview:large, max-video-preview:-1\" \/>\n<link rel=\"canonical\" href=\"https:\/\/www.rainandson.com\/sv\/produkt\/recycled-turquoise-compact-umbrella\/\" \/>\n<meta property=\"og:locale\" content=\"sv_SE\" \/>\n<meta property=\"og:type\" content=\"article\" \/>\n<meta property=\"og:title\" content=\"Recycled Turquoise Compact Umbrella - Rain and Son - Classic and Stylish Umbrellas\" \/>\n<meta property=\"og:description\" content=\"Searching for the best more sustainable compact umbrella? This turquoise compact umbrella from Rain &amp; Son is both stylish and high-quality at a good price.\" \/>\n<meta property=\"og:url\" content=\"https:\/\/www.rainandson.com\/sv\/produkt\/recycled-turquoise-compact-umbrella\/\" \/>\n<meta property=\"og:site_name\" content=\"Rain and Son - Classic and Stylish Umbrellas\" \/>\n<meta property=\"article:modified_time\" content=\"2025-12-05T06:46:44+00:00\" \/>\n<meta property=\"og:image\" content=\"https:\/\/www.rainandson.com\/wp-content\/uploads\/turquoise-compact-umbrella-open.jpg\" \/>\n\t<meta property=\"og:image:width\" content=\"999\" \/>\n\t<meta property=\"og:image:height\" content=\"999\" \/>\n\t<meta property=\"og:image:type\" content=\"image\/jpeg\" \/>\n<meta name=\"twitter:card\" content=\"summary_large_image\" \/>\n<meta name=\"twitter:label1\" content=\"Ber\u00e4knad l\u00e4stid\" \/>\n\t<meta name=\"twitter:data1\" content=\"2 minuter\" \/>\n<script type=\"application\/ld+json\" class=\"yoast-schema-graph\">{\"@context\":\"https:\\\/\\\/schema.org\",\"@graph\":[{\"@type\":\"WebPage\",\"@id\":\"https:\\\/\\\/www.rainandson.com\\\/product\\\/recycled-turquoise-compact-umbrella\\\/\",\"url\":\"https:\\\/\\\/www.rainandson.com\\\/product\\\/recycled-turquoise-compact-umbrella\\\/\",\"name\":\"Recycled Turquoise Compact Umbrella - Rain and Son - Classic and Stylish Umbrellas\",\"isPartOf\":{\"@id\":\"https:\\\/\\\/www.rainandson.com\\\/#website\"},\"primaryImageOfPage\":{\"@id\":\"https:\\\/\\\/www.rainandson.com\\\/product\\\/recycled-turquoise-compact-umbrella\\\/#primaryimage\"},\"image\":{\"@id\":\"https:\\\/\\\/www.rainandson.com\\\/product\\\/recycled-turquoise-compact-umbrella\\\/#primaryimage\"},\"thumbnailUrl\":\"https:\\\/\\\/www.rainandson.com\\\/wp-content\\\/uploads\\\/turquoise-compact-umbrella-open.jpg\",\"datePublished\":\"2022-07-28T11:31:58+00:00\",\"dateModified\":\"2025-12-05T06:46:44+00:00\",\"description\":\"Searching for the best more sustainable compact umbrella? This turquoise compact umbrella from Rain & Son is both stylish and high-quality at a good price.\",\"breadcrumb\":{\"@id\":\"https:\\\/\\\/www.rainandson.com\\\/product\\\/recycled-turquoise-compact-umbrella\\\/#breadcrumb\"},\"inLanguage\":\"sv-SE\",\"potentialAction\":[{\"@type\":\"ReadAction\",\"target\":[\"https:\\\/\\\/www.rainandson.com\\\/product\\\/recycled-turquoise-compact-umbrella\\\/\"]}]},{\"@type\":\"ImageObject\",\"inLanguage\":\"sv-SE\",\"@id\":\"https:\\\/\\\/www.rainandson.com\\\/product\\\/recycled-turquoise-compact-umbrella\\\/#primaryimage\",\"url\":\"https:\\\/\\\/www.rainandson.com\\\/wp-content\\\/uploads\\\/turquoise-compact-umbrella-open.jpg\",\"contentUrl\":\"https:\\\/\\\/www.rainandson.com\\\/wp-content\\\/uploads\\\/turquoise-compact-umbrella-open.jpg\",\"width\":999,\"height\":999,\"caption\":\"Turquoise compact umbrella\"},{\"@type\":\"BreadcrumbList\",\"@id\":\"https:\\\/\\\/www.rainandson.com\\\/product\\\/recycled-turquoise-compact-umbrella\\\/#breadcrumb\",\"itemListElement\":[{\"@type\":\"ListItem\",\"position\":1,\"name\":\"Home\",\"item\":\"https:\\\/\\\/www.rainandson.com\\\/sv\\\/\"},{\"@type\":\"ListItem\",\"position\":2,\"name\":\"Shop\",\"item\":\"https:\\\/\\\/www.rainandson.com\\\/shop\\\/\"},{\"@type\":\"ListItem\",\"position\":3,\"name\":\"Recycled Turquoise Compact Umbrella\"}]},{\"@type\":\"WebSite\",\"@id\":\"https:\\\/\\\/www.rainandson.com\\\/#website\",\"url\":\"https:\\\/\\\/www.rainandson.com\\\/\",\"name\":\"Rain and Son - Classic and Stylish Umbrellas\",\"description\":\"Fashionable Umbrellas Online.\",\"publisher\":{\"@id\":\"https:\\\/\\\/www.rainandson.com\\\/#organization\"},\"potentialAction\":[{\"@type\":\"SearchAction\",\"target\":{\"@type\":\"EntryPoint\",\"urlTemplate\":\"https:\\\/\\\/www.rainandson.com\\\/?s={search_term_string}\"},\"query-input\":{\"@type\":\"PropertyValueSpecification\",\"valueRequired\":true,\"valueName\":\"search_term_string\"}}],\"inLanguage\":\"sv-SE\"},{\"@type\":\"Organization\",\"@id\":\"https:\\\/\\\/www.rainandson.com\\\/#organization\",\"name\":\"Rain and Son\",\"url\":\"https:\\\/\\\/www.rainandson.com\\\/\",\"logo\":{\"@type\":\"ImageObject\",\"inLanguage\":\"sv-SE\",\"@id\":\"https:\\\/\\\/www.rainandson.com\\\/#\\\/schema\\\/logo\\\/image\\\/\",\"url\":\"https:\\\/\\\/www.rainandson.com\\\/wp-content\\\/uploads\\\/rain-and-son-logotype-150.png\",\"contentUrl\":\"https:\\\/\\\/www.rainandson.com\\\/wp-content\\\/uploads\\\/rain-and-son-logotype-150.png\",\"width\":125,\"height\":150,\"caption\":\"Rain and Son\"},\"image\":{\"@id\":\"https:\\\/\\\/www.rainandson.com\\\/#\\\/schema\\\/logo\\\/image\\\/\"}}]}<\/script>\n<!-- \/ Yoast SEO plugin. -->","yoast_head_json":{"title":"Recycled Turquoise Compact Umbrella - Rain and Son - Classic and Stylish Umbrellas","description":"Searching for the best more sustainable compact umbrella? This turquoise compact umbrella from Rain & Son is both stylish and high-quality at a good price.","robots":{"index":"index","follow":"follow","max-snippet":"max-snippet:-1","max-image-preview":"max-image-preview:large","max-video-preview":"max-video-preview:-1"},"canonical":"https:\/\/www.rainandson.com\/sv\/produkt\/recycled-turquoise-compact-umbrella\/","og_locale":"sv_SE","og_type":"article","og_title":"Recycled Turquoise Compact Umbrella - Rain and Son - Classic and Stylish Umbrellas","og_description":"Searching for the best more sustainable compact umbrella? This turquoise compact umbrella from Rain & Son is both stylish and high-quality at a good price.","og_url":"https:\/\/www.rainandson.com\/sv\/produkt\/recycled-turquoise-compact-umbrella\/","og_site_name":"Rain and Son - Classic and Stylish Umbrellas","article_modified_time":"2025-12-05T06:46:44+00:00","og_image":[{"width":999,"height":999,"url":"https:\/\/www.rainandson.com\/wp-content\/uploads\/turquoise-compact-umbrella-open.jpg","type":"image\/jpeg"}],"twitter_card":"summary_large_image","twitter_misc":{"Ber\u00e4knad l\u00e4stid":"2 minuter"},"schema":{"@context":"https:\/\/schema.org","@graph":[{"@type":"WebPage","@id":"https:\/\/www.rainandson.com\/product\/recycled-turquoise-compact-umbrella\/","url":"https:\/\/www.rainandson.com\/product\/recycled-turquoise-compact-umbrella\/","name":"Recycled Turquoise Compact Umbrella - Rain and Son - Classic and Stylish Umbrellas","isPartOf":{"@id":"https:\/\/www.rainandson.com\/#website"},"primaryImageOfPage":{"@id":"https:\/\/www.rainandson.com\/product\/recycled-turquoise-compact-umbrella\/#primaryimage"},"image":{"@id":"https:\/\/www.rainandson.com\/product\/recycled-turquoise-compact-umbrella\/#primaryimage"},"thumbnailUrl":"https:\/\/www.rainandson.com\/wp-content\/uploads\/turquoise-compact-umbrella-open.jpg","datePublished":"2022-07-28T11:31:58+00:00","dateModified":"2025-12-05T06:46:44+00:00","description":"Searching for the best more sustainable compact umbrella? This turquoise compact umbrella from Rain & Son is both stylish and high-quality at a good price.","breadcrumb":{"@id":"https:\/\/www.rainandson.com\/product\/recycled-turquoise-compact-umbrella\/#breadcrumb"},"inLanguage":"sv-SE","potentialAction":[{"@type":"ReadAction","target":["https:\/\/www.rainandson.com\/product\/recycled-turquoise-compact-umbrella\/"]}]},{"@type":"ImageObject","inLanguage":"sv-SE","@id":"https:\/\/www.rainandson.com\/product\/recycled-turquoise-compact-umbrella\/#primaryimage","url":"https:\/\/www.rainandson.com\/wp-content\/uploads\/turquoise-compact-umbrella-open.jpg","contentUrl":"https:\/\/www.rainandson.com\/wp-content\/uploads\/turquoise-compact-umbrella-open.jpg","width":999,"height":999,"caption":"Turquoise compact umbrella"},{"@type":"BreadcrumbList","@id":"https:\/\/www.rainandson.com\/product\/recycled-turquoise-compact-umbrella\/#breadcrumb","itemListElement":[{"@type":"ListItem","position":1,"name":"Home","item":"https:\/\/www.rainandson.com\/sv\/"},{"@type":"ListItem","position":2,"name":"Shop","item":"https:\/\/www.rainandson.com\/shop\/"},{"@type":"ListItem","position":3,"name":"Recycled Turquoise Compact Umbrella"}]},{"@type":"WebSite","@id":"https:\/\/www.rainandson.com\/#website","url":"https:\/\/www.rainandson.com\/","name":"Rain and Son - Klassiska paraplyer i modern skandinavisk design","description":"Eleganta paraplyer online.","publisher":{"@id":"https:\/\/www.rainandson.com\/#organization"},"potentialAction":[{"@type":"SearchAction","target":{"@type":"EntryPoint","urlTemplate":"https:\/\/www.rainandson.com\/?s={search_term_string}"},"query-input":{"@type":"PropertyValueSpecification","valueRequired":true,"valueName":"search_term_string"}}],"inLanguage":"sv-SE"},{"@type":"Organization","@id":"https:\/\/www.rainandson.com\/#organization","name":"Rain &amp; Son","url":"https:\/\/www.rainandson.com\/","logo":{"@type":"ImageObject","inLanguage":"sv-SE","@id":"https:\/\/www.rainandson.com\/#\/schema\/logo\/image\/","url":"https:\/\/www.rainandson.com\/wp-content\/uploads\/rain-and-son-logotype-150.png","contentUrl":"https:\/\/www.rainandson.com\/wp-content\/uploads\/rain-and-son-logotype-150.png","width":125,"height":150,"caption":"Rain and Son"},"image":{"@id":"https:\/\/www.rainandson.com\/#\/schema\/logo\/image\/"}}]}},"_links":{"self":[{"href":"https:\/\/www.rainandson.com\/sv\/wp-json\/wp\/v2\/product\/5767","targetHints":{"allow":["GET"]}}],"collection":[{"href":"https:\/\/www.rainandson.com\/sv\/wp-json\/wp\/v2\/product"}],"about":[{"href":"https:\/\/www.rainandson.com\/sv\/wp-json\/wp\/v2\/types\/product"}],"replies":[{"embeddable":true,"href":"https:\/\/www.rainandson.com\/sv\/wp-json\/wp\/v2\/comments?post=5767"}],"wp:featuredmedia":[{"embeddable":true,"href":"https:\/\/www.rainandson.com\/sv\/wp-json\/wp\/v2\/media\/5993"}],"wp:attachment":[{"href":"https:\/\/www.rainandson.com\/sv\/wp-json\/wp\/v2\/media?parent=5767"}],"wp:term":[{"taxonomy":"product_brand","embeddable":true,"href":"https:\/\/www.rainandson.com\/sv\/wp-json\/wp\/v2\/product_brand?post=5767"},{"taxonomy":"product_cat","embeddable":true,"href":"https:\/\/www.rainandson.com\/sv\/wp-json\/wp\/v2\/product_cat?post=5767"},{"taxonomy":"product_tag","embeddable":true,"href":"https:\/\/www.rainandson.com\/sv\/wp-json\/wp\/v2\/product_tag?post=5767"}],"curies":[{"name":"wp","href":"https:\/\/api.w.org\/{rel}","templated":true}]}}