{"id":5755,"date":"2022-07-27T06:36:45","date_gmt":"2022-07-27T06:36:45","guid":{"rendered":"https:\/\/www.rainandson.com\/?post_type=product&#038;p=5755"},"modified":"2026-01-26T11:18:32","modified_gmt":"2026-01-26T11:18:32","slug":"recycled-pink-compact-umbrella","status":"publish","type":"product","link":"https:\/\/www.rainandson.com\/sv\/produkt\/recycled-pink-compact-umbrella\/","title":{"rendered":"Rosa hopf\u00e4llbart paraply av \u00e5tervunnen plast"},"content":{"rendered":"<p>Det h\u00e4r milj\u00f6v\u00e4nliga ljusrosa paraplyet har en sk\u00e4rm som \u00e4r tillverkad av 100 % \u00e5tervunnen plast.  T\u00e4nk s\u00e5 mycket vackert vi kan g\u00f6ra av gamla plastflaskor ist\u00e4llet f\u00f6r att l\u00e5ta de hamna i v\u00e5r fina natur, eller mer specifikt i v\u00e5ra hav. Som en hyllning till v\u00e5ra underbara hav \u00e4r det ljusrosa paraplyet en del av v\u00e5r havskollektion d\u00e4r 5 % av vinsten g\u00e5r till att rensa upp i v\u00e4rldens hav. Vad kan vara mer trendigt \u00e4n att b\u00e4ra ett mer h\u00e5llbart rosa paraply? Rain &amp; Son's ljusrosa, kompakta paraply kan anv\u00e4ndas vid olika tillf\u00e4llen. Om m\u00f6rka moln drar in p\u00e5 din specialla dag \u00e4r det bra att vara redo med ett fint paraply. Det rosa paraplyet \u00e4r \u00e4ven en perfekt present till ett dop, namngivningsceremoni eller varf\u00f6r inte ge bort det i br\u00f6llopspresent. Paraplyet \u00e4r l\u00e4tt att ta med sig \u00f6verallt, s\u00e5 att du alltid \u00e4r redo f\u00f6r regn. Det kompakta paraplyet har ett b\u00f6jt tr\u00e4handtag, vilket ger dig en sofistikead stil och g\u00f6r det bekv\u00e4mt att b\u00e4ra med sig. Paraplyets stora sk\u00e4rm, som \u00f6ppnas till en diameter p\u00e5 103 centimeter, skyddar dig och dina n\u00e4ra och k\u00e4ra fr\u00e5n regn. Det h\u00f6gkvalitativa hopf\u00e4llbara paraplyet har en stark metallram som t\u00e5l \u00f6sregn. Det hopf\u00e4llbara paraplyet har en automatisk \u00f6ppnings- och st\u00e4ngningsfunktion som g\u00f6r det enkelt att anv\u00e4nda, tryck bara p\u00e5 knappen p\u00e5 det b\u00f6jda tr\u00e4handtaget.<\/p>\n<p>Ljusrosa \u00e5tervunnet <b>hopf\u00e4llbart design paraply<\/b> med 10 ekrar.<br \/>\nParaplysk\u00e4rmen \u00e4r gjord till 100 % av \u00e5tervunna plastflaskor.<br \/>\nH\u00f6g kvalitet <b>paraply<\/b>.<br \/>\nB\u00f6jt handtag i tr\u00e4 med Rain &amp; Son logga.<br \/>\nSp\u00e4nne med knapp.<br \/>\n<strong>Paraply<\/strong> \u00f6ppnas till en diameter av 103 centimeter.<br \/>\nAutomatisk \u00f6ppning- och st\u00e4ngningsfunktion.<br \/>\nKromt\u00e4ckt metalskaft.<br \/>\nSvartf\u00e4rgad metallram med tv\u00e5 sektioner fiberglas ekrar.<br \/>\nVita nickelf\u00e4rgade metalltoppar.<br \/>\nPlasttopp.<br \/>\nRain &amp; Son logga sydd p\u00e5 panelen.<br \/>\nH\u00f6jd (st\u00e4ngt paraply): 36 cm.<br \/>\nH\u00f6jd (\u00f6ppet paraply): 68 cm.<br \/>\nVikt 490 gram.<br \/>\nPMS f\u00e4rgkod 1767C<\/p>","protected":false},"excerpt":{"rendered":"<p>Det h\u00e4r rosa hopf\u00e4llbara paraplyet med en stor sk\u00e4rm som \u00e4r gjord till 100 % av \u00e5tervunnna plastflaskor \u00e4r en vacker och f\u00e4rgglad accessoar f\u00f6r regniga dagar. Den rosa f\u00e4rgen p\u00e5 paraplyet g\u00f6r att du sticker ut i m\u00e4ngden. Paraplyet \u00e4r det perfekta presenttipset till alla som \u00e4lskar rosa. Vi kan n\u00e4stan garantera att det blir en utm\u00e4rkt och udda doppresent, br\u00f6llopspresent eller varf\u00f6r inte examenspresent. Paraplyets b\u00f6jda handtag i tr\u00e4 ger det en sofistikerad look och paraplyets stora panel skyddar dig fr\u00e5n kraftigt regn.<\/p>","protected":false},"featured_media":3230,"comment_status":"open","ping_status":"closed","template":"","meta":[],"product_brand":[],"product_cat":[116,191,273],"product_tag":[],"class_list":{"0":"post-5755","1":"product","2":"type-product","3":"status-publish","4":"has-post-thumbnail","6":"product_cat-all-umbrellas","7":"product_cat-compact-umbrellas","8":"product_cat-recycled-pet-umbrellas","9":"pa_colour-pink","11":"first","12":"instock","13":"featured","14":"taxable","15":"shipping-taxable","16":"product-type-simple"},"yoast_head":"<!-- This site is optimized with the Yoast SEO plugin v27.5 - https:\/\/yoast.com\/product\/yoast-seo-wordpress\/ -->\n<title>Recycled Pink Compact Umbrella - Rain and Son - Classic and Stylish Umbrellas<\/title>\n<meta name=\"description\" content=\"Searching for a eco-friendly pink compact umbrella? This colorful collapsible umbrella is a great choice when looking for a more sustainable umbrella.\" \/>\n<meta name=\"robots\" content=\"index, follow, max-snippet:-1, max-image-preview:large, max-video-preview:-1\" \/>\n<link rel=\"canonical\" href=\"https:\/\/www.rainandson.com\/sv\/produkt\/recycled-pink-compact-umbrella\/\" \/>\n<meta property=\"og:locale\" content=\"sv_SE\" \/>\n<meta property=\"og:type\" content=\"article\" \/>\n<meta property=\"og:title\" content=\"Recycled Pink Compact Umbrella - Rain and Son - Classic and Stylish Umbrellas\" \/>\n<meta property=\"og:description\" content=\"Searching for a eco-friendly pink compact umbrella? This colorful collapsible umbrella is a great choice when looking for a more sustainable umbrella.\" \/>\n<meta property=\"og:url\" content=\"https:\/\/www.rainandson.com\/sv\/produkt\/recycled-pink-compact-umbrella\/\" \/>\n<meta property=\"og:site_name\" content=\"Rain and Son - Classic and Stylish Umbrellas\" \/>\n<meta property=\"article:modified_time\" content=\"2026-01-26T11:18:32+00:00\" \/>\n<meta property=\"og:image\" content=\"https:\/\/www.rainandson.com\/wp-content\/uploads\/pink-compact-umbrella-2-e1606913363800.jpg\" \/>\n\t<meta property=\"og:image:width\" content=\"999\" \/>\n\t<meta property=\"og:image:height\" content=\"999\" \/>\n\t<meta property=\"og:image:type\" content=\"image\/jpeg\" \/>\n<meta name=\"twitter:card\" content=\"summary_large_image\" \/>\n<meta name=\"twitter:label1\" content=\"Ber\u00e4knad l\u00e4stid\" \/>\n\t<meta name=\"twitter:data1\" content=\"2 minuter\" \/>\n<script type=\"application\/ld+json\" class=\"yoast-schema-graph\">{\"@context\":\"https:\\\/\\\/schema.org\",\"@graph\":[{\"@type\":\"WebPage\",\"@id\":\"https:\\\/\\\/www.rainandson.com\\\/product\\\/recycled-pink-compact-umbrella\\\/\",\"url\":\"https:\\\/\\\/www.rainandson.com\\\/product\\\/recycled-pink-compact-umbrella\\\/\",\"name\":\"Recycled Pink Compact Umbrella - Rain and Son - Classic and Stylish Umbrellas\",\"isPartOf\":{\"@id\":\"https:\\\/\\\/www.rainandson.com\\\/#website\"},\"primaryImageOfPage\":{\"@id\":\"https:\\\/\\\/www.rainandson.com\\\/product\\\/recycled-pink-compact-umbrella\\\/#primaryimage\"},\"image\":{\"@id\":\"https:\\\/\\\/www.rainandson.com\\\/product\\\/recycled-pink-compact-umbrella\\\/#primaryimage\"},\"thumbnailUrl\":\"https:\\\/\\\/www.rainandson.com\\\/wp-content\\\/uploads\\\/pink-compact-umbrella-2-e1606913363800.jpg\",\"datePublished\":\"2022-07-27T06:36:45+00:00\",\"dateModified\":\"2026-01-26T11:18:32+00:00\",\"description\":\"Searching for a eco-friendly pink compact umbrella? This colorful collapsible umbrella is a great choice when looking for a more sustainable umbrella.\",\"breadcrumb\":{\"@id\":\"https:\\\/\\\/www.rainandson.com\\\/product\\\/recycled-pink-compact-umbrella\\\/#breadcrumb\"},\"inLanguage\":\"sv-SE\",\"potentialAction\":[{\"@type\":\"ReadAction\",\"target\":[\"https:\\\/\\\/www.rainandson.com\\\/product\\\/recycled-pink-compact-umbrella\\\/\"]}]},{\"@type\":\"ImageObject\",\"inLanguage\":\"sv-SE\",\"@id\":\"https:\\\/\\\/www.rainandson.com\\\/product\\\/recycled-pink-compact-umbrella\\\/#primaryimage\",\"url\":\"https:\\\/\\\/www.rainandson.com\\\/wp-content\\\/uploads\\\/pink-compact-umbrella-2-e1606913363800.jpg\",\"contentUrl\":\"https:\\\/\\\/www.rainandson.com\\\/wp-content\\\/uploads\\\/pink-compact-umbrella-2-e1606913363800.jpg\",\"width\":999,\"height\":999,\"caption\":\"the pink compact umbrella\"},{\"@type\":\"BreadcrumbList\",\"@id\":\"https:\\\/\\\/www.rainandson.com\\\/product\\\/recycled-pink-compact-umbrella\\\/#breadcrumb\",\"itemListElement\":[{\"@type\":\"ListItem\",\"position\":1,\"name\":\"Home\",\"item\":\"https:\\\/\\\/www.rainandson.com\\\/sv\\\/\"},{\"@type\":\"ListItem\",\"position\":2,\"name\":\"Shop\",\"item\":\"https:\\\/\\\/www.rainandson.com\\\/shop\\\/\"},{\"@type\":\"ListItem\",\"position\":3,\"name\":\"Recycled Pink Compact Umbrella\"}]},{\"@type\":\"WebSite\",\"@id\":\"https:\\\/\\\/www.rainandson.com\\\/#website\",\"url\":\"https:\\\/\\\/www.rainandson.com\\\/\",\"name\":\"Rain and Son - Classic and Stylish Umbrellas\",\"description\":\"Fashionable Umbrellas Online.\",\"publisher\":{\"@id\":\"https:\\\/\\\/www.rainandson.com\\\/#organization\"},\"potentialAction\":[{\"@type\":\"SearchAction\",\"target\":{\"@type\":\"EntryPoint\",\"urlTemplate\":\"https:\\\/\\\/www.rainandson.com\\\/?s={search_term_string}\"},\"query-input\":{\"@type\":\"PropertyValueSpecification\",\"valueRequired\":true,\"valueName\":\"search_term_string\"}}],\"inLanguage\":\"sv-SE\"},{\"@type\":\"Organization\",\"@id\":\"https:\\\/\\\/www.rainandson.com\\\/#organization\",\"name\":\"Rain and Son\",\"url\":\"https:\\\/\\\/www.rainandson.com\\\/\",\"logo\":{\"@type\":\"ImageObject\",\"inLanguage\":\"sv-SE\",\"@id\":\"https:\\\/\\\/www.rainandson.com\\\/#\\\/schema\\\/logo\\\/image\\\/\",\"url\":\"https:\\\/\\\/www.rainandson.com\\\/wp-content\\\/uploads\\\/rain-and-son-logotype-150.png\",\"contentUrl\":\"https:\\\/\\\/www.rainandson.com\\\/wp-content\\\/uploads\\\/rain-and-son-logotype-150.png\",\"width\":125,\"height\":150,\"caption\":\"Rain and Son\"},\"image\":{\"@id\":\"https:\\\/\\\/www.rainandson.com\\\/#\\\/schema\\\/logo\\\/image\\\/\"}}]}<\/script>\n<!-- \/ Yoast SEO plugin. -->","yoast_head_json":{"title":"Recycled Pink Compact Umbrella - Rain and Son - Classic and Stylish Umbrellas","description":"Searching for a eco-friendly pink compact umbrella? This colorful collapsible umbrella is a great choice when looking for a more sustainable umbrella.","robots":{"index":"index","follow":"follow","max-snippet":"max-snippet:-1","max-image-preview":"max-image-preview:large","max-video-preview":"max-video-preview:-1"},"canonical":"https:\/\/www.rainandson.com\/sv\/produkt\/recycled-pink-compact-umbrella\/","og_locale":"sv_SE","og_type":"article","og_title":"Recycled Pink Compact Umbrella - Rain and Son - Classic and Stylish Umbrellas","og_description":"Searching for a eco-friendly pink compact umbrella? This colorful collapsible umbrella is a great choice when looking for a more sustainable umbrella.","og_url":"https:\/\/www.rainandson.com\/sv\/produkt\/recycled-pink-compact-umbrella\/","og_site_name":"Rain and Son - Classic and Stylish Umbrellas","article_modified_time":"2026-01-26T11:18:32+00:00","og_image":[{"width":999,"height":999,"url":"https:\/\/www.rainandson.com\/wp-content\/uploads\/pink-compact-umbrella-2-e1606913363800.jpg","type":"image\/jpeg"}],"twitter_card":"summary_large_image","twitter_misc":{"Ber\u00e4knad l\u00e4stid":"2 minuter"},"schema":{"@context":"https:\/\/schema.org","@graph":[{"@type":"WebPage","@id":"https:\/\/www.rainandson.com\/product\/recycled-pink-compact-umbrella\/","url":"https:\/\/www.rainandson.com\/product\/recycled-pink-compact-umbrella\/","name":"Recycled Pink Compact Umbrella - Rain and Son - Classic and Stylish Umbrellas","isPartOf":{"@id":"https:\/\/www.rainandson.com\/#website"},"primaryImageOfPage":{"@id":"https:\/\/www.rainandson.com\/product\/recycled-pink-compact-umbrella\/#primaryimage"},"image":{"@id":"https:\/\/www.rainandson.com\/product\/recycled-pink-compact-umbrella\/#primaryimage"},"thumbnailUrl":"https:\/\/www.rainandson.com\/wp-content\/uploads\/pink-compact-umbrella-2-e1606913363800.jpg","datePublished":"2022-07-27T06:36:45+00:00","dateModified":"2026-01-26T11:18:32+00:00","description":"Searching for a eco-friendly pink compact umbrella? This colorful collapsible umbrella is a great choice when looking for a more sustainable umbrella.","breadcrumb":{"@id":"https:\/\/www.rainandson.com\/product\/recycled-pink-compact-umbrella\/#breadcrumb"},"inLanguage":"sv-SE","potentialAction":[{"@type":"ReadAction","target":["https:\/\/www.rainandson.com\/product\/recycled-pink-compact-umbrella\/"]}]},{"@type":"ImageObject","inLanguage":"sv-SE","@id":"https:\/\/www.rainandson.com\/product\/recycled-pink-compact-umbrella\/#primaryimage","url":"https:\/\/www.rainandson.com\/wp-content\/uploads\/pink-compact-umbrella-2-e1606913363800.jpg","contentUrl":"https:\/\/www.rainandson.com\/wp-content\/uploads\/pink-compact-umbrella-2-e1606913363800.jpg","width":999,"height":999,"caption":"the pink compact umbrella"},{"@type":"BreadcrumbList","@id":"https:\/\/www.rainandson.com\/product\/recycled-pink-compact-umbrella\/#breadcrumb","itemListElement":[{"@type":"ListItem","position":1,"name":"Home","item":"https:\/\/www.rainandson.com\/sv\/"},{"@type":"ListItem","position":2,"name":"Shop","item":"https:\/\/www.rainandson.com\/shop\/"},{"@type":"ListItem","position":3,"name":"Recycled Pink Compact Umbrella"}]},{"@type":"WebSite","@id":"https:\/\/www.rainandson.com\/#website","url":"https:\/\/www.rainandson.com\/","name":"Rain and Son - Klassiska paraplyer i modern skandinavisk design","description":"Eleganta paraplyer online.","publisher":{"@id":"https:\/\/www.rainandson.com\/#organization"},"potentialAction":[{"@type":"SearchAction","target":{"@type":"EntryPoint","urlTemplate":"https:\/\/www.rainandson.com\/?s={search_term_string}"},"query-input":{"@type":"PropertyValueSpecification","valueRequired":true,"valueName":"search_term_string"}}],"inLanguage":"sv-SE"},{"@type":"Organization","@id":"https:\/\/www.rainandson.com\/#organization","name":"Rain &amp; Son","url":"https:\/\/www.rainandson.com\/","logo":{"@type":"ImageObject","inLanguage":"sv-SE","@id":"https:\/\/www.rainandson.com\/#\/schema\/logo\/image\/","url":"https:\/\/www.rainandson.com\/wp-content\/uploads\/rain-and-son-logotype-150.png","contentUrl":"https:\/\/www.rainandson.com\/wp-content\/uploads\/rain-and-son-logotype-150.png","width":125,"height":150,"caption":"Rain and Son"},"image":{"@id":"https:\/\/www.rainandson.com\/#\/schema\/logo\/image\/"}}]}},"_links":{"self":[{"href":"https:\/\/www.rainandson.com\/sv\/wp-json\/wp\/v2\/product\/5755","targetHints":{"allow":["GET"]}}],"collection":[{"href":"https:\/\/www.rainandson.com\/sv\/wp-json\/wp\/v2\/product"}],"about":[{"href":"https:\/\/www.rainandson.com\/sv\/wp-json\/wp\/v2\/types\/product"}],"replies":[{"embeddable":true,"href":"https:\/\/www.rainandson.com\/sv\/wp-json\/wp\/v2\/comments?post=5755"}],"wp:featuredmedia":[{"embeddable":true,"href":"https:\/\/www.rainandson.com\/sv\/wp-json\/wp\/v2\/media\/3230"}],"wp:attachment":[{"href":"https:\/\/www.rainandson.com\/sv\/wp-json\/wp\/v2\/media?parent=5755"}],"wp:term":[{"taxonomy":"product_brand","embeddable":true,"href":"https:\/\/www.rainandson.com\/sv\/wp-json\/wp\/v2\/product_brand?post=5755"},{"taxonomy":"product_cat","embeddable":true,"href":"https:\/\/www.rainandson.com\/sv\/wp-json\/wp\/v2\/product_cat?post=5755"},{"taxonomy":"product_tag","embeddable":true,"href":"https:\/\/www.rainandson.com\/sv\/wp-json\/wp\/v2\/product_tag?post=5755"}],"curies":[{"name":"wp","href":"https:\/\/api.w.org\/{rel}","templated":true}]}}