{"id":5754,"date":"2022-07-27T06:19:52","date_gmt":"2022-07-27T06:19:52","guid":{"rendered":"https:\/\/www.rainandson.com\/?post_type=product&#038;p=5754"},"modified":"2025-12-05T06:49:44","modified_gmt":"2025-12-05T06:49:44","slug":"recycled-light-blue-compact-umbrella","status":"publish","type":"product","link":"https:\/\/www.rainandson.com\/sv\/produkt\/recycled-light-blue-compact-umbrella\/","title":{"rendered":"Ljusbl\u00e5tt hopf\u00e4llbart paraply av \u00e5tervunnen plast"},"content":{"rendered":"<p>Det h\u00e4r ljusbl\u00e5 hopf\u00e4llbara paraplyet fr\u00e5n Rain &amp; Son med en sk\u00e4rm som \u00e4r tillverkat till 100 % av \u00e5tervunna PET-flaskor och \u00e4r det perfekta h\u00e5llbara paraplyet f\u00f6r alla tillf\u00e4llen. Det ljusbl\u00e5 paraplyet \u00e4r verkligen en p\u00e5minnelse om vilka vackra saker vi kan g\u00f6ra av plastflaskor i st\u00e4llet f\u00f6r att l\u00e5ta dem hamna i haven. Som en hyllning till v\u00e5ra underbara hav \u00e4r detta ljusbl\u00e5 paraply en del av v\u00e5r havskollektion d\u00e4r 5 % av vinsten g\u00e5r till att rensa upp i v\u00e4rldens hav. Ett h\u00e5llbart men \u00e4nd\u00e5 moderiktigt val f\u00f6r regniga dagar. Det h\u00f6gkvalitativa hopf\u00e4llbara paraplyet har en stark metallram som klarar h\u00e4ftigt regn. Det \u00e4r l\u00e4tt att \u00f6ppna och st\u00e4nga eftersom paraplyet har en automatisk \u00f6ppnings- och st\u00e4ngningsfunktion, allt du beh\u00f6ver g\u00f6ra \u00e4r att trycka p\u00e5 knappen p\u00e5 paraplyets b\u00f6jda tr\u00e4handtag. Paraplyet \u00e4r l\u00e4tt att ta med s\u00e5 att du alltid \u00e4r redo f\u00f6r regn. Med ett b\u00f6jt tr\u00e4handtag och en stor ljusbl\u00e5 sk\u00e4rm \u00e4r detta kompakta paraply b\u00e5de bekv\u00e4mt att b\u00e4ra och h\u00e5ller dig torr. Paraplyets sk\u00e4rm \u00e4r \u00e4ven s\u00e5 pass stor f\u00f6r att skydda b\u00e5de dig och en v\u00e4n.<\/p>\n<p>Ljusbl\u00e5tt \u00e5tervunnet <b>hopf\u00e4llbart design paraply<\/b> med 10 ekrar.<br \/>\nParaplyets sk\u00e4rm \u00e4r gjort till 100 % av tyg fr\u00e5n \u00e5tervunna plastflaskor.<br \/>\nH\u00f6g kvalitet <b>paraply<\/b>.<br \/>\nB\u00f6jt handtag i tr\u00e4 med Rain &amp; Son logga.<br \/>\nSp\u00e4nne med knapp.<br \/>\n<strong>Paraply<\/strong> \u00f6ppnas till en diameter av 103 centimeter.<br \/>\nAutomatisk \u00f6ppning- och st\u00e4ngningsfunktion.<br \/>\nKromt\u00e4ckt metalskaft.<br \/>\nSvartf\u00e4rgad metallram med tv\u00e5 sektioner fiberglas ekrar.<br \/>\nVita nickelf\u00e4rgade metalltoppar.<br \/>\nRain &amp; Son logga sydd p\u00e5 panelen.<br \/>\nH\u00f6jd (st\u00e4ngt paraply): 36 cm.<br \/>\nH\u00f6jd (\u00f6ppet paraply): 68 cm.<br \/>\nVikt 490 gram.<br \/>\nPMS f\u00e4rgkod 7688C<\/p>","protected":false},"excerpt":{"rendered":"<p>Det h\u00e4r ljusbl\u00e5 kompakta paraplyet gjord av \u00e5tervunna plastflaskor \u00e4r b\u00e5de vackert och anv\u00e4ndbart n\u00e4r det regnar. Det f\u00e4rgglada paraplyet med sin speciella ljusbl\u00e5 f\u00e4rg g\u00f6r att du sticker ut i ett hav av svarta paraplyer. Det \u00e4r perfekt att ta med som doppresent, konfirmationspresent, br\u00f6llopspresent eller varf\u00f6r inte som f\u00f6delsedagspresent till alla som \u00e4lskar bl\u00e5tt.<\/p>","protected":false},"featured_media":3215,"comment_status":"open","ping_status":"closed","template":"","meta":[],"product_brand":[],"product_cat":[116,191,273],"product_tag":[],"class_list":{"0":"post-5754","1":"product","2":"type-product","3":"status-publish","4":"has-post-thumbnail","6":"product_cat-all-umbrellas","7":"product_cat-compact-umbrellas","8":"product_cat-recycled-pet-umbrellas","9":"pa_colour-light-blue","11":"first","12":"instock","13":"featured","14":"taxable","15":"shipping-taxable","16":"product-type-simple"},"yoast_head":"<!-- This site is optimized with the Yoast SEO plugin v27.5 - https:\/\/yoast.com\/product\/yoast-seo-wordpress\/ -->\n<title>Recycled Light Blue Compact Umbrella - Rain and Son - Classic and Stylish Umbrellas<\/title>\n<meta name=\"description\" content=\"Searching for the best compact umbrella that is also a more sustainable choice? This light blue compact umbrella is both stylish, of high-quality and a good price.\" \/>\n<meta name=\"robots\" content=\"index, follow, max-snippet:-1, max-image-preview:large, max-video-preview:-1\" \/>\n<link rel=\"canonical\" href=\"https:\/\/www.rainandson.com\/sv\/produkt\/recycled-light-blue-compact-umbrella\/\" \/>\n<meta property=\"og:locale\" content=\"sv_SE\" \/>\n<meta property=\"og:type\" content=\"article\" \/>\n<meta property=\"og:title\" content=\"Recycled Light Blue Compact Umbrella - Rain and Son - Classic and Stylish Umbrellas\" \/>\n<meta property=\"og:description\" content=\"Searching for the best compact umbrella that is also a more sustainable choice? This light blue compact umbrella is both stylish, of high-quality and a good price.\" \/>\n<meta property=\"og:url\" content=\"https:\/\/www.rainandson.com\/sv\/produkt\/recycled-light-blue-compact-umbrella\/\" \/>\n<meta property=\"og:site_name\" content=\"Rain and Son - Classic and Stylish Umbrellas\" \/>\n<meta property=\"article:modified_time\" content=\"2025-12-05T06:49:44+00:00\" \/>\n<meta property=\"og:image\" content=\"https:\/\/www.rainandson.com\/wp-content\/uploads\/totes-umbrella-light-blue-2-e1606914742332.jpg\" \/>\n\t<meta property=\"og:image:width\" content=\"999\" \/>\n\t<meta property=\"og:image:height\" content=\"999\" \/>\n\t<meta property=\"og:image:type\" content=\"image\/jpeg\" \/>\n<meta name=\"twitter:card\" content=\"summary_large_image\" \/>\n<meta name=\"twitter:label1\" content=\"Ber\u00e4knad l\u00e4stid\" \/>\n\t<meta name=\"twitter:data1\" content=\"2 minuter\" \/>\n<script type=\"application\/ld+json\" class=\"yoast-schema-graph\">{\"@context\":\"https:\\\/\\\/schema.org\",\"@graph\":[{\"@type\":\"WebPage\",\"@id\":\"https:\\\/\\\/www.rainandson.com\\\/product\\\/recycled-light-blue-compact-umbrella\\\/\",\"url\":\"https:\\\/\\\/www.rainandson.com\\\/product\\\/recycled-light-blue-compact-umbrella\\\/\",\"name\":\"Recycled Light Blue Compact Umbrella - Rain and Son - Classic and Stylish Umbrellas\",\"isPartOf\":{\"@id\":\"https:\\\/\\\/www.rainandson.com\\\/#website\"},\"primaryImageOfPage\":{\"@id\":\"https:\\\/\\\/www.rainandson.com\\\/product\\\/recycled-light-blue-compact-umbrella\\\/#primaryimage\"},\"image\":{\"@id\":\"https:\\\/\\\/www.rainandson.com\\\/product\\\/recycled-light-blue-compact-umbrella\\\/#primaryimage\"},\"thumbnailUrl\":\"https:\\\/\\\/www.rainandson.com\\\/wp-content\\\/uploads\\\/totes-umbrella-light-blue-2-e1606914742332.jpg\",\"datePublished\":\"2022-07-27T06:19:52+00:00\",\"dateModified\":\"2025-12-05T06:49:44+00:00\",\"description\":\"Searching for the best compact umbrella that is also a more sustainable choice? This light blue compact umbrella is both stylish, of high-quality and a good price.\",\"breadcrumb\":{\"@id\":\"https:\\\/\\\/www.rainandson.com\\\/product\\\/recycled-light-blue-compact-umbrella\\\/#breadcrumb\"},\"inLanguage\":\"sv-SE\",\"potentialAction\":[{\"@type\":\"ReadAction\",\"target\":[\"https:\\\/\\\/www.rainandson.com\\\/product\\\/recycled-light-blue-compact-umbrella\\\/\"]}]},{\"@type\":\"ImageObject\",\"inLanguage\":\"sv-SE\",\"@id\":\"https:\\\/\\\/www.rainandson.com\\\/product\\\/recycled-light-blue-compact-umbrella\\\/#primaryimage\",\"url\":\"https:\\\/\\\/www.rainandson.com\\\/wp-content\\\/uploads\\\/totes-umbrella-light-blue-2-e1606914742332.jpg\",\"contentUrl\":\"https:\\\/\\\/www.rainandson.com\\\/wp-content\\\/uploads\\\/totes-umbrella-light-blue-2-e1606914742332.jpg\",\"width\":999,\"height\":999,\"caption\":\"open blue umbrella small size\"},{\"@type\":\"BreadcrumbList\",\"@id\":\"https:\\\/\\\/www.rainandson.com\\\/product\\\/recycled-light-blue-compact-umbrella\\\/#breadcrumb\",\"itemListElement\":[{\"@type\":\"ListItem\",\"position\":1,\"name\":\"Home\",\"item\":\"https:\\\/\\\/www.rainandson.com\\\/sv\\\/\"},{\"@type\":\"ListItem\",\"position\":2,\"name\":\"Shop\",\"item\":\"https:\\\/\\\/www.rainandson.com\\\/shop\\\/\"},{\"@type\":\"ListItem\",\"position\":3,\"name\":\"Recycled Light Blue Compact Umbrella\"}]},{\"@type\":\"WebSite\",\"@id\":\"https:\\\/\\\/www.rainandson.com\\\/#website\",\"url\":\"https:\\\/\\\/www.rainandson.com\\\/\",\"name\":\"Rain and Son - Classic and Stylish Umbrellas\",\"description\":\"Fashionable Umbrellas Online.\",\"publisher\":{\"@id\":\"https:\\\/\\\/www.rainandson.com\\\/#organization\"},\"potentialAction\":[{\"@type\":\"SearchAction\",\"target\":{\"@type\":\"EntryPoint\",\"urlTemplate\":\"https:\\\/\\\/www.rainandson.com\\\/?s={search_term_string}\"},\"query-input\":{\"@type\":\"PropertyValueSpecification\",\"valueRequired\":true,\"valueName\":\"search_term_string\"}}],\"inLanguage\":\"sv-SE\"},{\"@type\":\"Organization\",\"@id\":\"https:\\\/\\\/www.rainandson.com\\\/#organization\",\"name\":\"Rain and Son\",\"url\":\"https:\\\/\\\/www.rainandson.com\\\/\",\"logo\":{\"@type\":\"ImageObject\",\"inLanguage\":\"sv-SE\",\"@id\":\"https:\\\/\\\/www.rainandson.com\\\/#\\\/schema\\\/logo\\\/image\\\/\",\"url\":\"https:\\\/\\\/www.rainandson.com\\\/wp-content\\\/uploads\\\/rain-and-son-logotype-150.png\",\"contentUrl\":\"https:\\\/\\\/www.rainandson.com\\\/wp-content\\\/uploads\\\/rain-and-son-logotype-150.png\",\"width\":125,\"height\":150,\"caption\":\"Rain and Son\"},\"image\":{\"@id\":\"https:\\\/\\\/www.rainandson.com\\\/#\\\/schema\\\/logo\\\/image\\\/\"}}]}<\/script>\n<!-- \/ Yoast SEO plugin. -->","yoast_head_json":{"title":"Recycled Light Blue Compact Umbrella - Rain and Son - Classic and Stylish Umbrellas","description":"Searching for the best compact umbrella that is also a more sustainable choice? This light blue compact umbrella is both stylish, of high-quality and a good price.","robots":{"index":"index","follow":"follow","max-snippet":"max-snippet:-1","max-image-preview":"max-image-preview:large","max-video-preview":"max-video-preview:-1"},"canonical":"https:\/\/www.rainandson.com\/sv\/produkt\/recycled-light-blue-compact-umbrella\/","og_locale":"sv_SE","og_type":"article","og_title":"Recycled Light Blue Compact Umbrella - Rain and Son - Classic and Stylish Umbrellas","og_description":"Searching for the best compact umbrella that is also a more sustainable choice? This light blue compact umbrella is both stylish, of high-quality and a good price.","og_url":"https:\/\/www.rainandson.com\/sv\/produkt\/recycled-light-blue-compact-umbrella\/","og_site_name":"Rain and Son - Classic and Stylish Umbrellas","article_modified_time":"2025-12-05T06:49:44+00:00","og_image":[{"width":999,"height":999,"url":"https:\/\/www.rainandson.com\/wp-content\/uploads\/totes-umbrella-light-blue-2-e1606914742332.jpg","type":"image\/jpeg"}],"twitter_card":"summary_large_image","twitter_misc":{"Ber\u00e4knad l\u00e4stid":"2 minuter"},"schema":{"@context":"https:\/\/schema.org","@graph":[{"@type":"WebPage","@id":"https:\/\/www.rainandson.com\/product\/recycled-light-blue-compact-umbrella\/","url":"https:\/\/www.rainandson.com\/product\/recycled-light-blue-compact-umbrella\/","name":"Recycled Light Blue Compact Umbrella - Rain and Son - Classic and Stylish Umbrellas","isPartOf":{"@id":"https:\/\/www.rainandson.com\/#website"},"primaryImageOfPage":{"@id":"https:\/\/www.rainandson.com\/product\/recycled-light-blue-compact-umbrella\/#primaryimage"},"image":{"@id":"https:\/\/www.rainandson.com\/product\/recycled-light-blue-compact-umbrella\/#primaryimage"},"thumbnailUrl":"https:\/\/www.rainandson.com\/wp-content\/uploads\/totes-umbrella-light-blue-2-e1606914742332.jpg","datePublished":"2022-07-27T06:19:52+00:00","dateModified":"2025-12-05T06:49:44+00:00","description":"Searching for the best compact umbrella that is also a more sustainable choice? This light blue compact umbrella is both stylish, of high-quality and a good price.","breadcrumb":{"@id":"https:\/\/www.rainandson.com\/product\/recycled-light-blue-compact-umbrella\/#breadcrumb"},"inLanguage":"sv-SE","potentialAction":[{"@type":"ReadAction","target":["https:\/\/www.rainandson.com\/product\/recycled-light-blue-compact-umbrella\/"]}]},{"@type":"ImageObject","inLanguage":"sv-SE","@id":"https:\/\/www.rainandson.com\/product\/recycled-light-blue-compact-umbrella\/#primaryimage","url":"https:\/\/www.rainandson.com\/wp-content\/uploads\/totes-umbrella-light-blue-2-e1606914742332.jpg","contentUrl":"https:\/\/www.rainandson.com\/wp-content\/uploads\/totes-umbrella-light-blue-2-e1606914742332.jpg","width":999,"height":999,"caption":"open blue umbrella small size"},{"@type":"BreadcrumbList","@id":"https:\/\/www.rainandson.com\/product\/recycled-light-blue-compact-umbrella\/#breadcrumb","itemListElement":[{"@type":"ListItem","position":1,"name":"Home","item":"https:\/\/www.rainandson.com\/sv\/"},{"@type":"ListItem","position":2,"name":"Shop","item":"https:\/\/www.rainandson.com\/shop\/"},{"@type":"ListItem","position":3,"name":"Recycled Light Blue Compact Umbrella"}]},{"@type":"WebSite","@id":"https:\/\/www.rainandson.com\/#website","url":"https:\/\/www.rainandson.com\/","name":"Rain and Son - Klassiska paraplyer i modern skandinavisk design","description":"Eleganta paraplyer online.","publisher":{"@id":"https:\/\/www.rainandson.com\/#organization"},"potentialAction":[{"@type":"SearchAction","target":{"@type":"EntryPoint","urlTemplate":"https:\/\/www.rainandson.com\/?s={search_term_string}"},"query-input":{"@type":"PropertyValueSpecification","valueRequired":true,"valueName":"search_term_string"}}],"inLanguage":"sv-SE"},{"@type":"Organization","@id":"https:\/\/www.rainandson.com\/#organization","name":"Rain &amp; Son","url":"https:\/\/www.rainandson.com\/","logo":{"@type":"ImageObject","inLanguage":"sv-SE","@id":"https:\/\/www.rainandson.com\/#\/schema\/logo\/image\/","url":"https:\/\/www.rainandson.com\/wp-content\/uploads\/rain-and-son-logotype-150.png","contentUrl":"https:\/\/www.rainandson.com\/wp-content\/uploads\/rain-and-son-logotype-150.png","width":125,"height":150,"caption":"Rain and Son"},"image":{"@id":"https:\/\/www.rainandson.com\/#\/schema\/logo\/image\/"}}]}},"_links":{"self":[{"href":"https:\/\/www.rainandson.com\/sv\/wp-json\/wp\/v2\/product\/5754","targetHints":{"allow":["GET"]}}],"collection":[{"href":"https:\/\/www.rainandson.com\/sv\/wp-json\/wp\/v2\/product"}],"about":[{"href":"https:\/\/www.rainandson.com\/sv\/wp-json\/wp\/v2\/types\/product"}],"replies":[{"embeddable":true,"href":"https:\/\/www.rainandson.com\/sv\/wp-json\/wp\/v2\/comments?post=5754"}],"wp:featuredmedia":[{"embeddable":true,"href":"https:\/\/www.rainandson.com\/sv\/wp-json\/wp\/v2\/media\/3215"}],"wp:attachment":[{"href":"https:\/\/www.rainandson.com\/sv\/wp-json\/wp\/v2\/media?parent=5754"}],"wp:term":[{"taxonomy":"product_brand","embeddable":true,"href":"https:\/\/www.rainandson.com\/sv\/wp-json\/wp\/v2\/product_brand?post=5754"},{"taxonomy":"product_cat","embeddable":true,"href":"https:\/\/www.rainandson.com\/sv\/wp-json\/wp\/v2\/product_cat?post=5754"},{"taxonomy":"product_tag","embeddable":true,"href":"https:\/\/www.rainandson.com\/sv\/wp-json\/wp\/v2\/product_tag?post=5754"}],"curies":[{"name":"wp","href":"https:\/\/api.w.org\/{rel}","templated":true}]}}