{"id":4429,"date":"2021-01-04T08:37:46","date_gmt":"2021-01-04T08:37:46","guid":{"rendered":"https:\/\/rainandson.kinsta.cloud\/?post_type=product&#038;p=4429"},"modified":"2026-04-05T07:21:45","modified_gmt":"2026-04-05T07:21:45","slug":"dark-blue-and-pink-golf-umbrella","status":"publish","type":"product","link":"https:\/\/www.rainandson.com\/sv\/produkt\/dark-blue-and-pink-golf-umbrella\/","title":{"rendered":"M\u00f6rkbl\u00e5tt och rosa golfparaply"},"content":{"rendered":"<p>Det h\u00e4r m\u00f6rkbl\u00e5a och rosa paraplyet \u00e4r ett absolut m\u00e5ste i varje golfares v\u00e4ska. Golfparaplyet har ett skaft i fiberglas och ett fint tr\u00e4handtag, vilket g\u00f6r det till ett paraply av h\u00f6g kvalitet. Det \u00e4r ett paraply f\u00f6r alla golfare, ett elegant och anv\u00e4ndbart paraply. En perfekt present f\u00f6r n\u00e5gon som redan har allt. Paraplyets stora sk\u00e4rm skyddar dig fr\u00e5n regn medan du g\u00f6r ditt b\u00e4sta p\u00e5 golfbanan.  Paraplyet har i \u00f6ppet tillst\u00e5nd en diameter p\u00e5 135 cm och en h\u00f6jd p\u00e5 100 cm. Med andra ord en perfekt storlek p\u00e5 ett golfparaply.<\/p>\n<p>M\u00f6rkbl\u00e5tt och rosa <b>Golfparaply<\/b> med 8 ekrar.<br \/>\nVinds\u00e4kert med dubbla lager.<br \/>\nAutomatisk \u00f6ppningsfunktion.<br \/>\nGolfparaply med h\u00f6g kvalitet.<br \/>\nFiberglas skaft och handtag i tr\u00e4.<br \/>\nTv\u00e5 sp\u00e4nnen med knapp.<br \/>\n\u00d6ppet paraply har diameter p\u00e5 135 cm.<br \/>\nH\u00f6jd 100 cm.<br \/>\nSkaftets diameter: 1,5 cm.<br \/>\nVikt 710 gr.<\/p>","protected":false},"excerpt":{"rendered":"<p>En seri\u00f6s golfare beh\u00f6ver ett bra golfparaply f\u00f6r att kunna spela golf i alla v\u00e4der. Detta golfparaply fr\u00e5n Rain &amp; Son har en stor sk\u00e4rm som skyddar dig n\u00e4r regnet vr\u00e4ker ner p\u00e5 golfbanan. Det \u00e4r ett elegant paraply i m\u00f6rkbl\u00e5tt med tv\u00e5 rosa r\u00e4nder som tillf\u00f6r f\u00e4rg. Med andra ord ett f\u00e4rgglatt paraply som hj\u00e4lper dig att k\u00e4nna dig som en professionell golfare.<\/p>","protected":false},"featured_media":3131,"comment_status":"open","ping_status":"closed","template":"","meta":[],"product_brand":[],"product_cat":[116,193,190],"product_tag":[],"class_list":{"0":"post-4429","1":"product","2":"type-product","3":"status-publish","4":"has-post-thumbnail","6":"product_cat-all-umbrellas","7":"product_cat-golf-umbrellas","8":"product_cat-large-umbrellas","9":"pa_colour-blue","10":"pa_colour-pink","12":"first","13":"instock","14":"taxable","15":"shipping-taxable","16":"product-type-simple"},"yoast_head":"<!-- This site is optimized with the Yoast SEO plugin v27.5 - https:\/\/yoast.com\/product\/yoast-seo-wordpress\/ -->\n<title>Dark Blue and Pink Golf Umbrella - Rain and Son - Classic and Stylish Umbrellas<\/title>\n<meta name=\"description\" content=\"Searching for where to buy the best Golf Umbrella? This high-quality Golf Umbrella from Rain &amp; Son in a dark blue and pink colour will protect you from rain\" \/>\n<meta name=\"robots\" content=\"index, follow, max-snippet:-1, max-image-preview:large, max-video-preview:-1\" \/>\n<link rel=\"canonical\" href=\"https:\/\/www.rainandson.com\/sv\/produkt\/dark-blue-and-pink-golf-umbrella\/\" \/>\n<meta property=\"og:locale\" content=\"sv_SE\" \/>\n<meta property=\"og:type\" content=\"article\" \/>\n<meta property=\"og:title\" content=\"Dark Blue and Pink Golf Umbrella - Rain and Son - Classic and Stylish Umbrellas\" \/>\n<meta property=\"og:description\" content=\"Searching for where to buy the best Golf Umbrella? This high-quality Golf Umbrella from Rain &amp; Son in a dark blue and pink colour will protect you from rain\" \/>\n<meta property=\"og:url\" content=\"https:\/\/www.rainandson.com\/sv\/produkt\/dark-blue-and-pink-golf-umbrella\/\" \/>\n<meta property=\"og:site_name\" content=\"Rain and Son - Classic and Stylish Umbrellas\" \/>\n<meta property=\"article:modified_time\" content=\"2026-04-05T07:21:45+00:00\" \/>\n<meta property=\"og:image\" content=\"https:\/\/www.rainandson.com\/wp-content\/uploads\/blue-and-pink-golf-umbrella-1-e1606918294694.jpg\" \/>\n\t<meta property=\"og:image:width\" content=\"999\" \/>\n\t<meta property=\"og:image:height\" content=\"999\" \/>\n\t<meta property=\"og:image:type\" content=\"image\/jpeg\" \/>\n<meta name=\"twitter:card\" content=\"summary_large_image\" \/>\n<meta name=\"twitter:label1\" content=\"Ber\u00e4knad l\u00e4stid\" \/>\n\t<meta name=\"twitter:data1\" content=\"1 minut\" \/>\n<script type=\"application\/ld+json\" class=\"yoast-schema-graph\">{\"@context\":\"https:\\\/\\\/schema.org\",\"@graph\":[{\"@type\":\"WebPage\",\"@id\":\"https:\\\/\\\/www.rainandson.com\\\/product\\\/dark-blue-and-pink-golf-umbrella\\\/\",\"url\":\"https:\\\/\\\/www.rainandson.com\\\/product\\\/dark-blue-and-pink-golf-umbrella\\\/\",\"name\":\"Dark Blue and Pink Golf Umbrella - Rain and Son - Classic and Stylish Umbrellas\",\"isPartOf\":{\"@id\":\"https:\\\/\\\/www.rainandson.com\\\/#website\"},\"primaryImageOfPage\":{\"@id\":\"https:\\\/\\\/www.rainandson.com\\\/product\\\/dark-blue-and-pink-golf-umbrella\\\/#primaryimage\"},\"image\":{\"@id\":\"https:\\\/\\\/www.rainandson.com\\\/product\\\/dark-blue-and-pink-golf-umbrella\\\/#primaryimage\"},\"thumbnailUrl\":\"https:\\\/\\\/www.rainandson.com\\\/wp-content\\\/uploads\\\/blue-and-pink-golf-umbrella-1-e1606918294694.jpg\",\"datePublished\":\"2021-01-04T08:37:46+00:00\",\"dateModified\":\"2026-04-05T07:21:45+00:00\",\"description\":\"Searching for where to buy the best Golf Umbrella? This high-quality Golf Umbrella from Rain & Son in a dark blue and pink colour will protect you from rain\",\"breadcrumb\":{\"@id\":\"https:\\\/\\\/www.rainandson.com\\\/product\\\/dark-blue-and-pink-golf-umbrella\\\/#breadcrumb\"},\"inLanguage\":\"sv-SE\",\"potentialAction\":[{\"@type\":\"ReadAction\",\"target\":[\"https:\\\/\\\/www.rainandson.com\\\/product\\\/dark-blue-and-pink-golf-umbrella\\\/\"]}]},{\"@type\":\"ImageObject\",\"inLanguage\":\"sv-SE\",\"@id\":\"https:\\\/\\\/www.rainandson.com\\\/product\\\/dark-blue-and-pink-golf-umbrella\\\/#primaryimage\",\"url\":\"https:\\\/\\\/www.rainandson.com\\\/wp-content\\\/uploads\\\/blue-and-pink-golf-umbrella-1-e1606918294694.jpg\",\"contentUrl\":\"https:\\\/\\\/www.rainandson.com\\\/wp-content\\\/uploads\\\/blue-and-pink-golf-umbrella-1-e1606918294694.jpg\",\"width\":999,\"height\":999,\"caption\":\"pink and dark blue umbrella for golf bags\"},{\"@type\":\"BreadcrumbList\",\"@id\":\"https:\\\/\\\/www.rainandson.com\\\/product\\\/dark-blue-and-pink-golf-umbrella\\\/#breadcrumb\",\"itemListElement\":[{\"@type\":\"ListItem\",\"position\":1,\"name\":\"Home\",\"item\":\"https:\\\/\\\/www.rainandson.com\\\/sv\\\/\"},{\"@type\":\"ListItem\",\"position\":2,\"name\":\"Shop\",\"item\":\"https:\\\/\\\/www.rainandson.com\\\/shop\\\/\"},{\"@type\":\"ListItem\",\"position\":3,\"name\":\"Dark Blue and Pink Golf Umbrella\"}]},{\"@type\":\"WebSite\",\"@id\":\"https:\\\/\\\/www.rainandson.com\\\/#website\",\"url\":\"https:\\\/\\\/www.rainandson.com\\\/\",\"name\":\"Rain and Son - Classic and Stylish Umbrellas\",\"description\":\"Fashionable Umbrellas Online.\",\"publisher\":{\"@id\":\"https:\\\/\\\/www.rainandson.com\\\/#organization\"},\"potentialAction\":[{\"@type\":\"SearchAction\",\"target\":{\"@type\":\"EntryPoint\",\"urlTemplate\":\"https:\\\/\\\/www.rainandson.com\\\/?s={search_term_string}\"},\"query-input\":{\"@type\":\"PropertyValueSpecification\",\"valueRequired\":true,\"valueName\":\"search_term_string\"}}],\"inLanguage\":\"sv-SE\"},{\"@type\":\"Organization\",\"@id\":\"https:\\\/\\\/www.rainandson.com\\\/#organization\",\"name\":\"Rain and Son\",\"url\":\"https:\\\/\\\/www.rainandson.com\\\/\",\"logo\":{\"@type\":\"ImageObject\",\"inLanguage\":\"sv-SE\",\"@id\":\"https:\\\/\\\/www.rainandson.com\\\/#\\\/schema\\\/logo\\\/image\\\/\",\"url\":\"https:\\\/\\\/www.rainandson.com\\\/wp-content\\\/uploads\\\/rain-and-son-logotype-150.png\",\"contentUrl\":\"https:\\\/\\\/www.rainandson.com\\\/wp-content\\\/uploads\\\/rain-and-son-logotype-150.png\",\"width\":125,\"height\":150,\"caption\":\"Rain and Son\"},\"image\":{\"@id\":\"https:\\\/\\\/www.rainandson.com\\\/#\\\/schema\\\/logo\\\/image\\\/\"}}]}<\/script>\n<!-- \/ Yoast SEO plugin. -->","yoast_head_json":{"title":"Dark Blue and Pink Golf Umbrella - Rain and Son - Classic and Stylish Umbrellas","description":"Searching for where to buy the best Golf Umbrella? This high-quality Golf Umbrella from Rain & Son in a dark blue and pink colour will protect you from rain","robots":{"index":"index","follow":"follow","max-snippet":"max-snippet:-1","max-image-preview":"max-image-preview:large","max-video-preview":"max-video-preview:-1"},"canonical":"https:\/\/www.rainandson.com\/sv\/produkt\/dark-blue-and-pink-golf-umbrella\/","og_locale":"sv_SE","og_type":"article","og_title":"Dark Blue and Pink Golf Umbrella - Rain and Son - Classic and Stylish Umbrellas","og_description":"Searching for where to buy the best Golf Umbrella? This high-quality Golf Umbrella from Rain & Son in a dark blue and pink colour will protect you from rain","og_url":"https:\/\/www.rainandson.com\/sv\/produkt\/dark-blue-and-pink-golf-umbrella\/","og_site_name":"Rain and Son - Classic and Stylish Umbrellas","article_modified_time":"2026-04-05T07:21:45+00:00","og_image":[{"width":999,"height":999,"url":"https:\/\/www.rainandson.com\/wp-content\/uploads\/blue-and-pink-golf-umbrella-1-e1606918294694.jpg","type":"image\/jpeg"}],"twitter_card":"summary_large_image","twitter_misc":{"Ber\u00e4knad l\u00e4stid":"1 minut"},"schema":{"@context":"https:\/\/schema.org","@graph":[{"@type":"WebPage","@id":"https:\/\/www.rainandson.com\/product\/dark-blue-and-pink-golf-umbrella\/","url":"https:\/\/www.rainandson.com\/product\/dark-blue-and-pink-golf-umbrella\/","name":"Dark Blue and Pink Golf Umbrella - Rain and Son - Classic and Stylish Umbrellas","isPartOf":{"@id":"https:\/\/www.rainandson.com\/#website"},"primaryImageOfPage":{"@id":"https:\/\/www.rainandson.com\/product\/dark-blue-and-pink-golf-umbrella\/#primaryimage"},"image":{"@id":"https:\/\/www.rainandson.com\/product\/dark-blue-and-pink-golf-umbrella\/#primaryimage"},"thumbnailUrl":"https:\/\/www.rainandson.com\/wp-content\/uploads\/blue-and-pink-golf-umbrella-1-e1606918294694.jpg","datePublished":"2021-01-04T08:37:46+00:00","dateModified":"2026-04-05T07:21:45+00:00","description":"Searching for where to buy the best Golf Umbrella? This high-quality Golf Umbrella from Rain & Son in a dark blue and pink colour will protect you from rain","breadcrumb":{"@id":"https:\/\/www.rainandson.com\/product\/dark-blue-and-pink-golf-umbrella\/#breadcrumb"},"inLanguage":"sv-SE","potentialAction":[{"@type":"ReadAction","target":["https:\/\/www.rainandson.com\/product\/dark-blue-and-pink-golf-umbrella\/"]}]},{"@type":"ImageObject","inLanguage":"sv-SE","@id":"https:\/\/www.rainandson.com\/product\/dark-blue-and-pink-golf-umbrella\/#primaryimage","url":"https:\/\/www.rainandson.com\/wp-content\/uploads\/blue-and-pink-golf-umbrella-1-e1606918294694.jpg","contentUrl":"https:\/\/www.rainandson.com\/wp-content\/uploads\/blue-and-pink-golf-umbrella-1-e1606918294694.jpg","width":999,"height":999,"caption":"pink and dark blue umbrella for golf bags"},{"@type":"BreadcrumbList","@id":"https:\/\/www.rainandson.com\/product\/dark-blue-and-pink-golf-umbrella\/#breadcrumb","itemListElement":[{"@type":"ListItem","position":1,"name":"Home","item":"https:\/\/www.rainandson.com\/sv\/"},{"@type":"ListItem","position":2,"name":"Shop","item":"https:\/\/www.rainandson.com\/shop\/"},{"@type":"ListItem","position":3,"name":"Dark Blue and Pink Golf Umbrella"}]},{"@type":"WebSite","@id":"https:\/\/www.rainandson.com\/#website","url":"https:\/\/www.rainandson.com\/","name":"Rain and Son - Klassiska paraplyer i modern skandinavisk design","description":"Eleganta paraplyer online.","publisher":{"@id":"https:\/\/www.rainandson.com\/#organization"},"potentialAction":[{"@type":"SearchAction","target":{"@type":"EntryPoint","urlTemplate":"https:\/\/www.rainandson.com\/?s={search_term_string}"},"query-input":{"@type":"PropertyValueSpecification","valueRequired":true,"valueName":"search_term_string"}}],"inLanguage":"sv-SE"},{"@type":"Organization","@id":"https:\/\/www.rainandson.com\/#organization","name":"Rain &amp; Son","url":"https:\/\/www.rainandson.com\/","logo":{"@type":"ImageObject","inLanguage":"sv-SE","@id":"https:\/\/www.rainandson.com\/#\/schema\/logo\/image\/","url":"https:\/\/www.rainandson.com\/wp-content\/uploads\/rain-and-son-logotype-150.png","contentUrl":"https:\/\/www.rainandson.com\/wp-content\/uploads\/rain-and-son-logotype-150.png","width":125,"height":150,"caption":"Rain and Son"},"image":{"@id":"https:\/\/www.rainandson.com\/#\/schema\/logo\/image\/"}}]}},"_links":{"self":[{"href":"https:\/\/www.rainandson.com\/sv\/wp-json\/wp\/v2\/product\/4429","targetHints":{"allow":["GET"]}}],"collection":[{"href":"https:\/\/www.rainandson.com\/sv\/wp-json\/wp\/v2\/product"}],"about":[{"href":"https:\/\/www.rainandson.com\/sv\/wp-json\/wp\/v2\/types\/product"}],"replies":[{"embeddable":true,"href":"https:\/\/www.rainandson.com\/sv\/wp-json\/wp\/v2\/comments?post=4429"}],"wp:featuredmedia":[{"embeddable":true,"href":"https:\/\/www.rainandson.com\/sv\/wp-json\/wp\/v2\/media\/3131"}],"wp:attachment":[{"href":"https:\/\/www.rainandson.com\/sv\/wp-json\/wp\/v2\/media?parent=4429"}],"wp:term":[{"taxonomy":"product_brand","embeddable":true,"href":"https:\/\/www.rainandson.com\/sv\/wp-json\/wp\/v2\/product_brand?post=4429"},{"taxonomy":"product_cat","embeddable":true,"href":"https:\/\/www.rainandson.com\/sv\/wp-json\/wp\/v2\/product_cat?post=4429"},{"taxonomy":"product_tag","embeddable":true,"href":"https:\/\/www.rainandson.com\/sv\/wp-json\/wp\/v2\/product_tag?post=4429"}],"curies":[{"name":"wp","href":"https:\/\/api.w.org\/{rel}","templated":true}]}}