{"id":4423,"date":"2021-01-04T08:58:54","date_gmt":"2021-01-04T08:58:54","guid":{"rendered":"https:\/\/rainandson.kinsta.cloud\/?post_type=product&#038;p=4423"},"modified":"2026-03-26T11:59:04","modified_gmt":"2026-03-26T11:59:04","slug":"black-lemon-umbrella","status":"publish","type":"product","link":"https:\/\/www.rainandson.com\/sv\/produkt\/black-lemon-umbrella\/","title":{"rendered":"Svart paraply citron"},"content":{"rendered":"<p>Om du vill st\u00e5 ut i ett hav av svarta paraplyer \u00e4r detta paraply med f\u00e4rgstarka citroner ett bra val. Paraplyet har handtag och skaft i ett vackert tr\u00e4slag. Detaljer som ett sp\u00e4nne med knapp ger paraplyet b\u00e5de elegans samt en k\u00e4nsla av lyx. Paraplyet har en stark st\u00e5lram som hj\u00e4lper det att t\u00e5la de flesta v\u00e4der. Design och struktur samspelar v\u00e4l och ger paraplyet en perfekt blandning av kvalitet och stil. Paraplyet \u00e4r i \u00f6ppet tillst\u00e5nd 103 centimeter i diameter. Den stora sk\u00e4rmen g\u00f6r det till ett perfekt f\u00f6r mer \u00e4n en person, n\u00e4r det regnar.<\/p>\n<p>Svart med citrontryck, design <strong>Paraply<\/strong> med 12 ekrar.<br \/>\nH\u00f6g kvalitet <strong>paraply<\/strong>.<br \/>\nTr\u00e4skaft med ram i svart fiberglas.<br \/>\nB\u00f6jt handtag i tr\u00e4 med Rain &amp; Son logotyp.<br \/>\nSp\u00e4nne med knapp.<br \/>\nNickelbelagda metallspetsar i silverf\u00e4rg.<br \/>\nTr\u00e4topp med nickelbelagd topp i silverf\u00e4rg.<br \/>\nRain &amp; Son logotyp p\u00e5 sk\u00e4rmen.<br \/>\n<strong>Paraply<\/strong> \u00f6ppnas till en diameter av 103 centimeter.<br \/>\nSkaftets diameter 1.5 cm.<br \/>\nH\u00f6jd 89 cm.<br \/>\nVikt 500 gram.<\/p>","protected":false},"excerpt":{"rendered":"<p>Rain &amp; Sons vackra, klassiska paraply med ett f\u00e4rgstarkt m\u00f6nster av citroner kommer att lysa upp vilken regnig dag som helst. Det popul\u00e4ra men ovanliga m\u00f6nstret g\u00f6r det till en perfekt g\u00e5va till den som redan har allt. Detta paraply av h\u00f6g kvalitet har ett vackert b\u00f6jt handtag av tr\u00e4 vilket g\u00f6r det bekv\u00e4mt att h\u00e5lla i. Paraplyets stora sk\u00e4rm hj\u00e4lper dig att h\u00e5lla dig torr n\u00e4r det vr\u00e4ker ner regn.<\/p>","protected":false},"featured_media":3121,"comment_status":"open","ping_status":"closed","template":"","meta":[],"product_brand":[],"product_cat":[116,247,190],"product_tag":[],"class_list":{"0":"post-4423","1":"product","2":"type-product","3":"status-publish","4":"has-post-thumbnail","6":"product_cat-all-umbrellas","7":"product_cat-classic-umbrellas","8":"product_cat-large-umbrellas","9":"pa_colour-black","10":"pa_colour-yellow","12":"first","13":"instock","14":"taxable","15":"shipping-taxable","16":"product-type-simple"},"yoast_head":"<!-- This site is optimized with the Yoast SEO plugin v27.4 - https:\/\/yoast.com\/product\/yoast-seo-wordpress\/ -->\n<title>Black Lemon Umbrella - Rain and Son - Classic and Stylish Umbrellas<\/title>\n<meta name=\"description\" content=\"Are you looking for a classic print umbrella? This beautiful black and yellow lemon Umbrella brightens up your day and serve as the perfect present.\" \/>\n<meta name=\"robots\" content=\"index, follow, max-snippet:-1, max-image-preview:large, max-video-preview:-1\" \/>\n<link rel=\"canonical\" href=\"https:\/\/www.rainandson.com\/sv\/produkt\/black-lemon-umbrella\/\" \/>\n<meta property=\"og:locale\" content=\"sv_SE\" \/>\n<meta property=\"og:type\" content=\"article\" \/>\n<meta property=\"og:title\" content=\"Black Lemon Umbrella - Rain and Son - Classic and Stylish Umbrellas\" \/>\n<meta property=\"og:description\" content=\"Are you looking for a classic print umbrella? This beautiful black and yellow lemon Umbrella brightens up your day and serve as the perfect present.\" \/>\n<meta property=\"og:url\" content=\"https:\/\/www.rainandson.com\/sv\/produkt\/black-lemon-umbrella\/\" \/>\n<meta property=\"og:site_name\" content=\"Rain and Son - Classic and Stylish Umbrellas\" \/>\n<meta property=\"article:modified_time\" content=\"2026-03-26T11:59:04+00:00\" \/>\n<meta property=\"og:image\" content=\"https:\/\/www.rainandson.com\/wp-content\/uploads\/lemon-black-umbrella-wooden-shaft-1-e1606918464570.jpg\" \/>\n\t<meta property=\"og:image:width\" content=\"999\" \/>\n\t<meta property=\"og:image:height\" content=\"999\" \/>\n\t<meta property=\"og:image:type\" content=\"image\/jpeg\" \/>\n<meta name=\"twitter:card\" content=\"summary_large_image\" \/>\n<meta name=\"twitter:label1\" content=\"Ber\u00e4knad l\u00e4stid\" \/>\n\t<meta name=\"twitter:data1\" content=\"1 minut\" \/>\n<script type=\"application\/ld+json\" class=\"yoast-schema-graph\">{\"@context\":\"https:\\\/\\\/schema.org\",\"@graph\":[{\"@type\":\"WebPage\",\"@id\":\"https:\\\/\\\/www.rainandson.com\\\/product\\\/black-lemon-umbrella\\\/\",\"url\":\"https:\\\/\\\/www.rainandson.com\\\/product\\\/black-lemon-umbrella\\\/\",\"name\":\"Black Lemon Umbrella - Rain and Son - Classic and Stylish Umbrellas\",\"isPartOf\":{\"@id\":\"https:\\\/\\\/www.rainandson.com\\\/#website\"},\"primaryImageOfPage\":{\"@id\":\"https:\\\/\\\/www.rainandson.com\\\/product\\\/black-lemon-umbrella\\\/#primaryimage\"},\"image\":{\"@id\":\"https:\\\/\\\/www.rainandson.com\\\/product\\\/black-lemon-umbrella\\\/#primaryimage\"},\"thumbnailUrl\":\"https:\\\/\\\/www.rainandson.com\\\/wp-content\\\/uploads\\\/lemon-black-umbrella-wooden-shaft-1-e1606918464570.jpg\",\"datePublished\":\"2021-01-04T08:58:54+00:00\",\"dateModified\":\"2026-03-26T11:59:04+00:00\",\"description\":\"Are you looking for a classic print umbrella? This beautiful black and yellow lemon Umbrella brightens up your day and serve as the perfect present.\",\"breadcrumb\":{\"@id\":\"https:\\\/\\\/www.rainandson.com\\\/product\\\/black-lemon-umbrella\\\/#breadcrumb\"},\"inLanguage\":\"sv-SE\",\"potentialAction\":[{\"@type\":\"ReadAction\",\"target\":[\"https:\\\/\\\/www.rainandson.com\\\/product\\\/black-lemon-umbrella\\\/\"]}]},{\"@type\":\"ImageObject\",\"inLanguage\":\"sv-SE\",\"@id\":\"https:\\\/\\\/www.rainandson.com\\\/product\\\/black-lemon-umbrella\\\/#primaryimage\",\"url\":\"https:\\\/\\\/www.rainandson.com\\\/wp-content\\\/uploads\\\/lemon-black-umbrella-wooden-shaft-1-e1606918464570.jpg\",\"contentUrl\":\"https:\\\/\\\/www.rainandson.com\\\/wp-content\\\/uploads\\\/lemon-black-umbrella-wooden-shaft-1-e1606918464570.jpg\",\"width\":999,\"height\":999,\"caption\":\"umbrella with wooden shaft and lemon pattern\"},{\"@type\":\"BreadcrumbList\",\"@id\":\"https:\\\/\\\/www.rainandson.com\\\/product\\\/black-lemon-umbrella\\\/#breadcrumb\",\"itemListElement\":[{\"@type\":\"ListItem\",\"position\":1,\"name\":\"Home\",\"item\":\"https:\\\/\\\/www.rainandson.com\\\/sv\\\/\"},{\"@type\":\"ListItem\",\"position\":2,\"name\":\"Shop\",\"item\":\"https:\\\/\\\/www.rainandson.com\\\/shop\\\/\"},{\"@type\":\"ListItem\",\"position\":3,\"name\":\"Black Lemon Umbrella\"}]},{\"@type\":\"WebSite\",\"@id\":\"https:\\\/\\\/www.rainandson.com\\\/#website\",\"url\":\"https:\\\/\\\/www.rainandson.com\\\/\",\"name\":\"Rain and Son - Classic and Stylish Umbrellas\",\"description\":\"Fashionable Umbrellas Online.\",\"publisher\":{\"@id\":\"https:\\\/\\\/www.rainandson.com\\\/#organization\"},\"potentialAction\":[{\"@type\":\"SearchAction\",\"target\":{\"@type\":\"EntryPoint\",\"urlTemplate\":\"https:\\\/\\\/www.rainandson.com\\\/?s={search_term_string}\"},\"query-input\":{\"@type\":\"PropertyValueSpecification\",\"valueRequired\":true,\"valueName\":\"search_term_string\"}}],\"inLanguage\":\"sv-SE\"},{\"@type\":\"Organization\",\"@id\":\"https:\\\/\\\/www.rainandson.com\\\/#organization\",\"name\":\"Rain and Son\",\"url\":\"https:\\\/\\\/www.rainandson.com\\\/\",\"logo\":{\"@type\":\"ImageObject\",\"inLanguage\":\"sv-SE\",\"@id\":\"https:\\\/\\\/www.rainandson.com\\\/#\\\/schema\\\/logo\\\/image\\\/\",\"url\":\"https:\\\/\\\/www.rainandson.com\\\/wp-content\\\/uploads\\\/rain-and-son-logotype-150.png\",\"contentUrl\":\"https:\\\/\\\/www.rainandson.com\\\/wp-content\\\/uploads\\\/rain-and-son-logotype-150.png\",\"width\":125,\"height\":150,\"caption\":\"Rain and Son\"},\"image\":{\"@id\":\"https:\\\/\\\/www.rainandson.com\\\/#\\\/schema\\\/logo\\\/image\\\/\"}}]}<\/script>\n<!-- \/ Yoast SEO plugin. -->","yoast_head_json":{"title":"Black Lemon Umbrella - Rain and Son - Classic and Stylish Umbrellas","description":"Are you looking for a classic print umbrella? This beautiful black and yellow lemon Umbrella brightens up your day and serve as the perfect present.","robots":{"index":"index","follow":"follow","max-snippet":"max-snippet:-1","max-image-preview":"max-image-preview:large","max-video-preview":"max-video-preview:-1"},"canonical":"https:\/\/www.rainandson.com\/sv\/produkt\/black-lemon-umbrella\/","og_locale":"sv_SE","og_type":"article","og_title":"Black Lemon Umbrella - Rain and Son - Classic and Stylish Umbrellas","og_description":"Are you looking for a classic print umbrella? This beautiful black and yellow lemon Umbrella brightens up your day and serve as the perfect present.","og_url":"https:\/\/www.rainandson.com\/sv\/produkt\/black-lemon-umbrella\/","og_site_name":"Rain and Son - Classic and Stylish Umbrellas","article_modified_time":"2026-03-26T11:59:04+00:00","og_image":[{"width":999,"height":999,"url":"https:\/\/www.rainandson.com\/wp-content\/uploads\/lemon-black-umbrella-wooden-shaft-1-e1606918464570.jpg","type":"image\/jpeg"}],"twitter_card":"summary_large_image","twitter_misc":{"Ber\u00e4knad l\u00e4stid":"1 minut"},"schema":{"@context":"https:\/\/schema.org","@graph":[{"@type":"WebPage","@id":"https:\/\/www.rainandson.com\/product\/black-lemon-umbrella\/","url":"https:\/\/www.rainandson.com\/product\/black-lemon-umbrella\/","name":"Black Lemon Umbrella - Rain and Son - Classic and Stylish Umbrellas","isPartOf":{"@id":"https:\/\/www.rainandson.com\/#website"},"primaryImageOfPage":{"@id":"https:\/\/www.rainandson.com\/product\/black-lemon-umbrella\/#primaryimage"},"image":{"@id":"https:\/\/www.rainandson.com\/product\/black-lemon-umbrella\/#primaryimage"},"thumbnailUrl":"https:\/\/www.rainandson.com\/wp-content\/uploads\/lemon-black-umbrella-wooden-shaft-1-e1606918464570.jpg","datePublished":"2021-01-04T08:58:54+00:00","dateModified":"2026-03-26T11:59:04+00:00","description":"Are you looking for a classic print umbrella? This beautiful black and yellow lemon Umbrella brightens up your day and serve as the perfect present.","breadcrumb":{"@id":"https:\/\/www.rainandson.com\/product\/black-lemon-umbrella\/#breadcrumb"},"inLanguage":"sv-SE","potentialAction":[{"@type":"ReadAction","target":["https:\/\/www.rainandson.com\/product\/black-lemon-umbrella\/"]}]},{"@type":"ImageObject","inLanguage":"sv-SE","@id":"https:\/\/www.rainandson.com\/product\/black-lemon-umbrella\/#primaryimage","url":"https:\/\/www.rainandson.com\/wp-content\/uploads\/lemon-black-umbrella-wooden-shaft-1-e1606918464570.jpg","contentUrl":"https:\/\/www.rainandson.com\/wp-content\/uploads\/lemon-black-umbrella-wooden-shaft-1-e1606918464570.jpg","width":999,"height":999,"caption":"umbrella with wooden shaft and lemon pattern"},{"@type":"BreadcrumbList","@id":"https:\/\/www.rainandson.com\/product\/black-lemon-umbrella\/#breadcrumb","itemListElement":[{"@type":"ListItem","position":1,"name":"Home","item":"https:\/\/www.rainandson.com\/sv\/"},{"@type":"ListItem","position":2,"name":"Shop","item":"https:\/\/www.rainandson.com\/shop\/"},{"@type":"ListItem","position":3,"name":"Black Lemon Umbrella"}]},{"@type":"WebSite","@id":"https:\/\/www.rainandson.com\/#website","url":"https:\/\/www.rainandson.com\/","name":"Rain and Son - Klassiska paraplyer i modern skandinavisk design","description":"Eleganta paraplyer online.","publisher":{"@id":"https:\/\/www.rainandson.com\/#organization"},"potentialAction":[{"@type":"SearchAction","target":{"@type":"EntryPoint","urlTemplate":"https:\/\/www.rainandson.com\/?s={search_term_string}"},"query-input":{"@type":"PropertyValueSpecification","valueRequired":true,"valueName":"search_term_string"}}],"inLanguage":"sv-SE"},{"@type":"Organization","@id":"https:\/\/www.rainandson.com\/#organization","name":"Rain &amp; Son","url":"https:\/\/www.rainandson.com\/","logo":{"@type":"ImageObject","inLanguage":"sv-SE","@id":"https:\/\/www.rainandson.com\/#\/schema\/logo\/image\/","url":"https:\/\/www.rainandson.com\/wp-content\/uploads\/rain-and-son-logotype-150.png","contentUrl":"https:\/\/www.rainandson.com\/wp-content\/uploads\/rain-and-son-logotype-150.png","width":125,"height":150,"caption":"Rain and Son"},"image":{"@id":"https:\/\/www.rainandson.com\/#\/schema\/logo\/image\/"}}]}},"_links":{"self":[{"href":"https:\/\/www.rainandson.com\/sv\/wp-json\/wp\/v2\/product\/4423","targetHints":{"allow":["GET"]}}],"collection":[{"href":"https:\/\/www.rainandson.com\/sv\/wp-json\/wp\/v2\/product"}],"about":[{"href":"https:\/\/www.rainandson.com\/sv\/wp-json\/wp\/v2\/types\/product"}],"replies":[{"embeddable":true,"href":"https:\/\/www.rainandson.com\/sv\/wp-json\/wp\/v2\/comments?post=4423"}],"wp:featuredmedia":[{"embeddable":true,"href":"https:\/\/www.rainandson.com\/sv\/wp-json\/wp\/v2\/media\/3121"}],"wp:attachment":[{"href":"https:\/\/www.rainandson.com\/sv\/wp-json\/wp\/v2\/media?parent=4423"}],"wp:term":[{"taxonomy":"product_brand","embeddable":true,"href":"https:\/\/www.rainandson.com\/sv\/wp-json\/wp\/v2\/product_brand?post=4423"},{"taxonomy":"product_cat","embeddable":true,"href":"https:\/\/www.rainandson.com\/sv\/wp-json\/wp\/v2\/product_cat?post=4423"},{"taxonomy":"product_tag","embeddable":true,"href":"https:\/\/www.rainandson.com\/sv\/wp-json\/wp\/v2\/product_tag?post=4423"}],"curies":[{"name":"wp","href":"https:\/\/api.w.org\/{rel}","templated":true}]}}