{"id":3112,"date":"2020-11-25T19:34:48","date_gmt":"2020-11-25T19:34:48","guid":{"rendered":"https:\/\/rainandson.kinsta.cloud\/product\/magnolia-umbrella\/"},"modified":"2026-04-10T12:43:55","modified_gmt":"2026-04-10T12:43:55","slug":"white-magnolia-wedding-umbrella","status":"publish","type":"product","link":"https:\/\/www.rainandson.com\/sv\/produkt\/white-magnolia-wedding-umbrella\/","title":{"rendered":"Vitt magnolia paraply"},"content":{"rendered":"<p>Det h\u00e4r \u00e4r ett klassiskt paraply med blomtryck. Paraplyet har ett b\u00f6jt tr\u00e4handtag s\u00e5v\u00e4l som skaft i tr\u00e4. Detajer s\u00e5som sp\u00e4nne med knapp f\u00f6r att h\u00e5lla paraplyet st\u00e4ngt ger paraplyet en k\u00e4nsla av elegans och fl\u00e4rd. Det \u00e4r ett lyxigt paraply f\u00f6r alla tillf\u00e4llen. En stark st\u00e5lkonstruktion och vacker design ger det en perfekt kombination av kvalitet och stil. Om du letar efter ett br\u00f6llopsparaply med utrymme f\u00f6r tv\u00e5 s\u00e5 har du hittat r\u00e4tt. Det h\u00e4r vita paraplyet med magnoliablommor kommer att f\u00e5 dig att k\u00e4nna dig fin och speciell p\u00e5 din br\u00f6llopsdag.<\/p>\n<p>Vitt magnolia design <strong>Paraply<\/strong> med 12 ekrar.<br \/>\nH\u00f6g kvalitet <strong>Paraply<\/strong>.<br \/>\nTr\u00e4skaft med ram i svart fiberglas.<br \/>\nB\u00f6jt handtag i tr\u00e4 med Rain &amp; Son logotyp.<br \/>\nSp\u00e4nne med knapp.<br \/>\nNickelbelagda metallspetsar i silverf\u00e4rg.<br \/>\nTr\u00e4topp med nickelbelagd topp i silverf\u00e4rg.<br \/>\nRain &amp; Son logotyp p\u00e5 sk\u00e4rmen.<br \/>\n<strong>Paraply<\/strong> \u00f6ppnas till en diameter av 103 centimeter.<br \/>\nSkaftets diameter 1.5 cm.<br \/>\nH\u00f6jd 89 cm.<br \/>\nVikt 500 gram.<br \/>\nAnv\u00e4nd detta paraply f\u00f6rslagsvis som <b>br\u00f6llopsparaply<\/b>.<\/p>","protected":false},"excerpt":{"rendered":"<p>Rain &amp; Sons vita paraply med ett vackert tryck av magnolier livar upp vilken regning dag som helst. Detta poplul\u00e4ra vita paraply med blomtryck \u00e4r en perfekt g\u00e5va till n\u00e5gon speciell i ditt liv. Paraplyet kan \u00e4ven anv\u00e4ndas om det vankas regn p\u00e5 din specialla dag d\u00e5 det \u00e4r ett elegant br\u00f6llopsparaply. Det \u00e4r ett h\u00f6gkvalitativt paraply med handtag och skaft i tr\u00e4 med en stor sk\u00e4rm som skyddar dig samt din partner fr\u00e5n regn.<\/p>","protected":false},"featured_media":3116,"comment_status":"open","ping_status":"closed","template":"","meta":[],"product_brand":[],"product_cat":[116,247,190],"product_tag":[195],"class_list":{"0":"post-3112","1":"product","2":"type-product","3":"status-publish","4":"has-post-thumbnail","6":"product_cat-all-umbrellas","7":"product_cat-classic-umbrellas","8":"product_cat-large-umbrellas","9":"product_tag-umbrella","10":"pa_colour-white","12":"first","13":"instock","14":"taxable","15":"shipping-taxable","16":"product-type-simple"},"yoast_head":"<!-- This site is optimized with the Yoast SEO plugin v27.4 - https:\/\/yoast.com\/product\/yoast-seo-wordpress\/ -->\n<title>White Magnolia Wedding Umbrella - Rain and Son - Classic and Stylish Umbrellas<\/title>\n<meta name=\"description\" content=\"Looking for a classic floral print umbrella? This beautiful white magnolia flower umbrella brightens up your day and serves as the perfect wedding umbrella.\" \/>\n<meta name=\"robots\" content=\"index, follow, max-snippet:-1, max-image-preview:large, max-video-preview:-1\" \/>\n<link rel=\"canonical\" href=\"https:\/\/www.rainandson.com\/sv\/produkt\/white-magnolia-wedding-umbrella\/\" \/>\n<meta property=\"og:locale\" content=\"sv_SE\" \/>\n<meta property=\"og:type\" content=\"article\" \/>\n<meta property=\"og:title\" content=\"White Magnolia Wedding Umbrella - Rain and Son - Classic and Stylish Umbrellas\" \/>\n<meta property=\"og:description\" content=\"Looking for a classic floral print umbrella? This beautiful white magnolia flower umbrella brightens up your day and serves as the perfect wedding umbrella.\" \/>\n<meta property=\"og:url\" content=\"https:\/\/www.rainandson.com\/sv\/produkt\/white-magnolia-wedding-umbrella\/\" \/>\n<meta property=\"og:site_name\" content=\"Rain and Son - Classic and Stylish Umbrellas\" \/>\n<meta property=\"article:modified_time\" content=\"2026-04-10T12:43:55+00:00\" \/>\n<meta property=\"og:image\" content=\"https:\/\/www.rainandson.com\/wp-content\/uploads\/magnolia-classic-umbrella-with-wooden-hook-handle-2-e1606918565400.jpg\" \/>\n\t<meta property=\"og:image:width\" content=\"999\" \/>\n\t<meta property=\"og:image:height\" content=\"999\" \/>\n\t<meta property=\"og:image:type\" content=\"image\/jpeg\" \/>\n<meta name=\"twitter:card\" content=\"summary_large_image\" \/>\n<meta name=\"twitter:label1\" content=\"Ber\u00e4knad l\u00e4stid\" \/>\n\t<meta name=\"twitter:data1\" content=\"1 minut\" \/>\n<script type=\"application\/ld+json\" class=\"yoast-schema-graph\">{\"@context\":\"https:\\\/\\\/schema.org\",\"@graph\":[{\"@type\":\"WebPage\",\"@id\":\"https:\\\/\\\/www.rainandson.com\\\/product\\\/white-magnolia-wedding-umbrella\\\/\",\"url\":\"https:\\\/\\\/www.rainandson.com\\\/product\\\/white-magnolia-wedding-umbrella\\\/\",\"name\":\"White Magnolia Wedding Umbrella - Rain and Son - Classic and Stylish Umbrellas\",\"isPartOf\":{\"@id\":\"https:\\\/\\\/www.rainandson.com\\\/#website\"},\"primaryImageOfPage\":{\"@id\":\"https:\\\/\\\/www.rainandson.com\\\/product\\\/white-magnolia-wedding-umbrella\\\/#primaryimage\"},\"image\":{\"@id\":\"https:\\\/\\\/www.rainandson.com\\\/product\\\/white-magnolia-wedding-umbrella\\\/#primaryimage\"},\"thumbnailUrl\":\"https:\\\/\\\/www.rainandson.com\\\/wp-content\\\/uploads\\\/magnolia-classic-umbrella-with-wooden-hook-handle-2-e1606918565400.jpg\",\"datePublished\":\"2020-11-25T19:34:48+00:00\",\"dateModified\":\"2026-04-10T12:43:55+00:00\",\"description\":\"Looking for a classic floral print umbrella? This beautiful white magnolia flower umbrella brightens up your day and serves as the perfect wedding umbrella.\",\"breadcrumb\":{\"@id\":\"https:\\\/\\\/www.rainandson.com\\\/product\\\/white-magnolia-wedding-umbrella\\\/#breadcrumb\"},\"inLanguage\":\"sv-SE\",\"potentialAction\":[{\"@type\":\"ReadAction\",\"target\":[\"https:\\\/\\\/www.rainandson.com\\\/product\\\/white-magnolia-wedding-umbrella\\\/\"]}]},{\"@type\":\"ImageObject\",\"inLanguage\":\"sv-SE\",\"@id\":\"https:\\\/\\\/www.rainandson.com\\\/product\\\/white-magnolia-wedding-umbrella\\\/#primaryimage\",\"url\":\"https:\\\/\\\/www.rainandson.com\\\/wp-content\\\/uploads\\\/magnolia-classic-umbrella-with-wooden-hook-handle-2-e1606918565400.jpg\",\"contentUrl\":\"https:\\\/\\\/www.rainandson.com\\\/wp-content\\\/uploads\\\/magnolia-classic-umbrella-with-wooden-hook-handle-2-e1606918565400.jpg\",\"width\":999,\"height\":999,\"caption\":\"classic wooden handle umbrella with magnolia fabric\"},{\"@type\":\"BreadcrumbList\",\"@id\":\"https:\\\/\\\/www.rainandson.com\\\/product\\\/white-magnolia-wedding-umbrella\\\/#breadcrumb\",\"itemListElement\":[{\"@type\":\"ListItem\",\"position\":1,\"name\":\"Home\",\"item\":\"https:\\\/\\\/www.rainandson.com\\\/sv\\\/\"},{\"@type\":\"ListItem\",\"position\":2,\"name\":\"Shop\",\"item\":\"https:\\\/\\\/www.rainandson.com\\\/shop\\\/\"},{\"@type\":\"ListItem\",\"position\":3,\"name\":\"White Magnolia Wedding Umbrella\"}]},{\"@type\":\"WebSite\",\"@id\":\"https:\\\/\\\/www.rainandson.com\\\/#website\",\"url\":\"https:\\\/\\\/www.rainandson.com\\\/\",\"name\":\"Rain and Son - Classic and Stylish Umbrellas\",\"description\":\"Fashionable Umbrellas Online.\",\"publisher\":{\"@id\":\"https:\\\/\\\/www.rainandson.com\\\/#organization\"},\"potentialAction\":[{\"@type\":\"SearchAction\",\"target\":{\"@type\":\"EntryPoint\",\"urlTemplate\":\"https:\\\/\\\/www.rainandson.com\\\/?s={search_term_string}\"},\"query-input\":{\"@type\":\"PropertyValueSpecification\",\"valueRequired\":true,\"valueName\":\"search_term_string\"}}],\"inLanguage\":\"sv-SE\"},{\"@type\":\"Organization\",\"@id\":\"https:\\\/\\\/www.rainandson.com\\\/#organization\",\"name\":\"Rain and Son\",\"url\":\"https:\\\/\\\/www.rainandson.com\\\/\",\"logo\":{\"@type\":\"ImageObject\",\"inLanguage\":\"sv-SE\",\"@id\":\"https:\\\/\\\/www.rainandson.com\\\/#\\\/schema\\\/logo\\\/image\\\/\",\"url\":\"https:\\\/\\\/www.rainandson.com\\\/wp-content\\\/uploads\\\/rain-and-son-logotype-150.png\",\"contentUrl\":\"https:\\\/\\\/www.rainandson.com\\\/wp-content\\\/uploads\\\/rain-and-son-logotype-150.png\",\"width\":125,\"height\":150,\"caption\":\"Rain and Son\"},\"image\":{\"@id\":\"https:\\\/\\\/www.rainandson.com\\\/#\\\/schema\\\/logo\\\/image\\\/\"}}]}<\/script>\n<!-- \/ Yoast SEO plugin. -->","yoast_head_json":{"title":"White Magnolia Wedding Umbrella - Rain and Son - Classic and Stylish Umbrellas","description":"Looking for a classic floral print umbrella? This beautiful white magnolia flower umbrella brightens up your day and serves as the perfect wedding umbrella.","robots":{"index":"index","follow":"follow","max-snippet":"max-snippet:-1","max-image-preview":"max-image-preview:large","max-video-preview":"max-video-preview:-1"},"canonical":"https:\/\/www.rainandson.com\/sv\/produkt\/white-magnolia-wedding-umbrella\/","og_locale":"sv_SE","og_type":"article","og_title":"White Magnolia Wedding Umbrella - Rain and Son - Classic and Stylish Umbrellas","og_description":"Looking for a classic floral print umbrella? This beautiful white magnolia flower umbrella brightens up your day and serves as the perfect wedding umbrella.","og_url":"https:\/\/www.rainandson.com\/sv\/produkt\/white-magnolia-wedding-umbrella\/","og_site_name":"Rain and Son - Classic and Stylish Umbrellas","article_modified_time":"2026-04-10T12:43:55+00:00","og_image":[{"width":999,"height":999,"url":"https:\/\/www.rainandson.com\/wp-content\/uploads\/magnolia-classic-umbrella-with-wooden-hook-handle-2-e1606918565400.jpg","type":"image\/jpeg"}],"twitter_card":"summary_large_image","twitter_misc":{"Ber\u00e4knad l\u00e4stid":"1 minut"},"schema":{"@context":"https:\/\/schema.org","@graph":[{"@type":"WebPage","@id":"https:\/\/www.rainandson.com\/product\/white-magnolia-wedding-umbrella\/","url":"https:\/\/www.rainandson.com\/product\/white-magnolia-wedding-umbrella\/","name":"White Magnolia Wedding Umbrella - Rain and Son - Classic and Stylish Umbrellas","isPartOf":{"@id":"https:\/\/www.rainandson.com\/#website"},"primaryImageOfPage":{"@id":"https:\/\/www.rainandson.com\/product\/white-magnolia-wedding-umbrella\/#primaryimage"},"image":{"@id":"https:\/\/www.rainandson.com\/product\/white-magnolia-wedding-umbrella\/#primaryimage"},"thumbnailUrl":"https:\/\/www.rainandson.com\/wp-content\/uploads\/magnolia-classic-umbrella-with-wooden-hook-handle-2-e1606918565400.jpg","datePublished":"2020-11-25T19:34:48+00:00","dateModified":"2026-04-10T12:43:55+00:00","description":"Looking for a classic floral print umbrella? This beautiful white magnolia flower umbrella brightens up your day and serves as the perfect wedding umbrella.","breadcrumb":{"@id":"https:\/\/www.rainandson.com\/product\/white-magnolia-wedding-umbrella\/#breadcrumb"},"inLanguage":"sv-SE","potentialAction":[{"@type":"ReadAction","target":["https:\/\/www.rainandson.com\/product\/white-magnolia-wedding-umbrella\/"]}]},{"@type":"ImageObject","inLanguage":"sv-SE","@id":"https:\/\/www.rainandson.com\/product\/white-magnolia-wedding-umbrella\/#primaryimage","url":"https:\/\/www.rainandson.com\/wp-content\/uploads\/magnolia-classic-umbrella-with-wooden-hook-handle-2-e1606918565400.jpg","contentUrl":"https:\/\/www.rainandson.com\/wp-content\/uploads\/magnolia-classic-umbrella-with-wooden-hook-handle-2-e1606918565400.jpg","width":999,"height":999,"caption":"classic wooden handle umbrella with magnolia fabric"},{"@type":"BreadcrumbList","@id":"https:\/\/www.rainandson.com\/product\/white-magnolia-wedding-umbrella\/#breadcrumb","itemListElement":[{"@type":"ListItem","position":1,"name":"Home","item":"https:\/\/www.rainandson.com\/sv\/"},{"@type":"ListItem","position":2,"name":"Shop","item":"https:\/\/www.rainandson.com\/shop\/"},{"@type":"ListItem","position":3,"name":"White Magnolia Wedding Umbrella"}]},{"@type":"WebSite","@id":"https:\/\/www.rainandson.com\/#website","url":"https:\/\/www.rainandson.com\/","name":"Rain and Son - Klassiska paraplyer i modern skandinavisk design","description":"Eleganta paraplyer online.","publisher":{"@id":"https:\/\/www.rainandson.com\/#organization"},"potentialAction":[{"@type":"SearchAction","target":{"@type":"EntryPoint","urlTemplate":"https:\/\/www.rainandson.com\/?s={search_term_string}"},"query-input":{"@type":"PropertyValueSpecification","valueRequired":true,"valueName":"search_term_string"}}],"inLanguage":"sv-SE"},{"@type":"Organization","@id":"https:\/\/www.rainandson.com\/#organization","name":"Rain &amp; Son","url":"https:\/\/www.rainandson.com\/","logo":{"@type":"ImageObject","inLanguage":"sv-SE","@id":"https:\/\/www.rainandson.com\/#\/schema\/logo\/image\/","url":"https:\/\/www.rainandson.com\/wp-content\/uploads\/rain-and-son-logotype-150.png","contentUrl":"https:\/\/www.rainandson.com\/wp-content\/uploads\/rain-and-son-logotype-150.png","width":125,"height":150,"caption":"Rain and Son"},"image":{"@id":"https:\/\/www.rainandson.com\/#\/schema\/logo\/image\/"}}]}},"_links":{"self":[{"href":"https:\/\/www.rainandson.com\/sv\/wp-json\/wp\/v2\/product\/3112","targetHints":{"allow":["GET"]}}],"collection":[{"href":"https:\/\/www.rainandson.com\/sv\/wp-json\/wp\/v2\/product"}],"about":[{"href":"https:\/\/www.rainandson.com\/sv\/wp-json\/wp\/v2\/types\/product"}],"replies":[{"embeddable":true,"href":"https:\/\/www.rainandson.com\/sv\/wp-json\/wp\/v2\/comments?post=3112"}],"wp:featuredmedia":[{"embeddable":true,"href":"https:\/\/www.rainandson.com\/sv\/wp-json\/wp\/v2\/media\/3116"}],"wp:attachment":[{"href":"https:\/\/www.rainandson.com\/sv\/wp-json\/wp\/v2\/media?parent=3112"}],"wp:term":[{"taxonomy":"product_brand","embeddable":true,"href":"https:\/\/www.rainandson.com\/sv\/wp-json\/wp\/v2\/product_brand?post=3112"},{"taxonomy":"product_cat","embeddable":true,"href":"https:\/\/www.rainandson.com\/sv\/wp-json\/wp\/v2\/product_cat?post=3112"},{"taxonomy":"product_tag","embeddable":true,"href":"https:\/\/www.rainandson.com\/sv\/wp-json\/wp\/v2\/product_tag?post=3112"}],"curies":[{"name":"wp","href":"https:\/\/api.w.org\/{rel}","templated":true}]}}