{"id":3104,"date":"2020-11-25T19:34:39","date_gmt":"2020-11-25T19:34:39","guid":{"rendered":"https:\/\/rainandson.kinsta.cloud\/product\/purple-and-white-golf-umbrella\/"},"modified":"2026-03-25T18:41:27","modified_gmt":"2026-03-25T18:41:27","slug":"purple-and-white-golf-umbrella","status":"publish","type":"product","link":"https:\/\/www.rainandson.com\/sv\/produkt\/purple-and-white-golf-umbrella\/","title":{"rendered":"Lila och vitt golfparaply"},"content":{"rendered":"<p>Rain &amp; Sons lila och vita golfparaply \u00e4r av m\u00e5nga anledningar ett m\u00e5ste i varje golfares v\u00e4ska. Det f\u00e4rgglada golfparaplyet med skaft av fiberglas och tr\u00e4handtag \u00e4r b\u00e5de av h\u00f6g kvalitet och elegant. Ett golfparaply som passar alla. Den stora sk\u00e4rmen p\u00e5 paraplyet skyddar dig fr\u00e5n regn s\u00e5 att du kan koncentrera dig p\u00e5 att spela ditt b\u00e4sta p\u00e5 banan. Den stora sk\u00e4rmen g\u00f6r \u00e4ven att du kan bjuda en in en v\u00e4n under sk\u00e4rmen om regnet \u00f6verraskar er. Den klassiska stilen p\u00e5 detta v\u00e4ldesignade golfparaply g\u00f6r det till en perfekt present till en golfare som redan har allt. N\u00e4r golfparaplyet \u00e4r fullt \u00f6ppet har det en diameter av 135 centimeter, med andra ord en perfekt storlek p\u00e5 ett golfparaply.<\/p>\n<p>Lila och vitt <b>Golfparaply<\/b> med 8 ekrar.<br \/>\nVinds\u00e4kert med dubbla lager.<br \/>\nAutomatisk \u00f6ppningsfunktion.<br \/>\nGolfparaply med h\u00f6g kvalitet.<br \/>\nFiberglas skaft och handtag i tr\u00e4.<br \/>\nTv\u00e5 sp\u00e4nnen med knapp.<br \/>\n\u00d6ppet paraply har diameter p\u00e5 135 cm.<br \/>\nH\u00f6jd 100 cm.<br \/>\nSkaftets diameter: 1,5 cm.<br \/>\nVikt 710 gr.<\/p>","protected":false},"excerpt":{"rendered":"<p>Alla vet att varje \u00e4kta golfare beh\u00f6ver ett stort golfparaply f\u00f6r att skydda sig mot regn p\u00e5 golfbanan. Detta vita och lila golfparaply av h\u00f6g kvalitet fr\u00e5n Rain &amp; Son har en stor sk\u00e4rm som kommer att h\u00e5lla dig torr medan du spelar golf. Paraplyets design g\u00f6r \u00e4ven att du k\u00e4nner dig  k\u00e4nner elegant n\u00e4r du svingar dina golfklubbor p\u00e5 banan.<\/p>","protected":false},"featured_media":3138,"comment_status":"open","ping_status":"closed","template":"","meta":[],"product_brand":[],"product_cat":[116,193,190],"product_tag":[],"class_list":{"0":"post-3104","1":"product","2":"type-product","3":"status-publish","4":"has-post-thumbnail","6":"product_cat-all-umbrellas","7":"product_cat-golf-umbrellas","8":"product_cat-large-umbrellas","9":"pa_colour-purple","10":"pa_colour-white","12":"first","13":"instock","14":"taxable","15":"shipping-taxable","16":"product-type-simple"},"yoast_head":"<!-- This site is optimized with the Yoast SEO plugin v27.5 - https:\/\/yoast.com\/product\/yoast-seo-wordpress\/ -->\n<title>Purple and White Golf Umbrella - Rain and Son - Classic and Stylish Umbrellas<\/title>\n<meta name=\"description\" content=\"Looking for where to buy large golf umbrella? This high-quality Purple and White Golf Umbrella is your perfect rain protection on the golf course.\" \/>\n<meta name=\"robots\" content=\"index, follow, max-snippet:-1, max-image-preview:large, max-video-preview:-1\" \/>\n<link rel=\"canonical\" href=\"https:\/\/www.rainandson.com\/sv\/produkt\/purple-and-white-golf-umbrella\/\" \/>\n<meta property=\"og:locale\" content=\"sv_SE\" \/>\n<meta property=\"og:type\" content=\"article\" \/>\n<meta property=\"og:title\" content=\"Purple and White Golf Umbrella - Rain and Son - Classic and Stylish Umbrellas\" \/>\n<meta property=\"og:description\" content=\"Looking for where to buy large golf umbrella? This high-quality Purple and White Golf Umbrella is your perfect rain protection on the golf course.\" \/>\n<meta property=\"og:url\" content=\"https:\/\/www.rainandson.com\/sv\/produkt\/purple-and-white-golf-umbrella\/\" \/>\n<meta property=\"og:site_name\" content=\"Rain and Son - Classic and Stylish Umbrellas\" \/>\n<meta property=\"article:modified_time\" content=\"2026-03-25T18:41:27+00:00\" \/>\n<meta property=\"og:image\" content=\"https:\/\/www.rainandson.com\/wp-content\/uploads\/stylish-golf-umbrella-white-purple-2-e1606918168778.jpg\" \/>\n\t<meta property=\"og:image:width\" content=\"999\" \/>\n\t<meta property=\"og:image:height\" content=\"999\" \/>\n\t<meta property=\"og:image:type\" content=\"image\/jpeg\" \/>\n<meta name=\"twitter:card\" content=\"summary_large_image\" \/>\n<meta name=\"twitter:label1\" content=\"Ber\u00e4knad l\u00e4stid\" \/>\n\t<meta name=\"twitter:data1\" content=\"1 minut\" \/>\n<script type=\"application\/ld+json\" class=\"yoast-schema-graph\">{\"@context\":\"https:\\\/\\\/schema.org\",\"@graph\":[{\"@type\":\"WebPage\",\"@id\":\"https:\\\/\\\/www.rainandson.com\\\/product\\\/purple-and-white-golf-umbrella\\\/\",\"url\":\"https:\\\/\\\/www.rainandson.com\\\/product\\\/purple-and-white-golf-umbrella\\\/\",\"name\":\"Purple and White Golf Umbrella - Rain and Son - Classic and Stylish Umbrellas\",\"isPartOf\":{\"@id\":\"https:\\\/\\\/www.rainandson.com\\\/#website\"},\"primaryImageOfPage\":{\"@id\":\"https:\\\/\\\/www.rainandson.com\\\/product\\\/purple-and-white-golf-umbrella\\\/#primaryimage\"},\"image\":{\"@id\":\"https:\\\/\\\/www.rainandson.com\\\/product\\\/purple-and-white-golf-umbrella\\\/#primaryimage\"},\"thumbnailUrl\":\"https:\\\/\\\/www.rainandson.com\\\/wp-content\\\/uploads\\\/stylish-golf-umbrella-white-purple-2-e1606918168778.jpg\",\"datePublished\":\"2020-11-25T19:34:39+00:00\",\"dateModified\":\"2026-03-25T18:41:27+00:00\",\"description\":\"Looking for where to buy large golf umbrella? This high-quality Purple and White Golf Umbrella is your perfect rain protection on the golf course.\",\"breadcrumb\":{\"@id\":\"https:\\\/\\\/www.rainandson.com\\\/product\\\/purple-and-white-golf-umbrella\\\/#breadcrumb\"},\"inLanguage\":\"sv-SE\",\"potentialAction\":[{\"@type\":\"ReadAction\",\"target\":[\"https:\\\/\\\/www.rainandson.com\\\/product\\\/purple-and-white-golf-umbrella\\\/\"]}]},{\"@type\":\"ImageObject\",\"inLanguage\":\"sv-SE\",\"@id\":\"https:\\\/\\\/www.rainandson.com\\\/product\\\/purple-and-white-golf-umbrella\\\/#primaryimage\",\"url\":\"https:\\\/\\\/www.rainandson.com\\\/wp-content\\\/uploads\\\/stylish-golf-umbrella-white-purple-2-e1606918168778.jpg\",\"contentUrl\":\"https:\\\/\\\/www.rainandson.com\\\/wp-content\\\/uploads\\\/stylish-golf-umbrella-white-purple-2-e1606918168778.jpg\",\"width\":999,\"height\":999,\"caption\":\"purple and white golf umbrella for golfers\"},{\"@type\":\"BreadcrumbList\",\"@id\":\"https:\\\/\\\/www.rainandson.com\\\/product\\\/purple-and-white-golf-umbrella\\\/#breadcrumb\",\"itemListElement\":[{\"@type\":\"ListItem\",\"position\":1,\"name\":\"Home\",\"item\":\"https:\\\/\\\/www.rainandson.com\\\/sv\\\/\"},{\"@type\":\"ListItem\",\"position\":2,\"name\":\"Shop\",\"item\":\"https:\\\/\\\/www.rainandson.com\\\/shop\\\/\"},{\"@type\":\"ListItem\",\"position\":3,\"name\":\"Purple and White Golf Umbrella\"}]},{\"@type\":\"WebSite\",\"@id\":\"https:\\\/\\\/www.rainandson.com\\\/#website\",\"url\":\"https:\\\/\\\/www.rainandson.com\\\/\",\"name\":\"Rain and Son - Classic and Stylish Umbrellas\",\"description\":\"Fashionable Umbrellas Online.\",\"publisher\":{\"@id\":\"https:\\\/\\\/www.rainandson.com\\\/#organization\"},\"potentialAction\":[{\"@type\":\"SearchAction\",\"target\":{\"@type\":\"EntryPoint\",\"urlTemplate\":\"https:\\\/\\\/www.rainandson.com\\\/?s={search_term_string}\"},\"query-input\":{\"@type\":\"PropertyValueSpecification\",\"valueRequired\":true,\"valueName\":\"search_term_string\"}}],\"inLanguage\":\"sv-SE\"},{\"@type\":\"Organization\",\"@id\":\"https:\\\/\\\/www.rainandson.com\\\/#organization\",\"name\":\"Rain and Son\",\"url\":\"https:\\\/\\\/www.rainandson.com\\\/\",\"logo\":{\"@type\":\"ImageObject\",\"inLanguage\":\"sv-SE\",\"@id\":\"https:\\\/\\\/www.rainandson.com\\\/#\\\/schema\\\/logo\\\/image\\\/\",\"url\":\"https:\\\/\\\/www.rainandson.com\\\/wp-content\\\/uploads\\\/rain-and-son-logotype-150.png\",\"contentUrl\":\"https:\\\/\\\/www.rainandson.com\\\/wp-content\\\/uploads\\\/rain-and-son-logotype-150.png\",\"width\":125,\"height\":150,\"caption\":\"Rain and Son\"},\"image\":{\"@id\":\"https:\\\/\\\/www.rainandson.com\\\/#\\\/schema\\\/logo\\\/image\\\/\"}}]}<\/script>\n<!-- \/ Yoast SEO plugin. -->","yoast_head_json":{"title":"Purple and White Golf Umbrella - Rain and Son - Classic and Stylish Umbrellas","description":"Looking for where to buy large golf umbrella? This high-quality Purple and White Golf Umbrella is your perfect rain protection on the golf course.","robots":{"index":"index","follow":"follow","max-snippet":"max-snippet:-1","max-image-preview":"max-image-preview:large","max-video-preview":"max-video-preview:-1"},"canonical":"https:\/\/www.rainandson.com\/sv\/produkt\/purple-and-white-golf-umbrella\/","og_locale":"sv_SE","og_type":"article","og_title":"Purple and White Golf Umbrella - Rain and Son - Classic and Stylish Umbrellas","og_description":"Looking for where to buy large golf umbrella? This high-quality Purple and White Golf Umbrella is your perfect rain protection on the golf course.","og_url":"https:\/\/www.rainandson.com\/sv\/produkt\/purple-and-white-golf-umbrella\/","og_site_name":"Rain and Son - Classic and Stylish Umbrellas","article_modified_time":"2026-03-25T18:41:27+00:00","og_image":[{"width":999,"height":999,"url":"https:\/\/www.rainandson.com\/wp-content\/uploads\/stylish-golf-umbrella-white-purple-2-e1606918168778.jpg","type":"image\/jpeg"}],"twitter_card":"summary_large_image","twitter_misc":{"Ber\u00e4knad l\u00e4stid":"1 minut"},"schema":{"@context":"https:\/\/schema.org","@graph":[{"@type":"WebPage","@id":"https:\/\/www.rainandson.com\/product\/purple-and-white-golf-umbrella\/","url":"https:\/\/www.rainandson.com\/product\/purple-and-white-golf-umbrella\/","name":"Purple and White Golf Umbrella - Rain and Son - Classic and Stylish Umbrellas","isPartOf":{"@id":"https:\/\/www.rainandson.com\/#website"},"primaryImageOfPage":{"@id":"https:\/\/www.rainandson.com\/product\/purple-and-white-golf-umbrella\/#primaryimage"},"image":{"@id":"https:\/\/www.rainandson.com\/product\/purple-and-white-golf-umbrella\/#primaryimage"},"thumbnailUrl":"https:\/\/www.rainandson.com\/wp-content\/uploads\/stylish-golf-umbrella-white-purple-2-e1606918168778.jpg","datePublished":"2020-11-25T19:34:39+00:00","dateModified":"2026-03-25T18:41:27+00:00","description":"Looking for where to buy large golf umbrella? This high-quality Purple and White Golf Umbrella is your perfect rain protection on the golf course.","breadcrumb":{"@id":"https:\/\/www.rainandson.com\/product\/purple-and-white-golf-umbrella\/#breadcrumb"},"inLanguage":"sv-SE","potentialAction":[{"@type":"ReadAction","target":["https:\/\/www.rainandson.com\/product\/purple-and-white-golf-umbrella\/"]}]},{"@type":"ImageObject","inLanguage":"sv-SE","@id":"https:\/\/www.rainandson.com\/product\/purple-and-white-golf-umbrella\/#primaryimage","url":"https:\/\/www.rainandson.com\/wp-content\/uploads\/stylish-golf-umbrella-white-purple-2-e1606918168778.jpg","contentUrl":"https:\/\/www.rainandson.com\/wp-content\/uploads\/stylish-golf-umbrella-white-purple-2-e1606918168778.jpg","width":999,"height":999,"caption":"purple and white golf umbrella for golfers"},{"@type":"BreadcrumbList","@id":"https:\/\/www.rainandson.com\/product\/purple-and-white-golf-umbrella\/#breadcrumb","itemListElement":[{"@type":"ListItem","position":1,"name":"Home","item":"https:\/\/www.rainandson.com\/sv\/"},{"@type":"ListItem","position":2,"name":"Shop","item":"https:\/\/www.rainandson.com\/shop\/"},{"@type":"ListItem","position":3,"name":"Purple and White Golf Umbrella"}]},{"@type":"WebSite","@id":"https:\/\/www.rainandson.com\/#website","url":"https:\/\/www.rainandson.com\/","name":"Rain and Son - Klassiska paraplyer i modern skandinavisk design","description":"Eleganta paraplyer online.","publisher":{"@id":"https:\/\/www.rainandson.com\/#organization"},"potentialAction":[{"@type":"SearchAction","target":{"@type":"EntryPoint","urlTemplate":"https:\/\/www.rainandson.com\/?s={search_term_string}"},"query-input":{"@type":"PropertyValueSpecification","valueRequired":true,"valueName":"search_term_string"}}],"inLanguage":"sv-SE"},{"@type":"Organization","@id":"https:\/\/www.rainandson.com\/#organization","name":"Rain &amp; Son","url":"https:\/\/www.rainandson.com\/","logo":{"@type":"ImageObject","inLanguage":"sv-SE","@id":"https:\/\/www.rainandson.com\/#\/schema\/logo\/image\/","url":"https:\/\/www.rainandson.com\/wp-content\/uploads\/rain-and-son-logotype-150.png","contentUrl":"https:\/\/www.rainandson.com\/wp-content\/uploads\/rain-and-son-logotype-150.png","width":125,"height":150,"caption":"Rain and Son"},"image":{"@id":"https:\/\/www.rainandson.com\/#\/schema\/logo\/image\/"}}]}},"_links":{"self":[{"href":"https:\/\/www.rainandson.com\/sv\/wp-json\/wp\/v2\/product\/3104","targetHints":{"allow":["GET"]}}],"collection":[{"href":"https:\/\/www.rainandson.com\/sv\/wp-json\/wp\/v2\/product"}],"about":[{"href":"https:\/\/www.rainandson.com\/sv\/wp-json\/wp\/v2\/types\/product"}],"replies":[{"embeddable":true,"href":"https:\/\/www.rainandson.com\/sv\/wp-json\/wp\/v2\/comments?post=3104"}],"wp:featuredmedia":[{"embeddable":true,"href":"https:\/\/www.rainandson.com\/sv\/wp-json\/wp\/v2\/media\/3138"}],"wp:attachment":[{"href":"https:\/\/www.rainandson.com\/sv\/wp-json\/wp\/v2\/media?parent=3104"}],"wp:term":[{"taxonomy":"product_brand","embeddable":true,"href":"https:\/\/www.rainandson.com\/sv\/wp-json\/wp\/v2\/product_brand?post=3104"},{"taxonomy":"product_cat","embeddable":true,"href":"https:\/\/www.rainandson.com\/sv\/wp-json\/wp\/v2\/product_cat?post=3104"},{"taxonomy":"product_tag","embeddable":true,"href":"https:\/\/www.rainandson.com\/sv\/wp-json\/wp\/v2\/product_tag?post=3104"}],"curies":[{"name":"wp","href":"https:\/\/api.w.org\/{rel}","templated":true}]}}