{"id":3102,"date":"2020-11-25T19:34:37","date_gmt":"2020-11-25T19:34:37","guid":{"rendered":"https:\/\/rainandson.kinsta.cloud\/product\/white-and-dark-green-golf-umbrella\/"},"modified":"2026-01-12T10:29:37","modified_gmt":"2026-01-12T10:29:37","slug":"golf-umbrella-white-and-dark-green","status":"publish","type":"product","link":"https:\/\/www.rainandson.com\/sv\/produkt\/golf-umbrella-white-and-dark-green\/","title":{"rendered":"Vitt och m\u00f6rkgr\u00f6nt golfparaply"},"content":{"rendered":"<p>Detta vita och m\u00f6rkgr\u00f6na golfparaply fr\u00e5n Rain &amp; Son \u00e4r ett m\u00e5ste i varje golfares v\u00e4ska. Det \u00e4r ett golfparaply av h\u00f6g kvalitet med skaft i fiberglas och tr\u00e4handtag. Det \u00e4r b\u00e5de elegant och bekv\u00e4mt att b\u00e4ra runt p\u00e5. Det \u00e4r ett golfparaply f\u00f6r m\u00e4n s\u00e5v\u00e4l som kvinnor. Den stora sk\u00e4rmen p\u00e5 golfparaplyet hj\u00e4lper dig att h\u00e5lla dig torr n\u00e4r regnet vr\u00e4ker ner. Den vackra kombinationen av m\u00f6rkgr\u00f6nt och vitt g\u00f6r det till ett fint paraply f\u00f6r den stils\u00e4kra golfaren. Och b\u00e4st av allt, det \u00e4r en perfekt present f\u00f6r en h\u00e4ngiven golfare som redan har allt.<\/p>\n<p>Vitt och m\u00f6rkg\u00f6nt <b>Golfparaply<\/b> med 8 ekrar.<br \/>\nVinds\u00e4kert med dubbla lager.<br \/>\nAutomatisk \u00f6ppningsfunktion.<br \/>\nGolfparaply med h\u00f6g kvalitet.<br \/>\nFiberglas skaft och handtag i tr\u00e4.<br \/>\nTv\u00e5 sp\u00e4nnen med knapp.<br \/>\n\u00d6ppet paraply har diameter p\u00e5 135 cm.<br \/>\nH\u00f6jd 100 cm.<br \/>\nSkaftets diameter: 1,5 cm.<br \/>\nVikt 710 gr.<\/p>","protected":false},"excerpt":{"rendered":"<p>Varje golfare beh\u00f6ver ett stort golfparaply i sin golfv\u00e4ska f\u00f6r att skydda sig fr\u00e5n att bli bl\u00f6t p\u00e5 golfbanan. Detta vita och m\u00f6rkgr\u00f6na golfparaply fr\u00e5n Rain &amp; Son \u00e4r det perfekta regnskyddet. Det \u00e4r ett h\u00f6gkvalitativt paraply, utformat f\u00f6r att h\u00e5lla dig torr samtidigt som det tillf\u00f6r elegans till din golfstil.<\/p>","protected":false},"featured_media":3139,"comment_status":"open","ping_status":"closed","template":"","meta":[],"product_brand":[],"product_cat":[116,193,190],"product_tag":[],"class_list":{"0":"post-3102","1":"product","2":"type-product","3":"status-publish","4":"has-post-thumbnail","6":"product_cat-all-umbrellas","7":"product_cat-golf-umbrellas","8":"product_cat-large-umbrellas","9":"pa_colour-dark-green","10":"pa_colour-white","12":"first","13":"instock","14":"taxable","15":"shipping-taxable","16":"product-type-simple"},"yoast_head":"<!-- This site is optimized with the Yoast SEO plugin v27.5 - https:\/\/yoast.com\/product\/yoast-seo-wordpress\/ -->\n<title>White and Dark Green Golf Umbrella - Rain and Son - Classic and Stylish Umbrellas<\/title>\n<meta name=\"description\" content=\"Looking for a large Golf Umbrella? This high-quality White and Dark Green Golf Umbrella with wooden handle is the perfect rain protection.\" \/>\n<meta name=\"robots\" content=\"index, follow, max-snippet:-1, max-image-preview:large, max-video-preview:-1\" \/>\n<link rel=\"canonical\" href=\"https:\/\/www.rainandson.com\/sv\/produkt\/golf-umbrella-white-and-dark-green\/\" \/>\n<meta property=\"og:locale\" content=\"sv_SE\" \/>\n<meta property=\"og:type\" content=\"article\" \/>\n<meta property=\"og:title\" content=\"White and Dark Green Golf Umbrella - Rain and Son - Classic and Stylish Umbrellas\" \/>\n<meta property=\"og:description\" content=\"Looking for a large Golf Umbrella? This high-quality White and Dark Green Golf Umbrella with wooden handle is the perfect rain protection.\" \/>\n<meta property=\"og:url\" content=\"https:\/\/www.rainandson.com\/sv\/produkt\/golf-umbrella-white-and-dark-green\/\" \/>\n<meta property=\"og:site_name\" content=\"Rain and Son - Classic and Stylish Umbrellas\" \/>\n<meta property=\"article:modified_time\" content=\"2026-01-12T10:29:37+00:00\" \/>\n<meta property=\"og:image\" content=\"https:\/\/www.rainandson.com\/wp-content\/uploads\/golf-umbrella-green-and-white-colors-2-e1606918151181.jpg\" \/>\n\t<meta property=\"og:image:width\" content=\"999\" \/>\n\t<meta property=\"og:image:height\" content=\"999\" \/>\n\t<meta property=\"og:image:type\" content=\"image\/jpeg\" \/>\n<meta name=\"twitter:card\" content=\"summary_large_image\" \/>\n<meta name=\"twitter:label1\" content=\"Ber\u00e4knad l\u00e4stid\" \/>\n\t<meta name=\"twitter:data1\" content=\"1 minut\" \/>\n<script type=\"application\/ld+json\" class=\"yoast-schema-graph\">{\"@context\":\"https:\\\/\\\/schema.org\",\"@graph\":[{\"@type\":\"WebPage\",\"@id\":\"https:\\\/\\\/www.rainandson.com\\\/product\\\/golf-umbrella-white-and-dark-green\\\/\",\"url\":\"https:\\\/\\\/www.rainandson.com\\\/product\\\/golf-umbrella-white-and-dark-green\\\/\",\"name\":\"White and Dark Green Golf Umbrella - Rain and Son - Classic and Stylish Umbrellas\",\"isPartOf\":{\"@id\":\"https:\\\/\\\/www.rainandson.com\\\/#website\"},\"primaryImageOfPage\":{\"@id\":\"https:\\\/\\\/www.rainandson.com\\\/product\\\/golf-umbrella-white-and-dark-green\\\/#primaryimage\"},\"image\":{\"@id\":\"https:\\\/\\\/www.rainandson.com\\\/product\\\/golf-umbrella-white-and-dark-green\\\/#primaryimage\"},\"thumbnailUrl\":\"https:\\\/\\\/www.rainandson.com\\\/wp-content\\\/uploads\\\/golf-umbrella-green-and-white-colors-2-e1606918151181.jpg\",\"datePublished\":\"2020-11-25T19:34:37+00:00\",\"dateModified\":\"2026-01-12T10:29:37+00:00\",\"description\":\"Looking for a large Golf Umbrella? This high-quality White and Dark Green Golf Umbrella with wooden handle is the perfect rain protection.\",\"breadcrumb\":{\"@id\":\"https:\\\/\\\/www.rainandson.com\\\/product\\\/golf-umbrella-white-and-dark-green\\\/#breadcrumb\"},\"inLanguage\":\"sv-SE\",\"potentialAction\":[{\"@type\":\"ReadAction\",\"target\":[\"https:\\\/\\\/www.rainandson.com\\\/product\\\/golf-umbrella-white-and-dark-green\\\/\"]}]},{\"@type\":\"ImageObject\",\"inLanguage\":\"sv-SE\",\"@id\":\"https:\\\/\\\/www.rainandson.com\\\/product\\\/golf-umbrella-white-and-dark-green\\\/#primaryimage\",\"url\":\"https:\\\/\\\/www.rainandson.com\\\/wp-content\\\/uploads\\\/golf-umbrella-green-and-white-colors-2-e1606918151181.jpg\",\"contentUrl\":\"https:\\\/\\\/www.rainandson.com\\\/wp-content\\\/uploads\\\/golf-umbrella-green-and-white-colors-2-e1606918151181.jpg\",\"width\":999,\"height\":999,\"caption\":\"golf umbrella in white and green\"},{\"@type\":\"BreadcrumbList\",\"@id\":\"https:\\\/\\\/www.rainandson.com\\\/product\\\/golf-umbrella-white-and-dark-green\\\/#breadcrumb\",\"itemListElement\":[{\"@type\":\"ListItem\",\"position\":1,\"name\":\"Home\",\"item\":\"https:\\\/\\\/www.rainandson.com\\\/sv\\\/\"},{\"@type\":\"ListItem\",\"position\":2,\"name\":\"Shop\",\"item\":\"https:\\\/\\\/www.rainandson.com\\\/shop\\\/\"},{\"@type\":\"ListItem\",\"position\":3,\"name\":\"White and Dark Green Golf Umbrella\"}]},{\"@type\":\"WebSite\",\"@id\":\"https:\\\/\\\/www.rainandson.com\\\/#website\",\"url\":\"https:\\\/\\\/www.rainandson.com\\\/\",\"name\":\"Rain and Son - Classic and Stylish Umbrellas\",\"description\":\"Fashionable Umbrellas Online.\",\"publisher\":{\"@id\":\"https:\\\/\\\/www.rainandson.com\\\/#organization\"},\"potentialAction\":[{\"@type\":\"SearchAction\",\"target\":{\"@type\":\"EntryPoint\",\"urlTemplate\":\"https:\\\/\\\/www.rainandson.com\\\/?s={search_term_string}\"},\"query-input\":{\"@type\":\"PropertyValueSpecification\",\"valueRequired\":true,\"valueName\":\"search_term_string\"}}],\"inLanguage\":\"sv-SE\"},{\"@type\":\"Organization\",\"@id\":\"https:\\\/\\\/www.rainandson.com\\\/#organization\",\"name\":\"Rain and Son\",\"url\":\"https:\\\/\\\/www.rainandson.com\\\/\",\"logo\":{\"@type\":\"ImageObject\",\"inLanguage\":\"sv-SE\",\"@id\":\"https:\\\/\\\/www.rainandson.com\\\/#\\\/schema\\\/logo\\\/image\\\/\",\"url\":\"https:\\\/\\\/www.rainandson.com\\\/wp-content\\\/uploads\\\/rain-and-son-logotype-150.png\",\"contentUrl\":\"https:\\\/\\\/www.rainandson.com\\\/wp-content\\\/uploads\\\/rain-and-son-logotype-150.png\",\"width\":125,\"height\":150,\"caption\":\"Rain and Son\"},\"image\":{\"@id\":\"https:\\\/\\\/www.rainandson.com\\\/#\\\/schema\\\/logo\\\/image\\\/\"}}]}<\/script>\n<!-- \/ Yoast SEO plugin. -->","yoast_head_json":{"title":"White and Dark Green Golf Umbrella - Rain and Son - Classic and Stylish Umbrellas","description":"Looking for a large Golf Umbrella? This high-quality White and Dark Green Golf Umbrella with wooden handle is the perfect rain protection.","robots":{"index":"index","follow":"follow","max-snippet":"max-snippet:-1","max-image-preview":"max-image-preview:large","max-video-preview":"max-video-preview:-1"},"canonical":"https:\/\/www.rainandson.com\/sv\/produkt\/golf-umbrella-white-and-dark-green\/","og_locale":"sv_SE","og_type":"article","og_title":"White and Dark Green Golf Umbrella - Rain and Son - Classic and Stylish Umbrellas","og_description":"Looking for a large Golf Umbrella? This high-quality White and Dark Green Golf Umbrella with wooden handle is the perfect rain protection.","og_url":"https:\/\/www.rainandson.com\/sv\/produkt\/golf-umbrella-white-and-dark-green\/","og_site_name":"Rain and Son - Classic and Stylish Umbrellas","article_modified_time":"2026-01-12T10:29:37+00:00","og_image":[{"width":999,"height":999,"url":"https:\/\/www.rainandson.com\/wp-content\/uploads\/golf-umbrella-green-and-white-colors-2-e1606918151181.jpg","type":"image\/jpeg"}],"twitter_card":"summary_large_image","twitter_misc":{"Ber\u00e4knad l\u00e4stid":"1 minut"},"schema":{"@context":"https:\/\/schema.org","@graph":[{"@type":"WebPage","@id":"https:\/\/www.rainandson.com\/product\/golf-umbrella-white-and-dark-green\/","url":"https:\/\/www.rainandson.com\/product\/golf-umbrella-white-and-dark-green\/","name":"White and Dark Green Golf Umbrella - Rain and Son - Classic and Stylish Umbrellas","isPartOf":{"@id":"https:\/\/www.rainandson.com\/#website"},"primaryImageOfPage":{"@id":"https:\/\/www.rainandson.com\/product\/golf-umbrella-white-and-dark-green\/#primaryimage"},"image":{"@id":"https:\/\/www.rainandson.com\/product\/golf-umbrella-white-and-dark-green\/#primaryimage"},"thumbnailUrl":"https:\/\/www.rainandson.com\/wp-content\/uploads\/golf-umbrella-green-and-white-colors-2-e1606918151181.jpg","datePublished":"2020-11-25T19:34:37+00:00","dateModified":"2026-01-12T10:29:37+00:00","description":"Looking for a large Golf Umbrella? This high-quality White and Dark Green Golf Umbrella with wooden handle is the perfect rain protection.","breadcrumb":{"@id":"https:\/\/www.rainandson.com\/product\/golf-umbrella-white-and-dark-green\/#breadcrumb"},"inLanguage":"sv-SE","potentialAction":[{"@type":"ReadAction","target":["https:\/\/www.rainandson.com\/product\/golf-umbrella-white-and-dark-green\/"]}]},{"@type":"ImageObject","inLanguage":"sv-SE","@id":"https:\/\/www.rainandson.com\/product\/golf-umbrella-white-and-dark-green\/#primaryimage","url":"https:\/\/www.rainandson.com\/wp-content\/uploads\/golf-umbrella-green-and-white-colors-2-e1606918151181.jpg","contentUrl":"https:\/\/www.rainandson.com\/wp-content\/uploads\/golf-umbrella-green-and-white-colors-2-e1606918151181.jpg","width":999,"height":999,"caption":"golf umbrella in white and green"},{"@type":"BreadcrumbList","@id":"https:\/\/www.rainandson.com\/product\/golf-umbrella-white-and-dark-green\/#breadcrumb","itemListElement":[{"@type":"ListItem","position":1,"name":"Home","item":"https:\/\/www.rainandson.com\/sv\/"},{"@type":"ListItem","position":2,"name":"Shop","item":"https:\/\/www.rainandson.com\/shop\/"},{"@type":"ListItem","position":3,"name":"White and Dark Green Golf Umbrella"}]},{"@type":"WebSite","@id":"https:\/\/www.rainandson.com\/#website","url":"https:\/\/www.rainandson.com\/","name":"Rain and Son - Klassiska paraplyer i modern skandinavisk design","description":"Eleganta paraplyer online.","publisher":{"@id":"https:\/\/www.rainandson.com\/#organization"},"potentialAction":[{"@type":"SearchAction","target":{"@type":"EntryPoint","urlTemplate":"https:\/\/www.rainandson.com\/?s={search_term_string}"},"query-input":{"@type":"PropertyValueSpecification","valueRequired":true,"valueName":"search_term_string"}}],"inLanguage":"sv-SE"},{"@type":"Organization","@id":"https:\/\/www.rainandson.com\/#organization","name":"Rain &amp; Son","url":"https:\/\/www.rainandson.com\/","logo":{"@type":"ImageObject","inLanguage":"sv-SE","@id":"https:\/\/www.rainandson.com\/#\/schema\/logo\/image\/","url":"https:\/\/www.rainandson.com\/wp-content\/uploads\/rain-and-son-logotype-150.png","contentUrl":"https:\/\/www.rainandson.com\/wp-content\/uploads\/rain-and-son-logotype-150.png","width":125,"height":150,"caption":"Rain and Son"},"image":{"@id":"https:\/\/www.rainandson.com\/#\/schema\/logo\/image\/"}}]}},"_links":{"self":[{"href":"https:\/\/www.rainandson.com\/sv\/wp-json\/wp\/v2\/product\/3102","targetHints":{"allow":["GET"]}}],"collection":[{"href":"https:\/\/www.rainandson.com\/sv\/wp-json\/wp\/v2\/product"}],"about":[{"href":"https:\/\/www.rainandson.com\/sv\/wp-json\/wp\/v2\/types\/product"}],"replies":[{"embeddable":true,"href":"https:\/\/www.rainandson.com\/sv\/wp-json\/wp\/v2\/comments?post=3102"}],"wp:featuredmedia":[{"embeddable":true,"href":"https:\/\/www.rainandson.com\/sv\/wp-json\/wp\/v2\/media\/3139"}],"wp:attachment":[{"href":"https:\/\/www.rainandson.com\/sv\/wp-json\/wp\/v2\/media?parent=3102"}],"wp:term":[{"taxonomy":"product_brand","embeddable":true,"href":"https:\/\/www.rainandson.com\/sv\/wp-json\/wp\/v2\/product_brand?post=3102"},{"taxonomy":"product_cat","embeddable":true,"href":"https:\/\/www.rainandson.com\/sv\/wp-json\/wp\/v2\/product_cat?post=3102"},{"taxonomy":"product_tag","embeddable":true,"href":"https:\/\/www.rainandson.com\/sv\/wp-json\/wp\/v2\/product_tag?post=3102"}],"curies":[{"name":"wp","href":"https:\/\/api.w.org\/{rel}","templated":true}]}}