{"id":3098,"date":"2020-11-25T19:34:32","date_gmt":"2020-11-25T19:34:32","guid":{"rendered":"https:\/\/rainandson.kinsta.cloud\/product\/grey-compact-reflective-umbrella\/"},"modified":"2026-05-15T04:52:49","modified_gmt":"2026-05-15T04:52:49","slug":"grey-compact-reflective-umbrella","status":"publish","type":"product","link":"https:\/\/www.rainandson.com\/sv\/produkt\/grey-compact-reflective-umbrella\/","title":{"rendered":"Gr\u00e5tt hopf\u00e4llbart reflexparaply"},"content":{"rendered":"<p>Detta gr\u00e5a reflexparaply fr\u00e5n Rain &amp; Son \u00e4r en stilfull accessoar p\u00e5 dagarna med sina neutrala f\u00e4rger. P\u00e5 kv\u00e4llen och natten f\u00f6rvandlas det till ett hj\u00e4lpmedel f\u00f6r att h\u00e5lla dig b\u00e5de trygg och torr d\u00e5 den vita reflexranden tr\u00e4der fram. Paraplyet \u00e4r litet n\u00e4r det \u00e4r hopf\u00e4llt, vilket g\u00f6r det enkelt att ha med sig i v\u00e4skan och det designade tr\u00e4handtaget ger dig ett bra grepp. Det kompakta paraplyet har en automatisk \u00f6ppnings- och st\u00e4ngningsfunktion, alltid redo att anv\u00e4ndas. Det \u00e4r ett paraply av h\u00f6g kvalitet med en stark svart metallram och 10 ekrar. Du kan l\u00e4tt h\u00e5lla dig undan regnet under den stora sk\u00e4rmen som m\u00e4ter 103 centimeter i diameter i \u00f6ppet tillst\u00e5nd.<\/p>\n<p>Gr\u00e5tt <b>Hopf\u00e4llbara paraplyer <\/b>med vit reflexrand och 10 ekrar.<br \/>\nSvart metallram i h\u00f6g kvalitet med tv\u00e5 sektioner ekrar i fiberglas.<br \/>\nKromt\u00e4ckt metalskaft.<br \/>\nB\u00f6jt handtag i tr\u00e4.<br \/>\nSp\u00e4nne med knapp.<br \/>\nRain and Son logo sew on panel.<br \/>\n<b>Paraply<\/b> \u00f6ppnas till en diameter av 103 centimeter.<br \/>\nAutomatisk \u00f6ppning- och st\u00e4ngningsfunktion.<br \/>\nH\u00f6jd (st\u00e4ngt paraply): 36 cm.<br \/>\nH\u00f6jd (\u00f6ppet paraply): 68 cm.<br \/>\nVikt 435 gram.<\/p>","protected":false},"excerpt":{"rendered":"<p>Det gr\u00e5a hopf\u00e4llbara reflexparaplyet fr\u00e5n Rain &amp; Son kommer att h\u00e5lla dig torr s\u00e5v\u00e4l som synlig i m\u00f6rkret under regniga kv\u00e4llar. Det kompakta paraplyet har en stor m\u00f6rkgr\u00e5 sk\u00e4rm, svart metallram och tr\u00e4handtag vilket g\u00f6r det b\u00e5de starkt och elegant. Det hopf\u00e4llbara paraplyets automatiska \u00f6ppnings- och st\u00e4ngningsfunktion g\u00f6r det l\u00e4tt att anv\u00e4nda.<\/p>","protected":false},"featured_media":3150,"comment_status":"open","ping_status":"closed","template":"","meta":[],"product_brand":[],"product_cat":[116,191,192],"product_tag":[],"class_list":{"0":"post-3098","1":"product","2":"type-product","3":"status-publish","4":"has-post-thumbnail","6":"product_cat-all-umbrellas","7":"product_cat-compact-umbrellas","8":"product_cat-reflective-compact-umbrellas","9":"pa_colour-grey","11":"first","12":"instock","13":"taxable","14":"shipping-taxable","15":"product-type-simple"},"yoast_head":"<!-- This site is optimized with the Yoast SEO plugin v27.6 - https:\/\/yoast.com\/product\/yoast-seo-wordpress\/ -->\n<title>Grey Compact Reflective Umbrella - Rain and Son - Classic and Stylish Umbrellas<\/title>\n<meta name=\"description\" content=\"Looking for a compact reflective umbrella? This compact umbrella in a nice grey color with White Reflective Stripe will keep you both dry and safe.\" \/>\n<meta name=\"robots\" content=\"index, follow, max-snippet:-1, max-image-preview:large, max-video-preview:-1\" \/>\n<link rel=\"canonical\" href=\"https:\/\/www.rainandson.com\/sv\/produkt\/grey-compact-reflective-umbrella\/\" \/>\n<meta property=\"og:locale\" content=\"sv_SE\" \/>\n<meta property=\"og:type\" content=\"article\" \/>\n<meta property=\"og:title\" content=\"Grey Compact Reflective Umbrella - Rain and Son - Classic and Stylish Umbrellas\" \/>\n<meta property=\"og:description\" content=\"Looking for a compact reflective umbrella? This compact umbrella in a nice grey color with White Reflective Stripe will keep you both dry and safe.\" \/>\n<meta property=\"og:url\" content=\"https:\/\/www.rainandson.com\/sv\/produkt\/grey-compact-reflective-umbrella\/\" \/>\n<meta property=\"og:site_name\" content=\"Rain and Son - Classic and Stylish Umbrellas\" \/>\n<meta property=\"article:modified_time\" content=\"2026-05-15T04:52:49+00:00\" \/>\n<meta property=\"og:image\" content=\"https:\/\/www.rainandson.com\/wp-content\/uploads\/best-mens-compact-umbrella-2-e1606917958881.jpg\" \/>\n\t<meta property=\"og:image:width\" content=\"999\" \/>\n\t<meta property=\"og:image:height\" content=\"999\" \/>\n\t<meta property=\"og:image:type\" content=\"image\/jpeg\" \/>\n<meta name=\"twitter:card\" content=\"summary_large_image\" \/>\n<meta name=\"twitter:label1\" content=\"Ber\u00e4knad l\u00e4stid\" \/>\n\t<meta name=\"twitter:data1\" content=\"1 minut\" \/>\n<script type=\"application\/ld+json\" class=\"yoast-schema-graph\">{\"@context\":\"https:\\\/\\\/schema.org\",\"@graph\":[{\"@type\":\"WebPage\",\"@id\":\"https:\\\/\\\/www.rainandson.com\\\/product\\\/grey-compact-reflective-umbrella\\\/\",\"url\":\"https:\\\/\\\/www.rainandson.com\\\/product\\\/grey-compact-reflective-umbrella\\\/\",\"name\":\"Grey Compact Reflective Umbrella - Rain and Son - Classic and Stylish Umbrellas\",\"isPartOf\":{\"@id\":\"https:\\\/\\\/www.rainandson.com\\\/#website\"},\"primaryImageOfPage\":{\"@id\":\"https:\\\/\\\/www.rainandson.com\\\/product\\\/grey-compact-reflective-umbrella\\\/#primaryimage\"},\"image\":{\"@id\":\"https:\\\/\\\/www.rainandson.com\\\/product\\\/grey-compact-reflective-umbrella\\\/#primaryimage\"},\"thumbnailUrl\":\"https:\\\/\\\/www.rainandson.com\\\/wp-content\\\/uploads\\\/best-mens-compact-umbrella-2-e1606917958881.jpg\",\"datePublished\":\"2020-11-25T19:34:32+00:00\",\"dateModified\":\"2026-05-15T04:52:49+00:00\",\"description\":\"Looking for a compact reflective umbrella? This compact umbrella in a nice grey color with White Reflective Stripe will keep you both dry and safe.\",\"breadcrumb\":{\"@id\":\"https:\\\/\\\/www.rainandson.com\\\/product\\\/grey-compact-reflective-umbrella\\\/#breadcrumb\"},\"inLanguage\":\"sv-SE\",\"potentialAction\":[{\"@type\":\"ReadAction\",\"target\":[\"https:\\\/\\\/www.rainandson.com\\\/product\\\/grey-compact-reflective-umbrella\\\/\"]}]},{\"@type\":\"ImageObject\",\"inLanguage\":\"sv-SE\",\"@id\":\"https:\\\/\\\/www.rainandson.com\\\/product\\\/grey-compact-reflective-umbrella\\\/#primaryimage\",\"url\":\"https:\\\/\\\/www.rainandson.com\\\/wp-content\\\/uploads\\\/best-mens-compact-umbrella-2-e1606917958881.jpg\",\"contentUrl\":\"https:\\\/\\\/www.rainandson.com\\\/wp-content\\\/uploads\\\/best-mens-compact-umbrella-2-e1606917958881.jpg\",\"width\":999,\"height\":999,\"caption\":\"grey compact umbrella\"},{\"@type\":\"BreadcrumbList\",\"@id\":\"https:\\\/\\\/www.rainandson.com\\\/product\\\/grey-compact-reflective-umbrella\\\/#breadcrumb\",\"itemListElement\":[{\"@type\":\"ListItem\",\"position\":1,\"name\":\"Home\",\"item\":\"https:\\\/\\\/www.rainandson.com\\\/sv\\\/\"},{\"@type\":\"ListItem\",\"position\":2,\"name\":\"Shop\",\"item\":\"https:\\\/\\\/www.rainandson.com\\\/shop\\\/\"},{\"@type\":\"ListItem\",\"position\":3,\"name\":\"Grey Compact Reflective Umbrella\"}]},{\"@type\":\"WebSite\",\"@id\":\"https:\\\/\\\/www.rainandson.com\\\/#website\",\"url\":\"https:\\\/\\\/www.rainandson.com\\\/\",\"name\":\"Rain and Son - Classic and Stylish Umbrellas\",\"description\":\"Fashionable Umbrellas Online.\",\"publisher\":{\"@id\":\"https:\\\/\\\/www.rainandson.com\\\/#organization\"},\"potentialAction\":[{\"@type\":\"SearchAction\",\"target\":{\"@type\":\"EntryPoint\",\"urlTemplate\":\"https:\\\/\\\/www.rainandson.com\\\/?s={search_term_string}\"},\"query-input\":{\"@type\":\"PropertyValueSpecification\",\"valueRequired\":true,\"valueName\":\"search_term_string\"}}],\"inLanguage\":\"sv-SE\"},{\"@type\":\"Organization\",\"@id\":\"https:\\\/\\\/www.rainandson.com\\\/#organization\",\"name\":\"Rain and Son\",\"url\":\"https:\\\/\\\/www.rainandson.com\\\/\",\"logo\":{\"@type\":\"ImageObject\",\"inLanguage\":\"sv-SE\",\"@id\":\"https:\\\/\\\/www.rainandson.com\\\/#\\\/schema\\\/logo\\\/image\\\/\",\"url\":\"https:\\\/\\\/www.rainandson.com\\\/wp-content\\\/uploads\\\/rain-and-son-logotype-150.png\",\"contentUrl\":\"https:\\\/\\\/www.rainandson.com\\\/wp-content\\\/uploads\\\/rain-and-son-logotype-150.png\",\"width\":125,\"height\":150,\"caption\":\"Rain and Son\"},\"image\":{\"@id\":\"https:\\\/\\\/www.rainandson.com\\\/#\\\/schema\\\/logo\\\/image\\\/\"}}]}<\/script>\n<!-- \/ Yoast SEO plugin. -->","yoast_head_json":{"title":"Grey Compact Reflective Umbrella - Rain and Son - Classic and Stylish Umbrellas","description":"Looking for a compact reflective umbrella? This compact umbrella in a nice grey color with White Reflective Stripe will keep you both dry and safe.","robots":{"index":"index","follow":"follow","max-snippet":"max-snippet:-1","max-image-preview":"max-image-preview:large","max-video-preview":"max-video-preview:-1"},"canonical":"https:\/\/www.rainandson.com\/sv\/produkt\/grey-compact-reflective-umbrella\/","og_locale":"sv_SE","og_type":"article","og_title":"Grey Compact Reflective Umbrella - Rain and Son - Classic and Stylish Umbrellas","og_description":"Looking for a compact reflective umbrella? This compact umbrella in a nice grey color with White Reflective Stripe will keep you both dry and safe.","og_url":"https:\/\/www.rainandson.com\/sv\/produkt\/grey-compact-reflective-umbrella\/","og_site_name":"Rain and Son - Classic and Stylish Umbrellas","article_modified_time":"2026-05-15T04:52:49+00:00","og_image":[{"width":999,"height":999,"url":"https:\/\/www.rainandson.com\/wp-content\/uploads\/best-mens-compact-umbrella-2-e1606917958881.jpg","type":"image\/jpeg"}],"twitter_card":"summary_large_image","twitter_misc":{"Ber\u00e4knad l\u00e4stid":"1 minut"},"schema":{"@context":"https:\/\/schema.org","@graph":[{"@type":"WebPage","@id":"https:\/\/www.rainandson.com\/product\/grey-compact-reflective-umbrella\/","url":"https:\/\/www.rainandson.com\/product\/grey-compact-reflective-umbrella\/","name":"Grey Compact Reflective Umbrella - Rain and Son - Classic and Stylish Umbrellas","isPartOf":{"@id":"https:\/\/www.rainandson.com\/#website"},"primaryImageOfPage":{"@id":"https:\/\/www.rainandson.com\/product\/grey-compact-reflective-umbrella\/#primaryimage"},"image":{"@id":"https:\/\/www.rainandson.com\/product\/grey-compact-reflective-umbrella\/#primaryimage"},"thumbnailUrl":"https:\/\/www.rainandson.com\/wp-content\/uploads\/best-mens-compact-umbrella-2-e1606917958881.jpg","datePublished":"2020-11-25T19:34:32+00:00","dateModified":"2026-05-15T04:52:49+00:00","description":"Looking for a compact reflective umbrella? This compact umbrella in a nice grey color with White Reflective Stripe will keep you both dry and safe.","breadcrumb":{"@id":"https:\/\/www.rainandson.com\/product\/grey-compact-reflective-umbrella\/#breadcrumb"},"inLanguage":"sv-SE","potentialAction":[{"@type":"ReadAction","target":["https:\/\/www.rainandson.com\/product\/grey-compact-reflective-umbrella\/"]}]},{"@type":"ImageObject","inLanguage":"sv-SE","@id":"https:\/\/www.rainandson.com\/product\/grey-compact-reflective-umbrella\/#primaryimage","url":"https:\/\/www.rainandson.com\/wp-content\/uploads\/best-mens-compact-umbrella-2-e1606917958881.jpg","contentUrl":"https:\/\/www.rainandson.com\/wp-content\/uploads\/best-mens-compact-umbrella-2-e1606917958881.jpg","width":999,"height":999,"caption":"grey compact umbrella"},{"@type":"BreadcrumbList","@id":"https:\/\/www.rainandson.com\/product\/grey-compact-reflective-umbrella\/#breadcrumb","itemListElement":[{"@type":"ListItem","position":1,"name":"Home","item":"https:\/\/www.rainandson.com\/sv\/"},{"@type":"ListItem","position":2,"name":"Shop","item":"https:\/\/www.rainandson.com\/shop\/"},{"@type":"ListItem","position":3,"name":"Grey Compact Reflective Umbrella"}]},{"@type":"WebSite","@id":"https:\/\/www.rainandson.com\/#website","url":"https:\/\/www.rainandson.com\/","name":"Rain and Son - Klassiska paraplyer i modern skandinavisk design","description":"Eleganta paraplyer online.","publisher":{"@id":"https:\/\/www.rainandson.com\/#organization"},"potentialAction":[{"@type":"SearchAction","target":{"@type":"EntryPoint","urlTemplate":"https:\/\/www.rainandson.com\/?s={search_term_string}"},"query-input":{"@type":"PropertyValueSpecification","valueRequired":true,"valueName":"search_term_string"}}],"inLanguage":"sv-SE"},{"@type":"Organization","@id":"https:\/\/www.rainandson.com\/#organization","name":"Rain &amp; Son","url":"https:\/\/www.rainandson.com\/","logo":{"@type":"ImageObject","inLanguage":"sv-SE","@id":"https:\/\/www.rainandson.com\/#\/schema\/logo\/image\/","url":"https:\/\/www.rainandson.com\/wp-content\/uploads\/rain-and-son-logotype-150.png","contentUrl":"https:\/\/www.rainandson.com\/wp-content\/uploads\/rain-and-son-logotype-150.png","width":125,"height":150,"caption":"Rain and Son"},"image":{"@id":"https:\/\/www.rainandson.com\/#\/schema\/logo\/image\/"}}]}},"_links":{"self":[{"href":"https:\/\/www.rainandson.com\/sv\/wp-json\/wp\/v2\/product\/3098","targetHints":{"allow":["GET"]}}],"collection":[{"href":"https:\/\/www.rainandson.com\/sv\/wp-json\/wp\/v2\/product"}],"about":[{"href":"https:\/\/www.rainandson.com\/sv\/wp-json\/wp\/v2\/types\/product"}],"replies":[{"embeddable":true,"href":"https:\/\/www.rainandson.com\/sv\/wp-json\/wp\/v2\/comments?post=3098"}],"wp:featuredmedia":[{"embeddable":true,"href":"https:\/\/www.rainandson.com\/sv\/wp-json\/wp\/v2\/media\/3150"}],"wp:attachment":[{"href":"https:\/\/www.rainandson.com\/sv\/wp-json\/wp\/v2\/media?parent=3098"}],"wp:term":[{"taxonomy":"product_brand","embeddable":true,"href":"https:\/\/www.rainandson.com\/sv\/wp-json\/wp\/v2\/product_brand?post=3098"},{"taxonomy":"product_cat","embeddable":true,"href":"https:\/\/www.rainandson.com\/sv\/wp-json\/wp\/v2\/product_cat?post=3098"},{"taxonomy":"product_tag","embeddable":true,"href":"https:\/\/www.rainandson.com\/sv\/wp-json\/wp\/v2\/product_tag?post=3098"}],"curies":[{"name":"wp","href":"https:\/\/api.w.org\/{rel}","templated":true}]}}