{"id":3092,"date":"2020-11-25T19:34:22","date_gmt":"2020-11-25T19:34:22","guid":{"rendered":"https:\/\/rainandson.kinsta.cloud\/product\/yellow-compact-reflective-umbrella\/"},"modified":"2025-12-01T16:09:37","modified_gmt":"2025-12-01T16:09:37","slug":"yellow-compact-reflective-umbrella","status":"publish","type":"product","link":"https:\/\/www.rainandson.com\/sv\/produkt\/yellow-compact-reflective-umbrella\/","title":{"rendered":"Gult hopf\u00e4llbart reflexparaply"},"content":{"rendered":"<p>Detta f\u00e4rgglada hopf\u00e4llbara paraply kommer dagtid att f\u00e5 dig att sticka ut i ett hav av annars mest svarta paraplyer. P\u00e5 natten kommer reflexranden p\u00e5 paraplyets kant att se till att du syns i m\u00f6rkret. Det hopf\u00e4llbara paraplyet \u00e4r l\u00e4tt att anv\u00e4nda med dess automatiska \u00f6ppnings- och st\u00e4ngningsfunktion. Allt du beh\u00f6ver g\u00f6ra \u00e4r att trycka p\u00e5 knappen p\u00e5 handtaget s\u00e5 \u00f6ppnas och st\u00e4ngs paraplyet. N\u00e4r paraplyet \u00e4r hopf\u00e4llt \u00e4r det ett litet paraply men n\u00e4r det \u00e4r \u00f6ppet f\u00f6rvandlas det till ett stort paraply med en diameter p\u00e5 103 centimeter. Det v\u00e4ldesignade paraplyet med dess b\u00f6jda tr\u00e4handtag g\u00f6r det enkelt att greppa. Det vackra paraplyet med dess klargula f\u00e4rg kommer att g\u00f6ra att du b\u00e5de k\u00e4nner dig f\u00e4rgglas och stilfull. Gl\u00f6m inte att ett knallgult paraply kan vara en perfekt present till n\u00e5gon som gillar bj\u00e4rta f\u00e4rger.<\/p>\n<p>Gult <b>Hopf\u00e4llbara paraplyer<\/b>\u00a0med reflexrand och 10 ekrar.<br \/>\nSvart metallram i h\u00f6g kvalitet med tv\u00e5 sektioner ekrar i fiberglas.<br \/>\nKromt\u00e4ckt metalskaft.<br \/>\nB\u00f6jt handtag i tr\u00e4.<br \/>\nSp\u00e4nne med knapp.<br \/>\nRain &amp; Son Logotyp sydd p\u00e5 sk\u00e4rmen.<br \/>\n<b>Paraply<\/b> \u00f6ppnas till en diameter av 103 centimeter.<br \/>\nAutomatisk \u00f6ppning- och st\u00e4ngningsfunktion.<br \/>\nH\u00f6jd (st\u00e4ngt paraply): 36 cm.<br \/>\nH\u00f6jd (\u00f6ppet paraply): 68 cm.<br \/>\nVikt 435 gram.<\/p>","protected":false},"excerpt":{"rendered":"<p>Detta hopf\u00e4llbara paraply med reflexrand kommer att h\u00e5lla dig torr samtidigt som du syns i m\u00f6rkret. Det lilla paraplyet \u00e4r enkelt att ta med och f\u00f6rvara i v\u00e4skan tills det b\u00f6rjar att regna. I \u00f6ppet tillst\u00e5nd m\u00e4ter paraplyets diameter 103 centimeter.<\/p>","protected":false},"featured_media":4086,"comment_status":"open","ping_status":"closed","template":"","meta":[],"product_brand":[],"product_cat":[116,191,192],"product_tag":[],"class_list":{"0":"post-3092","1":"product","2":"type-product","3":"status-publish","4":"has-post-thumbnail","6":"product_cat-all-umbrellas","7":"product_cat-compact-umbrellas","8":"product_cat-reflective-compact-umbrellas","9":"pa_colour-yellow","11":"first","12":"instock","13":"taxable","14":"shipping-taxable","15":"product-type-simple"},"yoast_head":"<!-- This site is optimized with the Yoast SEO plugin v27.5 - https:\/\/yoast.com\/product\/yoast-seo-wordpress\/ -->\n<title>Yellow Compact Reflective Umbrella - Rain and Son - Classic and Stylish Umbrellas<\/title>\n<meta name=\"description\" content=\"Looking for a bright yellow Compact Umbrella? This high-quality foldable umbrella with a dark grey reflective stripe will keep you dry and visible.\" \/>\n<meta name=\"robots\" content=\"index, follow, max-snippet:-1, max-image-preview:large, max-video-preview:-1\" \/>\n<link rel=\"canonical\" href=\"https:\/\/www.rainandson.com\/sv\/produkt\/yellow-compact-reflective-umbrella\/\" \/>\n<meta property=\"og:locale\" content=\"sv_SE\" \/>\n<meta property=\"og:type\" content=\"article\" \/>\n<meta property=\"og:title\" content=\"Yellow Compact Reflective Umbrella - Rain and Son - Classic and Stylish Umbrellas\" \/>\n<meta property=\"og:description\" content=\"Looking for a bright yellow Compact Umbrella? This high-quality foldable umbrella with a dark grey reflective stripe will keep you dry and visible.\" \/>\n<meta property=\"og:url\" content=\"https:\/\/www.rainandson.com\/sv\/produkt\/yellow-compact-reflective-umbrella\/\" \/>\n<meta property=\"og:site_name\" content=\"Rain and Son - Classic and Stylish Umbrellas\" \/>\n<meta property=\"article:modified_time\" content=\"2025-12-01T16:09:37+00:00\" \/>\n<meta property=\"og:image\" content=\"https:\/\/www.rainandson.com\/wp-content\/uploads\/reflective-yellow-rain-umbrellas-2-e1606919721214.jpg\" \/>\n\t<meta property=\"og:image:width\" content=\"999\" \/>\n\t<meta property=\"og:image:height\" content=\"999\" \/>\n\t<meta property=\"og:image:type\" content=\"image\/jpeg\" \/>\n<meta name=\"twitter:card\" content=\"summary_large_image\" \/>\n<meta name=\"twitter:label1\" content=\"Ber\u00e4knad l\u00e4stid\" \/>\n\t<meta name=\"twitter:data1\" content=\"1 minut\" \/>\n<script type=\"application\/ld+json\" class=\"yoast-schema-graph\">{\"@context\":\"https:\\\/\\\/schema.org\",\"@graph\":[{\"@type\":\"WebPage\",\"@id\":\"https:\\\/\\\/www.rainandson.com\\\/product\\\/yellow-compact-reflective-umbrella\\\/\",\"url\":\"https:\\\/\\\/www.rainandson.com\\\/product\\\/yellow-compact-reflective-umbrella\\\/\",\"name\":\"Yellow Compact Reflective Umbrella - Rain and Son - Classic and Stylish Umbrellas\",\"isPartOf\":{\"@id\":\"https:\\\/\\\/www.rainandson.com\\\/#website\"},\"primaryImageOfPage\":{\"@id\":\"https:\\\/\\\/www.rainandson.com\\\/product\\\/yellow-compact-reflective-umbrella\\\/#primaryimage\"},\"image\":{\"@id\":\"https:\\\/\\\/www.rainandson.com\\\/product\\\/yellow-compact-reflective-umbrella\\\/#primaryimage\"},\"thumbnailUrl\":\"https:\\\/\\\/www.rainandson.com\\\/wp-content\\\/uploads\\\/reflective-yellow-rain-umbrellas-2-e1606919721214.jpg\",\"datePublished\":\"2020-11-25T19:34:22+00:00\",\"dateModified\":\"2025-12-01T16:09:37+00:00\",\"description\":\"Looking for a bright yellow Compact Umbrella? This high-quality foldable umbrella with a dark grey reflective stripe will keep you dry and visible.\",\"breadcrumb\":{\"@id\":\"https:\\\/\\\/www.rainandson.com\\\/product\\\/yellow-compact-reflective-umbrella\\\/#breadcrumb\"},\"inLanguage\":\"sv-SE\",\"potentialAction\":[{\"@type\":\"ReadAction\",\"target\":[\"https:\\\/\\\/www.rainandson.com\\\/product\\\/yellow-compact-reflective-umbrella\\\/\"]}]},{\"@type\":\"ImageObject\",\"inLanguage\":\"sv-SE\",\"@id\":\"https:\\\/\\\/www.rainandson.com\\\/product\\\/yellow-compact-reflective-umbrella\\\/#primaryimage\",\"url\":\"https:\\\/\\\/www.rainandson.com\\\/wp-content\\\/uploads\\\/reflective-yellow-rain-umbrellas-2-e1606919721214.jpg\",\"contentUrl\":\"https:\\\/\\\/www.rainandson.com\\\/wp-content\\\/uploads\\\/reflective-yellow-rain-umbrellas-2-e1606919721214.jpg\",\"width\":999,\"height\":999,\"caption\":\"crooked handle umbrella yellow reflective\"},{\"@type\":\"BreadcrumbList\",\"@id\":\"https:\\\/\\\/www.rainandson.com\\\/product\\\/yellow-compact-reflective-umbrella\\\/#breadcrumb\",\"itemListElement\":[{\"@type\":\"ListItem\",\"position\":1,\"name\":\"Home\",\"item\":\"https:\\\/\\\/www.rainandson.com\\\/sv\\\/\"},{\"@type\":\"ListItem\",\"position\":2,\"name\":\"Shop\",\"item\":\"https:\\\/\\\/www.rainandson.com\\\/shop\\\/\"},{\"@type\":\"ListItem\",\"position\":3,\"name\":\"Yellow Compact Reflective Umbrella\"}]},{\"@type\":\"WebSite\",\"@id\":\"https:\\\/\\\/www.rainandson.com\\\/#website\",\"url\":\"https:\\\/\\\/www.rainandson.com\\\/\",\"name\":\"Rain and Son - Classic and Stylish Umbrellas\",\"description\":\"Fashionable Umbrellas Online.\",\"publisher\":{\"@id\":\"https:\\\/\\\/www.rainandson.com\\\/#organization\"},\"potentialAction\":[{\"@type\":\"SearchAction\",\"target\":{\"@type\":\"EntryPoint\",\"urlTemplate\":\"https:\\\/\\\/www.rainandson.com\\\/?s={search_term_string}\"},\"query-input\":{\"@type\":\"PropertyValueSpecification\",\"valueRequired\":true,\"valueName\":\"search_term_string\"}}],\"inLanguage\":\"sv-SE\"},{\"@type\":\"Organization\",\"@id\":\"https:\\\/\\\/www.rainandson.com\\\/#organization\",\"name\":\"Rain and Son\",\"url\":\"https:\\\/\\\/www.rainandson.com\\\/\",\"logo\":{\"@type\":\"ImageObject\",\"inLanguage\":\"sv-SE\",\"@id\":\"https:\\\/\\\/www.rainandson.com\\\/#\\\/schema\\\/logo\\\/image\\\/\",\"url\":\"https:\\\/\\\/www.rainandson.com\\\/wp-content\\\/uploads\\\/rain-and-son-logotype-150.png\",\"contentUrl\":\"https:\\\/\\\/www.rainandson.com\\\/wp-content\\\/uploads\\\/rain-and-son-logotype-150.png\",\"width\":125,\"height\":150,\"caption\":\"Rain and Son\"},\"image\":{\"@id\":\"https:\\\/\\\/www.rainandson.com\\\/#\\\/schema\\\/logo\\\/image\\\/\"}}]}<\/script>\n<!-- \/ Yoast SEO plugin. -->","yoast_head_json":{"title":"Yellow Compact Reflective Umbrella - Rain and Son - Classic and Stylish Umbrellas","description":"Looking for a bright yellow Compact Umbrella? This high-quality foldable umbrella with a dark grey reflective stripe will keep you dry and visible.","robots":{"index":"index","follow":"follow","max-snippet":"max-snippet:-1","max-image-preview":"max-image-preview:large","max-video-preview":"max-video-preview:-1"},"canonical":"https:\/\/www.rainandson.com\/sv\/produkt\/yellow-compact-reflective-umbrella\/","og_locale":"sv_SE","og_type":"article","og_title":"Yellow Compact Reflective Umbrella - Rain and Son - Classic and Stylish Umbrellas","og_description":"Looking for a bright yellow Compact Umbrella? This high-quality foldable umbrella with a dark grey reflective stripe will keep you dry and visible.","og_url":"https:\/\/www.rainandson.com\/sv\/produkt\/yellow-compact-reflective-umbrella\/","og_site_name":"Rain and Son - Classic and Stylish Umbrellas","article_modified_time":"2025-12-01T16:09:37+00:00","og_image":[{"width":999,"height":999,"url":"https:\/\/www.rainandson.com\/wp-content\/uploads\/reflective-yellow-rain-umbrellas-2-e1606919721214.jpg","type":"image\/jpeg"}],"twitter_card":"summary_large_image","twitter_misc":{"Ber\u00e4knad l\u00e4stid":"1 minut"},"schema":{"@context":"https:\/\/schema.org","@graph":[{"@type":"WebPage","@id":"https:\/\/www.rainandson.com\/product\/yellow-compact-reflective-umbrella\/","url":"https:\/\/www.rainandson.com\/product\/yellow-compact-reflective-umbrella\/","name":"Yellow Compact Reflective Umbrella - Rain and Son - Classic and Stylish Umbrellas","isPartOf":{"@id":"https:\/\/www.rainandson.com\/#website"},"primaryImageOfPage":{"@id":"https:\/\/www.rainandson.com\/product\/yellow-compact-reflective-umbrella\/#primaryimage"},"image":{"@id":"https:\/\/www.rainandson.com\/product\/yellow-compact-reflective-umbrella\/#primaryimage"},"thumbnailUrl":"https:\/\/www.rainandson.com\/wp-content\/uploads\/reflective-yellow-rain-umbrellas-2-e1606919721214.jpg","datePublished":"2020-11-25T19:34:22+00:00","dateModified":"2025-12-01T16:09:37+00:00","description":"Looking for a bright yellow Compact Umbrella? This high-quality foldable umbrella with a dark grey reflective stripe will keep you dry and visible.","breadcrumb":{"@id":"https:\/\/www.rainandson.com\/product\/yellow-compact-reflective-umbrella\/#breadcrumb"},"inLanguage":"sv-SE","potentialAction":[{"@type":"ReadAction","target":["https:\/\/www.rainandson.com\/product\/yellow-compact-reflective-umbrella\/"]}]},{"@type":"ImageObject","inLanguage":"sv-SE","@id":"https:\/\/www.rainandson.com\/product\/yellow-compact-reflective-umbrella\/#primaryimage","url":"https:\/\/www.rainandson.com\/wp-content\/uploads\/reflective-yellow-rain-umbrellas-2-e1606919721214.jpg","contentUrl":"https:\/\/www.rainandson.com\/wp-content\/uploads\/reflective-yellow-rain-umbrellas-2-e1606919721214.jpg","width":999,"height":999,"caption":"crooked handle umbrella yellow reflective"},{"@type":"BreadcrumbList","@id":"https:\/\/www.rainandson.com\/product\/yellow-compact-reflective-umbrella\/#breadcrumb","itemListElement":[{"@type":"ListItem","position":1,"name":"Home","item":"https:\/\/www.rainandson.com\/sv\/"},{"@type":"ListItem","position":2,"name":"Shop","item":"https:\/\/www.rainandson.com\/shop\/"},{"@type":"ListItem","position":3,"name":"Yellow Compact Reflective Umbrella"}]},{"@type":"WebSite","@id":"https:\/\/www.rainandson.com\/#website","url":"https:\/\/www.rainandson.com\/","name":"Rain and Son - Klassiska paraplyer i modern skandinavisk design","description":"Eleganta paraplyer online.","publisher":{"@id":"https:\/\/www.rainandson.com\/#organization"},"potentialAction":[{"@type":"SearchAction","target":{"@type":"EntryPoint","urlTemplate":"https:\/\/www.rainandson.com\/?s={search_term_string}"},"query-input":{"@type":"PropertyValueSpecification","valueRequired":true,"valueName":"search_term_string"}}],"inLanguage":"sv-SE"},{"@type":"Organization","@id":"https:\/\/www.rainandson.com\/#organization","name":"Rain &amp; Son","url":"https:\/\/www.rainandson.com\/","logo":{"@type":"ImageObject","inLanguage":"sv-SE","@id":"https:\/\/www.rainandson.com\/#\/schema\/logo\/image\/","url":"https:\/\/www.rainandson.com\/wp-content\/uploads\/rain-and-son-logotype-150.png","contentUrl":"https:\/\/www.rainandson.com\/wp-content\/uploads\/rain-and-son-logotype-150.png","width":125,"height":150,"caption":"Rain and Son"},"image":{"@id":"https:\/\/www.rainandson.com\/#\/schema\/logo\/image\/"}}]}},"_links":{"self":[{"href":"https:\/\/www.rainandson.com\/sv\/wp-json\/wp\/v2\/product\/3092","targetHints":{"allow":["GET"]}}],"collection":[{"href":"https:\/\/www.rainandson.com\/sv\/wp-json\/wp\/v2\/product"}],"about":[{"href":"https:\/\/www.rainandson.com\/sv\/wp-json\/wp\/v2\/types\/product"}],"replies":[{"embeddable":true,"href":"https:\/\/www.rainandson.com\/sv\/wp-json\/wp\/v2\/comments?post=3092"}],"wp:featuredmedia":[{"embeddable":true,"href":"https:\/\/www.rainandson.com\/sv\/wp-json\/wp\/v2\/media\/4086"}],"wp:attachment":[{"href":"https:\/\/www.rainandson.com\/sv\/wp-json\/wp\/v2\/media?parent=3092"}],"wp:term":[{"taxonomy":"product_brand","embeddable":true,"href":"https:\/\/www.rainandson.com\/sv\/wp-json\/wp\/v2\/product_brand?post=3092"},{"taxonomy":"product_cat","embeddable":true,"href":"https:\/\/www.rainandson.com\/sv\/wp-json\/wp\/v2\/product_cat?post=3092"},{"taxonomy":"product_tag","embeddable":true,"href":"https:\/\/www.rainandson.com\/sv\/wp-json\/wp\/v2\/product_tag?post=3092"}],"curies":[{"name":"wp","href":"https:\/\/api.w.org\/{rel}","templated":true}]}}