{"id":3086,"date":"2020-11-25T19:34:15","date_gmt":"2020-11-25T19:34:15","guid":{"rendered":"https:\/\/rainandson.kinsta.cloud\/product\/classic-black-umbrella\/"},"modified":"2026-05-13T15:50:51","modified_gmt":"2026-05-13T15:50:51","slug":"classic-black-umbrella","status":"publish","type":"product","link":"https:\/\/www.rainandson.com\/sv\/produkt\/classic-black-umbrella\/","title":{"rendered":"Klassiskt svart paraply"},"content":{"rendered":"<p>Rain &amp; Sons klassiska, svarta paraply \u00e4r ett stils\u00e4kert val som aldrig g\u00e5r ur tiden. Helt enkelt en m\u00e5ste accessoar f\u00f6r regninga dagar. Paraplyets b\u00f6jda tr\u00e4handtag och fina sp\u00e4nne med knapp ger paraplyet en k\u00e4nsla av lyx. Paraplyet har en stor sk\u00e4rm som ser till att h\u00e5lla dig torr i allt fr\u00e5n sn\u00f6modd , hagel och regn. Paraplyets klassiska, engelska stil tillf\u00f6r b\u00e5de elegans och fl\u00e4rd till din utstyrsel. Ett stilfullt paraply f\u00f6r m\u00e4n s\u00e5v\u00e4l som f\u00f6r kvinnor.<\/p>\n<p>Svart design <b>Paraply<\/b> med 12 ekrar.<br \/>\nH\u00f6g kvalitet <b>paraply<\/b>.<br \/>\nTr\u00e4skaft med ram i svart fiberglas.<br \/>\nB\u00f6jt handtag i tr\u00e4 med Rain &amp; Son logotyp.<br \/>\nSp\u00e4nne med knapp.<br \/>\nNickelbelagda metallspetsar i silverf\u00e4rg.<br \/>\nTr\u00e4topp med nickelbelagd topp i silverf\u00e4rg.<br \/>\nRain &amp; Son logotyp p\u00e5 sk\u00e4rmen.<br \/>\n<b>Paraply<\/b> \u00f6ppnas till en diameter av 103 centimeter.<br \/>\nSkaftets diameter 1.5 cm.<br \/>\nH\u00f6jd 89 cm.<br \/>\nVikt 500 gram.<\/p>","protected":false},"excerpt":{"rendered":"<p>Det h\u00e4r klassiska, svarta paraplyet med b\u00f6jt handtag i tr\u00e4 \u00e4r designat f\u00f6r eleganta tillf\u00e4llen. Paraplyets stora sk\u00e4rm g\u00f6r det till det perfekta regnskyddet. Det \u00e4r ett paraply av h\u00f6g kvalitet med b\u00e5de handtag och skaft i tr\u00e4material. Ett klassiskt brittiskt paraply f\u00f6r kvinnor s\u00e5v\u00e4l som m\u00e4n.<\/p>","protected":false},"featured_media":3192,"comment_status":"open","ping_status":"closed","template":"","meta":[],"product_brand":[],"product_cat":[116,247,190],"product_tag":[],"class_list":{"0":"post-3086","1":"product","2":"type-product","3":"status-publish","4":"has-post-thumbnail","6":"product_cat-all-umbrellas","7":"product_cat-classic-umbrellas","8":"product_cat-large-umbrellas","9":"pa_colour-black","11":"first","12":"instock","13":"taxable","14":"shipping-taxable","15":"product-type-simple"},"yoast_head":"<!-- This site is optimized with the Yoast SEO plugin v27.6 - https:\/\/yoast.com\/product\/yoast-seo-wordpress\/ -->\n<title>Classic Black Umbrella - Rain and Son - Classic and Stylish Umbrellas<\/title>\n<meta name=\"description\" content=\"Looking for a Classic Black Umbrella? This doorman style design umbrella with a wooden handle and steel frame is the perfect umbrella for heavy rain.\" \/>\n<meta name=\"robots\" content=\"index, follow, max-snippet:-1, max-image-preview:large, max-video-preview:-1\" \/>\n<link rel=\"canonical\" href=\"https:\/\/www.rainandson.com\/sv\/produkt\/classic-black-umbrella\/\" \/>\n<meta property=\"og:locale\" content=\"sv_SE\" \/>\n<meta property=\"og:type\" content=\"article\" \/>\n<meta property=\"og:title\" content=\"Classic Black Umbrella - Rain and Son - Classic and Stylish Umbrellas\" \/>\n<meta property=\"og:description\" content=\"Looking for a Classic Black Umbrella? This doorman style design umbrella with a wooden handle and steel frame is the perfect umbrella for heavy rain.\" \/>\n<meta property=\"og:url\" content=\"https:\/\/www.rainandson.com\/sv\/produkt\/classic-black-umbrella\/\" \/>\n<meta property=\"og:site_name\" content=\"Rain and Son - Classic and Stylish Umbrellas\" \/>\n<meta property=\"article:modified_time\" content=\"2026-05-13T15:50:51+00:00\" \/>\n<meta property=\"og:image\" content=\"https:\/\/www.rainandson.com\/wp-content\/uploads\/classic-black-umbrella-curved-handle-2-e1606915226224.jpg\" \/>\n\t<meta property=\"og:image:width\" content=\"999\" \/>\n\t<meta property=\"og:image:height\" content=\"999\" \/>\n\t<meta property=\"og:image:type\" content=\"image\/jpeg\" \/>\n<meta name=\"twitter:card\" content=\"summary_large_image\" \/>\n<meta name=\"twitter:label1\" content=\"Ber\u00e4knad l\u00e4stid\" \/>\n\t<meta name=\"twitter:data1\" content=\"1 minut\" \/>\n<script type=\"application\/ld+json\" class=\"yoast-schema-graph\">{\"@context\":\"https:\\\/\\\/schema.org\",\"@graph\":[{\"@type\":\"WebPage\",\"@id\":\"https:\\\/\\\/www.rainandson.com\\\/product\\\/classic-black-umbrella\\\/\",\"url\":\"https:\\\/\\\/www.rainandson.com\\\/product\\\/classic-black-umbrella\\\/\",\"name\":\"Classic Black Umbrella - Rain and Son - Classic and Stylish Umbrellas\",\"isPartOf\":{\"@id\":\"https:\\\/\\\/www.rainandson.com\\\/#website\"},\"primaryImageOfPage\":{\"@id\":\"https:\\\/\\\/www.rainandson.com\\\/product\\\/classic-black-umbrella\\\/#primaryimage\"},\"image\":{\"@id\":\"https:\\\/\\\/www.rainandson.com\\\/product\\\/classic-black-umbrella\\\/#primaryimage\"},\"thumbnailUrl\":\"https:\\\/\\\/www.rainandson.com\\\/wp-content\\\/uploads\\\/classic-black-umbrella-curved-handle-2-e1606915226224.jpg\",\"datePublished\":\"2020-11-25T19:34:15+00:00\",\"dateModified\":\"2026-05-13T15:50:51+00:00\",\"description\":\"Looking for a Classic Black Umbrella? This doorman style design umbrella with a wooden handle and steel frame is the perfect umbrella for heavy rain.\",\"breadcrumb\":{\"@id\":\"https:\\\/\\\/www.rainandson.com\\\/product\\\/classic-black-umbrella\\\/#breadcrumb\"},\"inLanguage\":\"sv-SE\",\"potentialAction\":[{\"@type\":\"ReadAction\",\"target\":[\"https:\\\/\\\/www.rainandson.com\\\/product\\\/classic-black-umbrella\\\/\"]}]},{\"@type\":\"ImageObject\",\"inLanguage\":\"sv-SE\",\"@id\":\"https:\\\/\\\/www.rainandson.com\\\/product\\\/classic-black-umbrella\\\/#primaryimage\",\"url\":\"https:\\\/\\\/www.rainandson.com\\\/wp-content\\\/uploads\\\/classic-black-umbrella-curved-handle-2-e1606915226224.jpg\",\"contentUrl\":\"https:\\\/\\\/www.rainandson.com\\\/wp-content\\\/uploads\\\/classic-black-umbrella-curved-handle-2-e1606915226224.jpg\",\"width\":999,\"height\":999,\"caption\":\"stylish black umbrella classic wooden handle\"},{\"@type\":\"BreadcrumbList\",\"@id\":\"https:\\\/\\\/www.rainandson.com\\\/product\\\/classic-black-umbrella\\\/#breadcrumb\",\"itemListElement\":[{\"@type\":\"ListItem\",\"position\":1,\"name\":\"Home\",\"item\":\"https:\\\/\\\/www.rainandson.com\\\/sv\\\/\"},{\"@type\":\"ListItem\",\"position\":2,\"name\":\"Shop\",\"item\":\"https:\\\/\\\/www.rainandson.com\\\/shop\\\/\"},{\"@type\":\"ListItem\",\"position\":3,\"name\":\"Classic Black Umbrella\"}]},{\"@type\":\"WebSite\",\"@id\":\"https:\\\/\\\/www.rainandson.com\\\/#website\",\"url\":\"https:\\\/\\\/www.rainandson.com\\\/\",\"name\":\"Rain and Son - Classic and Stylish Umbrellas\",\"description\":\"Fashionable Umbrellas Online.\",\"publisher\":{\"@id\":\"https:\\\/\\\/www.rainandson.com\\\/#organization\"},\"potentialAction\":[{\"@type\":\"SearchAction\",\"target\":{\"@type\":\"EntryPoint\",\"urlTemplate\":\"https:\\\/\\\/www.rainandson.com\\\/?s={search_term_string}\"},\"query-input\":{\"@type\":\"PropertyValueSpecification\",\"valueRequired\":true,\"valueName\":\"search_term_string\"}}],\"inLanguage\":\"sv-SE\"},{\"@type\":\"Organization\",\"@id\":\"https:\\\/\\\/www.rainandson.com\\\/#organization\",\"name\":\"Rain and Son\",\"url\":\"https:\\\/\\\/www.rainandson.com\\\/\",\"logo\":{\"@type\":\"ImageObject\",\"inLanguage\":\"sv-SE\",\"@id\":\"https:\\\/\\\/www.rainandson.com\\\/#\\\/schema\\\/logo\\\/image\\\/\",\"url\":\"https:\\\/\\\/www.rainandson.com\\\/wp-content\\\/uploads\\\/rain-and-son-logotype-150.png\",\"contentUrl\":\"https:\\\/\\\/www.rainandson.com\\\/wp-content\\\/uploads\\\/rain-and-son-logotype-150.png\",\"width\":125,\"height\":150,\"caption\":\"Rain and Son\"},\"image\":{\"@id\":\"https:\\\/\\\/www.rainandson.com\\\/#\\\/schema\\\/logo\\\/image\\\/\"}}]}<\/script>\n<!-- \/ Yoast SEO plugin. -->","yoast_head_json":{"title":"Classic Black Umbrella - Rain and Son - Classic and Stylish Umbrellas","description":"Looking for a Classic Black Umbrella? This doorman style design umbrella with a wooden handle and steel frame is the perfect umbrella for heavy rain.","robots":{"index":"index","follow":"follow","max-snippet":"max-snippet:-1","max-image-preview":"max-image-preview:large","max-video-preview":"max-video-preview:-1"},"canonical":"https:\/\/www.rainandson.com\/sv\/produkt\/classic-black-umbrella\/","og_locale":"sv_SE","og_type":"article","og_title":"Classic Black Umbrella - Rain and Son - Classic and Stylish Umbrellas","og_description":"Looking for a Classic Black Umbrella? This doorman style design umbrella with a wooden handle and steel frame is the perfect umbrella for heavy rain.","og_url":"https:\/\/www.rainandson.com\/sv\/produkt\/classic-black-umbrella\/","og_site_name":"Rain and Son - Classic and Stylish Umbrellas","article_modified_time":"2026-05-13T15:50:51+00:00","og_image":[{"width":999,"height":999,"url":"https:\/\/www.rainandson.com\/wp-content\/uploads\/classic-black-umbrella-curved-handle-2-e1606915226224.jpg","type":"image\/jpeg"}],"twitter_card":"summary_large_image","twitter_misc":{"Ber\u00e4knad l\u00e4stid":"1 minut"},"schema":{"@context":"https:\/\/schema.org","@graph":[{"@type":"WebPage","@id":"https:\/\/www.rainandson.com\/product\/classic-black-umbrella\/","url":"https:\/\/www.rainandson.com\/product\/classic-black-umbrella\/","name":"Classic Black Umbrella - Rain and Son - Classic and Stylish Umbrellas","isPartOf":{"@id":"https:\/\/www.rainandson.com\/#website"},"primaryImageOfPage":{"@id":"https:\/\/www.rainandson.com\/product\/classic-black-umbrella\/#primaryimage"},"image":{"@id":"https:\/\/www.rainandson.com\/product\/classic-black-umbrella\/#primaryimage"},"thumbnailUrl":"https:\/\/www.rainandson.com\/wp-content\/uploads\/classic-black-umbrella-curved-handle-2-e1606915226224.jpg","datePublished":"2020-11-25T19:34:15+00:00","dateModified":"2026-05-13T15:50:51+00:00","description":"Looking for a Classic Black Umbrella? This doorman style design umbrella with a wooden handle and steel frame is the perfect umbrella for heavy rain.","breadcrumb":{"@id":"https:\/\/www.rainandson.com\/product\/classic-black-umbrella\/#breadcrumb"},"inLanguage":"sv-SE","potentialAction":[{"@type":"ReadAction","target":["https:\/\/www.rainandson.com\/product\/classic-black-umbrella\/"]}]},{"@type":"ImageObject","inLanguage":"sv-SE","@id":"https:\/\/www.rainandson.com\/product\/classic-black-umbrella\/#primaryimage","url":"https:\/\/www.rainandson.com\/wp-content\/uploads\/classic-black-umbrella-curved-handle-2-e1606915226224.jpg","contentUrl":"https:\/\/www.rainandson.com\/wp-content\/uploads\/classic-black-umbrella-curved-handle-2-e1606915226224.jpg","width":999,"height":999,"caption":"stylish black umbrella classic wooden handle"},{"@type":"BreadcrumbList","@id":"https:\/\/www.rainandson.com\/product\/classic-black-umbrella\/#breadcrumb","itemListElement":[{"@type":"ListItem","position":1,"name":"Home","item":"https:\/\/www.rainandson.com\/sv\/"},{"@type":"ListItem","position":2,"name":"Shop","item":"https:\/\/www.rainandson.com\/shop\/"},{"@type":"ListItem","position":3,"name":"Classic Black Umbrella"}]},{"@type":"WebSite","@id":"https:\/\/www.rainandson.com\/#website","url":"https:\/\/www.rainandson.com\/","name":"Rain and Son - Klassiska paraplyer i modern skandinavisk design","description":"Eleganta paraplyer online.","publisher":{"@id":"https:\/\/www.rainandson.com\/#organization"},"potentialAction":[{"@type":"SearchAction","target":{"@type":"EntryPoint","urlTemplate":"https:\/\/www.rainandson.com\/?s={search_term_string}"},"query-input":{"@type":"PropertyValueSpecification","valueRequired":true,"valueName":"search_term_string"}}],"inLanguage":"sv-SE"},{"@type":"Organization","@id":"https:\/\/www.rainandson.com\/#organization","name":"Rain &amp; Son","url":"https:\/\/www.rainandson.com\/","logo":{"@type":"ImageObject","inLanguage":"sv-SE","@id":"https:\/\/www.rainandson.com\/#\/schema\/logo\/image\/","url":"https:\/\/www.rainandson.com\/wp-content\/uploads\/rain-and-son-logotype-150.png","contentUrl":"https:\/\/www.rainandson.com\/wp-content\/uploads\/rain-and-son-logotype-150.png","width":125,"height":150,"caption":"Rain and Son"},"image":{"@id":"https:\/\/www.rainandson.com\/#\/schema\/logo\/image\/"}}]}},"_links":{"self":[{"href":"https:\/\/www.rainandson.com\/sv\/wp-json\/wp\/v2\/product\/3086","targetHints":{"allow":["GET"]}}],"collection":[{"href":"https:\/\/www.rainandson.com\/sv\/wp-json\/wp\/v2\/product"}],"about":[{"href":"https:\/\/www.rainandson.com\/sv\/wp-json\/wp\/v2\/types\/product"}],"replies":[{"embeddable":true,"href":"https:\/\/www.rainandson.com\/sv\/wp-json\/wp\/v2\/comments?post=3086"}],"wp:featuredmedia":[{"embeddable":true,"href":"https:\/\/www.rainandson.com\/sv\/wp-json\/wp\/v2\/media\/3192"}],"wp:attachment":[{"href":"https:\/\/www.rainandson.com\/sv\/wp-json\/wp\/v2\/media?parent=3086"}],"wp:term":[{"taxonomy":"product_brand","embeddable":true,"href":"https:\/\/www.rainandson.com\/sv\/wp-json\/wp\/v2\/product_brand?post=3086"},{"taxonomy":"product_cat","embeddable":true,"href":"https:\/\/www.rainandson.com\/sv\/wp-json\/wp\/v2\/product_cat?post=3086"},{"taxonomy":"product_tag","embeddable":true,"href":"https:\/\/www.rainandson.com\/sv\/wp-json\/wp\/v2\/product_tag?post=3086"}],"curies":[{"name":"wp","href":"https:\/\/api.w.org\/{rel}","templated":true}]}}