{"id":3082,"date":"2020-11-25T19:34:11","date_gmt":"2020-11-25T19:34:11","guid":{"rendered":"https:\/\/rainandson.kinsta.cloud\/product\/dark-blue-compact-umbrella\/"},"modified":"2025-09-15T04:45:04","modified_gmt":"2025-09-15T04:45:04","slug":"dark-blue-compact-umbrella","status":"publish","type":"product","link":"https:\/\/www.rainandson.com\/sv\/produkt\/dark-blue-compact-umbrella\/","title":{"rendered":"M\u00f6rkbl\u00e5tt hopf\u00e4llbart paraply"},"content":{"rendered":"<p>Det m\u00f6rkbl\u00e5a paraplyet fr\u00e5n Rain &amp; Son \u00e4r ett vackert paraply och stilfullt paraply som passar alla. N\u00e4r paraplyet i en marinbl\u00e5 ton \u00e4r hopf\u00e4llt \u00e4r det enkelt att f\u00f6rvara i en v\u00e4ska d\u00e5 det inte \u00e4r s\u00e5 stort. Det b\u00f6jda handtaget i tr\u00e4 g\u00f6r det \u00e4ven bekv\u00e4mt att h\u00e5lla i medan regnet porlar ner. Detta paraply i ett kompakt format har en automatisk \u00f6ppnings- och st\u00e4ngningsfunktion. Allt du beh\u00f6ver g\u00f6ra \u00e4r att trycka p\u00e5 knappen p\u00e5 handtaget i tr\u00e4. Detta paraply av h\u00f6g kvalitet har en stark svart metallram f\u00f6r att klara regn i stora m\u00e4ngder. I \u00f6ppet tillst\u00e5nd \u00e4r det ett stort paraply som m\u00e4ter 103 cintimeter i diameter. Ett paraply som l\u00e4tt kan skydda mer \u00e4n en person n\u00e4r regnet \u00f6verraskar.<\/p>\n<p>M\u00f6rkbl\u00e5tt <b>hopf\u00e4llbart design paraply<\/b> med 10 ekrar.<br \/>\nH\u00f6g kvalitet <b>paraply<\/b>.<br \/>\nB\u00f6jt handtag i tr\u00e4 med Rain &amp; Son logga.<br \/>\nSp\u00e4nne med knapp.<br \/>\n<strong>Paraply<\/strong> \u00f6ppnas till en diameter av 103 centimeter.<br \/>\nAutomatisk \u00f6ppning- och st\u00e4ngningsfunktion.<br \/>\nKromt\u00e4ckt metalskaft.<br \/>\nSvartf\u00e4rgad metallram med tv\u00e5 sektioner fiberglas ekrar.<br \/>\nVita nickelf\u00e4rgade metalltoppar.<br \/>\nPlasttopp.<br \/>\nRain &amp; Son logga sydd p\u00e5 panelen.<br \/>\nH\u00f6jd (st\u00e4ngt paraply): 36 cm.<br \/>\nH\u00f6jd (\u00f6ppet paraply): 68 cm.<br \/>\nVikt 490 gram.<br \/>\nPMS f\u00e4rgkod 533C<\/p>","protected":false},"excerpt":{"rendered":"<p>Det m\u00f6rkbl\u00e5a kompakta paraplyet fr\u00e5n Rain &amp; Son \u00e4r det prefekta paraplyet att ta med n\u00e4r v\u00e4derprognosen varnar f\u00f6r regn. Paraplyet har en stor marinbl\u00e5 sk\u00e4rm och ett b\u00f6jt tr\u00e4handtag vilket g\u00f6r det b\u00e5de bekv\u00e4mt att b\u00e4ra p\u00e5 men \u00e4ven en bra plats att undkomma regn. Det hopf\u00e4llbara paraplyet \u00e4r b\u00e5de av h\u00f6g kvalitet med en stark metallram och stilfullt med ett fint tr\u00e4handtag.<\/p>","protected":false},"featured_media":4071,"comment_status":"open","ping_status":"closed","template":"","meta":[],"product_brand":[],"product_cat":[116,191],"product_tag":[],"class_list":{"0":"post-3082","1":"product","2":"type-product","3":"status-publish","4":"has-post-thumbnail","6":"product_cat-all-umbrellas","7":"product_cat-compact-umbrellas","8":"pa_colour-dark-blue","10":"first","11":"instock","12":"taxable","13":"shipping-taxable","14":"product-type-simple"},"yoast_head":"<!-- This site is optimized with the Yoast SEO plugin v27.4 - https:\/\/yoast.com\/product\/yoast-seo-wordpress\/ -->\n<title>Dark Blue Compact Umbrella - Rain and Son - Classic and Stylish Umbrellas<\/title>\n<meta name=\"description\" content=\"Searching to buy the best Compact Umbrella? This navy blue compact umbrella from Rain &amp; Son is a high-quality umbrella at a good price.\" \/>\n<meta name=\"robots\" content=\"index, follow, max-snippet:-1, max-image-preview:large, max-video-preview:-1\" \/>\n<link rel=\"canonical\" href=\"https:\/\/www.rainandson.com\/sv\/produkt\/dark-blue-compact-umbrella\/\" \/>\n<meta property=\"og:locale\" content=\"sv_SE\" \/>\n<meta property=\"og:type\" content=\"article\" \/>\n<meta property=\"og:title\" content=\"Dark Blue Compact Umbrella - Rain and Son - Classic and Stylish Umbrellas\" \/>\n<meta property=\"og:description\" content=\"Searching to buy the best Compact Umbrella? This navy blue compact umbrella from Rain &amp; Son is a high-quality umbrella at a good price.\" \/>\n<meta property=\"og:url\" content=\"https:\/\/www.rainandson.com\/sv\/produkt\/dark-blue-compact-umbrella\/\" \/>\n<meta property=\"og:site_name\" content=\"Rain and Son - Classic and Stylish Umbrellas\" \/>\n<meta property=\"article:modified_time\" content=\"2025-09-15T04:45:04+00:00\" \/>\n<meta property=\"og:image\" content=\"https:\/\/www.rainandson.com\/wp-content\/uploads\/dark-blue-compact-umbrella-2-e1606919221471.jpg\" \/>\n\t<meta property=\"og:image:width\" content=\"999\" \/>\n\t<meta property=\"og:image:height\" content=\"999\" \/>\n\t<meta property=\"og:image:type\" content=\"image\/jpeg\" \/>\n<meta name=\"twitter:card\" content=\"summary_large_image\" \/>\n<meta name=\"twitter:label1\" content=\"Ber\u00e4knad l\u00e4stid\" \/>\n\t<meta name=\"twitter:data1\" content=\"1 minut\" \/>\n<script type=\"application\/ld+json\" class=\"yoast-schema-graph\">{\"@context\":\"https:\\\/\\\/schema.org\",\"@graph\":[{\"@type\":\"WebPage\",\"@id\":\"https:\\\/\\\/www.rainandson.com\\\/product\\\/dark-blue-compact-umbrella\\\/\",\"url\":\"https:\\\/\\\/www.rainandson.com\\\/product\\\/dark-blue-compact-umbrella\\\/\",\"name\":\"Dark Blue Compact Umbrella - Rain and Son - Classic and Stylish Umbrellas\",\"isPartOf\":{\"@id\":\"https:\\\/\\\/www.rainandson.com\\\/#website\"},\"primaryImageOfPage\":{\"@id\":\"https:\\\/\\\/www.rainandson.com\\\/product\\\/dark-blue-compact-umbrella\\\/#primaryimage\"},\"image\":{\"@id\":\"https:\\\/\\\/www.rainandson.com\\\/product\\\/dark-blue-compact-umbrella\\\/#primaryimage\"},\"thumbnailUrl\":\"https:\\\/\\\/www.rainandson.com\\\/wp-content\\\/uploads\\\/dark-blue-compact-umbrella-2-e1606919221471.jpg\",\"datePublished\":\"2020-11-25T19:34:11+00:00\",\"dateModified\":\"2025-09-15T04:45:04+00:00\",\"description\":\"Searching to buy the best Compact Umbrella? This navy blue compact umbrella from Rain & Son is a high-quality umbrella at a good price.\",\"breadcrumb\":{\"@id\":\"https:\\\/\\\/www.rainandson.com\\\/product\\\/dark-blue-compact-umbrella\\\/#breadcrumb\"},\"inLanguage\":\"sv-SE\",\"potentialAction\":[{\"@type\":\"ReadAction\",\"target\":[\"https:\\\/\\\/www.rainandson.com\\\/product\\\/dark-blue-compact-umbrella\\\/\"]}]},{\"@type\":\"ImageObject\",\"inLanguage\":\"sv-SE\",\"@id\":\"https:\\\/\\\/www.rainandson.com\\\/product\\\/dark-blue-compact-umbrella\\\/#primaryimage\",\"url\":\"https:\\\/\\\/www.rainandson.com\\\/wp-content\\\/uploads\\\/dark-blue-compact-umbrella-2-e1606919221471.jpg\",\"contentUrl\":\"https:\\\/\\\/www.rainandson.com\\\/wp-content\\\/uploads\\\/dark-blue-compact-umbrella-2-e1606919221471.jpg\",\"width\":999,\"height\":999,\"caption\":\"navy blue compact umbrella\"},{\"@type\":\"BreadcrumbList\",\"@id\":\"https:\\\/\\\/www.rainandson.com\\\/product\\\/dark-blue-compact-umbrella\\\/#breadcrumb\",\"itemListElement\":[{\"@type\":\"ListItem\",\"position\":1,\"name\":\"Home\",\"item\":\"https:\\\/\\\/www.rainandson.com\\\/sv\\\/\"},{\"@type\":\"ListItem\",\"position\":2,\"name\":\"Shop\",\"item\":\"https:\\\/\\\/www.rainandson.com\\\/shop\\\/\"},{\"@type\":\"ListItem\",\"position\":3,\"name\":\"Dark Blue Compact Umbrella\"}]},{\"@type\":\"WebSite\",\"@id\":\"https:\\\/\\\/www.rainandson.com\\\/#website\",\"url\":\"https:\\\/\\\/www.rainandson.com\\\/\",\"name\":\"Rain and Son - Classic and Stylish Umbrellas\",\"description\":\"Fashionable Umbrellas Online.\",\"publisher\":{\"@id\":\"https:\\\/\\\/www.rainandson.com\\\/#organization\"},\"potentialAction\":[{\"@type\":\"SearchAction\",\"target\":{\"@type\":\"EntryPoint\",\"urlTemplate\":\"https:\\\/\\\/www.rainandson.com\\\/?s={search_term_string}\"},\"query-input\":{\"@type\":\"PropertyValueSpecification\",\"valueRequired\":true,\"valueName\":\"search_term_string\"}}],\"inLanguage\":\"sv-SE\"},{\"@type\":\"Organization\",\"@id\":\"https:\\\/\\\/www.rainandson.com\\\/#organization\",\"name\":\"Rain and Son\",\"url\":\"https:\\\/\\\/www.rainandson.com\\\/\",\"logo\":{\"@type\":\"ImageObject\",\"inLanguage\":\"sv-SE\",\"@id\":\"https:\\\/\\\/www.rainandson.com\\\/#\\\/schema\\\/logo\\\/image\\\/\",\"url\":\"https:\\\/\\\/www.rainandson.com\\\/wp-content\\\/uploads\\\/rain-and-son-logotype-150.png\",\"contentUrl\":\"https:\\\/\\\/www.rainandson.com\\\/wp-content\\\/uploads\\\/rain-and-son-logotype-150.png\",\"width\":125,\"height\":150,\"caption\":\"Rain and Son\"},\"image\":{\"@id\":\"https:\\\/\\\/www.rainandson.com\\\/#\\\/schema\\\/logo\\\/image\\\/\"}}]}<\/script>\n<!-- \/ Yoast SEO plugin. -->","yoast_head_json":{"title":"Dark Blue Compact Umbrella - Rain and Son - Classic and Stylish Umbrellas","description":"Searching to buy the best Compact Umbrella? This navy blue compact umbrella from Rain & Son is a high-quality umbrella at a good price.","robots":{"index":"index","follow":"follow","max-snippet":"max-snippet:-1","max-image-preview":"max-image-preview:large","max-video-preview":"max-video-preview:-1"},"canonical":"https:\/\/www.rainandson.com\/sv\/produkt\/dark-blue-compact-umbrella\/","og_locale":"sv_SE","og_type":"article","og_title":"Dark Blue Compact Umbrella - Rain and Son - Classic and Stylish Umbrellas","og_description":"Searching to buy the best Compact Umbrella? This navy blue compact umbrella from Rain & Son is a high-quality umbrella at a good price.","og_url":"https:\/\/www.rainandson.com\/sv\/produkt\/dark-blue-compact-umbrella\/","og_site_name":"Rain and Son - Classic and Stylish Umbrellas","article_modified_time":"2025-09-15T04:45:04+00:00","og_image":[{"width":999,"height":999,"url":"https:\/\/www.rainandson.com\/wp-content\/uploads\/dark-blue-compact-umbrella-2-e1606919221471.jpg","type":"image\/jpeg"}],"twitter_card":"summary_large_image","twitter_misc":{"Ber\u00e4knad l\u00e4stid":"1 minut"},"schema":{"@context":"https:\/\/schema.org","@graph":[{"@type":"WebPage","@id":"https:\/\/www.rainandson.com\/product\/dark-blue-compact-umbrella\/","url":"https:\/\/www.rainandson.com\/product\/dark-blue-compact-umbrella\/","name":"Dark Blue Compact Umbrella - Rain and Son - Classic and Stylish Umbrellas","isPartOf":{"@id":"https:\/\/www.rainandson.com\/#website"},"primaryImageOfPage":{"@id":"https:\/\/www.rainandson.com\/product\/dark-blue-compact-umbrella\/#primaryimage"},"image":{"@id":"https:\/\/www.rainandson.com\/product\/dark-blue-compact-umbrella\/#primaryimage"},"thumbnailUrl":"https:\/\/www.rainandson.com\/wp-content\/uploads\/dark-blue-compact-umbrella-2-e1606919221471.jpg","datePublished":"2020-11-25T19:34:11+00:00","dateModified":"2025-09-15T04:45:04+00:00","description":"Searching to buy the best Compact Umbrella? This navy blue compact umbrella from Rain & Son is a high-quality umbrella at a good price.","breadcrumb":{"@id":"https:\/\/www.rainandson.com\/product\/dark-blue-compact-umbrella\/#breadcrumb"},"inLanguage":"sv-SE","potentialAction":[{"@type":"ReadAction","target":["https:\/\/www.rainandson.com\/product\/dark-blue-compact-umbrella\/"]}]},{"@type":"ImageObject","inLanguage":"sv-SE","@id":"https:\/\/www.rainandson.com\/product\/dark-blue-compact-umbrella\/#primaryimage","url":"https:\/\/www.rainandson.com\/wp-content\/uploads\/dark-blue-compact-umbrella-2-e1606919221471.jpg","contentUrl":"https:\/\/www.rainandson.com\/wp-content\/uploads\/dark-blue-compact-umbrella-2-e1606919221471.jpg","width":999,"height":999,"caption":"navy blue compact umbrella"},{"@type":"BreadcrumbList","@id":"https:\/\/www.rainandson.com\/product\/dark-blue-compact-umbrella\/#breadcrumb","itemListElement":[{"@type":"ListItem","position":1,"name":"Home","item":"https:\/\/www.rainandson.com\/sv\/"},{"@type":"ListItem","position":2,"name":"Shop","item":"https:\/\/www.rainandson.com\/shop\/"},{"@type":"ListItem","position":3,"name":"Dark Blue Compact Umbrella"}]},{"@type":"WebSite","@id":"https:\/\/www.rainandson.com\/#website","url":"https:\/\/www.rainandson.com\/","name":"Rain and Son - Klassiska paraplyer i modern skandinavisk design","description":"Eleganta paraplyer online.","publisher":{"@id":"https:\/\/www.rainandson.com\/#organization"},"potentialAction":[{"@type":"SearchAction","target":{"@type":"EntryPoint","urlTemplate":"https:\/\/www.rainandson.com\/?s={search_term_string}"},"query-input":{"@type":"PropertyValueSpecification","valueRequired":true,"valueName":"search_term_string"}}],"inLanguage":"sv-SE"},{"@type":"Organization","@id":"https:\/\/www.rainandson.com\/#organization","name":"Rain &amp; Son","url":"https:\/\/www.rainandson.com\/","logo":{"@type":"ImageObject","inLanguage":"sv-SE","@id":"https:\/\/www.rainandson.com\/#\/schema\/logo\/image\/","url":"https:\/\/www.rainandson.com\/wp-content\/uploads\/rain-and-son-logotype-150.png","contentUrl":"https:\/\/www.rainandson.com\/wp-content\/uploads\/rain-and-son-logotype-150.png","width":125,"height":150,"caption":"Rain and Son"},"image":{"@id":"https:\/\/www.rainandson.com\/#\/schema\/logo\/image\/"}}]}},"_links":{"self":[{"href":"https:\/\/www.rainandson.com\/sv\/wp-json\/wp\/v2\/product\/3082","targetHints":{"allow":["GET"]}}],"collection":[{"href":"https:\/\/www.rainandson.com\/sv\/wp-json\/wp\/v2\/product"}],"about":[{"href":"https:\/\/www.rainandson.com\/sv\/wp-json\/wp\/v2\/types\/product"}],"replies":[{"embeddable":true,"href":"https:\/\/www.rainandson.com\/sv\/wp-json\/wp\/v2\/comments?post=3082"}],"wp:featuredmedia":[{"embeddable":true,"href":"https:\/\/www.rainandson.com\/sv\/wp-json\/wp\/v2\/media\/4071"}],"wp:attachment":[{"href":"https:\/\/www.rainandson.com\/sv\/wp-json\/wp\/v2\/media?parent=3082"}],"wp:term":[{"taxonomy":"product_brand","embeddable":true,"href":"https:\/\/www.rainandson.com\/sv\/wp-json\/wp\/v2\/product_brand?post=3082"},{"taxonomy":"product_cat","embeddable":true,"href":"https:\/\/www.rainandson.com\/sv\/wp-json\/wp\/v2\/product_cat?post=3082"},{"taxonomy":"product_tag","embeddable":true,"href":"https:\/\/www.rainandson.com\/sv\/wp-json\/wp\/v2\/product_tag?post=3082"}],"curies":[{"name":"wp","href":"https:\/\/api.w.org\/{rel}","templated":true}]}}