{"id":3074,"date":"2020-11-25T19:34:02","date_gmt":"2020-11-25T19:34:02","guid":{"rendered":"https:\/\/rainandson.kinsta.cloud\/product\/pink-compact-umbrella\/"},"modified":"2022-10-19T10:23:45","modified_gmt":"2022-10-19T10:23:45","slug":"pink-compact-umbrella","status":"publish","type":"product","link":"https:\/\/www.rainandson.com\/sv\/produkt\/pink-compact-umbrella\/","title":{"rendered":"Rosa hopf\u00e4llbart paraply"},"content":{"rendered":"<p>Rain &amp; Sons fina rosa hopf\u00e4llbara paraply passar vid de flesta tillf\u00e4llen. Om v\u00e4derprognosen varnar f\u00f6r, eller f\u00f6r all del utlovar regn kan det rosa paraplyet lysa upp din annars gr\u00e5a dag. Eller om du s\u00f6ker efter en present till ett dop eller br\u00f6llop s\u00e5 \u00e4r ett rosa paraply en annorlunda och rolig g\u00e5va. Det lilla paraplyet \u00e4r l\u00e4tt att ta med dig s\u00e5 att du alltid \u00e4r redo f\u00f6r regn. Det hopf\u00e4llbara rosa paraplyet har ett b\u00f6jt handtag i tr\u00e4 vilket tillf\u00f6r stil och finess. Det b\u00f6jda handtaget \u00e4r \u00e4ven bekv\u00e4mt att h\u00e5lla i under l\u00e4ngre regnov\u00e4der. Den stora sk\u00e4rmen p\u00e5 papraplyet som i \u00f6ppet tillst\u00e5nd har en diameter p\u00e5 103 centimeter skyddar dig fr\u00e5n regn. \u00c4ven en v\u00e4n kan f\u00e5 plats under den stora regnsk\u00e4rmen. Paraplyet av h\u00f6g kvalitet har en stark metallram f\u00f6r att klara olika v\u00e4der. Det kompakta paraplyet har en automatisk \u00f6ppnings - och st\u00e4ngningsfunktion vilket g\u00f6r det l\u00e4tt att snabbt f\u00e5 fram och anv\u00e4nda. Tryck bara p\u00e5 knappen p\u00e5 handtaget n\u00e4r du \u00f6ppnar och st\u00e4nger paraplyet.<\/p>\n<p>Rosa <b>hopf\u00e4llbart design paraply<\/b> med 10 ekrar.<br \/>\nH\u00f6g kvalitet <b>paraply<\/b>.<br \/>\nB\u00f6jt handtag i tr\u00e4 med Rain &amp; Son logga.<br \/>\nSp\u00e4nne med knapp.<br \/>\n<strong>Paraply<\/strong> \u00f6ppnas till en diameter av 103 centimeter.<br \/>\nAutomatisk \u00f6ppning- och st\u00e4ngningsfunktion.<br \/>\nKromt\u00e4ckt metalskaft.<br \/>\nSvartf\u00e4rgad metallram med tv\u00e5 sektioner fiberglas ekrar.<br \/>\nVita nickelf\u00e4rgade metalltoppar.<br \/>\nPlasttopp.<br \/>\nRain &amp; Son logga sydd p\u00e5 panelen.<br \/>\nH\u00f6jd (st\u00e4ngt paraply): 36 cm.<br \/>\nH\u00f6jd (\u00f6ppet paraply): 68 cm.<br \/>\nVikt 490 gram.<br \/>\nPMS f\u00e4rgkod 1767C<\/p>","protected":false},"excerpt":{"rendered":"<p>Det h\u00e4r rosa hopf\u00e4llbara paraplyet \u00e4r en vacker och f\u00e4rgglad accessoar f\u00f6r regninga dagar. Den fina rosa f\u00e4rgen p\u00e5 paraplyet kommer att f\u00e5 dig att sticka ut i m\u00e4ngden bland andra mer f\u00e4rgl\u00f6sa paraplyer. Paraplyet \u00e4r en perfekt present f\u00f6r alla som \u00e4lskar rosa. Varf\u00f6r inte ge bort det i g\u00e5va till n\u00e5gon som nyss blivit f\u00f6r\u00e4lder att ha p\u00e5 barnvagspromenaderna? Det fina b\u00f6jda handtaget i tr\u00e4 tillf\u00f6r stil till det rosa paraplyet och den stora rosa sk\u00e4rmen skyddar dig fr\u00e5n regn.<\/p>","protected":false},"featured_media":3230,"comment_status":"open","ping_status":"closed","template":"","meta":[],"product_brand":[],"product_cat":[116,191],"product_tag":[],"class_list":{"0":"post-3074","1":"product","2":"type-product","3":"status-publish","4":"has-post-thumbnail","6":"product_cat-all-umbrellas","7":"product_cat-compact-umbrellas","8":"pa_colour-pink","10":"first","11":"outofstock","12":"taxable","13":"shipping-taxable","14":"purchasable","15":"product-type-simple"},"yoast_head":"<!-- This site is optimized with the Yoast SEO plugin v27.5 - https:\/\/yoast.com\/product\/yoast-seo-wordpress\/ -->\n<title>Pink Compact Umbrella - Rain and Son - Classic and Stylish Umbrellas<\/title>\n<meta name=\"description\" content=\"Searching for a pink compact umbrella? This colourful pink collapsible umbrella from Rain &amp; Son is a stylish choice and high-quality at a good price.\" \/>\n<meta name=\"robots\" content=\"index, follow, max-snippet:-1, max-image-preview:large, max-video-preview:-1\" \/>\n<link rel=\"canonical\" href=\"https:\/\/www.rainandson.com\/sv\/produkt\/pink-compact-umbrella\/\" \/>\n<meta property=\"og:locale\" content=\"sv_SE\" \/>\n<meta property=\"og:type\" content=\"article\" \/>\n<meta property=\"og:title\" content=\"Pink Compact Umbrella - Rain and Son - Classic and Stylish Umbrellas\" \/>\n<meta property=\"og:description\" content=\"Searching for a pink compact umbrella? This colourful pink collapsible umbrella from Rain &amp; Son is a stylish choice and high-quality at a good price.\" \/>\n<meta property=\"og:url\" content=\"https:\/\/www.rainandson.com\/sv\/produkt\/pink-compact-umbrella\/\" \/>\n<meta property=\"og:site_name\" content=\"Rain and Son - Classic and Stylish Umbrellas\" \/>\n<meta property=\"article:modified_time\" content=\"2022-10-19T10:23:45+00:00\" \/>\n<meta property=\"og:image\" content=\"https:\/\/www.rainandson.com\/wp-content\/uploads\/pink-compact-umbrella-2-e1606913363800.jpg\" \/>\n\t<meta property=\"og:image:width\" content=\"999\" \/>\n\t<meta property=\"og:image:height\" content=\"999\" \/>\n\t<meta property=\"og:image:type\" content=\"image\/jpeg\" \/>\n<meta name=\"twitter:card\" content=\"summary_large_image\" \/>\n<meta name=\"twitter:label1\" content=\"Ber\u00e4knad l\u00e4stid\" \/>\n\t<meta name=\"twitter:data1\" content=\"1 minut\" \/>\n<script type=\"application\/ld+json\" class=\"yoast-schema-graph\">{\"@context\":\"https:\\\/\\\/schema.org\",\"@graph\":[{\"@type\":\"WebPage\",\"@id\":\"https:\\\/\\\/www.rainandson.com\\\/product\\\/pink-compact-umbrella\\\/\",\"url\":\"https:\\\/\\\/www.rainandson.com\\\/product\\\/pink-compact-umbrella\\\/\",\"name\":\"Pink Compact Umbrella - Rain and Son - Classic and Stylish Umbrellas\",\"isPartOf\":{\"@id\":\"https:\\\/\\\/www.rainandson.com\\\/#website\"},\"primaryImageOfPage\":{\"@id\":\"https:\\\/\\\/www.rainandson.com\\\/product\\\/pink-compact-umbrella\\\/#primaryimage\"},\"image\":{\"@id\":\"https:\\\/\\\/www.rainandson.com\\\/product\\\/pink-compact-umbrella\\\/#primaryimage\"},\"thumbnailUrl\":\"https:\\\/\\\/www.rainandson.com\\\/wp-content\\\/uploads\\\/pink-compact-umbrella-2-e1606913363800.jpg\",\"datePublished\":\"2020-11-25T19:34:02+00:00\",\"dateModified\":\"2022-10-19T10:23:45+00:00\",\"description\":\"Searching for a pink compact umbrella? This colourful pink collapsible umbrella from Rain & Son is a stylish choice and high-quality at a good price.\",\"breadcrumb\":{\"@id\":\"https:\\\/\\\/www.rainandson.com\\\/product\\\/pink-compact-umbrella\\\/#breadcrumb\"},\"inLanguage\":\"sv-SE\",\"potentialAction\":[{\"@type\":\"ReadAction\",\"target\":[\"https:\\\/\\\/www.rainandson.com\\\/product\\\/pink-compact-umbrella\\\/\"]}]},{\"@type\":\"ImageObject\",\"inLanguage\":\"sv-SE\",\"@id\":\"https:\\\/\\\/www.rainandson.com\\\/product\\\/pink-compact-umbrella\\\/#primaryimage\",\"url\":\"https:\\\/\\\/www.rainandson.com\\\/wp-content\\\/uploads\\\/pink-compact-umbrella-2-e1606913363800.jpg\",\"contentUrl\":\"https:\\\/\\\/www.rainandson.com\\\/wp-content\\\/uploads\\\/pink-compact-umbrella-2-e1606913363800.jpg\",\"width\":999,\"height\":999,\"caption\":\"the pink compact umbrella\"},{\"@type\":\"BreadcrumbList\",\"@id\":\"https:\\\/\\\/www.rainandson.com\\\/product\\\/pink-compact-umbrella\\\/#breadcrumb\",\"itemListElement\":[{\"@type\":\"ListItem\",\"position\":1,\"name\":\"Home\",\"item\":\"https:\\\/\\\/www.rainandson.com\\\/sv\\\/\"},{\"@type\":\"ListItem\",\"position\":2,\"name\":\"Shop\",\"item\":\"https:\\\/\\\/www.rainandson.com\\\/shop\\\/\"},{\"@type\":\"ListItem\",\"position\":3,\"name\":\"Pink Compact Umbrella\"}]},{\"@type\":\"WebSite\",\"@id\":\"https:\\\/\\\/www.rainandson.com\\\/#website\",\"url\":\"https:\\\/\\\/www.rainandson.com\\\/\",\"name\":\"Rain and Son - Classic and Stylish Umbrellas\",\"description\":\"Fashionable Umbrellas Online.\",\"publisher\":{\"@id\":\"https:\\\/\\\/www.rainandson.com\\\/#organization\"},\"potentialAction\":[{\"@type\":\"SearchAction\",\"target\":{\"@type\":\"EntryPoint\",\"urlTemplate\":\"https:\\\/\\\/www.rainandson.com\\\/?s={search_term_string}\"},\"query-input\":{\"@type\":\"PropertyValueSpecification\",\"valueRequired\":true,\"valueName\":\"search_term_string\"}}],\"inLanguage\":\"sv-SE\"},{\"@type\":\"Organization\",\"@id\":\"https:\\\/\\\/www.rainandson.com\\\/#organization\",\"name\":\"Rain and Son\",\"url\":\"https:\\\/\\\/www.rainandson.com\\\/\",\"logo\":{\"@type\":\"ImageObject\",\"inLanguage\":\"sv-SE\",\"@id\":\"https:\\\/\\\/www.rainandson.com\\\/#\\\/schema\\\/logo\\\/image\\\/\",\"url\":\"https:\\\/\\\/www.rainandson.com\\\/wp-content\\\/uploads\\\/rain-and-son-logotype-150.png\",\"contentUrl\":\"https:\\\/\\\/www.rainandson.com\\\/wp-content\\\/uploads\\\/rain-and-son-logotype-150.png\",\"width\":125,\"height\":150,\"caption\":\"Rain and Son\"},\"image\":{\"@id\":\"https:\\\/\\\/www.rainandson.com\\\/#\\\/schema\\\/logo\\\/image\\\/\"}}]}<\/script>\n<!-- \/ Yoast SEO plugin. -->","yoast_head_json":{"title":"Pink Compact Umbrella - Rain and Son - Classic and Stylish Umbrellas","description":"Searching for a pink compact umbrella? This colourful pink collapsible umbrella from Rain & Son is a stylish choice and high-quality at a good price.","robots":{"index":"index","follow":"follow","max-snippet":"max-snippet:-1","max-image-preview":"max-image-preview:large","max-video-preview":"max-video-preview:-1"},"canonical":"https:\/\/www.rainandson.com\/sv\/produkt\/pink-compact-umbrella\/","og_locale":"sv_SE","og_type":"article","og_title":"Pink Compact Umbrella - Rain and Son - Classic and Stylish Umbrellas","og_description":"Searching for a pink compact umbrella? This colourful pink collapsible umbrella from Rain & Son is a stylish choice and high-quality at a good price.","og_url":"https:\/\/www.rainandson.com\/sv\/produkt\/pink-compact-umbrella\/","og_site_name":"Rain and Son - Classic and Stylish Umbrellas","article_modified_time":"2022-10-19T10:23:45+00:00","og_image":[{"width":999,"height":999,"url":"https:\/\/www.rainandson.com\/wp-content\/uploads\/pink-compact-umbrella-2-e1606913363800.jpg","type":"image\/jpeg"}],"twitter_card":"summary_large_image","twitter_misc":{"Ber\u00e4knad l\u00e4stid":"1 minut"},"schema":{"@context":"https:\/\/schema.org","@graph":[{"@type":"WebPage","@id":"https:\/\/www.rainandson.com\/product\/pink-compact-umbrella\/","url":"https:\/\/www.rainandson.com\/product\/pink-compact-umbrella\/","name":"Pink Compact Umbrella - Rain and Son - Classic and Stylish Umbrellas","isPartOf":{"@id":"https:\/\/www.rainandson.com\/#website"},"primaryImageOfPage":{"@id":"https:\/\/www.rainandson.com\/product\/pink-compact-umbrella\/#primaryimage"},"image":{"@id":"https:\/\/www.rainandson.com\/product\/pink-compact-umbrella\/#primaryimage"},"thumbnailUrl":"https:\/\/www.rainandson.com\/wp-content\/uploads\/pink-compact-umbrella-2-e1606913363800.jpg","datePublished":"2020-11-25T19:34:02+00:00","dateModified":"2022-10-19T10:23:45+00:00","description":"Searching for a pink compact umbrella? This colourful pink collapsible umbrella from Rain & Son is a stylish choice and high-quality at a good price.","breadcrumb":{"@id":"https:\/\/www.rainandson.com\/product\/pink-compact-umbrella\/#breadcrumb"},"inLanguage":"sv-SE","potentialAction":[{"@type":"ReadAction","target":["https:\/\/www.rainandson.com\/product\/pink-compact-umbrella\/"]}]},{"@type":"ImageObject","inLanguage":"sv-SE","@id":"https:\/\/www.rainandson.com\/product\/pink-compact-umbrella\/#primaryimage","url":"https:\/\/www.rainandson.com\/wp-content\/uploads\/pink-compact-umbrella-2-e1606913363800.jpg","contentUrl":"https:\/\/www.rainandson.com\/wp-content\/uploads\/pink-compact-umbrella-2-e1606913363800.jpg","width":999,"height":999,"caption":"the pink compact umbrella"},{"@type":"BreadcrumbList","@id":"https:\/\/www.rainandson.com\/product\/pink-compact-umbrella\/#breadcrumb","itemListElement":[{"@type":"ListItem","position":1,"name":"Home","item":"https:\/\/www.rainandson.com\/sv\/"},{"@type":"ListItem","position":2,"name":"Shop","item":"https:\/\/www.rainandson.com\/shop\/"},{"@type":"ListItem","position":3,"name":"Pink Compact Umbrella"}]},{"@type":"WebSite","@id":"https:\/\/www.rainandson.com\/#website","url":"https:\/\/www.rainandson.com\/","name":"Rain and Son - Klassiska paraplyer i modern skandinavisk design","description":"Eleganta paraplyer online.","publisher":{"@id":"https:\/\/www.rainandson.com\/#organization"},"potentialAction":[{"@type":"SearchAction","target":{"@type":"EntryPoint","urlTemplate":"https:\/\/www.rainandson.com\/?s={search_term_string}"},"query-input":{"@type":"PropertyValueSpecification","valueRequired":true,"valueName":"search_term_string"}}],"inLanguage":"sv-SE"},{"@type":"Organization","@id":"https:\/\/www.rainandson.com\/#organization","name":"Rain &amp; Son","url":"https:\/\/www.rainandson.com\/","logo":{"@type":"ImageObject","inLanguage":"sv-SE","@id":"https:\/\/www.rainandson.com\/#\/schema\/logo\/image\/","url":"https:\/\/www.rainandson.com\/wp-content\/uploads\/rain-and-son-logotype-150.png","contentUrl":"https:\/\/www.rainandson.com\/wp-content\/uploads\/rain-and-son-logotype-150.png","width":125,"height":150,"caption":"Rain and Son"},"image":{"@id":"https:\/\/www.rainandson.com\/#\/schema\/logo\/image\/"}}]}},"_links":{"self":[{"href":"https:\/\/www.rainandson.com\/sv\/wp-json\/wp\/v2\/product\/3074","targetHints":{"allow":["GET"]}}],"collection":[{"href":"https:\/\/www.rainandson.com\/sv\/wp-json\/wp\/v2\/product"}],"about":[{"href":"https:\/\/www.rainandson.com\/sv\/wp-json\/wp\/v2\/types\/product"}],"replies":[{"embeddable":true,"href":"https:\/\/www.rainandson.com\/sv\/wp-json\/wp\/v2\/comments?post=3074"}],"wp:featuredmedia":[{"embeddable":true,"href":"https:\/\/www.rainandson.com\/sv\/wp-json\/wp\/v2\/media\/3230"}],"wp:attachment":[{"href":"https:\/\/www.rainandson.com\/sv\/wp-json\/wp\/v2\/media?parent=3074"}],"wp:term":[{"taxonomy":"product_brand","embeddable":true,"href":"https:\/\/www.rainandson.com\/sv\/wp-json\/wp\/v2\/product_brand?post=3074"},{"taxonomy":"product_cat","embeddable":true,"href":"https:\/\/www.rainandson.com\/sv\/wp-json\/wp\/v2\/product_cat?post=3074"},{"taxonomy":"product_tag","embeddable":true,"href":"https:\/\/www.rainandson.com\/sv\/wp-json\/wp\/v2\/product_tag?post=3074"}],"curies":[{"name":"wp","href":"https:\/\/api.w.org\/{rel}","templated":true}]}}