{"id":3070,"date":"2020-11-25T19:33:57","date_gmt":"2020-11-25T19:33:57","guid":{"rendered":"https:\/\/rainandson.kinsta.cloud\/product\/black-compact-umbrella\/"},"modified":"2026-03-27T15:36:18","modified_gmt":"2026-03-27T15:36:18","slug":"black-compact-umbrella","status":"publish","type":"product","link":"https:\/\/www.rainandson.com\/sv\/produkt\/black-compact-umbrella\/","title":{"rendered":"Svart hopf\u00e4llbart paraply"},"content":{"rendered":"<p>Rain &amp; Sons svarta hopf\u00e4llbara paraply \u00e4r ett paraply som passar alla. Det \u00e4r ett klassiskt paraply s\u00e5v\u00e4l som ett elegant paraply. Det kompakta paraplyet \u00e4r l\u00e4tt att f\u00f6rvara och ta med n\u00e4r det \u00e4r hopf\u00e4llt. N\u00e4r det f\u00e4lls upp blir det till ett stort paraply som m\u00e4ter 103 centimeter i diameter. Stort nog att skydda mer \u00e4n en person fr\u00e5n stora regndroppar. Det b\u00f6jda handtaget i tr\u00e4 g\u00f6r paraplyet l\u00e4tt att greppa och den automatiska \u00f6ppningsfunktionen g\u00f6r det l\u00e4tt att anv\u00e4nda. F\u00f6r att \u00f6ppna och st\u00e4nga paraplyet beh\u00f6ver du endast trycka p\u00e5 knappen p\u00e5 handtaget. Det \u00e4r ett paraply av h\u00f6g kvalitet med en stark svart metallram.<\/p>\n<p>Svart <b>hopf\u00e4llbart design paraply<\/b> med 10 ekrar.<br \/>\nH\u00f6g kvalitet <b>paraply<\/b>.<br \/>\nB\u00f6jt handtag i tr\u00e4 med Rain &amp; Son logga.<br \/>\nSp\u00e4nne med knapp.<br \/>\n<strong>Paraply<\/strong> \u00f6ppnas till en diameter av 103 centimeter.<br \/>\nAutomatisk \u00f6ppning- och st\u00e4ngningsfunktion.<br \/>\nKromt\u00e4ckt metalskaft.<br \/>\nSvartf\u00e4rgad metallram med tv\u00e5 sektioner fiberglas ekrar.<br \/>\nVita nickelf\u00e4rgade metalltoppar.<br \/>\nPlasttopp.<br \/>\nRain &amp; Son logga sydd p\u00e5 panelen.<br \/>\nH\u00f6jd (st\u00e4ngt paraply): 36 cm.<br \/>\nH\u00f6jd (\u00f6ppet paraply): 68 cm.<br \/>\nVikt 490 gram.<\/p>","protected":false},"excerpt":{"rendered":"<p>Det svarta hopf\u00e4llbara paraplyet fr\u00e5n Rain &amp; Son \u00e4r ett perfekt paraply f\u00f6r alla tillf\u00e4llen. Det hopf\u00e4llbara paraplyet har en stor svart sk\u00e4rm och en stark metallram. Paraplyet \u00e4r f\u00f6rutom anv\u00e4ndbart i olika sorters v\u00e4der \u00e4ven stilfullt med ett fint b\u00f6jt handtag i tr\u00e4. Handtaget i tr\u00e4 g\u00f6r det \u00e4ven till ett bekv\u00e4mt paraply att b\u00e4ra p\u00e5.<\/p>","protected":false},"featured_media":3246,"comment_status":"open","ping_status":"closed","template":"","meta":[],"product_brand":[],"product_cat":[116,191],"product_tag":[],"class_list":{"0":"post-3070","1":"product","2":"type-product","3":"status-publish","4":"has-post-thumbnail","6":"product_cat-all-umbrellas","7":"product_cat-compact-umbrellas","8":"pa_colour-black","10":"first","11":"instock","12":"taxable","13":"shipping-taxable","14":"product-type-simple"},"yoast_head":"<!-- This site is optimized with the Yoast SEO plugin v27.4 - https:\/\/yoast.com\/product\/yoast-seo-wordpress\/ -->\n<title>Black Compact Umbrella - Rain and Son - Classic and Stylish Umbrellas<\/title>\n<meta name=\"description\" content=\"Searching where to buy the best compact umbrella? This well-designed compact umbrella from Rain and Son is a stylish and high-quality umbrella\" \/>\n<meta name=\"robots\" content=\"index, follow, max-snippet:-1, max-image-preview:large, max-video-preview:-1\" \/>\n<link rel=\"canonical\" href=\"https:\/\/www.rainandson.com\/sv\/produkt\/black-compact-umbrella\/\" \/>\n<meta property=\"og:locale\" content=\"sv_SE\" \/>\n<meta property=\"og:type\" content=\"article\" \/>\n<meta property=\"og:title\" content=\"Black Compact Umbrella - Rain and Son - Classic and Stylish Umbrellas\" \/>\n<meta property=\"og:description\" content=\"Searching where to buy the best compact umbrella? This well-designed compact umbrella from Rain and Son is a stylish and high-quality umbrella\" \/>\n<meta property=\"og:url\" content=\"https:\/\/www.rainandson.com\/sv\/produkt\/black-compact-umbrella\/\" \/>\n<meta property=\"og:site_name\" content=\"Rain and Son - Classic and Stylish Umbrellas\" \/>\n<meta property=\"article:modified_time\" content=\"2026-03-27T15:36:18+00:00\" \/>\n<meta property=\"og:image\" content=\"https:\/\/www.rainandson.com\/wp-content\/uploads\/small-umbrella-wooden-handle-black-2-e1606912872977.jpg\" \/>\n\t<meta property=\"og:image:width\" content=\"999\" \/>\n\t<meta property=\"og:image:height\" content=\"999\" \/>\n\t<meta property=\"og:image:type\" content=\"image\/jpeg\" \/>\n<meta name=\"twitter:card\" content=\"summary_large_image\" \/>\n<meta name=\"twitter:label1\" content=\"Ber\u00e4knad l\u00e4stid\" \/>\n\t<meta name=\"twitter:data1\" content=\"1 minut\" \/>\n<script type=\"application\/ld+json\" class=\"yoast-schema-graph\">{\"@context\":\"https:\\\/\\\/schema.org\",\"@graph\":[{\"@type\":\"WebPage\",\"@id\":\"https:\\\/\\\/www.rainandson.com\\\/product\\\/black-compact-umbrella\\\/\",\"url\":\"https:\\\/\\\/www.rainandson.com\\\/product\\\/black-compact-umbrella\\\/\",\"name\":\"Black Compact Umbrella - Rain and Son - Classic and Stylish Umbrellas\",\"isPartOf\":{\"@id\":\"https:\\\/\\\/www.rainandson.com\\\/#website\"},\"primaryImageOfPage\":{\"@id\":\"https:\\\/\\\/www.rainandson.com\\\/product\\\/black-compact-umbrella\\\/#primaryimage\"},\"image\":{\"@id\":\"https:\\\/\\\/www.rainandson.com\\\/product\\\/black-compact-umbrella\\\/#primaryimage\"},\"thumbnailUrl\":\"https:\\\/\\\/www.rainandson.com\\\/wp-content\\\/uploads\\\/small-umbrella-wooden-handle-black-2-e1606912872977.jpg\",\"datePublished\":\"2020-11-25T19:33:57+00:00\",\"dateModified\":\"2026-03-27T15:36:18+00:00\",\"description\":\"Searching where to buy the best compact umbrella? This well-designed compact umbrella from Rain and Son is a stylish and high-quality umbrella\",\"breadcrumb\":{\"@id\":\"https:\\\/\\\/www.rainandson.com\\\/product\\\/black-compact-umbrella\\\/#breadcrumb\"},\"inLanguage\":\"sv-SE\",\"potentialAction\":[{\"@type\":\"ReadAction\",\"target\":[\"https:\\\/\\\/www.rainandson.com\\\/product\\\/black-compact-umbrella\\\/\"]}]},{\"@type\":\"ImageObject\",\"inLanguage\":\"sv-SE\",\"@id\":\"https:\\\/\\\/www.rainandson.com\\\/product\\\/black-compact-umbrella\\\/#primaryimage\",\"url\":\"https:\\\/\\\/www.rainandson.com\\\/wp-content\\\/uploads\\\/small-umbrella-wooden-handle-black-2-e1606912872977.jpg\",\"contentUrl\":\"https:\\\/\\\/www.rainandson.com\\\/wp-content\\\/uploads\\\/small-umbrella-wooden-handle-black-2-e1606912872977.jpg\",\"width\":999,\"height\":999,\"caption\":\"rain and son small black umbrella\"},{\"@type\":\"BreadcrumbList\",\"@id\":\"https:\\\/\\\/www.rainandson.com\\\/product\\\/black-compact-umbrella\\\/#breadcrumb\",\"itemListElement\":[{\"@type\":\"ListItem\",\"position\":1,\"name\":\"Home\",\"item\":\"https:\\\/\\\/www.rainandson.com\\\/sv\\\/\"},{\"@type\":\"ListItem\",\"position\":2,\"name\":\"Shop\",\"item\":\"https:\\\/\\\/www.rainandson.com\\\/shop\\\/\"},{\"@type\":\"ListItem\",\"position\":3,\"name\":\"Black Compact Umbrella\"}]},{\"@type\":\"WebSite\",\"@id\":\"https:\\\/\\\/www.rainandson.com\\\/#website\",\"url\":\"https:\\\/\\\/www.rainandson.com\\\/\",\"name\":\"Rain and Son - Classic and Stylish Umbrellas\",\"description\":\"Fashionable Umbrellas Online.\",\"publisher\":{\"@id\":\"https:\\\/\\\/www.rainandson.com\\\/#organization\"},\"potentialAction\":[{\"@type\":\"SearchAction\",\"target\":{\"@type\":\"EntryPoint\",\"urlTemplate\":\"https:\\\/\\\/www.rainandson.com\\\/?s={search_term_string}\"},\"query-input\":{\"@type\":\"PropertyValueSpecification\",\"valueRequired\":true,\"valueName\":\"search_term_string\"}}],\"inLanguage\":\"sv-SE\"},{\"@type\":\"Organization\",\"@id\":\"https:\\\/\\\/www.rainandson.com\\\/#organization\",\"name\":\"Rain and Son\",\"url\":\"https:\\\/\\\/www.rainandson.com\\\/\",\"logo\":{\"@type\":\"ImageObject\",\"inLanguage\":\"sv-SE\",\"@id\":\"https:\\\/\\\/www.rainandson.com\\\/#\\\/schema\\\/logo\\\/image\\\/\",\"url\":\"https:\\\/\\\/www.rainandson.com\\\/wp-content\\\/uploads\\\/rain-and-son-logotype-150.png\",\"contentUrl\":\"https:\\\/\\\/www.rainandson.com\\\/wp-content\\\/uploads\\\/rain-and-son-logotype-150.png\",\"width\":125,\"height\":150,\"caption\":\"Rain and Son\"},\"image\":{\"@id\":\"https:\\\/\\\/www.rainandson.com\\\/#\\\/schema\\\/logo\\\/image\\\/\"}}]}<\/script>\n<!-- \/ Yoast SEO plugin. -->","yoast_head_json":{"title":"Black Compact Umbrella - Rain and Son - Classic and Stylish Umbrellas","description":"Searching where to buy the best compact umbrella? This well-designed compact umbrella from Rain and Son is a stylish and high-quality umbrella","robots":{"index":"index","follow":"follow","max-snippet":"max-snippet:-1","max-image-preview":"max-image-preview:large","max-video-preview":"max-video-preview:-1"},"canonical":"https:\/\/www.rainandson.com\/sv\/produkt\/black-compact-umbrella\/","og_locale":"sv_SE","og_type":"article","og_title":"Black Compact Umbrella - Rain and Son - Classic and Stylish Umbrellas","og_description":"Searching where to buy the best compact umbrella? This well-designed compact umbrella from Rain and Son is a stylish and high-quality umbrella","og_url":"https:\/\/www.rainandson.com\/sv\/produkt\/black-compact-umbrella\/","og_site_name":"Rain and Son - Classic and Stylish Umbrellas","article_modified_time":"2026-03-27T15:36:18+00:00","og_image":[{"width":999,"height":999,"url":"https:\/\/www.rainandson.com\/wp-content\/uploads\/small-umbrella-wooden-handle-black-2-e1606912872977.jpg","type":"image\/jpeg"}],"twitter_card":"summary_large_image","twitter_misc":{"Ber\u00e4knad l\u00e4stid":"1 minut"},"schema":{"@context":"https:\/\/schema.org","@graph":[{"@type":"WebPage","@id":"https:\/\/www.rainandson.com\/product\/black-compact-umbrella\/","url":"https:\/\/www.rainandson.com\/product\/black-compact-umbrella\/","name":"Black Compact Umbrella - Rain and Son - Classic and Stylish Umbrellas","isPartOf":{"@id":"https:\/\/www.rainandson.com\/#website"},"primaryImageOfPage":{"@id":"https:\/\/www.rainandson.com\/product\/black-compact-umbrella\/#primaryimage"},"image":{"@id":"https:\/\/www.rainandson.com\/product\/black-compact-umbrella\/#primaryimage"},"thumbnailUrl":"https:\/\/www.rainandson.com\/wp-content\/uploads\/small-umbrella-wooden-handle-black-2-e1606912872977.jpg","datePublished":"2020-11-25T19:33:57+00:00","dateModified":"2026-03-27T15:36:18+00:00","description":"Searching where to buy the best compact umbrella? This well-designed compact umbrella from Rain and Son is a stylish and high-quality umbrella","breadcrumb":{"@id":"https:\/\/www.rainandson.com\/product\/black-compact-umbrella\/#breadcrumb"},"inLanguage":"sv-SE","potentialAction":[{"@type":"ReadAction","target":["https:\/\/www.rainandson.com\/product\/black-compact-umbrella\/"]}]},{"@type":"ImageObject","inLanguage":"sv-SE","@id":"https:\/\/www.rainandson.com\/product\/black-compact-umbrella\/#primaryimage","url":"https:\/\/www.rainandson.com\/wp-content\/uploads\/small-umbrella-wooden-handle-black-2-e1606912872977.jpg","contentUrl":"https:\/\/www.rainandson.com\/wp-content\/uploads\/small-umbrella-wooden-handle-black-2-e1606912872977.jpg","width":999,"height":999,"caption":"rain and son small black umbrella"},{"@type":"BreadcrumbList","@id":"https:\/\/www.rainandson.com\/product\/black-compact-umbrella\/#breadcrumb","itemListElement":[{"@type":"ListItem","position":1,"name":"Home","item":"https:\/\/www.rainandson.com\/sv\/"},{"@type":"ListItem","position":2,"name":"Shop","item":"https:\/\/www.rainandson.com\/shop\/"},{"@type":"ListItem","position":3,"name":"Black Compact Umbrella"}]},{"@type":"WebSite","@id":"https:\/\/www.rainandson.com\/#website","url":"https:\/\/www.rainandson.com\/","name":"Rain and Son - Klassiska paraplyer i modern skandinavisk design","description":"Eleganta paraplyer online.","publisher":{"@id":"https:\/\/www.rainandson.com\/#organization"},"potentialAction":[{"@type":"SearchAction","target":{"@type":"EntryPoint","urlTemplate":"https:\/\/www.rainandson.com\/?s={search_term_string}"},"query-input":{"@type":"PropertyValueSpecification","valueRequired":true,"valueName":"search_term_string"}}],"inLanguage":"sv-SE"},{"@type":"Organization","@id":"https:\/\/www.rainandson.com\/#organization","name":"Rain &amp; Son","url":"https:\/\/www.rainandson.com\/","logo":{"@type":"ImageObject","inLanguage":"sv-SE","@id":"https:\/\/www.rainandson.com\/#\/schema\/logo\/image\/","url":"https:\/\/www.rainandson.com\/wp-content\/uploads\/rain-and-son-logotype-150.png","contentUrl":"https:\/\/www.rainandson.com\/wp-content\/uploads\/rain-and-son-logotype-150.png","width":125,"height":150,"caption":"Rain and Son"},"image":{"@id":"https:\/\/www.rainandson.com\/#\/schema\/logo\/image\/"}}]}},"_links":{"self":[{"href":"https:\/\/www.rainandson.com\/sv\/wp-json\/wp\/v2\/product\/3070","targetHints":{"allow":["GET"]}}],"collection":[{"href":"https:\/\/www.rainandson.com\/sv\/wp-json\/wp\/v2\/product"}],"about":[{"href":"https:\/\/www.rainandson.com\/sv\/wp-json\/wp\/v2\/types\/product"}],"replies":[{"embeddable":true,"href":"https:\/\/www.rainandson.com\/sv\/wp-json\/wp\/v2\/comments?post=3070"}],"wp:featuredmedia":[{"embeddable":true,"href":"https:\/\/www.rainandson.com\/sv\/wp-json\/wp\/v2\/media\/3246"}],"wp:attachment":[{"href":"https:\/\/www.rainandson.com\/sv\/wp-json\/wp\/v2\/media?parent=3070"}],"wp:term":[{"taxonomy":"product_brand","embeddable":true,"href":"https:\/\/www.rainandson.com\/sv\/wp-json\/wp\/v2\/product_brand?post=3070"},{"taxonomy":"product_cat","embeddable":true,"href":"https:\/\/www.rainandson.com\/sv\/wp-json\/wp\/v2\/product_cat?post=3070"},{"taxonomy":"product_tag","embeddable":true,"href":"https:\/\/www.rainandson.com\/sv\/wp-json\/wp\/v2\/product_tag?post=3070"}],"curies":[{"name":"wp","href":"https:\/\/api.w.org\/{rel}","templated":true}]}}