{"id":3064,"date":"2020-11-25T19:33:51","date_gmt":"2020-11-25T19:33:51","guid":{"rendered":"https:\/\/rainandson.kinsta.cloud\/product\/classic-light-blue-umbrella\/"},"modified":"2025-09-18T13:23:40","modified_gmt":"2025-09-18T13:23:40","slug":"classic-light-blue-umbrella","status":"publish","type":"product","link":"https:\/\/www.rainandson.com\/sv\/produkt\/classic-light-blue-umbrella\/","title":{"rendered":"Klassiskt ljusbl\u00e5tt paraply"},"content":{"rendered":"<p>Rain &amp; Sons klassiska paraply i ljusbl\u00e5tt tillf\u00f6r f\u00e4rg och sp\u00e4nning till din utstyrsel. Det \u00e4r \u00e4ven s\u00e5klart praktiskt vid regn d\u00e5 det har en stor sk\u00e4rm. Den starka f\u00e4rgen p\u00e5 paraplyet  kommer att f\u00e5 dig att sticka ut i bland andra f\u00e4rgl\u00f6sa paraplyer. Det \u00e4r ett paraply av h\u00f6g kvalitet med en stor sk\u00e4rm i ljusbl\u00e5tt och en stark ram. Detta paraply i klassisk brittisk stil med handtag och skaft i tr\u00e4 och sm\u00e5 detaljer som sp\u00e4nne med knapp kommer att f\u00e5 dig att n\u00e4stan hoppas p\u00e5 regn. Men gl\u00f6m inte att ett paraply \u00e4ven \u00e4r en utm\u00e4rkt st\u00e4lle att undkomma stark sol, s\u00e5 varf\u00f6r inte anv\u00e4nda det som solparaply? Om du inte orkar bara runt paraplyet i handen finns ett vackert fodral i samma ljusbl\u00e5a ton som du kan h\u00e4nga \u00f6ver axeln.<\/p>\n<p>Ljusbl\u00e5tt design <b>Paraply<\/b> med 12 ekrar.<br \/>\nH\u00f6g kvalitet <strong>paraply<\/strong>.<br \/>\nTr\u00e4skaft med ram i svart fiberglas.<br \/>\nB\u00f6jt handtag i tr\u00e4 med Rain &amp; Son logotyp.<br \/>\nSp\u00e4nne med knapp.<br \/>\nNickelbelagda metallspetsar i silverf\u00e4rg.<br \/>\nTr\u00e4topp med nickelbelagd topp i silverf\u00e4rg.<br \/>\nRain &amp; Son logotyp p\u00e5 sk\u00e4rmen.<br \/>\n<b>Paraply<\/b> \u00f6ppnas till en diameter av 105 cm.<br \/>\nH\u00f6jd 89 cm.<br \/>\nSkaftets diameter: 1,5 cm.<br \/>\nVikt 500 gram.<br \/>\nPMS f\u00e4rgkod 7688C<\/p>","protected":false},"excerpt":{"rendered":"<p>Detta klassiska ljusbl\u00e5 paraply passar vid m\u00e5nga olika tillf\u00e4llen. F\u00f6rutom att vara ett vackert vardags- eller festparaply passar det utm\u00e4rkt som g\u00e5va vid specialla tillf\u00e4llen. Det f\u00e4rgglada paraplyet med detaljer som sp\u00e4nne med knapp och b\u00e5de handtag och skaft i ett vackert tr\u00e4material ger paraplyet en riktig k\u00e4nsla av lyx.<\/p>","protected":false},"featured_media":4042,"comment_status":"open","ping_status":"closed","template":"","meta":[],"product_brand":[],"product_cat":[116,247,190],"product_tag":[],"class_list":{"0":"post-3064","1":"product","2":"type-product","3":"status-publish","4":"has-post-thumbnail","6":"product_cat-all-umbrellas","7":"product_cat-classic-umbrellas","8":"product_cat-large-umbrellas","9":"pa_colour-light-blue","11":"first","12":"instock","13":"taxable","14":"shipping-taxable","15":"product-type-simple"},"yoast_head":"<!-- This site is optimized with the Yoast SEO plugin v27.4 - https:\/\/yoast.com\/product\/yoast-seo-wordpress\/ -->\n<title>Classic Light Blue Umbrella - Rain and Son - Classic and Stylish Umbrellas<\/title>\n<meta name=\"description\" content=\"Looking for a classic wooden handle umbrella? Buy this light blue umbrella from Rain &amp; Son and get a rain protection that holds quality and tradition.\" \/>\n<meta name=\"robots\" content=\"index, follow, max-snippet:-1, max-image-preview:large, max-video-preview:-1\" \/>\n<link rel=\"canonical\" href=\"https:\/\/www.rainandson.com\/sv\/produkt\/classic-light-blue-umbrella\/\" \/>\n<meta property=\"og:locale\" content=\"sv_SE\" \/>\n<meta property=\"og:type\" content=\"article\" \/>\n<meta property=\"og:title\" content=\"Classic Light Blue Umbrella - Rain and Son - Classic and Stylish Umbrellas\" \/>\n<meta property=\"og:description\" content=\"Looking for a classic wooden handle umbrella? Buy this light blue umbrella from Rain &amp; Son and get a rain protection that holds quality and tradition.\" \/>\n<meta property=\"og:url\" content=\"https:\/\/www.rainandson.com\/sv\/produkt\/classic-light-blue-umbrella\/\" \/>\n<meta property=\"og:site_name\" content=\"Rain and Son - Classic and Stylish Umbrellas\" \/>\n<meta property=\"article:modified_time\" content=\"2025-09-18T13:23:40+00:00\" \/>\n<meta property=\"og:image\" content=\"https:\/\/www.rainandson.com\/wp-content\/uploads\/colourful-umbrella-light-blue-2-e1606914004670.jpg\" \/>\n\t<meta property=\"og:image:width\" content=\"999\" \/>\n\t<meta property=\"og:image:height\" content=\"999\" \/>\n\t<meta property=\"og:image:type\" content=\"image\/jpeg\" \/>\n<meta name=\"twitter:card\" content=\"summary_large_image\" \/>\n<meta name=\"twitter:label1\" content=\"Ber\u00e4knad l\u00e4stid\" \/>\n\t<meta name=\"twitter:data1\" content=\"1 minut\" \/>\n<script type=\"application\/ld+json\" class=\"yoast-schema-graph\">{\"@context\":\"https:\\\/\\\/schema.org\",\"@graph\":[{\"@type\":\"WebPage\",\"@id\":\"https:\\\/\\\/www.rainandson.com\\\/product\\\/classic-light-blue-umbrella\\\/\",\"url\":\"https:\\\/\\\/www.rainandson.com\\\/product\\\/classic-light-blue-umbrella\\\/\",\"name\":\"Classic Light Blue Umbrella - Rain and Son - Classic and Stylish Umbrellas\",\"isPartOf\":{\"@id\":\"https:\\\/\\\/www.rainandson.com\\\/#website\"},\"primaryImageOfPage\":{\"@id\":\"https:\\\/\\\/www.rainandson.com\\\/product\\\/classic-light-blue-umbrella\\\/#primaryimage\"},\"image\":{\"@id\":\"https:\\\/\\\/www.rainandson.com\\\/product\\\/classic-light-blue-umbrella\\\/#primaryimage\"},\"thumbnailUrl\":\"https:\\\/\\\/www.rainandson.com\\\/wp-content\\\/uploads\\\/colourful-umbrella-light-blue-2-e1606914004670.jpg\",\"datePublished\":\"2020-11-25T19:33:51+00:00\",\"dateModified\":\"2025-09-18T13:23:40+00:00\",\"description\":\"Looking for a classic wooden handle umbrella? Buy this light blue umbrella from Rain & Son and get a rain protection that holds quality and tradition.\",\"breadcrumb\":{\"@id\":\"https:\\\/\\\/www.rainandson.com\\\/product\\\/classic-light-blue-umbrella\\\/#breadcrumb\"},\"inLanguage\":\"sv-SE\",\"potentialAction\":[{\"@type\":\"ReadAction\",\"target\":[\"https:\\\/\\\/www.rainandson.com\\\/product\\\/classic-light-blue-umbrella\\\/\"]}]},{\"@type\":\"ImageObject\",\"inLanguage\":\"sv-SE\",\"@id\":\"https:\\\/\\\/www.rainandson.com\\\/product\\\/classic-light-blue-umbrella\\\/#primaryimage\",\"url\":\"https:\\\/\\\/www.rainandson.com\\\/wp-content\\\/uploads\\\/colourful-umbrella-light-blue-2-e1606914004670.jpg\",\"contentUrl\":\"https:\\\/\\\/www.rainandson.com\\\/wp-content\\\/uploads\\\/colourful-umbrella-light-blue-2-e1606914004670.jpg\",\"width\":999,\"height\":999,\"caption\":\"large umbrella blue and colourful\"},{\"@type\":\"BreadcrumbList\",\"@id\":\"https:\\\/\\\/www.rainandson.com\\\/product\\\/classic-light-blue-umbrella\\\/#breadcrumb\",\"itemListElement\":[{\"@type\":\"ListItem\",\"position\":1,\"name\":\"Home\",\"item\":\"https:\\\/\\\/www.rainandson.com\\\/sv\\\/\"},{\"@type\":\"ListItem\",\"position\":2,\"name\":\"Shop\",\"item\":\"https:\\\/\\\/www.rainandson.com\\\/shop\\\/\"},{\"@type\":\"ListItem\",\"position\":3,\"name\":\"Classic Light Blue Umbrella\"}]},{\"@type\":\"WebSite\",\"@id\":\"https:\\\/\\\/www.rainandson.com\\\/#website\",\"url\":\"https:\\\/\\\/www.rainandson.com\\\/\",\"name\":\"Rain and Son - Classic and Stylish Umbrellas\",\"description\":\"Fashionable Umbrellas Online.\",\"publisher\":{\"@id\":\"https:\\\/\\\/www.rainandson.com\\\/#organization\"},\"potentialAction\":[{\"@type\":\"SearchAction\",\"target\":{\"@type\":\"EntryPoint\",\"urlTemplate\":\"https:\\\/\\\/www.rainandson.com\\\/?s={search_term_string}\"},\"query-input\":{\"@type\":\"PropertyValueSpecification\",\"valueRequired\":true,\"valueName\":\"search_term_string\"}}],\"inLanguage\":\"sv-SE\"},{\"@type\":\"Organization\",\"@id\":\"https:\\\/\\\/www.rainandson.com\\\/#organization\",\"name\":\"Rain and Son\",\"url\":\"https:\\\/\\\/www.rainandson.com\\\/\",\"logo\":{\"@type\":\"ImageObject\",\"inLanguage\":\"sv-SE\",\"@id\":\"https:\\\/\\\/www.rainandson.com\\\/#\\\/schema\\\/logo\\\/image\\\/\",\"url\":\"https:\\\/\\\/www.rainandson.com\\\/wp-content\\\/uploads\\\/rain-and-son-logotype-150.png\",\"contentUrl\":\"https:\\\/\\\/www.rainandson.com\\\/wp-content\\\/uploads\\\/rain-and-son-logotype-150.png\",\"width\":125,\"height\":150,\"caption\":\"Rain and Son\"},\"image\":{\"@id\":\"https:\\\/\\\/www.rainandson.com\\\/#\\\/schema\\\/logo\\\/image\\\/\"}}]}<\/script>\n<!-- \/ Yoast SEO plugin. -->","yoast_head_json":{"title":"Classic Light Blue Umbrella - Rain and Son - Classic and Stylish Umbrellas","description":"Looking for a classic wooden handle umbrella? Buy this light blue umbrella from Rain & Son and get a rain protection that holds quality and tradition.","robots":{"index":"index","follow":"follow","max-snippet":"max-snippet:-1","max-image-preview":"max-image-preview:large","max-video-preview":"max-video-preview:-1"},"canonical":"https:\/\/www.rainandson.com\/sv\/produkt\/classic-light-blue-umbrella\/","og_locale":"sv_SE","og_type":"article","og_title":"Classic Light Blue Umbrella - Rain and Son - Classic and Stylish Umbrellas","og_description":"Looking for a classic wooden handle umbrella? Buy this light blue umbrella from Rain & Son and get a rain protection that holds quality and tradition.","og_url":"https:\/\/www.rainandson.com\/sv\/produkt\/classic-light-blue-umbrella\/","og_site_name":"Rain and Son - Classic and Stylish Umbrellas","article_modified_time":"2025-09-18T13:23:40+00:00","og_image":[{"width":999,"height":999,"url":"https:\/\/www.rainandson.com\/wp-content\/uploads\/colourful-umbrella-light-blue-2-e1606914004670.jpg","type":"image\/jpeg"}],"twitter_card":"summary_large_image","twitter_misc":{"Ber\u00e4knad l\u00e4stid":"1 minut"},"schema":{"@context":"https:\/\/schema.org","@graph":[{"@type":"WebPage","@id":"https:\/\/www.rainandson.com\/product\/classic-light-blue-umbrella\/","url":"https:\/\/www.rainandson.com\/product\/classic-light-blue-umbrella\/","name":"Classic Light Blue Umbrella - Rain and Son - Classic and Stylish Umbrellas","isPartOf":{"@id":"https:\/\/www.rainandson.com\/#website"},"primaryImageOfPage":{"@id":"https:\/\/www.rainandson.com\/product\/classic-light-blue-umbrella\/#primaryimage"},"image":{"@id":"https:\/\/www.rainandson.com\/product\/classic-light-blue-umbrella\/#primaryimage"},"thumbnailUrl":"https:\/\/www.rainandson.com\/wp-content\/uploads\/colourful-umbrella-light-blue-2-e1606914004670.jpg","datePublished":"2020-11-25T19:33:51+00:00","dateModified":"2025-09-18T13:23:40+00:00","description":"Looking for a classic wooden handle umbrella? Buy this light blue umbrella from Rain & Son and get a rain protection that holds quality and tradition.","breadcrumb":{"@id":"https:\/\/www.rainandson.com\/product\/classic-light-blue-umbrella\/#breadcrumb"},"inLanguage":"sv-SE","potentialAction":[{"@type":"ReadAction","target":["https:\/\/www.rainandson.com\/product\/classic-light-blue-umbrella\/"]}]},{"@type":"ImageObject","inLanguage":"sv-SE","@id":"https:\/\/www.rainandson.com\/product\/classic-light-blue-umbrella\/#primaryimage","url":"https:\/\/www.rainandson.com\/wp-content\/uploads\/colourful-umbrella-light-blue-2-e1606914004670.jpg","contentUrl":"https:\/\/www.rainandson.com\/wp-content\/uploads\/colourful-umbrella-light-blue-2-e1606914004670.jpg","width":999,"height":999,"caption":"large umbrella blue and colourful"},{"@type":"BreadcrumbList","@id":"https:\/\/www.rainandson.com\/product\/classic-light-blue-umbrella\/#breadcrumb","itemListElement":[{"@type":"ListItem","position":1,"name":"Home","item":"https:\/\/www.rainandson.com\/sv\/"},{"@type":"ListItem","position":2,"name":"Shop","item":"https:\/\/www.rainandson.com\/shop\/"},{"@type":"ListItem","position":3,"name":"Classic Light Blue Umbrella"}]},{"@type":"WebSite","@id":"https:\/\/www.rainandson.com\/#website","url":"https:\/\/www.rainandson.com\/","name":"Rain and Son - Klassiska paraplyer i modern skandinavisk design","description":"Eleganta paraplyer online.","publisher":{"@id":"https:\/\/www.rainandson.com\/#organization"},"potentialAction":[{"@type":"SearchAction","target":{"@type":"EntryPoint","urlTemplate":"https:\/\/www.rainandson.com\/?s={search_term_string}"},"query-input":{"@type":"PropertyValueSpecification","valueRequired":true,"valueName":"search_term_string"}}],"inLanguage":"sv-SE"},{"@type":"Organization","@id":"https:\/\/www.rainandson.com\/#organization","name":"Rain &amp; Son","url":"https:\/\/www.rainandson.com\/","logo":{"@type":"ImageObject","inLanguage":"sv-SE","@id":"https:\/\/www.rainandson.com\/#\/schema\/logo\/image\/","url":"https:\/\/www.rainandson.com\/wp-content\/uploads\/rain-and-son-logotype-150.png","contentUrl":"https:\/\/www.rainandson.com\/wp-content\/uploads\/rain-and-son-logotype-150.png","width":125,"height":150,"caption":"Rain and Son"},"image":{"@id":"https:\/\/www.rainandson.com\/#\/schema\/logo\/image\/"}}]}},"_links":{"self":[{"href":"https:\/\/www.rainandson.com\/sv\/wp-json\/wp\/v2\/product\/3064","targetHints":{"allow":["GET"]}}],"collection":[{"href":"https:\/\/www.rainandson.com\/sv\/wp-json\/wp\/v2\/product"}],"about":[{"href":"https:\/\/www.rainandson.com\/sv\/wp-json\/wp\/v2\/types\/product"}],"replies":[{"embeddable":true,"href":"https:\/\/www.rainandson.com\/sv\/wp-json\/wp\/v2\/comments?post=3064"}],"wp:featuredmedia":[{"embeddable":true,"href":"https:\/\/www.rainandson.com\/sv\/wp-json\/wp\/v2\/media\/4042"}],"wp:attachment":[{"href":"https:\/\/www.rainandson.com\/sv\/wp-json\/wp\/v2\/media?parent=3064"}],"wp:term":[{"taxonomy":"product_brand","embeddable":true,"href":"https:\/\/www.rainandson.com\/sv\/wp-json\/wp\/v2\/product_brand?post=3064"},{"taxonomy":"product_cat","embeddable":true,"href":"https:\/\/www.rainandson.com\/sv\/wp-json\/wp\/v2\/product_cat?post=3064"},{"taxonomy":"product_tag","embeddable":true,"href":"https:\/\/www.rainandson.com\/sv\/wp-json\/wp\/v2\/product_tag?post=3064"}],"curies":[{"name":"wp","href":"https:\/\/api.w.org\/{rel}","templated":true}]}}