{"id":3058,"date":"2020-11-25T19:33:43","date_gmt":"2020-11-25T19:33:43","guid":{"rendered":"https:\/\/rainandson.kinsta.cloud\/product\/classic-purple-umbrella\/"},"modified":"2025-10-17T16:58:51","modified_gmt":"2025-10-17T16:58:51","slug":"classic-purple-umbrella","status":"publish","type":"product","link":"https:\/\/www.rainandson.com\/sv\/produkt\/classic-purple-umbrella\/","title":{"rendered":"Klassiskt lila paraply"},"content":{"rendered":"<p>Ett paraply fr\u00e5n Rain &amp; Son ger inte bara ett bra regnskydd utan det tillf\u00f6r \u00e4ven stil n\u00e4r regnet vr\u00e4ker ner. Oberoende av om du bor p\u00e5 landet eller i staden s\u00e5 passar det h\u00e4r paraplyet f\u00f6r alla tillf\u00e4llen. Det lila klassiska paraplyet \u00e4r av h\u00f6g kvallitet med handtag och skaft i tr\u00e4. Den starka ramen p\u00e5 paraplyet g\u00f6r det t\u00e5ligt f\u00f6r de mest ih\u00e5llande regnv\u00e4der. N\u00e4r den stora sk\u00e4rmen \u00e4r fullt \u00f6ppet m\u00e4ter det en diameter av 105 centimeter. Stort nog f\u00f6r att bjuda in en v\u00e4n under paraplysk\u00e4rmen. Den stora sk\u00e4rmen passar \u00e4ven den som s\u00f6ker skugga och kan s\u00e5ledes anv\u00e4ndas som solparaply p\u00e5 sommaren. Paraplyet leveras i ett fint matchande fodral. Perfekt f\u00f6r alla som inte vill b\u00e4ra paraplyet i handen utan f\u00f6redrar att h\u00e4nga det \u00f6ver axeln.<\/p>\n<p>Lila design <b>Paraply<\/b> med 12 ekrar.<br \/>\nH\u00f6g kvalitet <b>paraply<\/b>.<br \/>\nTr\u00e4skaft med ram i svart fiberglas.<br \/>\nB\u00f6jt handtag i tr\u00e4 med Rain &amp; Son logotyp.<br \/>\nSp\u00e4nne med knapp.<br \/>\nNickelbelagda metallspetsar i silverf\u00e4rg.<br \/>\nTr\u00e4topp med nickelbelagd topp i silverf\u00e4rg.<br \/>\nRain &amp; Son logotyp p\u00e5 sk\u00e4rmen.<br \/>\n<strong>Paraply<\/strong> \u00f6ppnas till en diameter av 103 centimeter.<br \/>\nH\u00f6jd 89 cm.<br \/>\nSkaftets diameter: 1,5 cm.<br \/>\nVikt 500 gram.<br \/>\nPMS f\u00e4rgkod 7680C<\/p>","protected":false},"excerpt":{"rendered":"<p>Detta stora klassiska paraply i en vackert lila f\u00e4rg \u00e4r det ultimata regnskyddet. Det \u00e4r ett paraply av h\u00f6g kvalitet d\u00e4r detaljer som sp\u00e4nne med knapp tillf\u00f6r stil och elegans till paraplyet. Det vackra, b\u00f6jda handtaget i tr\u00e4material g\u00f6r det \u00e4ven behagligt att h\u00e5lla i. Ett paraply f\u00f6r alla stilfulla och medvetna konsumenter.<\/p>","protected":false},"featured_media":4031,"comment_status":"open","ping_status":"closed","template":"","meta":[],"product_brand":[],"product_cat":[116,247,190],"product_tag":[],"class_list":{"0":"post-3058","1":"product","2":"type-product","3":"status-publish","4":"has-post-thumbnail","6":"product_cat-all-umbrellas","7":"product_cat-classic-umbrellas","8":"product_cat-large-umbrellas","9":"pa_colour-purple","11":"first","12":"instock","13":"taxable","14":"shipping-taxable","15":"product-type-simple"},"yoast_head":"<!-- This site is optimized with the Yoast SEO plugin v27.4 - https:\/\/yoast.com\/product\/yoast-seo-wordpress\/ -->\n<title>Classic Purple Umbrella - Rain and Son - Classic and Stylish Umbrellas<\/title>\n<meta name=\"description\" content=\"Searching for a classic purple doorman umbrella? This classic design umbrellas for men and umbrellas for women comes with wooden handle and steel frame.\" \/>\n<meta name=\"robots\" content=\"index, follow, max-snippet:-1, max-image-preview:large, max-video-preview:-1\" \/>\n<link rel=\"canonical\" href=\"https:\/\/www.rainandson.com\/sv\/produkt\/classic-purple-umbrella\/\" \/>\n<meta property=\"og:locale\" content=\"sv_SE\" \/>\n<meta property=\"og:type\" content=\"article\" \/>\n<meta property=\"og:title\" content=\"Classic Purple Umbrella - Rain and Son - Classic and Stylish Umbrellas\" \/>\n<meta property=\"og:description\" content=\"Searching for a classic purple doorman umbrella? This classic design umbrellas for men and umbrellas for women comes with wooden handle and steel frame.\" \/>\n<meta property=\"og:url\" content=\"https:\/\/www.rainandson.com\/sv\/produkt\/classic-purple-umbrella\/\" \/>\n<meta property=\"og:site_name\" content=\"Rain and Son - Classic and Stylish Umbrellas\" \/>\n<meta property=\"article:modified_time\" content=\"2025-10-17T16:58:51+00:00\" \/>\n<meta property=\"og:image\" content=\"https:\/\/www.rainandson.com\/wp-content\/uploads\/classic-large-purple-umbrella-3-e1606911795780.jpg\" \/>\n\t<meta property=\"og:image:width\" content=\"999\" \/>\n\t<meta property=\"og:image:height\" content=\"999\" \/>\n\t<meta property=\"og:image:type\" content=\"image\/jpeg\" \/>\n<meta name=\"twitter:card\" content=\"summary_large_image\" \/>\n<meta name=\"twitter:label1\" content=\"Ber\u00e4knad l\u00e4stid\" \/>\n\t<meta name=\"twitter:data1\" content=\"1 minut\" \/>\n<script type=\"application\/ld+json\" class=\"yoast-schema-graph\">{\"@context\":\"https:\\\/\\\/schema.org\",\"@graph\":[{\"@type\":\"WebPage\",\"@id\":\"https:\\\/\\\/www.rainandson.com\\\/product\\\/classic-purple-umbrella\\\/\",\"url\":\"https:\\\/\\\/www.rainandson.com\\\/product\\\/classic-purple-umbrella\\\/\",\"name\":\"Classic Purple Umbrella - Rain and Son - Classic and Stylish Umbrellas\",\"isPartOf\":{\"@id\":\"https:\\\/\\\/www.rainandson.com\\\/#website\"},\"primaryImageOfPage\":{\"@id\":\"https:\\\/\\\/www.rainandson.com\\\/product\\\/classic-purple-umbrella\\\/#primaryimage\"},\"image\":{\"@id\":\"https:\\\/\\\/www.rainandson.com\\\/product\\\/classic-purple-umbrella\\\/#primaryimage\"},\"thumbnailUrl\":\"https:\\\/\\\/www.rainandson.com\\\/wp-content\\\/uploads\\\/classic-large-purple-umbrella-3-e1606911795780.jpg\",\"datePublished\":\"2020-11-25T19:33:43+00:00\",\"dateModified\":\"2025-10-17T16:58:51+00:00\",\"description\":\"Searching for a classic purple doorman umbrella? This classic design umbrellas for men and umbrellas for women comes with wooden handle and steel frame.\",\"breadcrumb\":{\"@id\":\"https:\\\/\\\/www.rainandson.com\\\/product\\\/classic-purple-umbrella\\\/#breadcrumb\"},\"inLanguage\":\"sv-SE\",\"potentialAction\":[{\"@type\":\"ReadAction\",\"target\":[\"https:\\\/\\\/www.rainandson.com\\\/product\\\/classic-purple-umbrella\\\/\"]}]},{\"@type\":\"ImageObject\",\"inLanguage\":\"sv-SE\",\"@id\":\"https:\\\/\\\/www.rainandson.com\\\/product\\\/classic-purple-umbrella\\\/#primaryimage\",\"url\":\"https:\\\/\\\/www.rainandson.com\\\/wp-content\\\/uploads\\\/classic-large-purple-umbrella-3-e1606911795780.jpg\",\"contentUrl\":\"https:\\\/\\\/www.rainandson.com\\\/wp-content\\\/uploads\\\/classic-large-purple-umbrella-3-e1606911795780.jpg\",\"width\":999,\"height\":999,\"caption\":\"purple large umbrella\"},{\"@type\":\"BreadcrumbList\",\"@id\":\"https:\\\/\\\/www.rainandson.com\\\/product\\\/classic-purple-umbrella\\\/#breadcrumb\",\"itemListElement\":[{\"@type\":\"ListItem\",\"position\":1,\"name\":\"Home\",\"item\":\"https:\\\/\\\/www.rainandson.com\\\/sv\\\/\"},{\"@type\":\"ListItem\",\"position\":2,\"name\":\"Shop\",\"item\":\"https:\\\/\\\/www.rainandson.com\\\/shop\\\/\"},{\"@type\":\"ListItem\",\"position\":3,\"name\":\"Classic Purple Umbrella\"}]},{\"@type\":\"WebSite\",\"@id\":\"https:\\\/\\\/www.rainandson.com\\\/#website\",\"url\":\"https:\\\/\\\/www.rainandson.com\\\/\",\"name\":\"Rain and Son - Classic and Stylish Umbrellas\",\"description\":\"Fashionable Umbrellas Online.\",\"publisher\":{\"@id\":\"https:\\\/\\\/www.rainandson.com\\\/#organization\"},\"potentialAction\":[{\"@type\":\"SearchAction\",\"target\":{\"@type\":\"EntryPoint\",\"urlTemplate\":\"https:\\\/\\\/www.rainandson.com\\\/?s={search_term_string}\"},\"query-input\":{\"@type\":\"PropertyValueSpecification\",\"valueRequired\":true,\"valueName\":\"search_term_string\"}}],\"inLanguage\":\"sv-SE\"},{\"@type\":\"Organization\",\"@id\":\"https:\\\/\\\/www.rainandson.com\\\/#organization\",\"name\":\"Rain and Son\",\"url\":\"https:\\\/\\\/www.rainandson.com\\\/\",\"logo\":{\"@type\":\"ImageObject\",\"inLanguage\":\"sv-SE\",\"@id\":\"https:\\\/\\\/www.rainandson.com\\\/#\\\/schema\\\/logo\\\/image\\\/\",\"url\":\"https:\\\/\\\/www.rainandson.com\\\/wp-content\\\/uploads\\\/rain-and-son-logotype-150.png\",\"contentUrl\":\"https:\\\/\\\/www.rainandson.com\\\/wp-content\\\/uploads\\\/rain-and-son-logotype-150.png\",\"width\":125,\"height\":150,\"caption\":\"Rain and Son\"},\"image\":{\"@id\":\"https:\\\/\\\/www.rainandson.com\\\/#\\\/schema\\\/logo\\\/image\\\/\"}}]}<\/script>\n<!-- \/ Yoast SEO plugin. -->","yoast_head_json":{"title":"Classic Purple Umbrella - Rain and Son - Classic and Stylish Umbrellas","description":"Searching for a classic purple doorman umbrella? This classic design umbrellas for men and umbrellas for women comes with wooden handle and steel frame.","robots":{"index":"index","follow":"follow","max-snippet":"max-snippet:-1","max-image-preview":"max-image-preview:large","max-video-preview":"max-video-preview:-1"},"canonical":"https:\/\/www.rainandson.com\/sv\/produkt\/classic-purple-umbrella\/","og_locale":"sv_SE","og_type":"article","og_title":"Classic Purple Umbrella - Rain and Son - Classic and Stylish Umbrellas","og_description":"Searching for a classic purple doorman umbrella? This classic design umbrellas for men and umbrellas for women comes with wooden handle and steel frame.","og_url":"https:\/\/www.rainandson.com\/sv\/produkt\/classic-purple-umbrella\/","og_site_name":"Rain and Son - Classic and Stylish Umbrellas","article_modified_time":"2025-10-17T16:58:51+00:00","og_image":[{"width":999,"height":999,"url":"https:\/\/www.rainandson.com\/wp-content\/uploads\/classic-large-purple-umbrella-3-e1606911795780.jpg","type":"image\/jpeg"}],"twitter_card":"summary_large_image","twitter_misc":{"Ber\u00e4knad l\u00e4stid":"1 minut"},"schema":{"@context":"https:\/\/schema.org","@graph":[{"@type":"WebPage","@id":"https:\/\/www.rainandson.com\/product\/classic-purple-umbrella\/","url":"https:\/\/www.rainandson.com\/product\/classic-purple-umbrella\/","name":"Classic Purple Umbrella - Rain and Son - Classic and Stylish Umbrellas","isPartOf":{"@id":"https:\/\/www.rainandson.com\/#website"},"primaryImageOfPage":{"@id":"https:\/\/www.rainandson.com\/product\/classic-purple-umbrella\/#primaryimage"},"image":{"@id":"https:\/\/www.rainandson.com\/product\/classic-purple-umbrella\/#primaryimage"},"thumbnailUrl":"https:\/\/www.rainandson.com\/wp-content\/uploads\/classic-large-purple-umbrella-3-e1606911795780.jpg","datePublished":"2020-11-25T19:33:43+00:00","dateModified":"2025-10-17T16:58:51+00:00","description":"Searching for a classic purple doorman umbrella? This classic design umbrellas for men and umbrellas for women comes with wooden handle and steel frame.","breadcrumb":{"@id":"https:\/\/www.rainandson.com\/product\/classic-purple-umbrella\/#breadcrumb"},"inLanguage":"sv-SE","potentialAction":[{"@type":"ReadAction","target":["https:\/\/www.rainandson.com\/product\/classic-purple-umbrella\/"]}]},{"@type":"ImageObject","inLanguage":"sv-SE","@id":"https:\/\/www.rainandson.com\/product\/classic-purple-umbrella\/#primaryimage","url":"https:\/\/www.rainandson.com\/wp-content\/uploads\/classic-large-purple-umbrella-3-e1606911795780.jpg","contentUrl":"https:\/\/www.rainandson.com\/wp-content\/uploads\/classic-large-purple-umbrella-3-e1606911795780.jpg","width":999,"height":999,"caption":"purple large umbrella"},{"@type":"BreadcrumbList","@id":"https:\/\/www.rainandson.com\/product\/classic-purple-umbrella\/#breadcrumb","itemListElement":[{"@type":"ListItem","position":1,"name":"Home","item":"https:\/\/www.rainandson.com\/sv\/"},{"@type":"ListItem","position":2,"name":"Shop","item":"https:\/\/www.rainandson.com\/shop\/"},{"@type":"ListItem","position":3,"name":"Classic Purple Umbrella"}]},{"@type":"WebSite","@id":"https:\/\/www.rainandson.com\/#website","url":"https:\/\/www.rainandson.com\/","name":"Rain and Son - Klassiska paraplyer i modern skandinavisk design","description":"Eleganta paraplyer online.","publisher":{"@id":"https:\/\/www.rainandson.com\/#organization"},"potentialAction":[{"@type":"SearchAction","target":{"@type":"EntryPoint","urlTemplate":"https:\/\/www.rainandson.com\/?s={search_term_string}"},"query-input":{"@type":"PropertyValueSpecification","valueRequired":true,"valueName":"search_term_string"}}],"inLanguage":"sv-SE"},{"@type":"Organization","@id":"https:\/\/www.rainandson.com\/#organization","name":"Rain &amp; Son","url":"https:\/\/www.rainandson.com\/","logo":{"@type":"ImageObject","inLanguage":"sv-SE","@id":"https:\/\/www.rainandson.com\/#\/schema\/logo\/image\/","url":"https:\/\/www.rainandson.com\/wp-content\/uploads\/rain-and-son-logotype-150.png","contentUrl":"https:\/\/www.rainandson.com\/wp-content\/uploads\/rain-and-son-logotype-150.png","width":125,"height":150,"caption":"Rain and Son"},"image":{"@id":"https:\/\/www.rainandson.com\/#\/schema\/logo\/image\/"}}]}},"_links":{"self":[{"href":"https:\/\/www.rainandson.com\/sv\/wp-json\/wp\/v2\/product\/3058","targetHints":{"allow":["GET"]}}],"collection":[{"href":"https:\/\/www.rainandson.com\/sv\/wp-json\/wp\/v2\/product"}],"about":[{"href":"https:\/\/www.rainandson.com\/sv\/wp-json\/wp\/v2\/types\/product"}],"replies":[{"embeddable":true,"href":"https:\/\/www.rainandson.com\/sv\/wp-json\/wp\/v2\/comments?post=3058"}],"wp:featuredmedia":[{"embeddable":true,"href":"https:\/\/www.rainandson.com\/sv\/wp-json\/wp\/v2\/media\/4031"}],"wp:attachment":[{"href":"https:\/\/www.rainandson.com\/sv\/wp-json\/wp\/v2\/media?parent=3058"}],"wp:term":[{"taxonomy":"product_brand","embeddable":true,"href":"https:\/\/www.rainandson.com\/sv\/wp-json\/wp\/v2\/product_brand?post=3058"},{"taxonomy":"product_cat","embeddable":true,"href":"https:\/\/www.rainandson.com\/sv\/wp-json\/wp\/v2\/product_cat?post=3058"},{"taxonomy":"product_tag","embeddable":true,"href":"https:\/\/www.rainandson.com\/sv\/wp-json\/wp\/v2\/product_tag?post=3058"}],"curies":[{"name":"wp","href":"https:\/\/api.w.org\/{rel}","templated":true}]}}