{"id":3052,"date":"2020-11-25T19:33:37","date_gmt":"2020-11-25T19:33:37","guid":{"rendered":"https:\/\/rainandson.kinsta.cloud\/product\/classic-orange-umbrella\/"},"modified":"2024-06-28T10:58:59","modified_gmt":"2024-06-28T10:58:59","slug":"classic-orange-umbrella","status":"publish","type":"product","link":"https:\/\/www.rainandson.com\/sv\/produkt\/classic-orange-umbrella\/","title":{"rendered":"Klassiskt orange paraply"},"content":{"rendered":"<p>Ett klassiskt orange paraply fr\u00e5n Rain &amp; Son som inte bara \u00e4r bra f\u00f6r att h\u00e5lla dig undan regnet utan \u00e4ven en f\u00e4rgglad accessoar f\u00f6r att pigga upp vardagen. Oavsett om du \u00e4r p\u00e5 promenad i naturen eller ute p\u00e5 \u00e4ventyr i staden s\u00e5 \u00e4r det h\u00e4r ett paraply som passar f\u00f6r alla tillf\u00e4llen. Paraplyet i en klar orange f\u00e4rg kommer att f\u00e5 dig att sticka ut i ett hav av annars mest svarta paraplyer. Det \u00e4r ett paraply av h\u00f6g kvalitet med handtag s\u00e5v\u00e4l som skaft i tr\u00e4 och en stark ram som klarar de flesta v\u00e4derlekar. Det \u00e4r ett stort paraply som i \u00f6ppet tillst\u00e5nd m\u00e4ter 103 centimeter i diameter. Stort nog f\u00f6r att bjuda in en v\u00e4n under paraplysk\u00e4rmen till skydd fr\u00e5n regn.<\/p>\n<p>Orange designer <b>paraply<\/b> med 12 ekrar.<br \/>\nH\u00f6g kvalitet <b>paraply<\/b>.<br \/>\nTr\u00e4skaft med ram i svart fiberglas.<br \/>\nB\u00f6jt handtag i tr\u00e4 med Rain &amp; Son logotyp.<br \/>\nSp\u00e4nne med knapp.<br \/>\nNickelbelagda metallspetsar i silverf\u00e4rg.<br \/>\nTr\u00e4topp med nickelbelagd topp i silverf\u00e4rg.<br \/>\nRain &amp; Son logotyp p\u00e5 sk\u00e4rmen.<br \/>\n<strong>Paraply<\/strong> \u00f6ppnas till en diameter av 103 centimeter.<br \/>\nH\u00f6jd 89 cm.<br \/>\nSkaftets diameter: 1,5 cm.<br \/>\nVikt 500 gram.<br \/>\nPMS f\u00e4rgkod 166C<\/p>","protected":false},"excerpt":{"rendered":"<p>Det h\u00e4r klassiska paraplyet i en stark och fin orange f\u00e4rg lyser upp den gr\u00e5aste av regndagar.  Designparaplyet fr\u00e5n Rain &amp; Son med sin starka ram har en diameter p\u00e5 103 centimeter n\u00e4r det \u00e4r fullt \u00f6ppet. Paraplyet har detaljer som sp\u00e4nne med knapp och handtag samt skaft i tr\u00e4, vilket g\u00f6r det till ett perfekt paraply f\u00f6r den som uppskattar bra design.<\/p>","protected":false},"featured_media":3284,"comment_status":"open","ping_status":"closed","template":"","meta":[],"product_brand":[],"product_cat":[116,247,190],"product_tag":[],"class_list":{"0":"post-3052","1":"product","2":"type-product","3":"status-publish","4":"has-post-thumbnail","6":"product_cat-all-umbrellas","7":"product_cat-classic-umbrellas","8":"product_cat-large-umbrellas","9":"pa_colour-orange","11":"first","12":"outofstock","13":"taxable","14":"shipping-taxable","15":"product-type-simple"},"yoast_head":"<!-- This site is optimized with the Yoast SEO plugin v27.5 - https:\/\/yoast.com\/product\/yoast-seo-wordpress\/ -->\n<title>Classic Orange Umbrella - Rain and Son - Classic and Stylish Umbrellas<\/title>\n<meta name=\"description\" content=\"Looking for a colourful classic orange umbrella? This Kingsman style umbrella with a large frame, and wooden handle is perfect in heavy rain.\" \/>\n<meta name=\"robots\" content=\"index, follow, max-snippet:-1, max-image-preview:large, max-video-preview:-1\" \/>\n<link rel=\"canonical\" href=\"https:\/\/www.rainandson.com\/sv\/produkt\/classic-orange-umbrella\/\" \/>\n<meta property=\"og:locale\" content=\"sv_SE\" \/>\n<meta property=\"og:type\" content=\"article\" \/>\n<meta property=\"og:title\" content=\"Classic Orange Umbrella - Rain and Son - Classic and Stylish Umbrellas\" \/>\n<meta property=\"og:description\" content=\"Looking for a colourful classic orange umbrella? This Kingsman style umbrella with a large frame, and wooden handle is perfect in heavy rain.\" \/>\n<meta property=\"og:url\" content=\"https:\/\/www.rainandson.com\/sv\/produkt\/classic-orange-umbrella\/\" \/>\n<meta property=\"og:site_name\" content=\"Rain and Son - Classic and Stylish Umbrellas\" \/>\n<meta property=\"article:modified_time\" content=\"2024-06-28T10:58:59+00:00\" \/>\n<meta property=\"og:image\" content=\"https:\/\/www.rainandson.com\/wp-content\/uploads\/large-umbrella-colourful-orange-2-e1606911446234.jpg\" \/>\n\t<meta property=\"og:image:width\" content=\"999\" \/>\n\t<meta property=\"og:image:height\" content=\"999\" \/>\n\t<meta property=\"og:image:type\" content=\"image\/jpeg\" \/>\n<meta name=\"twitter:card\" content=\"summary_large_image\" \/>\n<meta name=\"twitter:label1\" content=\"Ber\u00e4knad l\u00e4stid\" \/>\n\t<meta name=\"twitter:data1\" content=\"1 minut\" \/>\n<script type=\"application\/ld+json\" class=\"yoast-schema-graph\">{\"@context\":\"https:\\\/\\\/schema.org\",\"@graph\":[{\"@type\":\"WebPage\",\"@id\":\"https:\\\/\\\/www.rainandson.com\\\/product\\\/classic-orange-umbrella\\\/\",\"url\":\"https:\\\/\\\/www.rainandson.com\\\/product\\\/classic-orange-umbrella\\\/\",\"name\":\"Classic Orange Umbrella - Rain and Son - Classic and Stylish Umbrellas\",\"isPartOf\":{\"@id\":\"https:\\\/\\\/www.rainandson.com\\\/#website\"},\"primaryImageOfPage\":{\"@id\":\"https:\\\/\\\/www.rainandson.com\\\/product\\\/classic-orange-umbrella\\\/#primaryimage\"},\"image\":{\"@id\":\"https:\\\/\\\/www.rainandson.com\\\/product\\\/classic-orange-umbrella\\\/#primaryimage\"},\"thumbnailUrl\":\"https:\\\/\\\/www.rainandson.com\\\/wp-content\\\/uploads\\\/large-umbrella-colourful-orange-2-e1606911446234.jpg\",\"datePublished\":\"2020-11-25T19:33:37+00:00\",\"dateModified\":\"2024-06-28T10:58:59+00:00\",\"description\":\"Looking for a colourful classic orange umbrella? This Kingsman style umbrella with a large frame, and wooden handle is perfect in heavy rain.\",\"breadcrumb\":{\"@id\":\"https:\\\/\\\/www.rainandson.com\\\/product\\\/classic-orange-umbrella\\\/#breadcrumb\"},\"inLanguage\":\"sv-SE\",\"potentialAction\":[{\"@type\":\"ReadAction\",\"target\":[\"https:\\\/\\\/www.rainandson.com\\\/product\\\/classic-orange-umbrella\\\/\"]}]},{\"@type\":\"ImageObject\",\"inLanguage\":\"sv-SE\",\"@id\":\"https:\\\/\\\/www.rainandson.com\\\/product\\\/classic-orange-umbrella\\\/#primaryimage\",\"url\":\"https:\\\/\\\/www.rainandson.com\\\/wp-content\\\/uploads\\\/large-umbrella-colourful-orange-2-e1606911446234.jpg\",\"contentUrl\":\"https:\\\/\\\/www.rainandson.com\\\/wp-content\\\/uploads\\\/large-umbrella-colourful-orange-2-e1606911446234.jpg\",\"width\":999,\"height\":999,\"caption\":\"large designer umbrella in orange\"},{\"@type\":\"BreadcrumbList\",\"@id\":\"https:\\\/\\\/www.rainandson.com\\\/product\\\/classic-orange-umbrella\\\/#breadcrumb\",\"itemListElement\":[{\"@type\":\"ListItem\",\"position\":1,\"name\":\"Home\",\"item\":\"https:\\\/\\\/www.rainandson.com\\\/sv\\\/\"},{\"@type\":\"ListItem\",\"position\":2,\"name\":\"Shop\",\"item\":\"https:\\\/\\\/www.rainandson.com\\\/shop\\\/\"},{\"@type\":\"ListItem\",\"position\":3,\"name\":\"Classic Orange Umbrella\"}]},{\"@type\":\"WebSite\",\"@id\":\"https:\\\/\\\/www.rainandson.com\\\/#website\",\"url\":\"https:\\\/\\\/www.rainandson.com\\\/\",\"name\":\"Rain and Son - Classic and Stylish Umbrellas\",\"description\":\"Fashionable Umbrellas Online.\",\"publisher\":{\"@id\":\"https:\\\/\\\/www.rainandson.com\\\/#organization\"},\"potentialAction\":[{\"@type\":\"SearchAction\",\"target\":{\"@type\":\"EntryPoint\",\"urlTemplate\":\"https:\\\/\\\/www.rainandson.com\\\/?s={search_term_string}\"},\"query-input\":{\"@type\":\"PropertyValueSpecification\",\"valueRequired\":true,\"valueName\":\"search_term_string\"}}],\"inLanguage\":\"sv-SE\"},{\"@type\":\"Organization\",\"@id\":\"https:\\\/\\\/www.rainandson.com\\\/#organization\",\"name\":\"Rain and Son\",\"url\":\"https:\\\/\\\/www.rainandson.com\\\/\",\"logo\":{\"@type\":\"ImageObject\",\"inLanguage\":\"sv-SE\",\"@id\":\"https:\\\/\\\/www.rainandson.com\\\/#\\\/schema\\\/logo\\\/image\\\/\",\"url\":\"https:\\\/\\\/www.rainandson.com\\\/wp-content\\\/uploads\\\/rain-and-son-logotype-150.png\",\"contentUrl\":\"https:\\\/\\\/www.rainandson.com\\\/wp-content\\\/uploads\\\/rain-and-son-logotype-150.png\",\"width\":125,\"height\":150,\"caption\":\"Rain and Son\"},\"image\":{\"@id\":\"https:\\\/\\\/www.rainandson.com\\\/#\\\/schema\\\/logo\\\/image\\\/\"}}]}<\/script>\n<!-- \/ Yoast SEO plugin. -->","yoast_head_json":{"title":"Classic Orange Umbrella - Rain and Son - Classic and Stylish Umbrellas","description":"Looking for a colourful classic orange umbrella? This Kingsman style umbrella with a large frame, and wooden handle is perfect in heavy rain.","robots":{"index":"index","follow":"follow","max-snippet":"max-snippet:-1","max-image-preview":"max-image-preview:large","max-video-preview":"max-video-preview:-1"},"canonical":"https:\/\/www.rainandson.com\/sv\/produkt\/classic-orange-umbrella\/","og_locale":"sv_SE","og_type":"article","og_title":"Classic Orange Umbrella - Rain and Son - Classic and Stylish Umbrellas","og_description":"Looking for a colourful classic orange umbrella? This Kingsman style umbrella with a large frame, and wooden handle is perfect in heavy rain.","og_url":"https:\/\/www.rainandson.com\/sv\/produkt\/classic-orange-umbrella\/","og_site_name":"Rain and Son - Classic and Stylish Umbrellas","article_modified_time":"2024-06-28T10:58:59+00:00","og_image":[{"width":999,"height":999,"url":"https:\/\/www.rainandson.com\/wp-content\/uploads\/large-umbrella-colourful-orange-2-e1606911446234.jpg","type":"image\/jpeg"}],"twitter_card":"summary_large_image","twitter_misc":{"Ber\u00e4knad l\u00e4stid":"1 minut"},"schema":{"@context":"https:\/\/schema.org","@graph":[{"@type":"WebPage","@id":"https:\/\/www.rainandson.com\/product\/classic-orange-umbrella\/","url":"https:\/\/www.rainandson.com\/product\/classic-orange-umbrella\/","name":"Classic Orange Umbrella - Rain and Son - Classic and Stylish Umbrellas","isPartOf":{"@id":"https:\/\/www.rainandson.com\/#website"},"primaryImageOfPage":{"@id":"https:\/\/www.rainandson.com\/product\/classic-orange-umbrella\/#primaryimage"},"image":{"@id":"https:\/\/www.rainandson.com\/product\/classic-orange-umbrella\/#primaryimage"},"thumbnailUrl":"https:\/\/www.rainandson.com\/wp-content\/uploads\/large-umbrella-colourful-orange-2-e1606911446234.jpg","datePublished":"2020-11-25T19:33:37+00:00","dateModified":"2024-06-28T10:58:59+00:00","description":"Looking for a colourful classic orange umbrella? This Kingsman style umbrella with a large frame, and wooden handle is perfect in heavy rain.","breadcrumb":{"@id":"https:\/\/www.rainandson.com\/product\/classic-orange-umbrella\/#breadcrumb"},"inLanguage":"sv-SE","potentialAction":[{"@type":"ReadAction","target":["https:\/\/www.rainandson.com\/product\/classic-orange-umbrella\/"]}]},{"@type":"ImageObject","inLanguage":"sv-SE","@id":"https:\/\/www.rainandson.com\/product\/classic-orange-umbrella\/#primaryimage","url":"https:\/\/www.rainandson.com\/wp-content\/uploads\/large-umbrella-colourful-orange-2-e1606911446234.jpg","contentUrl":"https:\/\/www.rainandson.com\/wp-content\/uploads\/large-umbrella-colourful-orange-2-e1606911446234.jpg","width":999,"height":999,"caption":"large designer umbrella in orange"},{"@type":"BreadcrumbList","@id":"https:\/\/www.rainandson.com\/product\/classic-orange-umbrella\/#breadcrumb","itemListElement":[{"@type":"ListItem","position":1,"name":"Home","item":"https:\/\/www.rainandson.com\/sv\/"},{"@type":"ListItem","position":2,"name":"Shop","item":"https:\/\/www.rainandson.com\/shop\/"},{"@type":"ListItem","position":3,"name":"Classic Orange Umbrella"}]},{"@type":"WebSite","@id":"https:\/\/www.rainandson.com\/#website","url":"https:\/\/www.rainandson.com\/","name":"Rain and Son - Klassiska paraplyer i modern skandinavisk design","description":"Eleganta paraplyer online.","publisher":{"@id":"https:\/\/www.rainandson.com\/#organization"},"potentialAction":[{"@type":"SearchAction","target":{"@type":"EntryPoint","urlTemplate":"https:\/\/www.rainandson.com\/?s={search_term_string}"},"query-input":{"@type":"PropertyValueSpecification","valueRequired":true,"valueName":"search_term_string"}}],"inLanguage":"sv-SE"},{"@type":"Organization","@id":"https:\/\/www.rainandson.com\/#organization","name":"Rain &amp; Son","url":"https:\/\/www.rainandson.com\/","logo":{"@type":"ImageObject","inLanguage":"sv-SE","@id":"https:\/\/www.rainandson.com\/#\/schema\/logo\/image\/","url":"https:\/\/www.rainandson.com\/wp-content\/uploads\/rain-and-son-logotype-150.png","contentUrl":"https:\/\/www.rainandson.com\/wp-content\/uploads\/rain-and-son-logotype-150.png","width":125,"height":150,"caption":"Rain and Son"},"image":{"@id":"https:\/\/www.rainandson.com\/#\/schema\/logo\/image\/"}}]}},"_links":{"self":[{"href":"https:\/\/www.rainandson.com\/sv\/wp-json\/wp\/v2\/product\/3052","targetHints":{"allow":["GET"]}}],"collection":[{"href":"https:\/\/www.rainandson.com\/sv\/wp-json\/wp\/v2\/product"}],"about":[{"href":"https:\/\/www.rainandson.com\/sv\/wp-json\/wp\/v2\/types\/product"}],"replies":[{"embeddable":true,"href":"https:\/\/www.rainandson.com\/sv\/wp-json\/wp\/v2\/comments?post=3052"}],"wp:featuredmedia":[{"embeddable":true,"href":"https:\/\/www.rainandson.com\/sv\/wp-json\/wp\/v2\/media\/3284"}],"wp:attachment":[{"href":"https:\/\/www.rainandson.com\/sv\/wp-json\/wp\/v2\/media?parent=3052"}],"wp:term":[{"taxonomy":"product_brand","embeddable":true,"href":"https:\/\/www.rainandson.com\/sv\/wp-json\/wp\/v2\/product_brand?post=3052"},{"taxonomy":"product_cat","embeddable":true,"href":"https:\/\/www.rainandson.com\/sv\/wp-json\/wp\/v2\/product_cat?post=3052"},{"taxonomy":"product_tag","embeddable":true,"href":"https:\/\/www.rainandson.com\/sv\/wp-json\/wp\/v2\/product_tag?post=3052"}],"curies":[{"name":"wp","href":"https:\/\/api.w.org\/{rel}","templated":true}]}}