{"id":3050,"date":"2020-11-25T19:33:35","date_gmt":"2020-11-25T19:33:35","guid":{"rendered":"https:\/\/rainandson.kinsta.cloud\/product\/classic-yellow-umbrella\/"},"modified":"2026-04-19T14:57:16","modified_gmt":"2026-04-19T14:57:16","slug":"classic-yellow-umbrella","status":"publish","type":"product","link":"https:\/\/www.rainandson.com\/sv\/produkt\/classic-yellow-umbrella\/","title":{"rendered":"Klassiskt gult paraply"},"content":{"rendered":"<p>P\u00e5 Rain &amp; Son \u00e4lskar vi f\u00e4rgglada paraplyer och detta f\u00e4rgsprakande gula paraply kommer n\u00e4stan att f\u00e5 dig att \u00f6nska fler regndagar. V\u00e5rt klassiska gula paraply \u00e4r praktiskt mot olika sorters nederb\u00f6rd men \u00e4ven en f\u00e4rglad och stilfull regnaccessoar. Den klart gula f\u00e4rgen p\u00e5 paraplysk\u00e4rmen kommer att f\u00e5 dig att sticka ut ur m\u00e4ngden bland andra paraplyer. Det \u00e4r ett klassiskt paraply av mycket h\u00f6g kvalitet. Paraplyets starka ram och stora sk\u00e4rm kommer att h\u00e5lla dig torr i \u00f6sregn. Den klassiskt brittiska stilen p\u00e5 paraplyet med b\u00f6jt handtag och skaft i tr\u00e4 samt detaljer s\u00e5som sp\u00e4nne med knapp kommer att f\u00e5 dig att k\u00e4nna dig elegant. Den stora sk\u00e4rmen p\u00e5 paraplyet m\u00e4ter hela 103 centimeter i diameter, en perfekt plats att h\u00e5lla dig undan regn och sn\u00f6. Eller varf\u00f6r inte anv\u00e4nda det som ett solparaply och finna skugga fr\u00e5n den starka solen. Ett utm\u00e4rkt paraply som funkar i alla v\u00e4der.<\/p>\n<p>Gult <b>Designparaply<\/b> med 12 ekrar.<br \/>\nH\u00f6g kvalitet <b>paraply<\/b>.<br \/>\nTr\u00e4skaft med ram i svart fiberglas.<br \/>\nB\u00f6jt handtag i tr\u00e4 med Rain &amp; Son logotyp.<br \/>\nSp\u00e4nne med knapp.<br \/>\nNickelbelagda metallspetsar i silverf\u00e4rg.<br \/>\nTr\u00e4topp med nickelbelagd topp i silverf\u00e4rg.<br \/>\nRain &amp; Son logotyp p\u00e5 sk\u00e4rmen.<br \/>\n<strong>Paraply<\/strong> \u00f6ppnas till en diameter av 103 centimeter.<br \/>\nH\u00f6jd 89 cm.<br \/>\nSkaftets diameter: 1,5 cm.<br \/>\nVikt 500 gram.<br \/>\nPMS f\u00e4rgkod 7408C<\/p>","protected":false},"excerpt":{"rendered":"<p>Det h\u00e4r klassiska gula paraplyet livar upp vilken regnig dag som helst. Det f\u00e4rgglada paraplyet fr\u00e5n Rain &amp; Son har en stark ram som klarar b\u00e5de regn och sn\u00f6. Det \u00e4r ett paraply av h\u00f6g kvalitet med b\u00e5de handtag och skaft i tr\u00e4material. Paraplyet kommer \u00e4ven med fina detaljer s\u00e5som sp\u00e4nne med knapp som ger paraplyet det d\u00e4r lilla extra.<\/p>","protected":false},"featured_media":4818,"comment_status":"open","ping_status":"closed","template":"","meta":[],"product_brand":[],"product_cat":[116,247,190],"product_tag":[],"class_list":{"0":"post-3050","1":"product","2":"type-product","3":"status-publish","4":"has-post-thumbnail","6":"product_cat-all-umbrellas","7":"product_cat-classic-umbrellas","8":"product_cat-large-umbrellas","9":"pa_colour-yellow","11":"first","12":"instock","13":"taxable","14":"shipping-taxable","15":"product-type-simple"},"yoast_head":"<!-- This site is optimized with the Yoast SEO plugin v27.6 - https:\/\/yoast.com\/product\/yoast-seo-wordpress\/ -->\n<title>Classic Yellow Umbrella - Rain and Son - Classic and Stylish Umbrellas<\/title>\n<meta name=\"description\" content=\"Are you searching where to buy a yellow umbrella? This doorman style, large yellow umbrella with wooden handle and shaft is perfect in heavy rain.\" \/>\n<meta name=\"robots\" content=\"index, follow, max-snippet:-1, max-image-preview:large, max-video-preview:-1\" \/>\n<link rel=\"canonical\" href=\"https:\/\/www.rainandson.com\/sv\/produkt\/classic-yellow-umbrella\/\" \/>\n<meta property=\"og:locale\" content=\"sv_SE\" \/>\n<meta property=\"og:type\" content=\"article\" \/>\n<meta property=\"og:title\" content=\"Classic Yellow Umbrella - Rain and Son - Classic and Stylish Umbrellas\" \/>\n<meta property=\"og:description\" content=\"Are you searching where to buy a yellow umbrella? This doorman style, large yellow umbrella with wooden handle and shaft is perfect in heavy rain.\" \/>\n<meta property=\"og:url\" content=\"https:\/\/www.rainandson.com\/sv\/produkt\/classic-yellow-umbrella\/\" \/>\n<meta property=\"og:site_name\" content=\"Rain and Son - Classic and Stylish Umbrellas\" \/>\n<meta property=\"article:modified_time\" content=\"2026-04-19T14:57:16+00:00\" \/>\n<meta property=\"og:image\" content=\"https:\/\/www.rainandson.com\/wp-content\/uploads\/stick-umbrella-yellow-open.jpg\" \/>\n\t<meta property=\"og:image:width\" content=\"1000\" \/>\n\t<meta property=\"og:image:height\" content=\"1498\" \/>\n\t<meta property=\"og:image:type\" content=\"image\/jpeg\" \/>\n<meta name=\"twitter:card\" content=\"summary_large_image\" \/>\n<meta name=\"twitter:label1\" content=\"Ber\u00e4knad l\u00e4stid\" \/>\n\t<meta name=\"twitter:data1\" content=\"1 minut\" \/>\n<script type=\"application\/ld+json\" class=\"yoast-schema-graph\">{\"@context\":\"https:\\\/\\\/schema.org\",\"@graph\":[{\"@type\":\"WebPage\",\"@id\":\"https:\\\/\\\/www.rainandson.com\\\/product\\\/classic-yellow-umbrella\\\/\",\"url\":\"https:\\\/\\\/www.rainandson.com\\\/product\\\/classic-yellow-umbrella\\\/\",\"name\":\"Classic Yellow Umbrella - Rain and Son - Classic and Stylish Umbrellas\",\"isPartOf\":{\"@id\":\"https:\\\/\\\/www.rainandson.com\\\/#website\"},\"primaryImageOfPage\":{\"@id\":\"https:\\\/\\\/www.rainandson.com\\\/product\\\/classic-yellow-umbrella\\\/#primaryimage\"},\"image\":{\"@id\":\"https:\\\/\\\/www.rainandson.com\\\/product\\\/classic-yellow-umbrella\\\/#primaryimage\"},\"thumbnailUrl\":\"https:\\\/\\\/www.rainandson.com\\\/wp-content\\\/uploads\\\/stick-umbrella-yellow-open.jpg\",\"datePublished\":\"2020-11-25T19:33:35+00:00\",\"dateModified\":\"2026-04-19T14:57:16+00:00\",\"description\":\"Are you searching where to buy a yellow umbrella? This doorman style, large yellow umbrella with wooden handle and shaft is perfect in heavy rain.\",\"breadcrumb\":{\"@id\":\"https:\\\/\\\/www.rainandson.com\\\/product\\\/classic-yellow-umbrella\\\/#breadcrumb\"},\"inLanguage\":\"sv-SE\",\"potentialAction\":[{\"@type\":\"ReadAction\",\"target\":[\"https:\\\/\\\/www.rainandson.com\\\/product\\\/classic-yellow-umbrella\\\/\"]}]},{\"@type\":\"ImageObject\",\"inLanguage\":\"sv-SE\",\"@id\":\"https:\\\/\\\/www.rainandson.com\\\/product\\\/classic-yellow-umbrella\\\/#primaryimage\",\"url\":\"https:\\\/\\\/www.rainandson.com\\\/wp-content\\\/uploads\\\/stick-umbrella-yellow-open.jpg\",\"contentUrl\":\"https:\\\/\\\/www.rainandson.com\\\/wp-content\\\/uploads\\\/stick-umbrella-yellow-open.jpg\",\"width\":1000,\"height\":1498,\"caption\":\"Classic Yellow umbrella with a wooden stick\"},{\"@type\":\"BreadcrumbList\",\"@id\":\"https:\\\/\\\/www.rainandson.com\\\/product\\\/classic-yellow-umbrella\\\/#breadcrumb\",\"itemListElement\":[{\"@type\":\"ListItem\",\"position\":1,\"name\":\"Home\",\"item\":\"https:\\\/\\\/www.rainandson.com\\\/sv\\\/\"},{\"@type\":\"ListItem\",\"position\":2,\"name\":\"Shop\",\"item\":\"https:\\\/\\\/www.rainandson.com\\\/shop\\\/\"},{\"@type\":\"ListItem\",\"position\":3,\"name\":\"Classic Yellow Umbrella\"}]},{\"@type\":\"WebSite\",\"@id\":\"https:\\\/\\\/www.rainandson.com\\\/#website\",\"url\":\"https:\\\/\\\/www.rainandson.com\\\/\",\"name\":\"Rain and Son - Classic and Stylish Umbrellas\",\"description\":\"Fashionable Umbrellas Online.\",\"publisher\":{\"@id\":\"https:\\\/\\\/www.rainandson.com\\\/#organization\"},\"potentialAction\":[{\"@type\":\"SearchAction\",\"target\":{\"@type\":\"EntryPoint\",\"urlTemplate\":\"https:\\\/\\\/www.rainandson.com\\\/?s={search_term_string}\"},\"query-input\":{\"@type\":\"PropertyValueSpecification\",\"valueRequired\":true,\"valueName\":\"search_term_string\"}}],\"inLanguage\":\"sv-SE\"},{\"@type\":\"Organization\",\"@id\":\"https:\\\/\\\/www.rainandson.com\\\/#organization\",\"name\":\"Rain and Son\",\"url\":\"https:\\\/\\\/www.rainandson.com\\\/\",\"logo\":{\"@type\":\"ImageObject\",\"inLanguage\":\"sv-SE\",\"@id\":\"https:\\\/\\\/www.rainandson.com\\\/#\\\/schema\\\/logo\\\/image\\\/\",\"url\":\"https:\\\/\\\/www.rainandson.com\\\/wp-content\\\/uploads\\\/rain-and-son-logotype-150.png\",\"contentUrl\":\"https:\\\/\\\/www.rainandson.com\\\/wp-content\\\/uploads\\\/rain-and-son-logotype-150.png\",\"width\":125,\"height\":150,\"caption\":\"Rain and Son\"},\"image\":{\"@id\":\"https:\\\/\\\/www.rainandson.com\\\/#\\\/schema\\\/logo\\\/image\\\/\"}}]}<\/script>\n<!-- \/ Yoast SEO plugin. -->","yoast_head_json":{"title":"Classic Yellow Umbrella - Rain and Son - Classic and Stylish Umbrellas","description":"Are you searching where to buy a yellow umbrella? This doorman style, large yellow umbrella with wooden handle and shaft is perfect in heavy rain.","robots":{"index":"index","follow":"follow","max-snippet":"max-snippet:-1","max-image-preview":"max-image-preview:large","max-video-preview":"max-video-preview:-1"},"canonical":"https:\/\/www.rainandson.com\/sv\/produkt\/classic-yellow-umbrella\/","og_locale":"sv_SE","og_type":"article","og_title":"Classic Yellow Umbrella - Rain and Son - Classic and Stylish Umbrellas","og_description":"Are you searching where to buy a yellow umbrella? This doorman style, large yellow umbrella with wooden handle and shaft is perfect in heavy rain.","og_url":"https:\/\/www.rainandson.com\/sv\/produkt\/classic-yellow-umbrella\/","og_site_name":"Rain and Son - Classic and Stylish Umbrellas","article_modified_time":"2026-04-19T14:57:16+00:00","og_image":[{"width":1000,"height":1498,"url":"https:\/\/www.rainandson.com\/wp-content\/uploads\/stick-umbrella-yellow-open.jpg","type":"image\/jpeg"}],"twitter_card":"summary_large_image","twitter_misc":{"Ber\u00e4knad l\u00e4stid":"1 minut"},"schema":{"@context":"https:\/\/schema.org","@graph":[{"@type":"WebPage","@id":"https:\/\/www.rainandson.com\/product\/classic-yellow-umbrella\/","url":"https:\/\/www.rainandson.com\/product\/classic-yellow-umbrella\/","name":"Classic Yellow Umbrella - Rain and Son - Classic and Stylish Umbrellas","isPartOf":{"@id":"https:\/\/www.rainandson.com\/#website"},"primaryImageOfPage":{"@id":"https:\/\/www.rainandson.com\/product\/classic-yellow-umbrella\/#primaryimage"},"image":{"@id":"https:\/\/www.rainandson.com\/product\/classic-yellow-umbrella\/#primaryimage"},"thumbnailUrl":"https:\/\/www.rainandson.com\/wp-content\/uploads\/stick-umbrella-yellow-open.jpg","datePublished":"2020-11-25T19:33:35+00:00","dateModified":"2026-04-19T14:57:16+00:00","description":"Are you searching where to buy a yellow umbrella? This doorman style, large yellow umbrella with wooden handle and shaft is perfect in heavy rain.","breadcrumb":{"@id":"https:\/\/www.rainandson.com\/product\/classic-yellow-umbrella\/#breadcrumb"},"inLanguage":"sv-SE","potentialAction":[{"@type":"ReadAction","target":["https:\/\/www.rainandson.com\/product\/classic-yellow-umbrella\/"]}]},{"@type":"ImageObject","inLanguage":"sv-SE","@id":"https:\/\/www.rainandson.com\/product\/classic-yellow-umbrella\/#primaryimage","url":"https:\/\/www.rainandson.com\/wp-content\/uploads\/stick-umbrella-yellow-open.jpg","contentUrl":"https:\/\/www.rainandson.com\/wp-content\/uploads\/stick-umbrella-yellow-open.jpg","width":1000,"height":1498,"caption":"Classic Yellow umbrella with a wooden stick"},{"@type":"BreadcrumbList","@id":"https:\/\/www.rainandson.com\/product\/classic-yellow-umbrella\/#breadcrumb","itemListElement":[{"@type":"ListItem","position":1,"name":"Home","item":"https:\/\/www.rainandson.com\/sv\/"},{"@type":"ListItem","position":2,"name":"Shop","item":"https:\/\/www.rainandson.com\/shop\/"},{"@type":"ListItem","position":3,"name":"Classic Yellow Umbrella"}]},{"@type":"WebSite","@id":"https:\/\/www.rainandson.com\/#website","url":"https:\/\/www.rainandson.com\/","name":"Rain and Son - Klassiska paraplyer i modern skandinavisk design","description":"Eleganta paraplyer online.","publisher":{"@id":"https:\/\/www.rainandson.com\/#organization"},"potentialAction":[{"@type":"SearchAction","target":{"@type":"EntryPoint","urlTemplate":"https:\/\/www.rainandson.com\/?s={search_term_string}"},"query-input":{"@type":"PropertyValueSpecification","valueRequired":true,"valueName":"search_term_string"}}],"inLanguage":"sv-SE"},{"@type":"Organization","@id":"https:\/\/www.rainandson.com\/#organization","name":"Rain &amp; Son","url":"https:\/\/www.rainandson.com\/","logo":{"@type":"ImageObject","inLanguage":"sv-SE","@id":"https:\/\/www.rainandson.com\/#\/schema\/logo\/image\/","url":"https:\/\/www.rainandson.com\/wp-content\/uploads\/rain-and-son-logotype-150.png","contentUrl":"https:\/\/www.rainandson.com\/wp-content\/uploads\/rain-and-son-logotype-150.png","width":125,"height":150,"caption":"Rain and Son"},"image":{"@id":"https:\/\/www.rainandson.com\/#\/schema\/logo\/image\/"}}]}},"_links":{"self":[{"href":"https:\/\/www.rainandson.com\/sv\/wp-json\/wp\/v2\/product\/3050","targetHints":{"allow":["GET"]}}],"collection":[{"href":"https:\/\/www.rainandson.com\/sv\/wp-json\/wp\/v2\/product"}],"about":[{"href":"https:\/\/www.rainandson.com\/sv\/wp-json\/wp\/v2\/types\/product"}],"replies":[{"embeddable":true,"href":"https:\/\/www.rainandson.com\/sv\/wp-json\/wp\/v2\/comments?post=3050"}],"wp:featuredmedia":[{"embeddable":true,"href":"https:\/\/www.rainandson.com\/sv\/wp-json\/wp\/v2\/media\/4818"}],"wp:attachment":[{"href":"https:\/\/www.rainandson.com\/sv\/wp-json\/wp\/v2\/media?parent=3050"}],"wp:term":[{"taxonomy":"product_brand","embeddable":true,"href":"https:\/\/www.rainandson.com\/sv\/wp-json\/wp\/v2\/product_brand?post=3050"},{"taxonomy":"product_cat","embeddable":true,"href":"https:\/\/www.rainandson.com\/sv\/wp-json\/wp\/v2\/product_cat?post=3050"},{"taxonomy":"product_tag","embeddable":true,"href":"https:\/\/www.rainandson.com\/sv\/wp-json\/wp\/v2\/product_tag?post=3050"}],"curies":[{"name":"wp","href":"https:\/\/api.w.org\/{rel}","templated":true}]}}