{"id":3048,"date":"2020-11-25T19:33:33","date_gmt":"2020-11-25T19:33:33","guid":{"rendered":"https:\/\/rainandson.kinsta.cloud\/product\/classic-white-umbrella\/"},"modified":"2026-04-21T19:17:02","modified_gmt":"2026-04-21T19:17:02","slug":"classic-white-wedding-umbrella","status":"publish","type":"product","link":"https:\/\/www.rainandson.com\/sv\/produkt\/classic-white-wedding-umbrella\/","title":{"rendered":"Klassiskt Vitt Br\u00f6llopsparaply"},"content":{"rendered":"<p>Det h\u00e4r klassiska vita paraplyet med b\u00e5de handtag och skaft i tr\u00e4 samt sm\u00e5 detaljer s\u00e5som sp\u00e4nne med knapp \u00e4r ett stilfullt paraply f\u00f6r alla tillf\u00e4llen. Paraplyet har en perfekt balans av kvalitet och stil. Om du letar efter ett paraply f\u00f6r att regns\u00e4kra ditt br\u00f6llop s\u00e5 passar detta paraply perfekt. F\u00f6rutom att vara det ultimata br\u00f6llopsparaplyet s\u00e5 passar det s\u00e5klart \u00e4ven f\u00f6r andra festliga tillf\u00e4llen. Den stora sk\u00e4rmen g\u00f6r att tv\u00e5 personer l\u00e4tt kan f\u00e5 plats under paraplyet. En perfekt present till b\u00e5de dop, br\u00f6llop, student eller konfirmation.<\/p>\n<p>Vitt <b>designparaply<\/b> med 12 ekrar.<br \/>\nH\u00f6g kvalitet <b>paraply<\/b>.<br \/>\nTr\u00e4skaft med ram i svart fiberglas.<br \/>\nB\u00f6jt handtag i tr\u00e4 med Rain &amp; Son logotyp.<br \/>\nSp\u00e4nne med knapp.<br \/>\nNickelbelagda metallspetsar i silverf\u00e4rg.<br \/>\nTr\u00e4topp med nickelbelagd topp i silverf\u00e4rg.<br \/>\nRain &amp; Son logotyp p\u00e5 sk\u00e4rmen.<br \/>\n<strong>Paraply<\/strong> \u00f6ppnas till en diameter av 103 centimeter.<br \/>\nH\u00f6jd 89 cm.<br \/>\nSkaftets diameter: 1,5 cm.<br \/>\nVikt 500 gram.<br \/>\nPMS f\u00e4rgkod P179-1C.<br \/>\nAnv\u00e4nd detta paraply f\u00f6rslagsvis som <b>br\u00f6llopsparaply<\/b>.<\/p>","protected":false},"excerpt":{"rendered":"<p>Rain &amp; Sons klassiska vita paraply med b\u00f6jt handtag i tr\u00e4 \u00e4r en perfekt accessoar f\u00f6r festliga tillf\u00e4llen. Om du letar efter ett vackert traditionellt br\u00f6llopsparaply s\u00e5 har du kommit r\u00e4tt. Rain &amp; Sons vita paraply passar till hela br\u00f6llopsf\u00f6ljet.  Ett vackert paraply som inte l\u00e5ter  lite regn st\u00e5 iv\u00e4gen f\u00f6r att du k\u00e4nner dig fin p\u00e5  din speciella dag.<\/p>","protected":false},"featured_media":3292,"comment_status":"open","ping_status":"closed","template":"","meta":[],"product_brand":[],"product_cat":[116,247,190],"product_tag":[],"class_list":{"0":"post-3048","1":"product","2":"type-product","3":"status-publish","4":"has-post-thumbnail","6":"product_cat-all-umbrellas","7":"product_cat-classic-umbrellas","8":"product_cat-large-umbrellas","9":"pa_colour-white","11":"first","12":"instock","13":"taxable","14":"shipping-taxable","15":"product-type-simple"},"yoast_head":"<!-- This site is optimized with the Yoast SEO plugin v27.6 - https:\/\/yoast.com\/product\/yoast-seo-wordpress\/ -->\n<title>Classic White Wedding Umbrella - Rain and Son - Classic and Stylish Umbrellas<\/title>\n<meta name=\"description\" content=\"Are you searching for where to buy a wedding umbrella? Our classic white umbrella with wooden handle makes the perfect wedding day umbrella.\" \/>\n<meta name=\"robots\" content=\"index, follow, max-snippet:-1, max-image-preview:large, max-video-preview:-1\" \/>\n<link rel=\"canonical\" href=\"https:\/\/www.rainandson.com\/sv\/produkt\/classic-white-wedding-umbrella\/\" \/>\n<meta property=\"og:locale\" content=\"sv_SE\" \/>\n<meta property=\"og:type\" content=\"article\" \/>\n<meta property=\"og:title\" content=\"Classic White Wedding Umbrella - Rain and Son - Classic and Stylish Umbrellas\" \/>\n<meta property=\"og:description\" content=\"Are you searching for where to buy a wedding umbrella? Our classic white umbrella with wooden handle makes the perfect wedding day umbrella.\" \/>\n<meta property=\"og:url\" content=\"https:\/\/www.rainandson.com\/sv\/produkt\/classic-white-wedding-umbrella\/\" \/>\n<meta property=\"og:site_name\" content=\"Rain and Son - Classic and Stylish Umbrellas\" \/>\n<meta property=\"article:modified_time\" content=\"2026-04-21T19:17:02+00:00\" \/>\n<meta property=\"og:image\" content=\"https:\/\/www.rainandson.com\/wp-content\/uploads\/white-umbrella-2-e1606911247995.jpg\" \/>\n\t<meta property=\"og:image:width\" content=\"999\" \/>\n\t<meta property=\"og:image:height\" content=\"999\" \/>\n\t<meta property=\"og:image:type\" content=\"image\/jpeg\" \/>\n<meta name=\"twitter:card\" content=\"summary_large_image\" \/>\n<meta name=\"twitter:label1\" content=\"Ber\u00e4knad l\u00e4stid\" \/>\n\t<meta name=\"twitter:data1\" content=\"1 minut\" \/>\n<script type=\"application\/ld+json\" class=\"yoast-schema-graph\">{\"@context\":\"https:\\\/\\\/schema.org\",\"@graph\":[{\"@type\":\"WebPage\",\"@id\":\"https:\\\/\\\/www.rainandson.com\\\/product\\\/classic-white-wedding-umbrella\\\/\",\"url\":\"https:\\\/\\\/www.rainandson.com\\\/product\\\/classic-white-wedding-umbrella\\\/\",\"name\":\"Classic White Wedding Umbrella - Rain and Son - Classic and Stylish Umbrellas\",\"isPartOf\":{\"@id\":\"https:\\\/\\\/www.rainandson.com\\\/#website\"},\"primaryImageOfPage\":{\"@id\":\"https:\\\/\\\/www.rainandson.com\\\/product\\\/classic-white-wedding-umbrella\\\/#primaryimage\"},\"image\":{\"@id\":\"https:\\\/\\\/www.rainandson.com\\\/product\\\/classic-white-wedding-umbrella\\\/#primaryimage\"},\"thumbnailUrl\":\"https:\\\/\\\/www.rainandson.com\\\/wp-content\\\/uploads\\\/white-umbrella-2-e1606911247995.jpg\",\"datePublished\":\"2020-11-25T19:33:33+00:00\",\"dateModified\":\"2026-04-21T19:17:02+00:00\",\"description\":\"Are you searching for where to buy a wedding umbrella? Our classic white umbrella with wooden handle makes the perfect wedding day umbrella.\",\"breadcrumb\":{\"@id\":\"https:\\\/\\\/www.rainandson.com\\\/product\\\/classic-white-wedding-umbrella\\\/#breadcrumb\"},\"inLanguage\":\"sv-SE\",\"potentialAction\":[{\"@type\":\"ReadAction\",\"target\":[\"https:\\\/\\\/www.rainandson.com\\\/product\\\/classic-white-wedding-umbrella\\\/\"]}]},{\"@type\":\"ImageObject\",\"inLanguage\":\"sv-SE\",\"@id\":\"https:\\\/\\\/www.rainandson.com\\\/product\\\/classic-white-wedding-umbrella\\\/#primaryimage\",\"url\":\"https:\\\/\\\/www.rainandson.com\\\/wp-content\\\/uploads\\\/white-umbrella-2-e1606911247995.jpg\",\"contentUrl\":\"https:\\\/\\\/www.rainandson.com\\\/wp-content\\\/uploads\\\/white-umbrella-2-e1606911247995.jpg\",\"width\":999,\"height\":999,\"caption\":\"trendy white umbrella for weddings\"},{\"@type\":\"BreadcrumbList\",\"@id\":\"https:\\\/\\\/www.rainandson.com\\\/product\\\/classic-white-wedding-umbrella\\\/#breadcrumb\",\"itemListElement\":[{\"@type\":\"ListItem\",\"position\":1,\"name\":\"Home\",\"item\":\"https:\\\/\\\/www.rainandson.com\\\/sv\\\/\"},{\"@type\":\"ListItem\",\"position\":2,\"name\":\"Shop\",\"item\":\"https:\\\/\\\/www.rainandson.com\\\/shop\\\/\"},{\"@type\":\"ListItem\",\"position\":3,\"name\":\"Classic White Wedding Umbrella\"}]},{\"@type\":\"WebSite\",\"@id\":\"https:\\\/\\\/www.rainandson.com\\\/#website\",\"url\":\"https:\\\/\\\/www.rainandson.com\\\/\",\"name\":\"Rain and Son - Classic and Stylish Umbrellas\",\"description\":\"Fashionable Umbrellas Online.\",\"publisher\":{\"@id\":\"https:\\\/\\\/www.rainandson.com\\\/#organization\"},\"potentialAction\":[{\"@type\":\"SearchAction\",\"target\":{\"@type\":\"EntryPoint\",\"urlTemplate\":\"https:\\\/\\\/www.rainandson.com\\\/?s={search_term_string}\"},\"query-input\":{\"@type\":\"PropertyValueSpecification\",\"valueRequired\":true,\"valueName\":\"search_term_string\"}}],\"inLanguage\":\"sv-SE\"},{\"@type\":\"Organization\",\"@id\":\"https:\\\/\\\/www.rainandson.com\\\/#organization\",\"name\":\"Rain and Son\",\"url\":\"https:\\\/\\\/www.rainandson.com\\\/\",\"logo\":{\"@type\":\"ImageObject\",\"inLanguage\":\"sv-SE\",\"@id\":\"https:\\\/\\\/www.rainandson.com\\\/#\\\/schema\\\/logo\\\/image\\\/\",\"url\":\"https:\\\/\\\/www.rainandson.com\\\/wp-content\\\/uploads\\\/rain-and-son-logotype-150.png\",\"contentUrl\":\"https:\\\/\\\/www.rainandson.com\\\/wp-content\\\/uploads\\\/rain-and-son-logotype-150.png\",\"width\":125,\"height\":150,\"caption\":\"Rain and Son\"},\"image\":{\"@id\":\"https:\\\/\\\/www.rainandson.com\\\/#\\\/schema\\\/logo\\\/image\\\/\"}}]}<\/script>\n<!-- \/ Yoast SEO plugin. -->","yoast_head_json":{"title":"Classic White Wedding Umbrella - Rain and Son - Classic and Stylish Umbrellas","description":"Are you searching for where to buy a wedding umbrella? Our classic white umbrella with wooden handle makes the perfect wedding day umbrella.","robots":{"index":"index","follow":"follow","max-snippet":"max-snippet:-1","max-image-preview":"max-image-preview:large","max-video-preview":"max-video-preview:-1"},"canonical":"https:\/\/www.rainandson.com\/sv\/produkt\/classic-white-wedding-umbrella\/","og_locale":"sv_SE","og_type":"article","og_title":"Classic White Wedding Umbrella - Rain and Son - Classic and Stylish Umbrellas","og_description":"Are you searching for where to buy a wedding umbrella? Our classic white umbrella with wooden handle makes the perfect wedding day umbrella.","og_url":"https:\/\/www.rainandson.com\/sv\/produkt\/classic-white-wedding-umbrella\/","og_site_name":"Rain and Son - Classic and Stylish Umbrellas","article_modified_time":"2026-04-21T19:17:02+00:00","og_image":[{"width":999,"height":999,"url":"https:\/\/www.rainandson.com\/wp-content\/uploads\/white-umbrella-2-e1606911247995.jpg","type":"image\/jpeg"}],"twitter_card":"summary_large_image","twitter_misc":{"Ber\u00e4knad l\u00e4stid":"1 minut"},"schema":{"@context":"https:\/\/schema.org","@graph":[{"@type":"WebPage","@id":"https:\/\/www.rainandson.com\/product\/classic-white-wedding-umbrella\/","url":"https:\/\/www.rainandson.com\/product\/classic-white-wedding-umbrella\/","name":"Classic White Wedding Umbrella - Rain and Son - Classic and Stylish Umbrellas","isPartOf":{"@id":"https:\/\/www.rainandson.com\/#website"},"primaryImageOfPage":{"@id":"https:\/\/www.rainandson.com\/product\/classic-white-wedding-umbrella\/#primaryimage"},"image":{"@id":"https:\/\/www.rainandson.com\/product\/classic-white-wedding-umbrella\/#primaryimage"},"thumbnailUrl":"https:\/\/www.rainandson.com\/wp-content\/uploads\/white-umbrella-2-e1606911247995.jpg","datePublished":"2020-11-25T19:33:33+00:00","dateModified":"2026-04-21T19:17:02+00:00","description":"Are you searching for where to buy a wedding umbrella? Our classic white umbrella with wooden handle makes the perfect wedding day umbrella.","breadcrumb":{"@id":"https:\/\/www.rainandson.com\/product\/classic-white-wedding-umbrella\/#breadcrumb"},"inLanguage":"sv-SE","potentialAction":[{"@type":"ReadAction","target":["https:\/\/www.rainandson.com\/product\/classic-white-wedding-umbrella\/"]}]},{"@type":"ImageObject","inLanguage":"sv-SE","@id":"https:\/\/www.rainandson.com\/product\/classic-white-wedding-umbrella\/#primaryimage","url":"https:\/\/www.rainandson.com\/wp-content\/uploads\/white-umbrella-2-e1606911247995.jpg","contentUrl":"https:\/\/www.rainandson.com\/wp-content\/uploads\/white-umbrella-2-e1606911247995.jpg","width":999,"height":999,"caption":"trendy white umbrella for weddings"},{"@type":"BreadcrumbList","@id":"https:\/\/www.rainandson.com\/product\/classic-white-wedding-umbrella\/#breadcrumb","itemListElement":[{"@type":"ListItem","position":1,"name":"Home","item":"https:\/\/www.rainandson.com\/sv\/"},{"@type":"ListItem","position":2,"name":"Shop","item":"https:\/\/www.rainandson.com\/shop\/"},{"@type":"ListItem","position":3,"name":"Classic White Wedding Umbrella"}]},{"@type":"WebSite","@id":"https:\/\/www.rainandson.com\/#website","url":"https:\/\/www.rainandson.com\/","name":"Rain and Son - Klassiska paraplyer i modern skandinavisk design","description":"Eleganta paraplyer online.","publisher":{"@id":"https:\/\/www.rainandson.com\/#organization"},"potentialAction":[{"@type":"SearchAction","target":{"@type":"EntryPoint","urlTemplate":"https:\/\/www.rainandson.com\/?s={search_term_string}"},"query-input":{"@type":"PropertyValueSpecification","valueRequired":true,"valueName":"search_term_string"}}],"inLanguage":"sv-SE"},{"@type":"Organization","@id":"https:\/\/www.rainandson.com\/#organization","name":"Rain &amp; Son","url":"https:\/\/www.rainandson.com\/","logo":{"@type":"ImageObject","inLanguage":"sv-SE","@id":"https:\/\/www.rainandson.com\/#\/schema\/logo\/image\/","url":"https:\/\/www.rainandson.com\/wp-content\/uploads\/rain-and-son-logotype-150.png","contentUrl":"https:\/\/www.rainandson.com\/wp-content\/uploads\/rain-and-son-logotype-150.png","width":125,"height":150,"caption":"Rain and Son"},"image":{"@id":"https:\/\/www.rainandson.com\/#\/schema\/logo\/image\/"}}]}},"_links":{"self":[{"href":"https:\/\/www.rainandson.com\/sv\/wp-json\/wp\/v2\/product\/3048","targetHints":{"allow":["GET"]}}],"collection":[{"href":"https:\/\/www.rainandson.com\/sv\/wp-json\/wp\/v2\/product"}],"about":[{"href":"https:\/\/www.rainandson.com\/sv\/wp-json\/wp\/v2\/types\/product"}],"replies":[{"embeddable":true,"href":"https:\/\/www.rainandson.com\/sv\/wp-json\/wp\/v2\/comments?post=3048"}],"wp:featuredmedia":[{"embeddable":true,"href":"https:\/\/www.rainandson.com\/sv\/wp-json\/wp\/v2\/media\/3292"}],"wp:attachment":[{"href":"https:\/\/www.rainandson.com\/sv\/wp-json\/wp\/v2\/media?parent=3048"}],"wp:term":[{"taxonomy":"product_brand","embeddable":true,"href":"https:\/\/www.rainandson.com\/sv\/wp-json\/wp\/v2\/product_brand?post=3048"},{"taxonomy":"product_cat","embeddable":true,"href":"https:\/\/www.rainandson.com\/sv\/wp-json\/wp\/v2\/product_cat?post=3048"},{"taxonomy":"product_tag","embeddable":true,"href":"https:\/\/www.rainandson.com\/sv\/wp-json\/wp\/v2\/product_tag?post=3048"}],"curies":[{"name":"wp","href":"https:\/\/api.w.org\/{rel}","templated":true}]}}