{"id":4315,"date":"2020-12-03T19:09:56","date_gmt":"2020-12-03T19:09:56","guid":{"rendered":"https:\/\/rainandson.kinsta.cloud\/?page_id=4315"},"modified":"2021-06-09T09:53:21","modified_gmt":"2021-06-09T09:53:21","slug":"kundtjanst","status":"publish","type":"page","link":"https:\/\/www.rainandson.com\/sv\/kundtjanst\/","title":{"rendered":"Kundtj\u00e4nst"},"content":{"rendered":"<h3 style=\"text-align: center;\"><strong>Vi hj\u00e4lper dig g\u00e4rna!<\/strong><\/h3>\n<p style=\"text-align: center;\">Tack f\u00f6r att du bes\u00f6ker Rain &amp; Son. Vi finns alltid h\u00e4r f\u00f6r svara p\u00e5 dina fr\u00e5gor.<\/p>\n<p style=\"text-align: center;\">Om du inte hittar svar p\u00e5 dina fr\u00e5gor under v\u00e5ra <a href=\"https:\/\/www.rainandson.com\/faq\/\">Vanliga fr\u00e5gor och svar<\/a> s\u00e5 var v\u00e4nlig och kontakta oss via <a href=\"mailto:info@rainandson.com\">info@rainandson.com<\/a> eller anv\u00e4nd formul\u00e4ret p\u00e5 sidan <a href=\"https:\/\/www.rainandson.com\/contact\/\">kontakta oss<\/a>.<\/p>","protected":false},"excerpt":{"rendered":"<p>We are here to help Thank you for visiting Rain &amp; Son. We are always here to help. If you don&#8217;t find the answer to your question under our FAQ please contact us by emailing info@rainandson.com or use the form on the page contact us.<\/p>","protected":false},"author":1,"featured_media":0,"parent":0,"menu_order":0,"comment_status":"closed","ping_status":"closed","template":"page-boxed.php","meta":{"footnotes":""},"class_list":["post-4315","page","type-page","status-publish","hentry"],"yoast_head":"<!-- This site is optimized with the Yoast SEO plugin v27.5 - https:\/\/yoast.com\/product\/yoast-seo-wordpress\/ -->\n<title>Rain and Son - Classic and Stylish Umbrellas - Customer service<\/title>\n<meta name=\"description\" content=\"At Rain and Son we aim to provide the best possible customer experience where fast and reliable customer service is key.\" \/>\n<meta name=\"robots\" content=\"index, follow, max-snippet:-1, max-image-preview:large, max-video-preview:-1\" \/>\n<link rel=\"canonical\" href=\"https:\/\/www.rainandson.com\/sv\/kundtjanst\/\" \/>\n<meta property=\"og:locale\" content=\"sv_SE\" \/>\n<meta property=\"og:type\" content=\"article\" \/>\n<meta property=\"og:title\" content=\"Rain and Son - Classic and Stylish Umbrellas - Customer service\" \/>\n<meta property=\"og:description\" content=\"At Rain and Son we aim to provide the best possible customer experience where fast and reliable customer service is key.\" \/>\n<meta property=\"og:url\" content=\"https:\/\/www.rainandson.com\/sv\/kundtjanst\/\" \/>\n<meta property=\"og:site_name\" content=\"Rain and Son - Classic and Stylish Umbrellas\" \/>\n<meta property=\"article:modified_time\" content=\"2021-06-09T09:53:21+00:00\" \/>\n<meta name=\"twitter:card\" content=\"summary_large_image\" \/>\n<meta name=\"twitter:label1\" content=\"Ber\u00e4knad l\u00e4stid\" \/>\n\t<meta name=\"twitter:data1\" content=\"1 minut\" \/>\n<script type=\"application\/ld+json\" class=\"yoast-schema-graph\">{\"@context\":\"https:\\\/\\\/schema.org\",\"@graph\":[{\"@type\":\"WebPage\",\"@id\":\"https:\\\/\\\/www.rainandson.com\\\/customer-service\\\/\",\"url\":\"https:\\\/\\\/www.rainandson.com\\\/customer-service\\\/\",\"name\":\"Rain and Son - Classic and Stylish Umbrellas - Customer service\",\"isPartOf\":{\"@id\":\"https:\\\/\\\/www.rainandson.com\\\/#website\"},\"datePublished\":\"2020-12-03T19:09:56+00:00\",\"dateModified\":\"2021-06-09T09:53:21+00:00\",\"description\":\"At Rain and Son we aim to provide the best possible customer experience where fast and reliable customer service is key.\",\"breadcrumb\":{\"@id\":\"https:\\\/\\\/www.rainandson.com\\\/customer-service\\\/#breadcrumb\"},\"inLanguage\":\"sv-SE\",\"potentialAction\":[{\"@type\":\"ReadAction\",\"target\":[\"https:\\\/\\\/www.rainandson.com\\\/customer-service\\\/\"]}]},{\"@type\":\"BreadcrumbList\",\"@id\":\"https:\\\/\\\/www.rainandson.com\\\/customer-service\\\/#breadcrumb\",\"itemListElement\":[{\"@type\":\"ListItem\",\"position\":1,\"name\":\"Home\",\"item\":\"https:\\\/\\\/www.rainandson.com\\\/sv\\\/\"},{\"@type\":\"ListItem\",\"position\":2,\"name\":\"Customer service\"}]},{\"@type\":\"WebSite\",\"@id\":\"https:\\\/\\\/www.rainandson.com\\\/#website\",\"url\":\"https:\\\/\\\/www.rainandson.com\\\/\",\"name\":\"Rain and Son - Classic and Stylish Umbrellas\",\"description\":\"Fashionable Umbrellas Online.\",\"publisher\":{\"@id\":\"https:\\\/\\\/www.rainandson.com\\\/#organization\"},\"potentialAction\":[{\"@type\":\"SearchAction\",\"target\":{\"@type\":\"EntryPoint\",\"urlTemplate\":\"https:\\\/\\\/www.rainandson.com\\\/?s={search_term_string}\"},\"query-input\":{\"@type\":\"PropertyValueSpecification\",\"valueRequired\":true,\"valueName\":\"search_term_string\"}}],\"inLanguage\":\"sv-SE\"},{\"@type\":\"Organization\",\"@id\":\"https:\\\/\\\/www.rainandson.com\\\/#organization\",\"name\":\"Rain and Son\",\"url\":\"https:\\\/\\\/www.rainandson.com\\\/\",\"logo\":{\"@type\":\"ImageObject\",\"inLanguage\":\"sv-SE\",\"@id\":\"https:\\\/\\\/www.rainandson.com\\\/#\\\/schema\\\/logo\\\/image\\\/\",\"url\":\"https:\\\/\\\/www.rainandson.com\\\/wp-content\\\/uploads\\\/rain-and-son-logotype-150.png\",\"contentUrl\":\"https:\\\/\\\/www.rainandson.com\\\/wp-content\\\/uploads\\\/rain-and-son-logotype-150.png\",\"width\":125,\"height\":150,\"caption\":\"Rain and Son\"},\"image\":{\"@id\":\"https:\\\/\\\/www.rainandson.com\\\/#\\\/schema\\\/logo\\\/image\\\/\"}}]}<\/script>\n<!-- \/ Yoast SEO plugin. -->","yoast_head_json":{"title":"Rain and Son - Klassiska paraplyer i modern skandinavisk design - Kundtj\u00e4nst","description":"Vi p\u00e5 Rain &amp; Son f\u00f6rs\u00f6ker alltid tillhandah\u00e5lla den b\u00e4sta m\u00f6jliga upplevelsen f\u00f6r v\u00e5ra kunder. Snabb och p\u00e5litlig service \u00e4r grunden.","robots":{"index":"index","follow":"follow","max-snippet":"max-snippet:-1","max-image-preview":"max-image-preview:large","max-video-preview":"max-video-preview:-1"},"canonical":"https:\/\/www.rainandson.com\/sv\/kundtjanst\/","og_locale":"sv_SE","og_type":"article","og_title":"Rain and Son - Classic and Stylish Umbrellas - Customer service","og_description":"At Rain and Son we aim to provide the best possible customer experience where fast and reliable customer service is key.","og_url":"https:\/\/www.rainandson.com\/sv\/kundtjanst\/","og_site_name":"Rain and Son - Classic and Stylish Umbrellas","article_modified_time":"2021-06-09T09:53:21+00:00","twitter_card":"summary_large_image","twitter_misc":{"Ber\u00e4knad l\u00e4stid":"1 minut"},"schema":{"@context":"https:\/\/schema.org","@graph":[{"@type":"WebPage","@id":"https:\/\/www.rainandson.com\/customer-service\/","url":"https:\/\/www.rainandson.com\/customer-service\/","name":"Rain and Son - Klassiska paraplyer i modern skandinavisk design - Kundtj\u00e4nst","isPartOf":{"@id":"https:\/\/www.rainandson.com\/#website"},"datePublished":"2020-12-03T19:09:56+00:00","dateModified":"2021-06-09T09:53:21+00:00","description":"Vi p\u00e5 Rain &amp; Son f\u00f6rs\u00f6ker alltid tillhandah\u00e5lla den b\u00e4sta m\u00f6jliga upplevelsen f\u00f6r v\u00e5ra kunder. Snabb och p\u00e5litlig service \u00e4r grunden.","breadcrumb":{"@id":"https:\/\/www.rainandson.com\/customer-service\/#breadcrumb"},"inLanguage":"sv-SE","potentialAction":[{"@type":"ReadAction","target":["https:\/\/www.rainandson.com\/customer-service\/"]}]},{"@type":"BreadcrumbList","@id":"https:\/\/www.rainandson.com\/customer-service\/#breadcrumb","itemListElement":[{"@type":"ListItem","position":1,"name":"Home","item":"https:\/\/www.rainandson.com\/sv\/"},{"@type":"ListItem","position":2,"name":"Customer service"}]},{"@type":"WebSite","@id":"https:\/\/www.rainandson.com\/#website","url":"https:\/\/www.rainandson.com\/","name":"Rain and Son - Klassiska paraplyer i modern skandinavisk design","description":"Eleganta paraplyer online.","publisher":{"@id":"https:\/\/www.rainandson.com\/#organization"},"potentialAction":[{"@type":"SearchAction","target":{"@type":"EntryPoint","urlTemplate":"https:\/\/www.rainandson.com\/?s={search_term_string}"},"query-input":{"@type":"PropertyValueSpecification","valueRequired":true,"valueName":"search_term_string"}}],"inLanguage":"sv-SE"},{"@type":"Organization","@id":"https:\/\/www.rainandson.com\/#organization","name":"Rain &amp; Son","url":"https:\/\/www.rainandson.com\/","logo":{"@type":"ImageObject","inLanguage":"sv-SE","@id":"https:\/\/www.rainandson.com\/#\/schema\/logo\/image\/","url":"https:\/\/www.rainandson.com\/wp-content\/uploads\/rain-and-son-logotype-150.png","contentUrl":"https:\/\/www.rainandson.com\/wp-content\/uploads\/rain-and-son-logotype-150.png","width":125,"height":150,"caption":"Rain and Son"},"image":{"@id":"https:\/\/www.rainandson.com\/#\/schema\/logo\/image\/"}}]}},"_links":{"self":[{"href":"https:\/\/www.rainandson.com\/sv\/wp-json\/wp\/v2\/pages\/4315","targetHints":{"allow":["GET"]}}],"collection":[{"href":"https:\/\/www.rainandson.com\/sv\/wp-json\/wp\/v2\/pages"}],"about":[{"href":"https:\/\/www.rainandson.com\/sv\/wp-json\/wp\/v2\/types\/page"}],"author":[{"embeddable":true,"href":"https:\/\/www.rainandson.com\/sv\/wp-json\/wp\/v2\/users\/1"}],"replies":[{"embeddable":true,"href":"https:\/\/www.rainandson.com\/sv\/wp-json\/wp\/v2\/comments?post=4315"}],"version-history":[{"count":2,"href":"https:\/\/www.rainandson.com\/sv\/wp-json\/wp\/v2\/pages\/4315\/revisions"}],"predecessor-version":[{"id":4822,"href":"https:\/\/www.rainandson.com\/sv\/wp-json\/wp\/v2\/pages\/4315\/revisions\/4822"}],"wp:attachment":[{"href":"https:\/\/www.rainandson.com\/sv\/wp-json\/wp\/v2\/media?parent=4315"}],"curies":[{"name":"wp","href":"https:\/\/api.w.org\/{rel}","templated":true}]}}