{"id":4310,"date":"2020-12-03T18:59:05","date_gmt":"2020-12-03T18:59:05","guid":{"rendered":"https:\/\/rainandson.kinsta.cloud\/?page_id=4310"},"modified":"2022-05-10T07:01:28","modified_gmt":"2022-05-10T07:01:28","slug":"faq","status":"publish","type":"page","link":"https:\/\/www.rainandson.com\/sv\/faq\/","title":{"rendered":"Vanliga fr\u00e5gor och svar"},"content":{"rendered":"<div class=\"vc_row wpb_row vc_row-fluid vc_custom_1487365316112\"><div class=\"wpb_column vc_column_container vc_col-sm-12\"><div class=\"vc_column-inner\"><div class=\"wpb_wrapper\">\n\t<div class=\"wpb_text_column wpb_content_element  vc_custom_1609934121063\" >\n\t\t<div class=\"wpb_wrapper\">\n\t\t\t<h3 style=\"text-align: center;\"><strong>Leverans<\/strong><\/h3>\n\n\t\t<\/div>\n\t<\/div>\n<div class=\"vc_row wpb_row vc_inner vc_row-fluid vc_custom_1410358939666\"><div class=\"wpb_column vc_column_container vc_col-sm-6\"><div class=\"vc_column-inner vc_custom_1443415906747\"><div class=\"wpb_wrapper\"><div  class=\"vc_toggle vc_toggle_default vc_toggle_color_default  vc_toggle_size_md\"><div class=\"vc_toggle_title\"><h4>Vilka leveransmetoder finns tillg\u00e4ngliga?<\/h4><i class=\"vc_toggle_icon\"><\/i><\/div><div class=\"vc_toggle_content\"><p>Produkter fr\u00e5n Rain &amp; Son levereras via DHL, UPS eller liknande fraktf\u00f6retag.<\/p>\n<\/div><\/div><div  class=\"vc_toggle vc_toggle_default vc_toggle_color_default  vc_toggle_size_md\"><div class=\"vc_toggle_title\"><h4>Hur l\u00e5ng tid tar det att f\u00e5 mina varor?<\/h4><i class=\"vc_toggle_icon\"><\/i><\/div><div class=\"vc_toggle_content\"><p>V\u00e5rt m\u00e5l \u00e4r att skicka din best\u00e4llning inom 3-7 arbetsdagar. Produkterna skickas m\u00e5ndag till fredag.<\/p>\n<\/div><\/div><div  class=\"vc_toggle vc_toggle_default vc_toggle_color_default  vc_toggle_size_md\"><div class=\"vc_toggle_title\"><h4>Vad kostar leveransen?<\/h4><i class=\"vc_toggle_icon\"><\/i><\/div><div class=\"vc_toggle_content\"><p>Fraktavgift kan tillkomma till din best\u00e4llning och beloppet beror p\u00e5 var du bor. Inom Sverige \u00e4r det alltid gratis leverans.<\/p>\n<\/div><\/div><\/div><\/div><\/div><div class=\"wpb_column vc_column_container vc_col-sm-6\"><div class=\"vc_column-inner vc_custom_1443415917948\"><div class=\"wpb_wrapper\"><div  class=\"vc_toggle vc_toggle_default vc_toggle_color_default  vc_toggle_size_md\"><div class=\"vc_toggle_title\"><h4>Levererar ni internationellt?<\/h4><i class=\"vc_toggle_icon\"><\/i><\/div><div class=\"vc_toggle_content\"><p>Ja vi levererar \u00e4ven utanf\u00f6r Sverige. Men leveransavgifter och tull kan tillkomma beroende p\u00e5 var du bor.<\/p>\n<\/div><\/div><div  class=\"vc_toggle vc_toggle_default vc_toggle_color_default  vc_toggle_size_md\"><div class=\"vc_toggle_title\"><h4>\u00c4r tullavgifter inkluderade i leveransavgiften?<\/h4><i class=\"vc_toggle_icon\"><\/i><\/div><div class=\"vc_toggle_content\"><p>Nej, tullavgifter utanf\u00f6r EU \u00e4r inte inkluderade. V\u00e4nligen kontakta ditt lokala tullkontor f\u00f6r mer information.<\/p>\n<\/div><\/div><\/div><\/div><\/div><\/div><\/div><\/div><\/div><\/div><div class=\"vc_row wpb_row vc_row-fluid vc_custom_1410359860044\"><div class=\"wpb_column vc_column_container vc_col-sm-12\"><div class=\"vc_column-inner\"><div class=\"wpb_wrapper\"><div class=\"vc_separator wpb_content_element vc_separator_align_center vc_sep_width_100 vc_sep_pos_align_center vc_separator_no_text vc_sep_color_grey\" ><span class=\"vc_sep_holder vc_sep_holder_l\"><span  class=\"vc_sep_line\"><\/span><\/span><span class=\"vc_sep_holder vc_sep_holder_r\"><span  class=\"vc_sep_line\"><\/span><\/span>\n<\/div><\/div><\/div><\/div><\/div><div class=\"vc_row wpb_row vc_row-fluid vc_custom_1487365252231\"><div class=\"wpb_column vc_column_container vc_col-sm-12\"><div class=\"vc_column-inner\"><div class=\"wpb_wrapper\">\n\t<div class=\"wpb_text_column wpb_content_element  vc_custom_1571304038277\" >\n\t\t<div class=\"wpb_wrapper\">\n\t\t\t<h3 style=\"text-align: center;\">Betalningar<\/h3>\n\n\t\t<\/div>\n\t<\/div>\n<div class=\"vc_row wpb_row vc_inner vc_row-fluid vc_custom_1410358939666\"><div class=\"wpb_column vc_column_container vc_col-sm-6\"><div class=\"vc_column-inner vc_custom_1443415970531\"><div class=\"wpb_wrapper\"><div  class=\"vc_toggle vc_toggle_default vc_toggle_color_default  vc_toggle_size_md\"><div class=\"vc_toggle_title\"><h4>Vilka betalningsl\u00f6sningar finns tillg\u00e4ngliga?<\/h4><i class=\"vc_toggle_icon\"><\/i><\/div><div class=\"vc_toggle_content\"><p>Betalningar kan g\u00f6ras med kreditkort.<\/p>\n<\/div><\/div><div  class=\"vc_toggle vc_toggle_default vc_toggle_color_default  vc_toggle_size_md\"><div class=\"vc_toggle_title\"><h4>\u00c4r moms inkluderat i priset?<\/h4><i class=\"vc_toggle_icon\"><\/i><\/div><div class=\"vc_toggle_content\"><p>Priserna \u00e4r inklusive moms inom EU. Moms ing\u00e5r inte i v\u00e5ra priser f\u00f6r kunder utanf\u00f6r EU. Best\u00e4llningar till l\u00e4nder utanf\u00f6r EU, USA, Japan kan vara f\u00f6rem\u00e5l f\u00f6r lokal moms, importtullar och \/ eller skatter, som tas ut n\u00e4r ditt paket n\u00e5r ditt land.<\/p>\n<\/div><\/div><\/div><\/div><\/div><div class=\"wpb_column vc_column_container vc_col-sm-6\"><div class=\"vc_column-inner vc_custom_1443415984332\"><div class=\"wpb_wrapper\"><div  class=\"vc_toggle vc_toggle_default vc_toggle_color_default  vc_toggle_size_md\"><div class=\"vc_toggle_title\"><h4>Vilka \u00f6vriga avgifter kan tillkomma utanf\u00f6r EU?<\/h4><i class=\"vc_toggle_icon\"><\/i><\/div><div class=\"vc_toggle_content\"><ul>\n<li>Lokal moms<\/li>\n<li>Tullavgifter<\/li>\n<li>Avgifter f\u00f6r tullhantering p\u00e5 postkontor eller kurirtj\u00e4nst.<\/li>\n<\/ul>\n<\/div><\/div><\/div><\/div><\/div><\/div><\/div><\/div><\/div><\/div><div class=\"vc_row wpb_row vc_row-fluid vc_custom_1410359869569\"><div class=\"wpb_column vc_column_container vc_col-sm-12\"><div class=\"vc_column-inner\"><div class=\"wpb_wrapper\"><div class=\"vc_separator wpb_content_element vc_separator_align_center vc_sep_width_100 vc_sep_pos_align_center vc_separator_no_text vc_sep_color_grey\" ><span class=\"vc_sep_holder vc_sep_holder_l\"><span  class=\"vc_sep_line\"><\/span><\/span><span class=\"vc_sep_holder vc_sep_holder_r\"><span  class=\"vc_sep_line\"><\/span><\/span>\n<\/div><\/div><\/div><\/div><\/div><div class=\"vc_row wpb_row vc_row-fluid vc_custom_1487365260609\"><div class=\"wpb_column vc_column_container vc_col-sm-12\"><div class=\"vc_column-inner\"><div class=\"wpb_wrapper\">\n\t<div class=\"wpb_text_column wpb_content_element  vc_custom_1613566770510\" >\n\t\t<div class=\"wpb_wrapper\">\n\t\t\t<h3 style=\"text-align: center;\">Best\u00e4llningar<\/h3>\n\n\t\t<\/div>\n\t<\/div>\n<div class=\"vc_row wpb_row vc_inner vc_row-fluid vc_custom_1410358939666\"><div class=\"wpb_column vc_column_container vc_col-sm-6\"><div class=\"vc_column-inner vc_custom_1443415995655\"><div class=\"wpb_wrapper\"><div  class=\"vc_toggle vc_toggle_default vc_toggle_color_default  vc_toggle_size_md\"><div class=\"vc_toggle_title\"><h4>Hur g\u00f6r jag en best\u00e4llning?<\/h4><i class=\"vc_toggle_icon\"><\/i><\/div><div class=\"vc_toggle_content\"><p>L\u00e4gg till de varor du vill k\u00f6pa i kundvagnen. N\u00e4r du har handlat klart, g\u00e5 till kassan och f\u00f6lj instruktionerna.<\/p>\n<\/div><\/div><div  class=\"vc_toggle vc_toggle_default vc_toggle_color_default  vc_toggle_size_md\"><div class=\"vc_toggle_title\"><h4>M\u00e5ste jag ha ett konto f\u00f6r att best\u00e4lla?<\/h4><i class=\"vc_toggle_icon\"><\/i><\/div><div class=\"vc_toggle_content\"><p>Nej du beh\u00f6ver inget konto hos oss f\u00f6r att best\u00e4lla.<\/p>\n<\/div><\/div><div  class=\"vc_toggle vc_toggle_default vc_toggle_color_default  vc_toggle_size_md\"><div class=\"vc_toggle_title\"><h4>Hur vet jag om min best\u00e4llning g\u00e5tt igenom?<\/h4><i class=\"vc_toggle_icon\"><\/i><\/div><div class=\"vc_toggle_content\"><p>Du f\u00e5r en e-postbekr\u00e4ftelse s\u00e5 snart din best\u00e4llning \u00e4r klar. Kontrollera eventuella skr\u00e4pfilter om du inte har f\u00e5tt n\u00e5got.<\/p>\n<\/div><\/div><div  class=\"vc_toggle vc_toggle_default vc_toggle_color_default  vc_toggle_size_md\"><div class=\"vc_toggle_title\"><h4>Kan jag f\u00f6rbest\u00e4lla varor som \u00e4r slut i lager?<\/h4><i class=\"vc_toggle_icon\"><\/i><\/div><div class=\"vc_toggle_content\"><p>Vi tar inte emot f\u00f6rbest\u00e4llningar men du kan registrera dig f\u00f6r att f\u00e5 ett e-postmeddelande s\u00e5 snart varan \u00e5ter finns i lager.<\/p>\n<\/div><\/div><\/div><\/div><\/div><div class=\"wpb_column vc_column_container vc_col-sm-6\"><div class=\"vc_column-inner vc_custom_1443416006097\"><div class=\"wpb_wrapper\"><div  class=\"vc_toggle vc_toggle_default vc_toggle_color_default  vc_toggle_size_md\"><div class=\"vc_toggle_title\"><h4>Erbjuder ni presentf\u00f6rpackning?<\/h4><i class=\"vc_toggle_icon\"><\/i><\/div><div class=\"vc_toggle_content\"><p>Nej, tyv\u00e4rr kan vi inte erbjuda att presentf\u00f6rpacka dina varor.<\/p>\n<\/div><\/div><div  class=\"vc_toggle vc_toggle_default vc_toggle_color_default  vc_toggle_size_md\"><div class=\"vc_toggle_title\"><h4>Hur kan jag avbryta eller \u00e4ndra min best\u00e4llning?<\/h4><i class=\"vc_toggle_icon\"><\/i><\/div><div class=\"vc_toggle_content\"><p>As we make an effort to ship items as soon as we can, it is of course better to make sure you choose the correct item first time around. But if we can we will of course do our best to help. Please contact us as soon as possible after making your order.<\/p>\n<p>Email: info@rainandson.com<\/p>\n<\/div><\/div><div  class=\"vc_toggle vc_toggle_default vc_toggle_color_default  vc_toggle_size_md\"><div class=\"vc_toggle_title\"><h4>Vem ska jag kontakta vid fr\u00e5gor?<\/h4><i class=\"vc_toggle_icon\"><\/i><\/div><div class=\"vc_toggle_content\"><p>For questions relating to an already placed order please contact us.<\/p>\n<p>Email: info@rainandson.com<\/p>\n<\/div><\/div><\/div><\/div><\/div><\/div><\/div><\/div><\/div><\/div><div class=\"vc_row wpb_row vc_row-fluid vc_custom_1487365260609\"><div class=\"wpb_column vc_column_container vc_col-sm-12\"><div class=\"vc_column-inner\"><div class=\"wpb_wrapper\"><div class=\"vc_separator wpb_content_element vc_separator_align_center vc_sep_width_100 vc_sep_pos_align_center vc_separator_no_text vc_sep_color_grey\" ><span class=\"vc_sep_holder vc_sep_holder_l\"><span  class=\"vc_sep_line\"><\/span><\/span><span class=\"vc_sep_holder vc_sep_holder_r\"><span  class=\"vc_sep_line\"><\/span><\/span>\n<\/div>\n\t<div class=\"wpb_text_column wpb_content_element  vc_custom_1613569013696\" >\n\t\t<div class=\"wpb_wrapper\">\n\t\t\t<h3 style=\"text-align: center;\">Returer och \u00c5terbetalningar<\/h3>\n\n\t\t<\/div>\n\t<\/div>\n<div class=\"vc_row wpb_row vc_inner vc_row-fluid vc_custom_1410358939666\"><div class=\"wpb_column vc_column_container vc_col-sm-6\"><div class=\"vc_column-inner vc_custom_1443415995655\"><div class=\"wpb_wrapper\"><div  class=\"vc_toggle vc_toggle_default vc_toggle_color_default  vc_toggle_size_md\"><div class=\"vc_toggle_title\"><h4>Hur kan jag returnera ett paraply?<\/h4><i class=\"vc_toggle_icon\"><\/i><\/div><div class=\"vc_toggle_content\"><p>Du som kund st\u00e5r f\u00f6r eventuell fraktkostnad f\u00f6r retur av varor. Returer kan inte skickas mot postf\u00f6rskott. Vid retur st\u00e5r du som kund f\u00f6r risken f\u00f6r varan, d\u00e4rf\u00f6r \u00e4r det viktigt att varan inte kan komma till skada under transporten. F\u00f6r att f\u00e5 full \u00e5terbetalning ska varan vara oanv\u00e4nd och skickas tillbaka i oskadad originalf\u00f6rpackning. Efter mottagen och godk\u00e4nd retur kommer \u00e5terbetalning att ske inom 14 dagar fr\u00e5n det att Rain &amp; Son tog emot returen.<\/p>\n<\/div><\/div><div  class=\"vc_toggle vc_toggle_default vc_toggle_color_default  vc_toggle_size_md\"><div class=\"vc_toggle_title\"><h4>Vart skickar jag mina returer?<\/h4><i class=\"vc_toggle_icon\"><\/i><\/div><div class=\"vc_toggle_content\"><p>Vara som ska returneras ska skickas till nedanst\u00e5ende adress.<\/p>\n<p>Rain &amp; Son,<br \/>\nc\/o Hillmers Logistics<br \/>\nLjungv\u00e4gen 17<br \/>\n64139 Katrineholm<br \/>\nSverige<\/p>\n<p>N\u00e4r du returnerar en produkt, ange orsaken till returen, ditt best\u00e4llningsnummer och kontaktuppgifter.<\/p>\n<\/div><\/div><div  class=\"vc_toggle vc_toggle_default vc_toggle_color_default  vc_toggle_size_md\"><div class=\"vc_toggle_title\"><h4>Vem ska jag kontakta vid fr\u00e5gor?<\/h4><i class=\"vc_toggle_icon\"><\/i><\/div><div class=\"vc_toggle_content\"><p>For questions relating to an already placed order please contact us.<\/p>\n<p>Email: info@rainandson.com<\/p>\n<\/div><\/div><div  class=\"vc_toggle vc_toggle_default vc_toggle_color_default  vc_toggle_size_md\"><div class=\"vc_toggle_title\"><h4>M\u00e5ste jag betala f\u00f6r kostnaden att skicka tillbaka varan?<\/h4><i class=\"vc_toggle_icon\"><\/i><\/div><div class=\"vc_toggle_content\"><p>Ja, vi kan inte t\u00e4cka returfrakten.<\/p>\n<\/div><\/div><\/div><\/div><\/div><div class=\"wpb_column vc_column_container vc_col-sm-6\"><div class=\"vc_column-inner vc_custom_1443416006097\"><div class=\"wpb_wrapper\"><div  class=\"vc_toggle vc_toggle_default vc_toggle_color_default  vc_toggle_size_md\"><div class=\"vc_toggle_title\"><h4>Hur l\u00e5ng tid tar det att f\u00e5 min \u00e5terbetalning?<\/h4><i class=\"vc_toggle_icon\"><\/i><\/div><div class=\"vc_toggle_content\"><p>S\u00e5 snart vi har mottagit den returnerade artikeln och har kontrollerat den kommer vi att behandla beloppet. Det tar d\u00e5 1-5 dagar tills du har pengarna p\u00e5 ditt konto beroende p\u00e5 vilket kortf\u00f6retag du anv\u00e4nder.<\/p>\n<\/div><\/div><div  class=\"vc_toggle vc_toggle_default vc_toggle_color_default  vc_toggle_size_md\"><div class=\"vc_toggle_title\"><h4>Vad g\u00f6r jag om mitt paraply \u00e4r skadat eller felaktigt vid leveransen?<\/h4><i class=\"vc_toggle_icon\"><\/i><\/div><div class=\"vc_toggle_content\"><p>Om ditt paraply levereras skadat eller felaktigt v\u00e4nligen\u00a0<a href=\"https:\/\/rainandson.kinsta.cloud\/customer-service\/\">kontakta oss<\/a>\u00a0p\u00e5 en g\u00e5ng.<\/p>\n<\/div><\/div><div  class=\"vc_toggle vc_toggle_default vc_toggle_color_default  vc_toggle_size_md\"><div class=\"vc_toggle_title\"><h4>Ing\u00e5r det garanti i mitt k\u00f6p?<\/h4><i class=\"vc_toggle_icon\"><\/i><\/div><div class=\"vc_toggle_content\"><p>All full priced umbrellas come with a 1 year warranty. Clearance items are not covered with a warranty. You can find more information on our warranty service <a href=\"https:\/\/www.rainandson.com\/shipping-and-returns\/\">h\u00e4r<\/a>.<\/p>\n<\/div><\/div><\/div><\/div><\/div><\/div><\/div><\/div><\/div><\/div><div class=\"vc_row wpb_row vc_row-fluid vc_custom_1487365260609\"><div class=\"wpb_column vc_column_container vc_col-sm-12\"><div class=\"vc_column-inner\"><div class=\"wpb_wrapper\"><div class=\"vc_separator wpb_content_element vc_separator_align_center vc_sep_width_100 vc_sep_pos_align_center vc_separator_no_text vc_sep_color_grey\" ><span class=\"vc_sep_holder vc_sep_holder_l\"><span  class=\"vc_sep_line\"><\/span><\/span><span class=\"vc_sep_holder vc_sep_holder_r\"><span  class=\"vc_sep_line\"><\/span><\/span>\n<\/div>\n\t<div class=\"wpb_text_column wpb_content_element  vc_custom_1613567839904\" >\n\t\t<div class=\"wpb_wrapper\">\n\t\t\t<h3 style=\"text-align: center;\">\u00d6vriga fr\u00e5gor<\/h3>\n\n\t\t<\/div>\n\t<\/div>\n<div class=\"vc_row wpb_row vc_inner vc_row-fluid vc_custom_1410358939666\"><div class=\"wpb_column vc_column_container vc_col-sm-6\"><div class=\"vc_column-inner vc_custom_1443415995655\"><div class=\"wpb_wrapper\"><div  class=\"vc_toggle vc_toggle_default vc_toggle_color_default  vc_toggle_size_md\"><div class=\"vc_toggle_title\"><h4>Hur tar jag b\u00e4st hand om mitt paraply?<\/h4><i class=\"vc_toggle_icon\"><\/i><\/div><div class=\"vc_toggle_content\"><p>Du hittar mer information\u00a0<a href=\"https:\/\/rainandson.kinsta.cloud\/care-instructions\/\">om hur du b\u00e4st tar han om ditt paraply h\u00e4r.<\/a>.<\/p>\n<\/div><\/div><div  class=\"vc_toggle vc_toggle_default vc_toggle_color_default  vc_toggle_size_md\"><div class=\"vc_toggle_title\"><h4>Kan ni gravera in n\u00e5got p\u00e5 mitt paraply?<\/h4><i class=\"vc_toggle_icon\"><\/i><\/div><div class=\"vc_toggle_content\"><p>Nej vi kan tyv\u00e4rr inte gravera in n\u00e5got p\u00e5 paraplyerna.<\/p>\n<\/div><\/div><\/div><\/div><\/div><div class=\"wpb_column vc_column_container vc_col-sm-6\"><div class=\"vc_column-inner vc_custom_1443416006097\"><div class=\"wpb_wrapper\"><div  class=\"vc_toggle vc_toggle_default vc_toggle_color_default  vc_toggle_size_md\"><div class=\"vc_toggle_title\"><h4>Kan jag ta med mitt paraply p\u00e5 flyget?<\/h4><i class=\"vc_toggle_icon\"><\/i><\/div><div class=\"vc_toggle_content\"><p>I allm\u00e4nhet b\u00f6r du kunna ta med ditt paraply eftersom de klassificeras som personligt f\u00f6rem\u00e5l och till\u00e5ts som handbagage. De kan s\u00e5 klart ocks\u00e5 checkas in. F\u00f6r att vara s\u00e4ker p\u00e5 vad du kan ta med \u00e4r det alltid b\u00e4st att kolla direkt med flygbolaget .<\/p>\n<\/div><\/div><\/div><\/div><\/div><\/div><\/div><\/div><\/div><\/div><div class=\"vc_row wpb_row vc_row-fluid\"><div class=\"wpb_column vc_column_container vc_col-sm-12\"><div class=\"vc_column-inner\"><div class=\"wpb_wrapper\"><\/div><\/div><\/div><\/div><div class=\"vc_row wpb_row vc_row-fluid\"><div class=\"wpb_column vc_column_container vc_col-sm-12\"><div class=\"vc_column-inner\"><div class=\"wpb_wrapper\">\n\t<div class=\"wpb_text_column wpb_content_element\" >\n\t\t<div class=\"wpb_wrapper\">\n\t\t\t<h3 style=\"text-align: center;\">Inte svar p\u00e5 dina fr\u00e5gor?<\/h3>\n\n\t\t<\/div>\n\t<\/div>\n<div class=\"vc_btn3-container vc_btn3-center\" ><a class=\"vc_general vc_btn3 vc_btn3-size-md vc_btn3-shape-rounded vc_btn3-style-modern vc_btn3-color-grey\" href=\"http:\/\/thoml4.sg-host.com\/contact\/\" title=\"Kontakta oss\">CONTACT US<\/a><\/div><\/div><\/div><\/div><\/div>","protected":false},"excerpt":{"rendered":"Shipping Information What shipping methods are available?Products from Rain &amp; Son are delivered via DHL, UPS or a similar Freight company. Shipping fee may be added to your order and the amount is dependent on where you live. How long will it take to get my package?We aim to send your products within 3-7 working [...]","protected":false},"author":1,"featured_media":0,"parent":0,"menu_order":0,"comment_status":"closed","ping_status":"closed","template":"page-boxed.php","meta":{"footnotes":""},"class_list":["post-4310","page","type-page","status-publish","hentry"],"yoast_head":"<!-- This site is optimized with the Yoast SEO plugin v27.5 - https:\/\/yoast.com\/product\/yoast-seo-wordpress\/ -->\n<title>Rain and Son - Classic and Stylish Umbrellas - FAQ<\/title>\n<meta name=\"description\" content=\"Do you have questions regarding Rain &amp; Son&#039;s services or our umbrellas? You can find our frequently asked questions here.\" \/>\n<meta name=\"robots\" content=\"index, follow, max-snippet:-1, max-image-preview:large, max-video-preview:-1\" \/>\n<link rel=\"canonical\" href=\"https:\/\/www.rainandson.com\/sv\/faq\/\" \/>\n<meta property=\"og:locale\" content=\"sv_SE\" \/>\n<meta property=\"og:type\" content=\"article\" \/>\n<meta property=\"og:title\" content=\"Rain and Son - Classic and Stylish Umbrellas - FAQ\" \/>\n<meta property=\"og:description\" content=\"Do you have questions regarding Rain &amp; Son&#039;s services or our umbrellas? You can find our frequently asked questions here.\" \/>\n<meta property=\"og:url\" content=\"https:\/\/www.rainandson.com\/sv\/faq\/\" \/>\n<meta property=\"og:site_name\" content=\"Rain and Son - Classic and Stylish Umbrellas\" \/>\n<meta property=\"article:modified_time\" content=\"2022-05-10T07:01:28+00:00\" \/>\n<meta name=\"twitter:card\" content=\"summary_large_image\" \/>\n<meta name=\"twitter:label1\" content=\"Ber\u00e4knad l\u00e4stid\" \/>\n\t<meta name=\"twitter:data1\" content=\"5 minuter\" \/>\n<script type=\"application\/ld+json\" class=\"yoast-schema-graph\">{\"@context\":\"https:\\\/\\\/schema.org\",\"@graph\":[{\"@type\":\"WebPage\",\"@id\":\"https:\\\/\\\/www.rainandson.com\\\/faq\\\/\",\"url\":\"https:\\\/\\\/www.rainandson.com\\\/faq\\\/\",\"name\":\"Rain and Son - Classic and Stylish Umbrellas - FAQ\",\"isPartOf\":{\"@id\":\"https:\\\/\\\/www.rainandson.com\\\/#website\"},\"datePublished\":\"2020-12-03T18:59:05+00:00\",\"dateModified\":\"2022-05-10T07:01:28+00:00\",\"description\":\"Do you have questions regarding Rain & Son's services or our umbrellas? You can find our frequently asked questions here.\",\"breadcrumb\":{\"@id\":\"https:\\\/\\\/www.rainandson.com\\\/faq\\\/#breadcrumb\"},\"inLanguage\":\"sv-SE\",\"potentialAction\":[{\"@type\":\"ReadAction\",\"target\":[\"https:\\\/\\\/www.rainandson.com\\\/faq\\\/\"]}]},{\"@type\":\"BreadcrumbList\",\"@id\":\"https:\\\/\\\/www.rainandson.com\\\/faq\\\/#breadcrumb\",\"itemListElement\":[{\"@type\":\"ListItem\",\"position\":1,\"name\":\"Home\",\"item\":\"https:\\\/\\\/www.rainandson.com\\\/sv\\\/\"},{\"@type\":\"ListItem\",\"position\":2,\"name\":\"FAQ\"}]},{\"@type\":\"WebSite\",\"@id\":\"https:\\\/\\\/www.rainandson.com\\\/#website\",\"url\":\"https:\\\/\\\/www.rainandson.com\\\/\",\"name\":\"Rain and Son - Classic and Stylish Umbrellas\",\"description\":\"Fashionable Umbrellas Online.\",\"publisher\":{\"@id\":\"https:\\\/\\\/www.rainandson.com\\\/#organization\"},\"potentialAction\":[{\"@type\":\"SearchAction\",\"target\":{\"@type\":\"EntryPoint\",\"urlTemplate\":\"https:\\\/\\\/www.rainandson.com\\\/?s={search_term_string}\"},\"query-input\":{\"@type\":\"PropertyValueSpecification\",\"valueRequired\":true,\"valueName\":\"search_term_string\"}}],\"inLanguage\":\"sv-SE\"},{\"@type\":\"Organization\",\"@id\":\"https:\\\/\\\/www.rainandson.com\\\/#organization\",\"name\":\"Rain and Son\",\"url\":\"https:\\\/\\\/www.rainandson.com\\\/\",\"logo\":{\"@type\":\"ImageObject\",\"inLanguage\":\"sv-SE\",\"@id\":\"https:\\\/\\\/www.rainandson.com\\\/#\\\/schema\\\/logo\\\/image\\\/\",\"url\":\"https:\\\/\\\/www.rainandson.com\\\/wp-content\\\/uploads\\\/rain-and-son-logotype-150.png\",\"contentUrl\":\"https:\\\/\\\/www.rainandson.com\\\/wp-content\\\/uploads\\\/rain-and-son-logotype-150.png\",\"width\":125,\"height\":150,\"caption\":\"Rain and Son\"},\"image\":{\"@id\":\"https:\\\/\\\/www.rainandson.com\\\/#\\\/schema\\\/logo\\\/image\\\/\"}}]}<\/script>\n<!-- \/ Yoast SEO plugin. -->","yoast_head_json":{"title":"Rain and Son - Klassiska paraplyer i modern skandinavisk design - FAQ","description":"Do you have questions regarding Rain & Son's services or our umbrellas? You can find our frequently asked questions here.","robots":{"index":"index","follow":"follow","max-snippet":"max-snippet:-1","max-image-preview":"max-image-preview:large","max-video-preview":"max-video-preview:-1"},"canonical":"https:\/\/www.rainandson.com\/sv\/faq\/","og_locale":"sv_SE","og_type":"article","og_title":"Rain and Son - Classic and Stylish Umbrellas - FAQ","og_description":"Do you have questions regarding Rain & Son's services or our umbrellas? You can find our frequently asked questions here.","og_url":"https:\/\/www.rainandson.com\/sv\/faq\/","og_site_name":"Rain and Son - Classic and Stylish Umbrellas","article_modified_time":"2022-05-10T07:01:28+00:00","twitter_card":"summary_large_image","twitter_misc":{"Ber\u00e4knad l\u00e4stid":"5 minuter"},"schema":{"@context":"https:\/\/schema.org","@graph":[{"@type":"WebPage","@id":"https:\/\/www.rainandson.com\/faq\/","url":"https:\/\/www.rainandson.com\/faq\/","name":"Rain and Son - Klassiska paraplyer i modern skandinavisk design - FAQ","isPartOf":{"@id":"https:\/\/www.rainandson.com\/#website"},"datePublished":"2020-12-03T18:59:05+00:00","dateModified":"2022-05-10T07:01:28+00:00","description":"Do you have questions regarding Rain & Son's services or our umbrellas? You can find our frequently asked questions here.","breadcrumb":{"@id":"https:\/\/www.rainandson.com\/faq\/#breadcrumb"},"inLanguage":"sv-SE","potentialAction":[{"@type":"ReadAction","target":["https:\/\/www.rainandson.com\/faq\/"]}]},{"@type":"BreadcrumbList","@id":"https:\/\/www.rainandson.com\/faq\/#breadcrumb","itemListElement":[{"@type":"ListItem","position":1,"name":"Home","item":"https:\/\/www.rainandson.com\/sv\/"},{"@type":"ListItem","position":2,"name":"FAQ"}]},{"@type":"WebSite","@id":"https:\/\/www.rainandson.com\/#website","url":"https:\/\/www.rainandson.com\/","name":"Rain and Son - Klassiska paraplyer i modern skandinavisk design","description":"Eleganta paraplyer online.","publisher":{"@id":"https:\/\/www.rainandson.com\/#organization"},"potentialAction":[{"@type":"SearchAction","target":{"@type":"EntryPoint","urlTemplate":"https:\/\/www.rainandson.com\/?s={search_term_string}"},"query-input":{"@type":"PropertyValueSpecification","valueRequired":true,"valueName":"search_term_string"}}],"inLanguage":"sv-SE"},{"@type":"Organization","@id":"https:\/\/www.rainandson.com\/#organization","name":"Rain &amp; Son","url":"https:\/\/www.rainandson.com\/","logo":{"@type":"ImageObject","inLanguage":"sv-SE","@id":"https:\/\/www.rainandson.com\/#\/schema\/logo\/image\/","url":"https:\/\/www.rainandson.com\/wp-content\/uploads\/rain-and-son-logotype-150.png","contentUrl":"https:\/\/www.rainandson.com\/wp-content\/uploads\/rain-and-son-logotype-150.png","width":125,"height":150,"caption":"Rain and Son"},"image":{"@id":"https:\/\/www.rainandson.com\/#\/schema\/logo\/image\/"}}]}},"_links":{"self":[{"href":"https:\/\/www.rainandson.com\/sv\/wp-json\/wp\/v2\/pages\/4310","targetHints":{"allow":["GET"]}}],"collection":[{"href":"https:\/\/www.rainandson.com\/sv\/wp-json\/wp\/v2\/pages"}],"about":[{"href":"https:\/\/www.rainandson.com\/sv\/wp-json\/wp\/v2\/types\/page"}],"author":[{"embeddable":true,"href":"https:\/\/www.rainandson.com\/sv\/wp-json\/wp\/v2\/users\/1"}],"replies":[{"embeddable":true,"href":"https:\/\/www.rainandson.com\/sv\/wp-json\/wp\/v2\/comments?post=4310"}],"version-history":[{"count":5,"href":"https:\/\/www.rainandson.com\/sv\/wp-json\/wp\/v2\/pages\/4310\/revisions"}],"predecessor-version":[{"id":5576,"href":"https:\/\/www.rainandson.com\/sv\/wp-json\/wp\/v2\/pages\/4310\/revisions\/5576"}],"wp:attachment":[{"href":"https:\/\/www.rainandson.com\/sv\/wp-json\/wp\/v2\/media?parent=4310"}],"curies":[{"name":"wp","href":"https:\/\/api.w.org\/{rel}","templated":true}]}}