{"id":4308,"date":"2020-12-03T18:56:19","date_gmt":"2020-12-03T18:56:19","guid":{"rendered":"https:\/\/rainandson.kinsta.cloud\/?page_id=4308"},"modified":"2021-04-15T16:21:23","modified_gmt":"2021-04-15T16:21:23","slug":"stores","status":"publish","type":"page","link":"https:\/\/www.rainandson.com\/sv\/stores\/","title":{"rendered":"\u00c5terf\u00f6rs\u00e4ljare"},"content":{"rendered":"<div class=\"vc_row wpb_row vc_row-fluid vc_custom_1487365316112\"><div class=\"wpb_column vc_column_container vc_col-sm-12\"><div class=\"vc_column-inner\"><div class=\"wpb_wrapper\">\n\t<div class=\"wpb_text_column wpb_content_element  vc_custom_1609934953395\" >\n\t\t<div class=\"wpb_wrapper\">\n\t\t\t<h3 style=\"text-align: center;\"><strong>\u00c5terf\u00f6rs\u00e4ljare av Rain &amp; Son paraplyer<\/strong><\/h3>\n\n\t\t<\/div>\n\t<\/div>\n\n\t<div class=\"wpb_text_column wpb_content_element\" >\n\t\t<div class=\"wpb_wrapper\">\n\t\t\t<p style=\"text-align: center;\"><strong>Sverige\/Sweden\/Schweden\/Su\u00e8de<br \/>\n<\/strong><\/p>\n<div style=\"text-align: center;\">\n<p>&nbsp;<\/p>\n<p><a href=\"https:\/\/www.facebook.com\/hatthyllanmalmo\/\" target=\"_blank\" rel=\"noopener\"><strong>Hatthyllan Malm\u00f6<\/strong><\/a><br \/>\nDavidshallstorg 1<br \/>\n211 14 Malm\u00f6<\/p>\n<p>&nbsp;<\/p>\n<p><strong><a href=\"https:\/\/www.nk.se\/\" target=\"_blank\" rel=\"noopener\">NK Herrekipering<\/a><\/strong><\/p>\n<\/div>\n<div style=\"text-align: center;\">\n<p>Hamngatan 18-20<br \/>\n111 47 Stockholm<\/p>\n<p>&nbsp;<\/p>\n<p><strong><a href=\"https:\/\/stroms-gbg.se\/\" target=\"_blank\" rel=\"noopener\">Str\u00f6ms<\/a><\/strong><\/p>\n<\/div>\n<div style=\"text-align: center;\">\n<p>Kungsgatan 27-29<br \/>\n411 15 G\u00f6teborg<\/p>\n<p>&nbsp;<\/p>\n<\/div>\n<div>\n<div style=\"text-align: center;\"><strong><a href=\"https:\/\/www.unclefrank.se\/\" target=\"_blank\" rel=\"noopener\">Uncle Frank<\/a><br \/>\n<\/strong><\/div>\n<div style=\"text-align: center;\">Drottninggatan 9<\/div>\n<div style=\"text-align: center;\">803 20 G\u00e4vle<\/div>\n<\/div>\n\n\t\t<\/div>\n\t<\/div>\n\n\t<div class=\"wpb_text_column wpb_content_element\" >\n\t\t<div class=\"wpb_wrapper\">\n\t\t\t<p style=\"text-align: center;\">V\u00e4nlingen maila oss p\u00e5 \"stina@rainandson.com\" om ni \u00e4r intresserade av att bli \u00e5terf\u00f6rs\u00e4ljare av <strong>Rain &amp; Son paraplyer<\/strong>.<\/p>\n\n\t\t<\/div>\n\t<\/div>\n<\/div><\/div><\/div><\/div><div class=\"vc_row wpb_row vc_row-fluid vc_custom_1410359860044\"><div class=\"wpb_column vc_column_container vc_col-sm-12\"><div class=\"vc_column-inner\"><div class=\"wpb_wrapper\"><div class=\"vc_separator wpb_content_element vc_separator_align_center vc_sep_width_100 vc_sep_pos_align_center vc_separator_no_text vc_sep_color_grey\" ><span class=\"vc_sep_holder vc_sep_holder_l\"><span  class=\"vc_sep_line\"><\/span><\/span><span class=\"vc_sep_holder vc_sep_holder_r\"><span  class=\"vc_sep_line\"><\/span><\/span>\n<\/div><\/div><\/div><\/div><\/div>","protected":false},"excerpt":{"rendered":"Rain &amp; Son Umbrella Retailers Sverige\/Sweden\/Schweden\/Su\u00e8de &nbsp; Hatthyllan Malm\u00f6 Davidshallstorg 1 211 14 Malm\u00f6 &nbsp; NK Herrekipering Hamngatan 18-20 111 47 Stockholm &nbsp; Str\u00f6ms Kungsgatan 27-29 411 15 G\u00f6teborg &nbsp; Uncle Frank Drottninggatan 9 803 20 G\u00e4vle Please send us an e-mail at \"stina@rainandson.com\" if you are also interested in selling Rain &amp; Son Umbrellas.","protected":false},"author":1,"featured_media":0,"parent":0,"menu_order":0,"comment_status":"closed","ping_status":"closed","template":"page-boxed.php","meta":{"footnotes":""},"class_list":["post-4308","page","type-page","status-publish","hentry"],"yoast_head":"<!-- This site is optimized with the Yoast SEO plugin v27.4 - https:\/\/yoast.com\/product\/yoast-seo-wordpress\/ -->\n<title>Rain and Son - Classic and Stylish Umbrellas - Retailers<\/title>\n<meta name=\"robots\" content=\"index, follow, max-snippet:-1, max-image-preview:large, max-video-preview:-1\" \/>\n<link rel=\"canonical\" href=\"https:\/\/www.rainandson.com\/sv\/stores\/\" \/>\n<meta property=\"og:locale\" content=\"sv_SE\" \/>\n<meta property=\"og:type\" content=\"article\" \/>\n<meta property=\"og:title\" content=\"Rain and Son - Classic and Stylish Umbrellas - Retailers\" \/>\n<meta property=\"og:url\" content=\"https:\/\/www.rainandson.com\/sv\/stores\/\" \/>\n<meta property=\"og:site_name\" content=\"Rain and Son - Classic and Stylish Umbrellas\" \/>\n<meta property=\"article:modified_time\" content=\"2021-04-15T16:21:23+00:00\" \/>\n<meta name=\"twitter:card\" content=\"summary_large_image\" \/>\n<meta name=\"twitter:label1\" content=\"Ber\u00e4knad l\u00e4stid\" \/>\n\t<meta name=\"twitter:data1\" content=\"1 minut\" \/>\n<script type=\"application\/ld+json\" class=\"yoast-schema-graph\">{\"@context\":\"https:\\\/\\\/schema.org\",\"@graph\":[{\"@type\":\"WebPage\",\"@id\":\"https:\\\/\\\/www.rainandson.com\\\/sv\\\/stores\\\/\",\"url\":\"https:\\\/\\\/www.rainandson.com\\\/sv\\\/stores\\\/\",\"name\":\"Rain and Son - Classic and Stylish Umbrellas - Retailers\",\"isPartOf\":{\"@id\":\"https:\\\/\\\/www.rainandson.com\\\/#website\"},\"datePublished\":\"2020-12-03T18:56:19+00:00\",\"dateModified\":\"2021-04-15T16:21:23+00:00\",\"breadcrumb\":{\"@id\":\"https:\\\/\\\/www.rainandson.com\\\/sv\\\/stores\\\/#breadcrumb\"},\"inLanguage\":\"sv-SE\",\"potentialAction\":[{\"@type\":\"ReadAction\",\"target\":[\"https:\\\/\\\/www.rainandson.com\\\/sv\\\/stores\\\/\"]}]},{\"@type\":\"BreadcrumbList\",\"@id\":\"https:\\\/\\\/www.rainandson.com\\\/sv\\\/stores\\\/#breadcrumb\",\"itemListElement\":[{\"@type\":\"ListItem\",\"position\":1,\"name\":\"Home\",\"item\":\"https:\\\/\\\/www.rainandson.com\\\/sv\\\/\"},{\"@type\":\"ListItem\",\"position\":2,\"name\":\"Retailers\"}]},{\"@type\":\"WebSite\",\"@id\":\"https:\\\/\\\/www.rainandson.com\\\/#website\",\"url\":\"https:\\\/\\\/www.rainandson.com\\\/\",\"name\":\"Rain and Son - Classic and Stylish Umbrellas\",\"description\":\"Fashionable Umbrellas Online.\",\"publisher\":{\"@id\":\"https:\\\/\\\/www.rainandson.com\\\/#organization\"},\"potentialAction\":[{\"@type\":\"SearchAction\",\"target\":{\"@type\":\"EntryPoint\",\"urlTemplate\":\"https:\\\/\\\/www.rainandson.com\\\/?s={search_term_string}\"},\"query-input\":{\"@type\":\"PropertyValueSpecification\",\"valueRequired\":true,\"valueName\":\"search_term_string\"}}],\"inLanguage\":\"sv-SE\"},{\"@type\":\"Organization\",\"@id\":\"https:\\\/\\\/www.rainandson.com\\\/#organization\",\"name\":\"Rain and Son\",\"url\":\"https:\\\/\\\/www.rainandson.com\\\/\",\"logo\":{\"@type\":\"ImageObject\",\"inLanguage\":\"sv-SE\",\"@id\":\"https:\\\/\\\/www.rainandson.com\\\/#\\\/schema\\\/logo\\\/image\\\/\",\"url\":\"https:\\\/\\\/www.rainandson.com\\\/wp-content\\\/uploads\\\/rain-and-son-logotype-150.png\",\"contentUrl\":\"https:\\\/\\\/www.rainandson.com\\\/wp-content\\\/uploads\\\/rain-and-son-logotype-150.png\",\"width\":125,\"height\":150,\"caption\":\"Rain and Son\"},\"image\":{\"@id\":\"https:\\\/\\\/www.rainandson.com\\\/#\\\/schema\\\/logo\\\/image\\\/\"}}]}<\/script>\n<!-- \/ Yoast SEO plugin. -->","yoast_head_json":{"title":"Rain and Son - Classic and Stylish Umbrellas - Retailers","robots":{"index":"index","follow":"follow","max-snippet":"max-snippet:-1","max-image-preview":"max-image-preview:large","max-video-preview":"max-video-preview:-1"},"canonical":"https:\/\/www.rainandson.com\/sv\/stores\/","og_locale":"sv_SE","og_type":"article","og_title":"Rain and Son - Classic and Stylish Umbrellas - Retailers","og_url":"https:\/\/www.rainandson.com\/sv\/stores\/","og_site_name":"Rain and Son - Classic and Stylish Umbrellas","article_modified_time":"2021-04-15T16:21:23+00:00","twitter_card":"summary_large_image","twitter_misc":{"Ber\u00e4knad l\u00e4stid":"1 minut"},"schema":{"@context":"https:\/\/schema.org","@graph":[{"@type":"WebPage","@id":"https:\/\/www.rainandson.com\/sv\/stores\/","url":"https:\/\/www.rainandson.com\/sv\/stores\/","name":"Rain and Son - Classic and Stylish Umbrellas - Retailers","isPartOf":{"@id":"https:\/\/www.rainandson.com\/#website"},"datePublished":"2020-12-03T18:56:19+00:00","dateModified":"2021-04-15T16:21:23+00:00","breadcrumb":{"@id":"https:\/\/www.rainandson.com\/sv\/stores\/#breadcrumb"},"inLanguage":"sv-SE","potentialAction":[{"@type":"ReadAction","target":["https:\/\/www.rainandson.com\/sv\/stores\/"]}]},{"@type":"BreadcrumbList","@id":"https:\/\/www.rainandson.com\/sv\/stores\/#breadcrumb","itemListElement":[{"@type":"ListItem","position":1,"name":"Home","item":"https:\/\/www.rainandson.com\/sv\/"},{"@type":"ListItem","position":2,"name":"Retailers"}]},{"@type":"WebSite","@id":"https:\/\/www.rainandson.com\/#website","url":"https:\/\/www.rainandson.com\/","name":"Rain and Son - Klassiska paraplyer i modern skandinavisk design","description":"Eleganta paraplyer online.","publisher":{"@id":"https:\/\/www.rainandson.com\/#organization"},"potentialAction":[{"@type":"SearchAction","target":{"@type":"EntryPoint","urlTemplate":"https:\/\/www.rainandson.com\/?s={search_term_string}"},"query-input":{"@type":"PropertyValueSpecification","valueRequired":true,"valueName":"search_term_string"}}],"inLanguage":"sv-SE"},{"@type":"Organization","@id":"https:\/\/www.rainandson.com\/#organization","name":"Rain &amp; Son","url":"https:\/\/www.rainandson.com\/","logo":{"@type":"ImageObject","inLanguage":"sv-SE","@id":"https:\/\/www.rainandson.com\/#\/schema\/logo\/image\/","url":"https:\/\/www.rainandson.com\/wp-content\/uploads\/rain-and-son-logotype-150.png","contentUrl":"https:\/\/www.rainandson.com\/wp-content\/uploads\/rain-and-son-logotype-150.png","width":125,"height":150,"caption":"Rain and Son"},"image":{"@id":"https:\/\/www.rainandson.com\/#\/schema\/logo\/image\/"}}]}},"_links":{"self":[{"href":"https:\/\/www.rainandson.com\/sv\/wp-json\/wp\/v2\/pages\/4308","targetHints":{"allow":["GET"]}}],"collection":[{"href":"https:\/\/www.rainandson.com\/sv\/wp-json\/wp\/v2\/pages"}],"about":[{"href":"https:\/\/www.rainandson.com\/sv\/wp-json\/wp\/v2\/types\/page"}],"author":[{"embeddable":true,"href":"https:\/\/www.rainandson.com\/sv\/wp-json\/wp\/v2\/users\/1"}],"replies":[{"embeddable":true,"href":"https:\/\/www.rainandson.com\/sv\/wp-json\/wp\/v2\/comments?post=4308"}],"version-history":[{"count":2,"href":"https:\/\/www.rainandson.com\/sv\/wp-json\/wp\/v2\/pages\/4308\/revisions"}],"predecessor-version":[{"id":4631,"href":"https:\/\/www.rainandson.com\/sv\/wp-json\/wp\/v2\/pages\/4308\/revisions\/4631"}],"wp:attachment":[{"href":"https:\/\/www.rainandson.com\/sv\/wp-json\/wp\/v2\/media?parent=4308"}],"curies":[{"name":"wp","href":"https:\/\/api.w.org\/{rel}","templated":true}]}}