{"id":4304,"date":"2020-12-03T18:52:18","date_gmt":"2020-12-03T18:52:18","guid":{"rendered":"https:\/\/rainandson.kinsta.cloud\/?page_id=4304"},"modified":"2021-04-16T12:39:53","modified_gmt":"2021-04-16T12:39:53","slug":"press","status":"publish","type":"page","link":"https:\/\/www.rainandson.com\/sv\/press\/","title":{"rendered":"Press"},"content":{"rendered":"<div class=\"vc_row wpb_row vc_row-fluid\"><div class=\"wpb_column vc_column_container vc_col-sm-12\"><div class=\"vc_column-inner\"><div class=\"wpb_wrapper\">\n\t<div class=\"wpb_text_column wpb_content_element\" >\n\t\t<div class=\"wpb_wrapper\">\n\t\t\t<p style=\"text-align: center;\">Vi \u00e4r v\u00e4ldigt glada och stolta \u00f6ver att ett antal tidningar och sajter har skrivit om Rain &amp; Son och v\u00e5ra\u00a0<strong>fina paraplyer.<\/strong>Nedan har vi samlat ett par exempel.<\/p>\n\n\t\t<\/div>\n\t<\/div>\n<\/div><\/div><\/div><\/div><div class=\"vc_row wpb_row vc_row-fluid vc_custom_1487365316112\"><div class=\"wpb_column vc_column_container vc_col-sm-4\"><div class=\"vc_column-inner\"><div class=\"wpb_wrapper\">\n\t<div  class=\"wpb_single_image wpb_content_element vc_align_center\">\n\t\t\n\t\t<figure class=\"wpb_wrapper vc_figure\">\n\t\t\t<div class=\"vc_single_image-wrapper   vc_box_border_grey\"><img decoding=\"async\" width=\"225\" height=\"300\" src=\"https:\/\/www.rainandson.com\/wp-content\/uploads\/Rainandson-aftobladet-umbrellas-225x300.jpg\" class=\"vc_single_image-img attachment-medium\" alt=\"Red Rain and Son umbrella\" srcset=\"https:\/\/www.rainandson.com\/wp-content\/uploads\/Rainandson-aftobladet-umbrellas-225x300.jpg 225w, https:\/\/www.rainandson.com\/wp-content\/uploads\/Rainandson-aftobladet-umbrellas-768x1024.jpg 768w, https:\/\/www.rainandson.com\/wp-content\/uploads\/Rainandson-aftobladet-umbrellas-9x12.jpg 9w, https:\/\/www.rainandson.com\/wp-content\/uploads\/Rainandson-aftobladet-umbrellas.jpg 960w\" sizes=\"(max-width: 225px) 100vw, 225px\" \/><\/div>\n\t\t<\/figure>\n\t<\/div>\n\n\t<div class=\"wpb_text_column wpb_content_element\" >\n\t\t<div class=\"wpb_wrapper\">\n\t\t\t<p>Aftonbladet rekommenderar att du tar med dig ett <a href=\"https:\/\/rainandson.kinsta.cloud\/category\/compact-umbrellas\/\">hopf\u00e4llbart paraply<\/a> fr\u00e5n Rain &amp; Son p\u00e5 din resa.<\/p>\n\n\t\t<\/div>\n\t<\/div>\n<\/div><\/div><\/div><div class=\"wpb_column vc_column_container vc_col-sm-4\"><div class=\"vc_column-inner\"><div class=\"wpb_wrapper\">\n\t<div  class=\"wpb_single_image wpb_content_element vc_align_center\">\n\t\t\n\t\t<figure class=\"wpb_wrapper vc_figure\">\n\t\t\t<div class=\"vc_single_image-wrapper   vc_box_border_grey\"><img decoding=\"async\" width=\"225\" height=\"300\" src=\"https:\/\/www.rainandson.com\/wp-content\/uploads\/Rainandson-elletravel-umbrellas-225x300.jpg\" class=\"vc_single_image-img attachment-medium\" alt=\"A white classic umbrella by Rain and Son\" srcset=\"https:\/\/www.rainandson.com\/wp-content\/uploads\/Rainandson-elletravel-umbrellas-225x300.jpg 225w, https:\/\/www.rainandson.com\/wp-content\/uploads\/Rainandson-elletravel-umbrellas-768x1024.jpg 768w, https:\/\/www.rainandson.com\/wp-content\/uploads\/Rainandson-elletravel-umbrellas-1152x1536.jpg 1152w, https:\/\/www.rainandson.com\/wp-content\/uploads\/Rainandson-elletravel-umbrellas-1536x2048.jpg 1536w, https:\/\/www.rainandson.com\/wp-content\/uploads\/Rainandson-elletravel-umbrellas-9x12.jpg 9w, https:\/\/www.rainandson.com\/wp-content\/uploads\/Rainandson-elletravel-umbrellas-2000x2667.jpg 2000w, https:\/\/www.rainandson.com\/wp-content\/uploads\/Rainandson-elletravel-umbrellas-scaled.jpg 1920w\" sizes=\"(max-width: 225px) 100vw, 225px\" \/><\/div>\n\t\t<\/figure>\n\t<\/div>\n\n\t<div class=\"wpb_text_column wpb_content_element\" >\n\t\t<div class=\"wpb_wrapper\">\n\t\t\t<p>Ett vackert <a href=\"https:\/\/rainandson.kinsta.cloud\/product\/classic-white-umbrella\/\">vitt paraply<\/a> fr\u00e5n Rain &amp; Son syns is Elle Travel.<\/p>\n\n\t\t<\/div>\n\t<\/div>\n<\/div><\/div><\/div><div class=\"wpb_column vc_column_container vc_col-sm-4\"><div class=\"vc_column-inner\"><div class=\"wpb_wrapper\">\n\t<div  class=\"wpb_single_image wpb_content_element vc_align_center\">\n\t\t\n\t\t<figure class=\"wpb_wrapper vc_figure\">\n\t\t\t<div class=\"vc_single_image-wrapper   vc_box_border_grey\"><img decoding=\"async\" width=\"225\" height=\"300\" src=\"https:\/\/www.rainandson.com\/wp-content\/uploads\/Rainandson-femina-umbrellas-225x300.jpeg\" class=\"vc_single_image-img attachment-medium\" alt=\"Rain and Son umbrellas in Femina\" srcset=\"https:\/\/www.rainandson.com\/wp-content\/uploads\/Rainandson-femina-umbrellas-225x300.jpeg 225w, https:\/\/www.rainandson.com\/wp-content\/uploads\/Rainandson-femina-umbrellas-9x12.jpeg 9w, https:\/\/www.rainandson.com\/wp-content\/uploads\/Rainandson-femina-umbrellas.jpeg 480w\" sizes=\"(max-width: 225px) 100vw, 225px\" \/><\/div>\n\t\t<\/figure>\n\t<\/div>\n\n\t<div class=\"wpb_text_column wpb_content_element\" >\n\t\t<div class=\"wpb_wrapper\">\n\t\t\t<p>Femina rekommenderar Rain &amp; Sons <a href=\"https:\/\/www.rainandson.com\/category\/classic-umbrellas\/\">klassiska paraply<\/a> f\u00f6r en stadstur.<\/p>\n\n\t\t<\/div>\n\t<\/div>\n<\/div><\/div><\/div><div class=\"wpb_column vc_column_container vc_col-sm-12\"><div class=\"vc_column-inner\"><div class=\"wpb_wrapper\"><\/div><\/div><\/div><\/div><div class=\"vc_row wpb_row vc_row-fluid vc_custom_1410359860044\"><div class=\"wpb_column vc_column_container vc_col-sm-12\"><div class=\"vc_column-inner\"><div class=\"wpb_wrapper\"><div class=\"vc_separator wpb_content_element vc_separator_align_center vc_sep_width_100 vc_sep_pos_align_center vc_separator_no_text vc_sep_color_grey\" ><span class=\"vc_sep_holder vc_sep_holder_l\"><span  class=\"vc_sep_line\"><\/span><\/span><span class=\"vc_sep_holder vc_sep_holder_r\"><span  class=\"vc_sep_line\"><\/span><\/span>\n<\/div><\/div><\/div><\/div><div class=\"wpb_column vc_column_container vc_col-sm-12\"><div class=\"vc_column-inner\"><div class=\"wpb_wrapper\"><\/div><\/div><\/div><\/div><div class=\"vc_row wpb_row vc_row-fluid vc_custom_1410359869569\"><div class=\"wpb_column vc_column_container vc_col-sm-4\"><div class=\"vc_column-inner\"><div class=\"wpb_wrapper\">\n\t<div  class=\"wpb_single_image wpb_content_element vc_align_center\">\n\t\t\n\t\t<figure class=\"wpb_wrapper vc_figure\">\n\t\t\t<div class=\"vc_single_image-wrapper   vc_box_border_grey\"><img decoding=\"async\" width=\"225\" height=\"300\" src=\"https:\/\/www.rainandson.com\/wp-content\/uploads\/Rainandson-hantextra-umbrellas-225x300.jpeg\" class=\"vc_single_image-img attachment-medium\" alt=\"Rain and Son Umbrellas in a Magazine\" srcset=\"https:\/\/www.rainandson.com\/wp-content\/uploads\/Rainandson-hantextra-umbrellas-225x300.jpeg 225w, https:\/\/www.rainandson.com\/wp-content\/uploads\/Rainandson-hantextra-umbrellas-768x1024.jpeg 768w, https:\/\/www.rainandson.com\/wp-content\/uploads\/Rainandson-hantextra-umbrellas-9x12.jpeg 9w, https:\/\/www.rainandson.com\/wp-content\/uploads\/Rainandson-hantextra-umbrellas.jpeg 960w\" sizes=\"(max-width: 225px) 100vw, 225px\" \/><\/div>\n\t\t<\/figure>\n\t<\/div>\n\n\t<div class=\"wpb_text_column wpb_content_element\" >\n\t\t<div class=\"wpb_wrapper\">\n\t\t\t<p>H\u00e4nt Extra lyfter fram v\u00e5ra <a href=\"https:\/\/rainandson.kinsta.cloud\/category\/large-umbrellas\/\">stora f\u00e4rgglada klassiska paraplyer<\/a> i en av deras tidningar.<\/p>\n\n\t\t<\/div>\n\t<\/div>\n<\/div><\/div><\/div><div class=\"wpb_column vc_column_container vc_col-sm-4\"><div class=\"vc_column-inner\"><div class=\"wpb_wrapper\">\n\t<div  class=\"wpb_single_image wpb_content_element vc_align_center\">\n\t\t\n\t\t<figure class=\"wpb_wrapper vc_figure\">\n\t\t\t<div class=\"vc_single_image-wrapper   vc_box_border_grey\"><img decoding=\"async\" width=\"169\" height=\"300\" src=\"https:\/\/www.rainandson.com\/wp-content\/uploads\/Rainandson-Lifestyle-wedding-umbrellas-169x300.jpg\" class=\"vc_single_image-img attachment-medium\" alt=\"A wedding umbrella in a magazine\" srcset=\"https:\/\/www.rainandson.com\/wp-content\/uploads\/Rainandson-Lifestyle-wedding-umbrellas-169x300.jpg 169w, https:\/\/www.rainandson.com\/wp-content\/uploads\/Rainandson-Lifestyle-wedding-umbrellas-576x1024.jpg 576w, https:\/\/www.rainandson.com\/wp-content\/uploads\/Rainandson-Lifestyle-wedding-umbrellas-7x12.jpg 7w, https:\/\/www.rainandson.com\/wp-content\/uploads\/Rainandson-Lifestyle-wedding-umbrellas.jpg 750w\" sizes=\"(max-width: 169px) 100vw, 169px\" \/><\/div>\n\t\t<\/figure>\n\t<\/div>\n\n\t<div class=\"wpb_text_column wpb_content_element\" >\n\t\t<div class=\"wpb_wrapper\">\n\t\t\t<p>Ett vackert och stilfullt <a href=\"https:\/\/rainandson.kinsta.cloud\/product\/classic-white-umbrella\/\">klassiskt vitt paraply<\/a> fr\u00e5n Rain &amp; Son f\u00f6resl\u00e5s som det prefekta br\u00f6llopsparaplyet i LifeStyle Wedding Magazine.<\/p>\n\n\t\t<\/div>\n\t<\/div>\n<\/div><\/div><\/div><div class=\"wpb_column vc_column_container vc_col-sm-4\"><div class=\"vc_column-inner\"><div class=\"wpb_wrapper\">\n\t<div  class=\"wpb_single_image wpb_content_element vc_align_center\">\n\t\t\n\t\t<figure class=\"wpb_wrapper vc_figure\">\n\t\t\t<div class=\"vc_single_image-wrapper   vc_box_border_grey\"><img decoding=\"async\" width=\"300\" height=\"238\" src=\"https:\/\/www.rainandson.com\/wp-content\/uploads\/Rainandson-svd-umbrellas-300x238.png\" class=\"vc_single_image-img attachment-medium\" alt=\"SVD Perfect Guide Rain and Son Umbrellas\" srcset=\"https:\/\/www.rainandson.com\/wp-content\/uploads\/Rainandson-svd-umbrellas-300x238.png 300w, https:\/\/www.rainandson.com\/wp-content\/uploads\/Rainandson-svd-umbrellas-768x608.png 768w, https:\/\/www.rainandson.com\/wp-content\/uploads\/Rainandson-svd-umbrellas-16x12.png 16w, https:\/\/www.rainandson.com\/wp-content\/uploads\/Rainandson-svd-umbrellas.png 788w\" sizes=\"(max-width: 300px) 100vw, 300px\" \/><\/div>\n\t\t<\/figure>\n\t<\/div>\n\n\t<div class=\"wpb_text_column wpb_content_element\" >\n\t\t<div class=\"wpb_wrapper\">\n\t\t\t<p>SVD Perfect Guide rekommenderar Rain &amp; Sons paraplyer som det perfekta regnskyddet. Du hittar alla v\u00e5re <a href=\"https:\/\/www.rainandson.com\/category\/classic-umbrellas\/\">klassiska paraplyer h\u00e4r.<\/a>.<\/p>\n\n\t\t<\/div>\n\t<\/div>\n<\/div><\/div><\/div><\/div>","protected":false},"excerpt":{"rendered":"We are very happy and proud that numerous magazines, papers and internet sites have written about Rain &amp; Son and our\u00a0beautiful umbrellas. Below you can find some examples Swedish magazine Aftonbladet recommends you bring a compact umbrella from Rain and Son on your trip. A beautiful white umbrella from Rain and Son featured in Elle [...]","protected":false},"author":1,"featured_media":0,"parent":0,"menu_order":0,"comment_status":"closed","ping_status":"closed","template":"page-boxed.php","meta":{"footnotes":""},"class_list":["post-4304","page","type-page","status-publish","hentry"],"yoast_head":"<!-- This site is optimized with the Yoast SEO plugin v27.3 - https:\/\/yoast.com\/product\/yoast-seo-wordpress\/ -->\n<title>Rain and Son - Classic and Stylish Umbrellas - Press<\/title>\n<meta name=\"description\" content=\"Rain and Son&#039;s beautiful design umbrellas featured in the Swedish press.\" \/>\n<meta name=\"robots\" content=\"index, follow, max-snippet:-1, max-image-preview:large, max-video-preview:-1\" \/>\n<link rel=\"canonical\" href=\"https:\/\/www.rainandson.com\/sv\/press\/\" \/>\n<meta property=\"og:locale\" content=\"sv_SE\" \/>\n<meta property=\"og:type\" content=\"article\" \/>\n<meta property=\"og:title\" content=\"Rain and Son - Classic and Stylish Umbrellas - Press\" \/>\n<meta property=\"og:description\" content=\"Rain and Son&#039;s beautiful design umbrellas featured in the Swedish press.\" \/>\n<meta property=\"og:url\" content=\"https:\/\/www.rainandson.com\/sv\/press\/\" \/>\n<meta property=\"og:site_name\" content=\"Rain and Son - Classic and Stylish Umbrellas\" \/>\n<meta property=\"article:modified_time\" content=\"2021-04-16T12:39:53+00:00\" \/>\n<meta name=\"twitter:card\" content=\"summary_large_image\" \/>\n<meta name=\"twitter:label1\" content=\"Ber\u00e4knad l\u00e4stid\" \/>\n\t<meta name=\"twitter:data1\" content=\"1 minut\" \/>\n<script type=\"application\/ld+json\" class=\"yoast-schema-graph\">{\"@context\":\"https:\\\/\\\/schema.org\",\"@graph\":[{\"@type\":\"WebPage\",\"@id\":\"https:\\\/\\\/www.rainandson.com\\\/press\\\/\",\"url\":\"https:\\\/\\\/www.rainandson.com\\\/press\\\/\",\"name\":\"Rain and Son - Classic and Stylish Umbrellas - Press\",\"isPartOf\":{\"@id\":\"https:\\\/\\\/www.rainandson.com\\\/#website\"},\"datePublished\":\"2020-12-03T18:52:18+00:00\",\"dateModified\":\"2021-04-16T12:39:53+00:00\",\"description\":\"Rain and Son's beautiful design umbrellas featured in the Swedish press.\",\"breadcrumb\":{\"@id\":\"https:\\\/\\\/www.rainandson.com\\\/press\\\/#breadcrumb\"},\"inLanguage\":\"sv-SE\",\"potentialAction\":[{\"@type\":\"ReadAction\",\"target\":[\"https:\\\/\\\/www.rainandson.com\\\/press\\\/\"]}]},{\"@type\":\"BreadcrumbList\",\"@id\":\"https:\\\/\\\/www.rainandson.com\\\/press\\\/#breadcrumb\",\"itemListElement\":[{\"@type\":\"ListItem\",\"position\":1,\"name\":\"Home\",\"item\":\"https:\\\/\\\/www.rainandson.com\\\/sv\\\/\"},{\"@type\":\"ListItem\",\"position\":2,\"name\":\"Press\"}]},{\"@type\":\"WebSite\",\"@id\":\"https:\\\/\\\/www.rainandson.com\\\/#website\",\"url\":\"https:\\\/\\\/www.rainandson.com\\\/\",\"name\":\"Rain and Son - Classic and Stylish Umbrellas\",\"description\":\"Fashionable Umbrellas Online.\",\"publisher\":{\"@id\":\"https:\\\/\\\/www.rainandson.com\\\/#organization\"},\"potentialAction\":[{\"@type\":\"SearchAction\",\"target\":{\"@type\":\"EntryPoint\",\"urlTemplate\":\"https:\\\/\\\/www.rainandson.com\\\/?s={search_term_string}\"},\"query-input\":{\"@type\":\"PropertyValueSpecification\",\"valueRequired\":true,\"valueName\":\"search_term_string\"}}],\"inLanguage\":\"sv-SE\"},{\"@type\":\"Organization\",\"@id\":\"https:\\\/\\\/www.rainandson.com\\\/#organization\",\"name\":\"Rain and Son\",\"url\":\"https:\\\/\\\/www.rainandson.com\\\/\",\"logo\":{\"@type\":\"ImageObject\",\"inLanguage\":\"sv-SE\",\"@id\":\"https:\\\/\\\/www.rainandson.com\\\/#\\\/schema\\\/logo\\\/image\\\/\",\"url\":\"https:\\\/\\\/www.rainandson.com\\\/wp-content\\\/uploads\\\/rain-and-son-logotype-150.png\",\"contentUrl\":\"https:\\\/\\\/www.rainandson.com\\\/wp-content\\\/uploads\\\/rain-and-son-logotype-150.png\",\"width\":125,\"height\":150,\"caption\":\"Rain and Son\"},\"image\":{\"@id\":\"https:\\\/\\\/www.rainandson.com\\\/#\\\/schema\\\/logo\\\/image\\\/\"}}]}<\/script>\n<!-- \/ Yoast SEO plugin. -->","yoast_head_json":{"title":"Rain and Son - Klassiska paraplyer i modern skandinavisk design - Press","description":"Rain and Son's beautiful design umbrellas featured in the Swedish press.","robots":{"index":"index","follow":"follow","max-snippet":"max-snippet:-1","max-image-preview":"max-image-preview:large","max-video-preview":"max-video-preview:-1"},"canonical":"https:\/\/www.rainandson.com\/sv\/press\/","og_locale":"sv_SE","og_type":"article","og_title":"Rain and Son - Classic and Stylish Umbrellas - Press","og_description":"Rain and Son's beautiful design umbrellas featured in the Swedish press.","og_url":"https:\/\/www.rainandson.com\/sv\/press\/","og_site_name":"Rain and Son - Classic and Stylish Umbrellas","article_modified_time":"2021-04-16T12:39:53+00:00","twitter_card":"summary_large_image","twitter_misc":{"Ber\u00e4knad l\u00e4stid":"1 minut"},"schema":{"@context":"https:\/\/schema.org","@graph":[{"@type":"WebPage","@id":"https:\/\/www.rainandson.com\/press\/","url":"https:\/\/www.rainandson.com\/press\/","name":"Rain and Son - Klassiska paraplyer i modern skandinavisk design - Press","isPartOf":{"@id":"https:\/\/www.rainandson.com\/#website"},"datePublished":"2020-12-03T18:52:18+00:00","dateModified":"2021-04-16T12:39:53+00:00","description":"Rain and Son's beautiful design umbrellas featured in the Swedish press.","breadcrumb":{"@id":"https:\/\/www.rainandson.com\/press\/#breadcrumb"},"inLanguage":"sv-SE","potentialAction":[{"@type":"ReadAction","target":["https:\/\/www.rainandson.com\/press\/"]}]},{"@type":"BreadcrumbList","@id":"https:\/\/www.rainandson.com\/press\/#breadcrumb","itemListElement":[{"@type":"ListItem","position":1,"name":"Home","item":"https:\/\/www.rainandson.com\/sv\/"},{"@type":"ListItem","position":2,"name":"Press"}]},{"@type":"WebSite","@id":"https:\/\/www.rainandson.com\/#website","url":"https:\/\/www.rainandson.com\/","name":"Rain and Son - Klassiska paraplyer i modern skandinavisk design","description":"Eleganta paraplyer online.","publisher":{"@id":"https:\/\/www.rainandson.com\/#organization"},"potentialAction":[{"@type":"SearchAction","target":{"@type":"EntryPoint","urlTemplate":"https:\/\/www.rainandson.com\/?s={search_term_string}"},"query-input":{"@type":"PropertyValueSpecification","valueRequired":true,"valueName":"search_term_string"}}],"inLanguage":"sv-SE"},{"@type":"Organization","@id":"https:\/\/www.rainandson.com\/#organization","name":"Rain &amp; Son","url":"https:\/\/www.rainandson.com\/","logo":{"@type":"ImageObject","inLanguage":"sv-SE","@id":"https:\/\/www.rainandson.com\/#\/schema\/logo\/image\/","url":"https:\/\/www.rainandson.com\/wp-content\/uploads\/rain-and-son-logotype-150.png","contentUrl":"https:\/\/www.rainandson.com\/wp-content\/uploads\/rain-and-son-logotype-150.png","width":125,"height":150,"caption":"Rain and Son"},"image":{"@id":"https:\/\/www.rainandson.com\/#\/schema\/logo\/image\/"}}]}},"_links":{"self":[{"href":"https:\/\/www.rainandson.com\/sv\/wp-json\/wp\/v2\/pages\/4304","targetHints":{"allow":["GET"]}}],"collection":[{"href":"https:\/\/www.rainandson.com\/sv\/wp-json\/wp\/v2\/pages"}],"about":[{"href":"https:\/\/www.rainandson.com\/sv\/wp-json\/wp\/v2\/types\/page"}],"author":[{"embeddable":true,"href":"https:\/\/www.rainandson.com\/sv\/wp-json\/wp\/v2\/users\/1"}],"replies":[{"embeddable":true,"href":"https:\/\/www.rainandson.com\/sv\/wp-json\/wp\/v2\/comments?post=4304"}],"version-history":[{"count":2,"href":"https:\/\/www.rainandson.com\/sv\/wp-json\/wp\/v2\/pages\/4304\/revisions"}],"predecessor-version":[{"id":4640,"href":"https:\/\/www.rainandson.com\/sv\/wp-json\/wp\/v2\/pages\/4304\/revisions\/4640"}],"wp:attachment":[{"href":"https:\/\/www.rainandson.com\/sv\/wp-json\/wp\/v2\/media?parent=4304"}],"curies":[{"name":"wp","href":"https:\/\/api.w.org\/{rel}","templated":true}]}}