{"id":4169,"date":"2020-12-03T14:44:03","date_gmt":"2020-12-03T14:44:03","guid":{"rendered":"https:\/\/import.getbowtied.com\/shopkeeper-replica?page_id=433"},"modified":"2026-04-07T07:55:35","modified_gmt":"2026-04-07T07:55:35","slug":"shipping-and-returns","status":"publish","type":"page","link":"https:\/\/www.rainandson.com\/sv\/shipping-and-returns\/","title":{"rendered":"Leveranser och returer"},"content":{"rendered":"<div class=\"vc_row wpb_row vc_row-fluid vc_custom_1487365316112\"><div class=\"wpb_column vc_column_container vc_col-sm-12\"><div class=\"vc_column-inner\"><div class=\"wpb_wrapper\">\n\t<div class=\"wpb_text_column wpb_content_element  vc_custom_1609927688221\" >\n\t\t<div class=\"wpb_wrapper\">\n\t\t\t<h3 style=\"text-align: center;\"><strong>Leverans<\/strong><\/h3>\n\n\t\t<\/div>\n\t<\/div>\n<div class=\"vc_row wpb_row vc_inner vc_row-fluid vc_custom_1410358939666\"><div class=\"wpb_column vc_column_container vc_col-sm-12\"><div class=\"vc_column-inner vc_custom_1443415906747\"><div class=\"wpb_wrapper\">\n\t<div class=\"wpb_text_column wpb_content_element\" >\n\t\t<div class=\"wpb_wrapper\">\n\t\t\t<p>Produkter fr\u00e5n Rain &amp; Son levereras via DHL, UPS, PostNord eller liknande fraktf\u00f6retag. Alla produkter levereras under arbetsdagar, m\u00e5ndag till fredag. Vi str\u00e4var efter att skicka dina produkter inom 3-7 arbetsdagar. Observera att fraktavgift kan tillkomma till din best\u00e4llning och beloppet beror p\u00e5 var du bor. Du ser det totala beloppet i kassan. Inom Sverige \u00e4r det alltid fri frakt. Vi skickar internationellt. Till vilka l\u00e4nder hittar du h\u00e4r.  Tullavgifter ing\u00e5r inte utanf\u00f6r EU. Kontakta ditt lokala tullkontor f\u00f6r mer information.<\/p>\n\n\t\t<\/div>\n\t<\/div>\n<\/div><\/div><\/div><\/div><\/div><\/div><\/div><\/div><div class=\"vc_row wpb_row vc_row-fluid vc_custom_1410359869569\"><div class=\"wpb_column vc_column_container vc_col-sm-12\"><div class=\"vc_column-inner\"><div class=\"wpb_wrapper\"><div class=\"vc_separator wpb_content_element vc_separator_align_center vc_sep_width_100 vc_sep_pos_align_center vc_separator_no_text vc_sep_color_grey\" ><span class=\"vc_sep_holder vc_sep_holder_l\"><span  class=\"vc_sep_line\"><\/span><\/span><span class=\"vc_sep_holder vc_sep_holder_r\"><span  class=\"vc_sep_line\"><\/span><\/span>\n<\/div><\/div><\/div><\/div><\/div><div class=\"vc_row wpb_row vc_row-fluid vc_custom_1487365260609\"><div class=\"wpb_column vc_column_container vc_col-sm-12\"><div class=\"vc_column-inner\"><div class=\"wpb_wrapper\">\n\t<div class=\"wpb_text_column wpb_content_element  vc_custom_1614691825851\" >\n\t\t<div class=\"wpb_wrapper\">\n\t\t\t<h3 style=\"text-align: center;\">Returer och \u00c5terbetalningar<\/h3>\n\n\t\t<\/div>\n\t<\/div>\n<div class=\"vc_row wpb_row vc_inner vc_row-fluid vc_custom_1410358939666\"><div class=\"wpb_column vc_column_container vc_col-sm-12\"><div class=\"vc_column-inner vc_custom_1443415995655\"><div class=\"wpb_wrapper\">\n\t<div class=\"wpb_text_column wpb_content_element\" >\n\t\t<div class=\"wpb_wrapper\">\n\t\t\t<p data-start=\"74\" data-end=\"357\">You can return a product within 14 days at your own expense. The product being returned must be in a non-used condition, including original packaging, tags etc. All goods will be inspected on return. If your umbrella is delivered damaged or faulty then please contact us immediately.<\/p>\n<p data-start=\"359\" data-end=\"584\"><strong data-start=\"359\" data-end=\"584\">Before returning any product, you must contact us by email to request a return label and instructions. We do not collect parcels from delivery or pick-up points, and returns sent without prior contact may not be accepted.<\/strong><\/p>\n<p data-start=\"586\" data-end=\"736\">Paket som inte h\u00e4mtas ut vid upph\u00e4mtningsst\u00e4llet kommer att returneras till oss. Kunden tar i dessa fall kostnaden f\u00f6r b\u00e5de leverans och retur.<\/p>\n<p data-start=\"738\" data-end=\"1234\">When returning a product, please state the reason for return, your order number and contact details. Please make sure you obtain proof of postage when returning goods and use a trackable shipping service. It is your responsibility to use a service that delivers the products directly to our warehouse (not to a delivery point). Rain &amp; Son cannot guarantee that we will receive your returned item and shall not be held responsible for returned goods being lost in transit without proof of postage.<\/p>\n<p data-start=\"1236\" data-end=\"1417\"><strong data-start=\"1236\" data-end=\"1417\">Please note that any customs duties, import fees or additional charges incurred due to an incorrect return will not be covered by Rain &amp; Son and will be charged to the customer.<\/strong><\/p>\n<p data-start=\"1419\" data-end=\"1723\">As soon as we have received the returned item and it has been checked and confirmed to be unused and in re-sellable condition, we will process the refund. It will then take 1\u20135 days to appear in your account depending on the card provider you are using. Rain &amp; Son is unable to cover the return shipping.<\/p>\n<p data-start=\"1725\" data-end=\"1770\">Please send returns to the following address:<\/p>\n<p data-start=\"1772\" data-end=\"1853\">Rain &amp; Son<br data-start=\"1782\" data-end=\"1785\" \/>c\/o Hillmers Logistics<br data-start=\"1807\" data-end=\"1810\" \/>Ljungv\u00e4gen 17<br data-start=\"1823\" data-end=\"1826\" \/>641 39 Katrineholm<br data-start=\"1844\" data-end=\"1847\" \/>Sverige<\/p>\n\n\t\t<\/div>\n\t<\/div>\n<\/div><\/div><\/div><\/div><\/div><\/div><\/div><\/div><div class=\"vc_row wpb_row vc_row-fluid\"><div class=\"wpb_column vc_column_container vc_col-sm-12\"><div class=\"vc_column-inner\"><div class=\"wpb_wrapper\"><div class=\"vc_separator wpb_content_element vc_separator_align_center vc_sep_width_100 vc_sep_pos_align_center vc_separator_no_text vc_sep_color_grey\" ><span class=\"vc_sep_holder vc_sep_holder_l\"><span  class=\"vc_sep_line\"><\/span><\/span><span class=\"vc_sep_holder vc_sep_holder_r\"><span  class=\"vc_sep_line\"><\/span><\/span>\n<\/div><\/div><\/div><\/div><\/div><div class=\"vc_row wpb_row vc_row-fluid\"><div class=\"wpb_column vc_column_container vc_col-sm-12\"><div class=\"vc_column-inner\"><div class=\"wpb_wrapper\">\n\t<div class=\"wpb_text_column wpb_content_element\" >\n\t\t<div class=\"wpb_wrapper\">\n\t\t\t<h3 style=\"text-align: center;\">Garanti<\/h3>\n\n\t\t<\/div>\n\t<\/div>\n\n\t<div class=\"wpb_text_column wpb_content_element\" >\n\t\t<div class=\"wpb_wrapper\">\n\t\t\t<p>Det ing\u00e5t ett \u00e5rs garanti f\u00f6r alla paraplyer som k\u00f6pt till fullt pris. Om paraplyet \u00e4r defekt p\u00e5 grund av fabriksfel kommer vi att erbjuda ett nytt inom ett \u00e5r.<\/p>\n<p>V\u00e4nligen notera att skador orsakade av oaktsamhet med paraplyet inte t\u00e4cks av v\u00e5r garanti. Avbrytna skaft, skadade ekrar eller handtag p\u00e5 grund av anv\u00e4ndade i starka vindar, ing\u00e5r inte i garantin. Var v\u00e4nlig l\u00e4s noga v\u00e5ra <a href=\"https:\/\/rainandson.kinsta.cloud\/care-instructions\/\">sk\u00f6tselr\u00e5d<\/a> f\u00f6r mer information om hur du ska ta hand om ditt paraply.<\/p>\n<p>Garantin g\u00e4ller inte om du inte kan uppvisa kvitto eller annat bevis p\u00e5 k\u00f6p. Om paraplyet k\u00f6ptes via en av v\u00e5ra \u00e5terf\u00f6rs\u00e4ljare m\u00e5ste det retuneras via dem.<\/p>\n\n\t\t<\/div>\n\t<\/div>\n<div class=\"vc_separator wpb_content_element vc_separator_align_center vc_sep_width_100 vc_sep_pos_align_center vc_separator_no_text vc_sep_color_grey\" ><span class=\"vc_sep_holder vc_sep_holder_l\"><span  class=\"vc_sep_line\"><\/span><\/span><span class=\"vc_sep_holder vc_sep_holder_r\"><span  class=\"vc_sep_line\"><\/span><\/span>\n<\/div>\n\t<div class=\"wpb_text_column wpb_content_element\" >\n\t\t<div class=\"wpb_wrapper\">\n\t\t\t<p style=\"text-align: center;\">Fr\u00e5gor g\u00e4llande betalningar, best\u00e4llningar etc. V\u00e4nligen bes\u00f6k <a href=\"https:\/\/rainandson.kinsta.cloud\/faq\/\">vanliga fr\u00e5gor och svar<\/a>.<\/p>\n\n\t\t<\/div>\n\t<\/div>\n<\/div><\/div><\/div><\/div>","protected":false},"excerpt":{"rendered":"Shipping Information Products from Rain &amp; Son are delivered via DHL, UPS, PostNord or similar Freight company. All products are shipped normal working days, Monday to Friday. We aim to send your products within 3-7 working days. Please observe that a shipping fee may be added to your order and the amount is dependent on [...]","protected":false},"author":1,"featured_media":0,"parent":0,"menu_order":0,"comment_status":"closed","ping_status":"closed","template":"page-boxed.php","meta":{"footnotes":""},"class_list":["post-4169","page","type-page","status-publish","hentry"],"yoast_head":"<!-- This site is optimized with the Yoast SEO plugin v27.6 - https:\/\/yoast.com\/product\/yoast-seo-wordpress\/ -->\n<title>Rain and Son - Classic and Stylish Umbrellas - Shipping and returns<\/title>\n<meta name=\"description\" content=\"At Rain &amp; Son we aim to provide the best possible service. Please find information on how we ship our umbrellas and on how we handle returns.\" \/>\n<meta name=\"robots\" content=\"index, follow, max-snippet:-1, max-image-preview:large, max-video-preview:-1\" \/>\n<link rel=\"canonical\" href=\"https:\/\/www.rainandson.com\/sv\/shipping-and-returns\/\" \/>\n<meta property=\"og:locale\" content=\"sv_SE\" \/>\n<meta property=\"og:type\" content=\"article\" \/>\n<meta property=\"og:title\" content=\"Rain and Son - Classic and Stylish Umbrellas - Shipping and returns\" \/>\n<meta property=\"og:description\" content=\"At Rain &amp; Son we aim to provide the best possible service. Please find information on how we ship our umbrellas and on how we handle returns.\" \/>\n<meta property=\"og:url\" content=\"https:\/\/www.rainandson.com\/sv\/shipping-and-returns\/\" \/>\n<meta property=\"og:site_name\" content=\"Rain and Son - Classic and Stylish Umbrellas\" \/>\n<meta property=\"article:modified_time\" content=\"2026-04-07T07:55:35+00:00\" \/>\n<meta name=\"twitter:card\" content=\"summary_large_image\" \/>\n<meta name=\"twitter:label1\" content=\"Ber\u00e4knad l\u00e4stid\" \/>\n\t<meta name=\"twitter:data1\" content=\"3 minuter\" \/>\n<script type=\"application\/ld+json\" class=\"yoast-schema-graph\">{\"@context\":\"https:\\\/\\\/schema.org\",\"@graph\":[{\"@type\":\"WebPage\",\"@id\":\"https:\\\/\\\/www.rainandson.com\\\/shipping-and-returns\\\/\",\"url\":\"https:\\\/\\\/www.rainandson.com\\\/shipping-and-returns\\\/\",\"name\":\"Rain and Son - Classic and Stylish Umbrellas - Shipping and returns\",\"isPartOf\":{\"@id\":\"https:\\\/\\\/www.rainandson.com\\\/#website\"},\"datePublished\":\"2020-12-03T14:44:03+00:00\",\"dateModified\":\"2026-04-07T07:55:35+00:00\",\"description\":\"At Rain & Son we aim to provide the best possible service. Please find information on how we ship our umbrellas and on how we handle returns.\",\"breadcrumb\":{\"@id\":\"https:\\\/\\\/www.rainandson.com\\\/shipping-and-returns\\\/#breadcrumb\"},\"inLanguage\":\"sv-SE\",\"potentialAction\":[{\"@type\":\"ReadAction\",\"target\":[\"https:\\\/\\\/www.rainandson.com\\\/shipping-and-returns\\\/\"]}]},{\"@type\":\"BreadcrumbList\",\"@id\":\"https:\\\/\\\/www.rainandson.com\\\/shipping-and-returns\\\/#breadcrumb\",\"itemListElement\":[{\"@type\":\"ListItem\",\"position\":1,\"name\":\"Home\",\"item\":\"https:\\\/\\\/www.rainandson.com\\\/sv\\\/\"},{\"@type\":\"ListItem\",\"position\":2,\"name\":\"Shipping and returns\"}]},{\"@type\":\"WebSite\",\"@id\":\"https:\\\/\\\/www.rainandson.com\\\/#website\",\"url\":\"https:\\\/\\\/www.rainandson.com\\\/\",\"name\":\"Rain and Son - Classic and Stylish Umbrellas\",\"description\":\"Fashionable Umbrellas Online.\",\"publisher\":{\"@id\":\"https:\\\/\\\/www.rainandson.com\\\/#organization\"},\"potentialAction\":[{\"@type\":\"SearchAction\",\"target\":{\"@type\":\"EntryPoint\",\"urlTemplate\":\"https:\\\/\\\/www.rainandson.com\\\/?s={search_term_string}\"},\"query-input\":{\"@type\":\"PropertyValueSpecification\",\"valueRequired\":true,\"valueName\":\"search_term_string\"}}],\"inLanguage\":\"sv-SE\"},{\"@type\":\"Organization\",\"@id\":\"https:\\\/\\\/www.rainandson.com\\\/#organization\",\"name\":\"Rain and Son\",\"url\":\"https:\\\/\\\/www.rainandson.com\\\/\",\"logo\":{\"@type\":\"ImageObject\",\"inLanguage\":\"sv-SE\",\"@id\":\"https:\\\/\\\/www.rainandson.com\\\/#\\\/schema\\\/logo\\\/image\\\/\",\"url\":\"https:\\\/\\\/www.rainandson.com\\\/wp-content\\\/uploads\\\/rain-and-son-logotype-150.png\",\"contentUrl\":\"https:\\\/\\\/www.rainandson.com\\\/wp-content\\\/uploads\\\/rain-and-son-logotype-150.png\",\"width\":125,\"height\":150,\"caption\":\"Rain and Son\"},\"image\":{\"@id\":\"https:\\\/\\\/www.rainandson.com\\\/#\\\/schema\\\/logo\\\/image\\\/\"}}]}<\/script>\n<!-- \/ Yoast SEO plugin. -->","yoast_head_json":{"title":"Rain and Son - Klassiska paraplyer i modern skandinavisk design - Leveranser och returer","description":"Vi p\u00e5 Rain &amp; Son f\u00f6rs\u00f6ker s\u00e4kerst\u00e4lla att v\u00e5ra kunder har en s\u00e5 bra upplevelse som m\u00f6jligt. H\u00e4r kan du l\u00e4sa om hur b\u00e5de leverans och retur g\u00e5r till.","robots":{"index":"index","follow":"follow","max-snippet":"max-snippet:-1","max-image-preview":"max-image-preview:large","max-video-preview":"max-video-preview:-1"},"canonical":"https:\/\/www.rainandson.com\/sv\/shipping-and-returns\/","og_locale":"sv_SE","og_type":"article","og_title":"Rain and Son - Classic and Stylish Umbrellas - Shipping and returns","og_description":"At Rain & Son we aim to provide the best possible service. Please find information on how we ship our umbrellas and on how we handle returns.","og_url":"https:\/\/www.rainandson.com\/sv\/shipping-and-returns\/","og_site_name":"Rain and Son - Classic and Stylish Umbrellas","article_modified_time":"2026-04-07T07:55:35+00:00","twitter_card":"summary_large_image","twitter_misc":{"Ber\u00e4knad l\u00e4stid":"3 minuter"},"schema":{"@context":"https:\/\/schema.org","@graph":[{"@type":"WebPage","@id":"https:\/\/www.rainandson.com\/shipping-and-returns\/","url":"https:\/\/www.rainandson.com\/shipping-and-returns\/","name":"Rain and Son - Klassiska paraplyer i modern skandinavisk design - Leveranser och returer","isPartOf":{"@id":"https:\/\/www.rainandson.com\/#website"},"datePublished":"2020-12-03T14:44:03+00:00","dateModified":"2026-04-07T07:55:35+00:00","description":"Vi p\u00e5 Rain &amp; Son f\u00f6rs\u00f6ker s\u00e4kerst\u00e4lla att v\u00e5ra kunder har en s\u00e5 bra upplevelse som m\u00f6jligt. H\u00e4r kan du l\u00e4sa om hur b\u00e5de leverans och retur g\u00e5r till.","breadcrumb":{"@id":"https:\/\/www.rainandson.com\/shipping-and-returns\/#breadcrumb"},"inLanguage":"sv-SE","potentialAction":[{"@type":"ReadAction","target":["https:\/\/www.rainandson.com\/shipping-and-returns\/"]}]},{"@type":"BreadcrumbList","@id":"https:\/\/www.rainandson.com\/shipping-and-returns\/#breadcrumb","itemListElement":[{"@type":"ListItem","position":1,"name":"Home","item":"https:\/\/www.rainandson.com\/sv\/"},{"@type":"ListItem","position":2,"name":"Shipping and returns"}]},{"@type":"WebSite","@id":"https:\/\/www.rainandson.com\/#website","url":"https:\/\/www.rainandson.com\/","name":"Rain and Son - Klassiska paraplyer i modern skandinavisk design","description":"Eleganta paraplyer online.","publisher":{"@id":"https:\/\/www.rainandson.com\/#organization"},"potentialAction":[{"@type":"SearchAction","target":{"@type":"EntryPoint","urlTemplate":"https:\/\/www.rainandson.com\/?s={search_term_string}"},"query-input":{"@type":"PropertyValueSpecification","valueRequired":true,"valueName":"search_term_string"}}],"inLanguage":"sv-SE"},{"@type":"Organization","@id":"https:\/\/www.rainandson.com\/#organization","name":"Rain &amp; Son","url":"https:\/\/www.rainandson.com\/","logo":{"@type":"ImageObject","inLanguage":"sv-SE","@id":"https:\/\/www.rainandson.com\/#\/schema\/logo\/image\/","url":"https:\/\/www.rainandson.com\/wp-content\/uploads\/rain-and-son-logotype-150.png","contentUrl":"https:\/\/www.rainandson.com\/wp-content\/uploads\/rain-and-son-logotype-150.png","width":125,"height":150,"caption":"Rain and Son"},"image":{"@id":"https:\/\/www.rainandson.com\/#\/schema\/logo\/image\/"}}]}},"_links":{"self":[{"href":"https:\/\/www.rainandson.com\/sv\/wp-json\/wp\/v2\/pages\/4169","targetHints":{"allow":["GET"]}}],"collection":[{"href":"https:\/\/www.rainandson.com\/sv\/wp-json\/wp\/v2\/pages"}],"about":[{"href":"https:\/\/www.rainandson.com\/sv\/wp-json\/wp\/v2\/types\/page"}],"author":[{"embeddable":true,"href":"https:\/\/www.rainandson.com\/sv\/wp-json\/wp\/v2\/users\/1"}],"replies":[{"embeddable":true,"href":"https:\/\/www.rainandson.com\/sv\/wp-json\/wp\/v2\/comments?post=4169"}],"version-history":[{"count":7,"href":"https:\/\/www.rainandson.com\/sv\/wp-json\/wp\/v2\/pages\/4169\/revisions"}],"predecessor-version":[{"id":8426,"href":"https:\/\/www.rainandson.com\/sv\/wp-json\/wp\/v2\/pages\/4169\/revisions\/8426"}],"wp:attachment":[{"href":"https:\/\/www.rainandson.com\/sv\/wp-json\/wp\/v2\/media?parent=4169"}],"curies":[{"name":"wp","href":"https:\/\/api.w.org\/{rel}","templated":true}]}}